{"id":25664,"date":"2022-09-27T09:44:34","date_gmt":"2022-09-27T07:44:34","guid":{"rendered":"https:\/\/www.esnautic.com\/patrimoni\/aquarium-de-es-cap-blanc\/"},"modified":"2025-07-02T10:22:14","modified_gmt":"2025-07-02T08:22:14","slug":"aquarium-de-es-cap-blanc","status":"publish","type":"page","link":"https:\/\/www.esnautic.com\/ca\/entorn\/patrimoni\/aquarium-de-es-cap-blanc\/","title":{"rendered":"Aquarium de es Cap Blanc"},"content":{"rendered":"<div class=\"wpb-content-wrapper\"><p>[vc_row][vc_column][vc_gallery type=&#8221;flexslider_slide&#8221; interval=&#8221;3&#8243; images=&#8221;2061,2063,2065,2067&#8243; img_size=&#8221;full&#8221;][vc_column_text]L\u2019<a href=\"https:\/\/aquariumcapblanc.com\/\" target=\"_blank\" rel=\"noopener\">Aquarium des Cap Blanc<\/a>, als afores de Sant Antoni, pr\u00f2xim a la carretera de Cala Graci\u00f3, ocupa una gruta marina tamb\u00e9 coneguda com Cova de ses Llagostes o Cova des Vell Mar\u00ed. Amb aquest \u00faltim nom es denomina en eivissenc a les foques monjo, que en el passat es varen refugiar aqu\u00ed. El nom de ses Llagostes obeeix al fet que durant d\u00e8cades es va utilitzar per a conservar els excedents de llagosta que els pescadors no podien vendre. L&#8217;interior de la cova, que est\u00e0 connectada a la mar mitjan\u00e7ant cinc petites entrades, funciona com un viver gegant on es conservaven vius aquests crustacis fins que tornava a cr\u00e9ixer la demanda, exportant-los tamb\u00e9 a Palma, Barcelona i altres ports de la pen\u00ednsula.<\/p>\n<p>La cova t\u00e9 una extensi\u00f3 d&#8217;uns 370 metres quadrats i est\u00e0 travessada per una passarel\u00b7la sobre l&#8217;aigua, que permet observar les principals esp\u00e8cies de la mar pitiusa, com anfosos, llagostes o rajades, entre moltes altres. L&#8217;aquari es va fundar el 1989 i tamb\u00e9 alberga el Centre de Recuperaci\u00f3 d&#8217;Esp\u00e8cies Marines (CREM), per la qual cosa \u00e9s freq\u00fcent trobar algun animal en observaci\u00f3, abans de ser retornat a la mar. Els m\u00e9s habituals s\u00f3n les tortugues marines. Al costat de l\u2019Aquarium hi ha una petita terrassa literalment aferrada a la mar, on es pot prendre alguna cosa. En les nits d&#8217;estiu, diversos dies a la setmana, s&#8217;organitzen unes populars sardinades.[\/vc_column_text][\/vc_column][\/vc_row]<\/p>\n<\/div>","protected":false},"excerpt":{"rendered":"<p>[vc_row][vc_column][vc_gallery type=&#8221;flexslider_slide&#8221; interval=&#8221;3&#8243; images=&#8221;2061,2063,2065,2067&#8243; img_size=&#8221;full&#8221;][vc_column_text]L\u2019Aquarium des Cap Blanc, als afores de Sant Antoni, pr\u00f2xim a la carretera de Cala Graci\u00f3, ocupa una gruta marina tamb\u00e9 coneguda com Cova de ses [&hellip;]<\/p>\n","protected":false},"author":1,"featured_media":2064,"parent":25659,"menu_order":0,"comment_status":"closed","ping_status":"closed","template":"","meta":{"_acf_changed":false,"jnews_page_loop":{"enable_page_loop":"0","first_title":"Latest Post","second_title":"","header_type":"heading_6","header_background":"","header_text_color":"","layout":"right-sidebar","sidebar":"default-sidebar","second_sidebar":"default-sidebar","sticky_sidebar":"1","module":"3","boxed":"0","boxed_shadow":"0","box_shadow":"0","excerpt_length":"20","content_date":"default","date_custom":"Y\/m\/d","content_pagination":"nav_1","pagination_align":"center","show_navtext":"0","show_pageinfo":"0","post_offset":"0","posts_per_page":"5","include_post":"","exclude_post":"","include_category":"","exclude_category":"","include_author":"","include_tag":"","exclude_tag":"","sort_by":"latest","main_custom_image_size":"default","second_custom_image_size":"default","post_sticky":"0"},"jnews_single_page":{"layout":"right-sidebar","sidebar":"sidebar-entorno","second_sidebar":"default-sidebar","sticky_sidebar":"1","show_post_featured":"0","show_post_meta":"0","share_position":"hide","share_color":"share-monocrhome","show_post_title":"1","show_post_breadcrumbs":"1"},"footnotes":""},"class_list":["post-25664","page","type-page","status-publish","has-post-thumbnail","hentry"],"acf":[],"yoast_head":"<!-- This site is optimized with the Yoast SEO plugin v26.7 - https:\/\/yoast.com\/wordpress\/plugins\/seo\/ -->\n<title>Aquarium de es Cap Blanc - Es N\u00e0utic<\/title>\n<meta name=\"robots\" content=\"index, follow, max-snippet:-1, max-image-preview:large, max-video-preview:-1\" \/>\n<link rel=\"canonical\" href=\"https:\/\/www.esnautic.com\/ca\/entorn\/patrimoni\/aquarium-de-es-cap-blanc\/\" \/>\n<meta property=\"og:locale\" content=\"ca_ES\" \/>\n<meta property=\"og:type\" content=\"article\" \/>\n<meta property=\"og:title\" content=\"Aquarium de es Cap Blanc - Es N\u00e0utic\" \/>\n<meta property=\"og:description\" content=\"[vc_row][vc_column][vc_gallery type=&#8221;flexslider_slide&#8221; interval=&#8221;3&#8243; images=&#8221;2061,2063,2065,2067&#8243; img_size=&#8221;full&#8221;][vc_column_text]L\u2019Aquarium des Cap Blanc, als afores de Sant Antoni, pr\u00f2xim a la carretera de Cala Graci\u00f3, ocupa una gruta marina tamb\u00e9 coneguda com Cova de ses [&hellip;]\" \/>\n<meta property=\"og:url\" content=\"https:\/\/www.esnautic.com\/ca\/entorn\/patrimoni\/aquarium-de-es-cap-blanc\/\" \/>\n<meta property=\"og:site_name\" content=\"Es N\u00e0utic\" \/>\n<meta property=\"article:modified_time\" content=\"2025-07-02T08:22:14+00:00\" \/>\n<meta property=\"og:image\" content=\"https:\/\/www.esnautic.com\/wp-content\/uploads\/2022\/09\/DSC04625.jpg\" \/>\n\t<meta property=\"og:image:width\" content=\"1200\" \/>\n\t<meta property=\"og:image:height\" content=\"800\" \/>\n\t<meta property=\"og:image:type\" content=\"image\/jpeg\" \/>\n<meta name=\"twitter:card\" content=\"summary_large_image\" \/>\n<meta name=\"twitter:label1\" content=\"Temps estimat de lectura\" \/>\n\t<meta name=\"twitter:data1\" content=\"2 minuts\" \/>\n<script type=\"application\/ld+json\" class=\"yoast-schema-graph\">{\"@context\":\"https:\/\/schema.org\",\"@graph\":[{\"@type\":\"WebPage\",\"@id\":\"https:\/\/www.esnautic.com\/ca\/entorn\/patrimoni\/aquarium-de-es-cap-blanc\/\",\"url\":\"https:\/\/www.esnautic.com\/ca\/entorn\/patrimoni\/aquarium-de-es-cap-blanc\/\",\"name\":\"Aquarium de es Cap Blanc - Es N\u00e0utic\",\"isPartOf\":{\"@id\":\"https:\/\/www.esnautic.com\/#website\"},\"primaryImageOfPage\":{\"@id\":\"https:\/\/www.esnautic.com\/ca\/entorn\/patrimoni\/aquarium-de-es-cap-blanc\/#primaryimage\"},\"image\":{\"@id\":\"https:\/\/www.esnautic.com\/ca\/entorn\/patrimoni\/aquarium-de-es-cap-blanc\/#primaryimage\"},\"thumbnailUrl\":\"https:\/\/www.esnautic.com\/wp-content\/uploads\/2022\/09\/DSC04625.jpg\",\"datePublished\":\"2022-09-27T07:44:34+00:00\",\"dateModified\":\"2025-07-02T08:22:14+00:00\",\"breadcrumb\":{\"@id\":\"https:\/\/www.esnautic.com\/ca\/entorn\/patrimoni\/aquarium-de-es-cap-blanc\/#breadcrumb\"},\"inLanguage\":\"ca\",\"potentialAction\":[{\"@type\":\"ReadAction\",\"target\":[\"https:\/\/www.esnautic.com\/ca\/entorn\/patrimoni\/aquarium-de-es-cap-blanc\/\"]}]},{\"@type\":\"ImageObject\",\"inLanguage\":\"ca\",\"@id\":\"https:\/\/www.esnautic.com\/ca\/entorn\/patrimoni\/aquarium-de-es-cap-blanc\/#primaryimage\",\"url\":\"https:\/\/www.esnautic.com\/wp-content\/uploads\/2022\/09\/DSC04625.jpg\",\"contentUrl\":\"https:\/\/www.esnautic.com\/wp-content\/uploads\/2022\/09\/DSC04625.jpg\",\"width\":1200,\"height\":800},{\"@type\":\"BreadcrumbList\",\"@id\":\"https:\/\/www.esnautic.com\/ca\/entorn\/patrimoni\/aquarium-de-es-cap-blanc\/#breadcrumb\",\"itemListElement\":[{\"@type\":\"ListItem\",\"position\":1,\"name\":\"Inici\",\"item\":\"https:\/\/www.esnautic.com\/ca\/\"},{\"@type\":\"ListItem\",\"position\":2,\"name\":\"Entorn\",\"item\":\"https:\/\/www.esnautic.com\/ca\/entorn\/\"},{\"@type\":\"ListItem\",\"position\":3,\"name\":\"Patrimoni\",\"item\":\"https:\/\/www.esnautic.com\/ca\/patrimoni\/\"},{\"@type\":\"ListItem\",\"position\":4,\"name\":\"Aquarium de es Cap Blanc\"}]},{\"@type\":\"WebSite\",\"@id\":\"https:\/\/www.esnautic.com\/#website\",\"url\":\"https:\/\/www.esnautic.com\/\",\"name\":\"Es N\u00e0utic\",\"description\":\"Club N\u00e0utic Sant Antoni\",\"potentialAction\":[{\"@type\":\"SearchAction\",\"target\":{\"@type\":\"EntryPoint\",\"urlTemplate\":\"https:\/\/www.esnautic.com\/?s={search_term_string}\"},\"query-input\":{\"@type\":\"PropertyValueSpecification\",\"valueRequired\":true,\"valueName\":\"search_term_string\"}}],\"inLanguage\":\"ca\"}]}<\/script>\n<!-- \/ Yoast SEO plugin. -->","yoast_head_json":{"title":"Aquarium de es Cap Blanc - Es N\u00e0utic","robots":{"index":"index","follow":"follow","max-snippet":"max-snippet:-1","max-image-preview":"max-image-preview:large","max-video-preview":"max-video-preview:-1"},"canonical":"https:\/\/www.esnautic.com\/ca\/entorn\/patrimoni\/aquarium-de-es-cap-blanc\/","og_locale":"ca_ES","og_type":"article","og_title":"Aquarium de es Cap Blanc - Es N\u00e0utic","og_description":"[vc_row][vc_column][vc_gallery type=&#8221;flexslider_slide&#8221; interval=&#8221;3&#8243; images=&#8221;2061,2063,2065,2067&#8243; img_size=&#8221;full&#8221;][vc_column_text]L\u2019Aquarium des Cap Blanc, als afores de Sant Antoni, pr\u00f2xim a la carretera de Cala Graci\u00f3, ocupa una gruta marina tamb\u00e9 coneguda com Cova de ses [&hellip;]","og_url":"https:\/\/www.esnautic.com\/ca\/entorn\/patrimoni\/aquarium-de-es-cap-blanc\/","og_site_name":"Es N\u00e0utic","article_modified_time":"2025-07-02T08:22:14+00:00","og_image":[{"width":1200,"height":800,"url":"https:\/\/www.esnautic.com\/wp-content\/uploads\/2022\/09\/DSC04625.jpg","type":"image\/jpeg"}],"twitter_card":"summary_large_image","twitter_misc":{"Temps estimat de lectura":"2 minuts"},"schema":{"@context":"https:\/\/schema.org","@graph":[{"@type":"WebPage","@id":"https:\/\/www.esnautic.com\/ca\/entorn\/patrimoni\/aquarium-de-es-cap-blanc\/","url":"https:\/\/www.esnautic.com\/ca\/entorn\/patrimoni\/aquarium-de-es-cap-blanc\/","name":"Aquarium de es Cap Blanc - Es N\u00e0utic","isPartOf":{"@id":"https:\/\/www.esnautic.com\/#website"},"primaryImageOfPage":{"@id":"https:\/\/www.esnautic.com\/ca\/entorn\/patrimoni\/aquarium-de-es-cap-blanc\/#primaryimage"},"image":{"@id":"https:\/\/www.esnautic.com\/ca\/entorn\/patrimoni\/aquarium-de-es-cap-blanc\/#primaryimage"},"thumbnailUrl":"https:\/\/www.esnautic.com\/wp-content\/uploads\/2022\/09\/DSC04625.jpg","datePublished":"2022-09-27T07:44:34+00:00","dateModified":"2025-07-02T08:22:14+00:00","breadcrumb":{"@id":"https:\/\/www.esnautic.com\/ca\/entorn\/patrimoni\/aquarium-de-es-cap-blanc\/#breadcrumb"},"inLanguage":"ca","potentialAction":[{"@type":"ReadAction","target":["https:\/\/www.esnautic.com\/ca\/entorn\/patrimoni\/aquarium-de-es-cap-blanc\/"]}]},{"@type":"ImageObject","inLanguage":"ca","@id":"https:\/\/www.esnautic.com\/ca\/entorn\/patrimoni\/aquarium-de-es-cap-blanc\/#primaryimage","url":"https:\/\/www.esnautic.com\/wp-content\/uploads\/2022\/09\/DSC04625.jpg","contentUrl":"https:\/\/www.esnautic.com\/wp-content\/uploads\/2022\/09\/DSC04625.jpg","width":1200,"height":800},{"@type":"BreadcrumbList","@id":"https:\/\/www.esnautic.com\/ca\/entorn\/patrimoni\/aquarium-de-es-cap-blanc\/#breadcrumb","itemListElement":[{"@type":"ListItem","position":1,"name":"Inici","item":"https:\/\/www.esnautic.com\/ca\/"},{"@type":"ListItem","position":2,"name":"Entorn","item":"https:\/\/www.esnautic.com\/ca\/entorn\/"},{"@type":"ListItem","position":3,"name":"Patrimoni","item":"https:\/\/www.esnautic.com\/ca\/patrimoni\/"},{"@type":"ListItem","position":4,"name":"Aquarium de es Cap Blanc"}]},{"@type":"WebSite","@id":"https:\/\/www.esnautic.com\/#website","url":"https:\/\/www.esnautic.com\/","name":"Es N\u00e0utic","description":"Club N\u00e0utic Sant Antoni","potentialAction":[{"@type":"SearchAction","target":{"@type":"EntryPoint","urlTemplate":"https:\/\/www.esnautic.com\/?s={search_term_string}"},"query-input":{"@type":"PropertyValueSpecification","valueRequired":true,"valueName":"search_term_string"}}],"inLanguage":"ca"}]}},"_links":{"self":[{"href":"https:\/\/www.esnautic.com\/ca\/wp-json\/wp\/v2\/pages\/25664","targetHints":{"allow":["GET"]}}],"collection":[{"href":"https:\/\/www.esnautic.com\/ca\/wp-json\/wp\/v2\/pages"}],"about":[{"href":"https:\/\/www.esnautic.com\/ca\/wp-json\/wp\/v2\/types\/page"}],"author":[{"embeddable":true,"href":"https:\/\/www.esnautic.com\/ca\/wp-json\/wp\/v2\/users\/1"}],"replies":[{"embeddable":true,"href":"https:\/\/www.esnautic.com\/ca\/wp-json\/wp\/v2\/comments?post=25664"}],"version-history":[{"count":1,"href":"https:\/\/www.esnautic.com\/ca\/wp-json\/wp\/v2\/pages\/25664\/revisions"}],"predecessor-version":[{"id":27117,"href":"https:\/\/www.esnautic.com\/ca\/wp-json\/wp\/v2\/pages\/25664\/revisions\/27117"}],"up":[{"embeddable":true,"href":"https:\/\/www.esnautic.com\/ca\/wp-json\/wp\/v2\/pages\/25659"}],"wp:featuredmedia":[{"embeddable":true,"href":"https:\/\/www.esnautic.com\/ca\/wp-json\/wp\/v2\/media\/2064"}],"wp:attachment":[{"href":"https:\/\/www.esnautic.com\/ca\/wp-json\/wp\/v2\/media?parent=25664"}],"curies":[{"name":"wp","href":"https:\/\/api.w.org\/{rel}","templated":true}]}}