{"id":25669,"date":"2022-09-27T09:49:38","date_gmt":"2022-09-27T07:49:38","guid":{"rendered":"https:\/\/www.esnautic.com\/patrimoni\/faro-de-sa-conillera\/"},"modified":"2025-06-12T10:03:05","modified_gmt":"2025-06-12T08:03:05","slug":"faro-de-sa-conillera","status":"publish","type":"page","link":"https:\/\/www.esnautic.com\/ca\/entorn\/patrimoni\/faro-de-sa-conillera\/","title":{"rendered":"Far de sa Conillera"},"content":{"rendered":"<div class=\"wpb-content-wrapper\"><p>[vc_row][vc_column][vc_gallery type=&#8221;flexslider_slide&#8221; interval=&#8221;3&#8243; images=&#8221;2072,2074,2076&#8243; img_size=&#8221;full&#8221;][vc_column_text]El primer far que va senyalitzar l&#8217;arribada a la badia de Portmany \u00e9s el de sa Conillera, que encara continua emetent llampades intermitents. Els pl\u00e0nols varen ser tra\u00e7ats el 1855 per l&#8217;enginyer Emili Pou i poc despr\u00e9s un equip d&#8217;obrers es va instal\u00b7lar a l&#8217;illot. Els materials necessaris per a la construcci\u00f3 es varen desembarcar a la riba coneguda com sa Salvadora, all\u00e0c on desemboca un torrent amb el mateix nom.<\/p>\n<p>Per a aixecar la torre es va haver d&#8217;obrir un cam\u00ed fins a sa Punta des Cavall, el lloc m\u00e9s alt de l&#8217;extrem nord, situat 69 metres sobre el nivell de la mar. Es va construir una torre circular de 16 metres d&#8217;altura, amb un edifici poc apropiat, tamb\u00e9 rod\u00f3 a la base, que albergava els habitatges dels faroners. L&#8217;obra es va concloure el 1857, encara que de seguida va quedar patent que la infraestructura resultava insuficient per a cobrir les necessitats dels funcionaris.<\/p>\n<p>Mig segle m\u00e9s tard, el 1908, va ser ampliat amb dos edificis annexos que varen millorar substancialment les condicions de vida dels tres faroners i les seues fam\u00edlies. Els nens residien amb ells i rebien lli\u00e7ons dels propis funcionaris, ja que no podien anar a l\u2019escola. \u00danicament rebien la visita dels mariners de Sant Antoni que els hi proporcionaven suport log\u00edstic i els hi traslladaven dos vegades per setmana queviures i subministraments. Tamb\u00e9 havien d&#8217;acudir al seu rescat si els faroners donaven la veu d&#8217;alarma, mitjan\u00e7ant senyals amb miralls o encenent fogueres de nit.<\/p>\n<p>El far va quedar deshabitat el 1971, quan va ser automatitzat. T\u00e9 un abast de 18 milles n\u00e0utiques i emet quatre llampades blanques cada 20 segons. Nom\u00e9s pot contemplar-se des de la mar, ja que sa Conillera \u00e9s part de la Reserva Natural dels Illots de Ponent i no es pot desembarcar en ella.[\/vc_column_text][\/vc_column][\/vc_row]<\/p>\n<\/div>","protected":false},"excerpt":{"rendered":"<p>[vc_row][vc_column][vc_gallery type=&#8221;flexslider_slide&#8221; interval=&#8221;3&#8243; images=&#8221;2072,2074,2076&#8243; img_size=&#8221;full&#8221;][vc_column_text]El primer far que va senyalitzar l&#8217;arribada a la badia de Portmany \u00e9s el de sa Conillera, que encara continua emetent llampades intermitents. Els pl\u00e0nols varen [&hellip;]<\/p>\n","protected":false},"author":1,"featured_media":2075,"parent":25659,"menu_order":0,"comment_status":"closed","ping_status":"closed","template":"","meta":{"_acf_changed":false,"jnews_page_loop":{"enable_page_loop":"0","first_title":"Latest Post","second_title":"","header_type":"heading_6","header_background":"","header_text_color":"","layout":"right-sidebar","sidebar":"default-sidebar","second_sidebar":"default-sidebar","sticky_sidebar":"1","module":"3","boxed":"0","boxed_shadow":"0","box_shadow":"0","excerpt_length":"20","content_date":"default","date_custom":"Y\/m\/d","content_pagination":"nav_1","pagination_align":"center","show_navtext":"0","show_pageinfo":"0","post_offset":"0","posts_per_page":"5","include_post":"","exclude_post":"","include_category":"","exclude_category":"","include_author":"","include_tag":"","exclude_tag":"","sort_by":"latest"},"jnews_single_page":{"layout":"right-sidebar","sidebar":"sidebar-entorno","second_sidebar":"default-sidebar","sticky_sidebar":"1","show_post_featured":"0","show_post_meta":"0","share_position":"hide","share_color":"share-monocrhome"},"footnotes":""},"class_list":["post-25669","page","type-page","status-publish","has-post-thumbnail","hentry"],"acf":[],"yoast_head":"<!-- This site is optimized with the Yoast SEO plugin v26.7 - https:\/\/yoast.com\/wordpress\/plugins\/seo\/ -->\n<title>Far de sa Conillera - Es N\u00e0utic<\/title>\n<meta name=\"robots\" content=\"index, follow, max-snippet:-1, max-image-preview:large, max-video-preview:-1\" \/>\n<link rel=\"canonical\" href=\"https:\/\/www.esnautic.com\/ca\/entorn\/patrimoni\/faro-de-sa-conillera\/\" \/>\n<meta property=\"og:locale\" content=\"ca_ES\" \/>\n<meta property=\"og:type\" content=\"article\" \/>\n<meta property=\"og:title\" content=\"Far de sa Conillera - Es N\u00e0utic\" \/>\n<meta property=\"og:description\" content=\"[vc_row][vc_column][vc_gallery type=&#8221;flexslider_slide&#8221; interval=&#8221;3&#8243; images=&#8221;2072,2074,2076&#8243; img_size=&#8221;full&#8221;][vc_column_text]El primer far que va senyalitzar l&#8217;arribada a la badia de Portmany \u00e9s el de sa Conillera, que encara continua emetent llampades intermitents. Els pl\u00e0nols varen [&hellip;]\" \/>\n<meta property=\"og:url\" content=\"https:\/\/www.esnautic.com\/ca\/entorn\/patrimoni\/faro-de-sa-conillera\/\" \/>\n<meta property=\"og:site_name\" content=\"Es N\u00e0utic\" \/>\n<meta property=\"article:modified_time\" content=\"2025-06-12T08:03:05+00:00\" \/>\n<meta property=\"og:image\" content=\"https:\/\/www.esnautic.com\/wp-content\/uploads\/2022\/09\/DSC_0232rec.jpg\" \/>\n\t<meta property=\"og:image:width\" content=\"1200\" \/>\n\t<meta property=\"og:image:height\" content=\"800\" \/>\n\t<meta property=\"og:image:type\" content=\"image\/jpeg\" \/>\n<meta name=\"twitter:card\" content=\"summary_large_image\" \/>\n<meta name=\"twitter:label1\" content=\"Temps estimat de lectura\" \/>\n\t<meta name=\"twitter:data1\" content=\"2 minuts\" \/>\n<script type=\"application\/ld+json\" class=\"yoast-schema-graph\">{\"@context\":\"https:\/\/schema.org\",\"@graph\":[{\"@type\":\"WebPage\",\"@id\":\"https:\/\/www.esnautic.com\/ca\/entorn\/patrimoni\/faro-de-sa-conillera\/\",\"url\":\"https:\/\/www.esnautic.com\/ca\/entorn\/patrimoni\/faro-de-sa-conillera\/\",\"name\":\"Far de sa Conillera - Es N\u00e0utic\",\"isPartOf\":{\"@id\":\"https:\/\/www.esnautic.com\/#website\"},\"primaryImageOfPage\":{\"@id\":\"https:\/\/www.esnautic.com\/ca\/entorn\/patrimoni\/faro-de-sa-conillera\/#primaryimage\"},\"image\":{\"@id\":\"https:\/\/www.esnautic.com\/ca\/entorn\/patrimoni\/faro-de-sa-conillera\/#primaryimage\"},\"thumbnailUrl\":\"https:\/\/www.esnautic.com\/wp-content\/uploads\/2022\/09\/DSC_0232rec.jpg\",\"datePublished\":\"2022-09-27T07:49:38+00:00\",\"dateModified\":\"2025-06-12T08:03:05+00:00\",\"breadcrumb\":{\"@id\":\"https:\/\/www.esnautic.com\/ca\/entorn\/patrimoni\/faro-de-sa-conillera\/#breadcrumb\"},\"inLanguage\":\"ca\",\"potentialAction\":[{\"@type\":\"ReadAction\",\"target\":[\"https:\/\/www.esnautic.com\/ca\/entorn\/patrimoni\/faro-de-sa-conillera\/\"]}]},{\"@type\":\"ImageObject\",\"inLanguage\":\"ca\",\"@id\":\"https:\/\/www.esnautic.com\/ca\/entorn\/patrimoni\/faro-de-sa-conillera\/#primaryimage\",\"url\":\"https:\/\/www.esnautic.com\/wp-content\/uploads\/2022\/09\/DSC_0232rec.jpg\",\"contentUrl\":\"https:\/\/www.esnautic.com\/wp-content\/uploads\/2022\/09\/DSC_0232rec.jpg\",\"width\":1200,\"height\":800},{\"@type\":\"BreadcrumbList\",\"@id\":\"https:\/\/www.esnautic.com\/ca\/entorn\/patrimoni\/faro-de-sa-conillera\/#breadcrumb\",\"itemListElement\":[{\"@type\":\"ListItem\",\"position\":1,\"name\":\"Inici\",\"item\":\"https:\/\/www.esnautic.com\/ca\/\"},{\"@type\":\"ListItem\",\"position\":2,\"name\":\"Entorn\",\"item\":\"https:\/\/www.esnautic.com\/ca\/entorn\/\"},{\"@type\":\"ListItem\",\"position\":3,\"name\":\"Patrimoni\",\"item\":\"https:\/\/www.esnautic.com\/ca\/patrimoni\/\"},{\"@type\":\"ListItem\",\"position\":4,\"name\":\"Far de sa Conillera\"}]},{\"@type\":\"WebSite\",\"@id\":\"https:\/\/www.esnautic.com\/#website\",\"url\":\"https:\/\/www.esnautic.com\/\",\"name\":\"Es N\u00e0utic\",\"description\":\"Club N\u00e0utic Sant Antoni\",\"potentialAction\":[{\"@type\":\"SearchAction\",\"target\":{\"@type\":\"EntryPoint\",\"urlTemplate\":\"https:\/\/www.esnautic.com\/?s={search_term_string}\"},\"query-input\":{\"@type\":\"PropertyValueSpecification\",\"valueRequired\":true,\"valueName\":\"search_term_string\"}}],\"inLanguage\":\"ca\"}]}<\/script>\n<!-- \/ Yoast SEO plugin. -->","yoast_head_json":{"title":"Far de sa Conillera - Es N\u00e0utic","robots":{"index":"index","follow":"follow","max-snippet":"max-snippet:-1","max-image-preview":"max-image-preview:large","max-video-preview":"max-video-preview:-1"},"canonical":"https:\/\/www.esnautic.com\/ca\/entorn\/patrimoni\/faro-de-sa-conillera\/","og_locale":"ca_ES","og_type":"article","og_title":"Far de sa Conillera - Es N\u00e0utic","og_description":"[vc_row][vc_column][vc_gallery type=&#8221;flexslider_slide&#8221; interval=&#8221;3&#8243; images=&#8221;2072,2074,2076&#8243; img_size=&#8221;full&#8221;][vc_column_text]El primer far que va senyalitzar l&#8217;arribada a la badia de Portmany \u00e9s el de sa Conillera, que encara continua emetent llampades intermitents. Els pl\u00e0nols varen [&hellip;]","og_url":"https:\/\/www.esnautic.com\/ca\/entorn\/patrimoni\/faro-de-sa-conillera\/","og_site_name":"Es N\u00e0utic","article_modified_time":"2025-06-12T08:03:05+00:00","og_image":[{"width":1200,"height":800,"url":"https:\/\/www.esnautic.com\/wp-content\/uploads\/2022\/09\/DSC_0232rec.jpg","type":"image\/jpeg"}],"twitter_card":"summary_large_image","twitter_misc":{"Temps estimat de lectura":"2 minuts"},"schema":{"@context":"https:\/\/schema.org","@graph":[{"@type":"WebPage","@id":"https:\/\/www.esnautic.com\/ca\/entorn\/patrimoni\/faro-de-sa-conillera\/","url":"https:\/\/www.esnautic.com\/ca\/entorn\/patrimoni\/faro-de-sa-conillera\/","name":"Far de sa Conillera - Es N\u00e0utic","isPartOf":{"@id":"https:\/\/www.esnautic.com\/#website"},"primaryImageOfPage":{"@id":"https:\/\/www.esnautic.com\/ca\/entorn\/patrimoni\/faro-de-sa-conillera\/#primaryimage"},"image":{"@id":"https:\/\/www.esnautic.com\/ca\/entorn\/patrimoni\/faro-de-sa-conillera\/#primaryimage"},"thumbnailUrl":"https:\/\/www.esnautic.com\/wp-content\/uploads\/2022\/09\/DSC_0232rec.jpg","datePublished":"2022-09-27T07:49:38+00:00","dateModified":"2025-06-12T08:03:05+00:00","breadcrumb":{"@id":"https:\/\/www.esnautic.com\/ca\/entorn\/patrimoni\/faro-de-sa-conillera\/#breadcrumb"},"inLanguage":"ca","potentialAction":[{"@type":"ReadAction","target":["https:\/\/www.esnautic.com\/ca\/entorn\/patrimoni\/faro-de-sa-conillera\/"]}]},{"@type":"ImageObject","inLanguage":"ca","@id":"https:\/\/www.esnautic.com\/ca\/entorn\/patrimoni\/faro-de-sa-conillera\/#primaryimage","url":"https:\/\/www.esnautic.com\/wp-content\/uploads\/2022\/09\/DSC_0232rec.jpg","contentUrl":"https:\/\/www.esnautic.com\/wp-content\/uploads\/2022\/09\/DSC_0232rec.jpg","width":1200,"height":800},{"@type":"BreadcrumbList","@id":"https:\/\/www.esnautic.com\/ca\/entorn\/patrimoni\/faro-de-sa-conillera\/#breadcrumb","itemListElement":[{"@type":"ListItem","position":1,"name":"Inici","item":"https:\/\/www.esnautic.com\/ca\/"},{"@type":"ListItem","position":2,"name":"Entorn","item":"https:\/\/www.esnautic.com\/ca\/entorn\/"},{"@type":"ListItem","position":3,"name":"Patrimoni","item":"https:\/\/www.esnautic.com\/ca\/patrimoni\/"},{"@type":"ListItem","position":4,"name":"Far de sa Conillera"}]},{"@type":"WebSite","@id":"https:\/\/www.esnautic.com\/#website","url":"https:\/\/www.esnautic.com\/","name":"Es N\u00e0utic","description":"Club N\u00e0utic Sant Antoni","potentialAction":[{"@type":"SearchAction","target":{"@type":"EntryPoint","urlTemplate":"https:\/\/www.esnautic.com\/?s={search_term_string}"},"query-input":{"@type":"PropertyValueSpecification","valueRequired":true,"valueName":"search_term_string"}}],"inLanguage":"ca"}]}},"_links":{"self":[{"href":"https:\/\/www.esnautic.com\/ca\/wp-json\/wp\/v2\/pages\/25669","targetHints":{"allow":["GET"]}}],"collection":[{"href":"https:\/\/www.esnautic.com\/ca\/wp-json\/wp\/v2\/pages"}],"about":[{"href":"https:\/\/www.esnautic.com\/ca\/wp-json\/wp\/v2\/types\/page"}],"author":[{"embeddable":true,"href":"https:\/\/www.esnautic.com\/ca\/wp-json\/wp\/v2\/users\/1"}],"replies":[{"embeddable":true,"href":"https:\/\/www.esnautic.com\/ca\/wp-json\/wp\/v2\/comments?post=25669"}],"version-history":[{"count":0,"href":"https:\/\/www.esnautic.com\/ca\/wp-json\/wp\/v2\/pages\/25669\/revisions"}],"up":[{"embeddable":true,"href":"https:\/\/www.esnautic.com\/ca\/wp-json\/wp\/v2\/pages\/25659"}],"wp:featuredmedia":[{"embeddable":true,"href":"https:\/\/www.esnautic.com\/ca\/wp-json\/wp\/v2\/media\/2075"}],"wp:attachment":[{"href":"https:\/\/www.esnautic.com\/ca\/wp-json\/wp\/v2\/media?parent=25669"}],"curies":[{"name":"wp","href":"https:\/\/api.w.org\/{rel}","templated":true}]}}