{"id":25677,"date":"2022-09-21T09:41:35","date_gmt":"2022-09-21T07:41:35","guid":{"rendered":"https:\/\/www.esnautic.com\/patrimoni\/iglesia-de-sant-antoni\/"},"modified":"2025-06-12T10:05:33","modified_gmt":"2025-06-12T08:05:33","slug":"iglesia-de-sant-antoni","status":"publish","type":"page","link":"https:\/\/www.esnautic.com\/ca\/entorn\/patrimoni\/iglesia-de-sant-antoni\/","title":{"rendered":"Esgl\u00e9sia de Sant Antoni"},"content":{"rendered":"<div class=\"wpb-content-wrapper\"><p>[vc_row][vc_column][vc_gallery type=&#8221;flexslider_slide&#8221; interval=&#8221;3&#8243; images=&#8221;1775,1777,1779,1781,1783,1785,1787&#8243; img_size=&#8221;full&#8221;][vc_column_text]L&#8217;esgl\u00e9sia de Sant Antoni, en el centre de la localitat i molt pr\u00f2xima al port, \u00e9s la segona m\u00e9s antiga de l&#8217;illa, despr\u00e9s de la Catedral de Santa Maria de les Neus, a la capital. La construcci\u00f3 va ser autoritzada per l&#8217;arquebisbat de Tarragona el 1305, tan sols 70 anys despr\u00e9s de la conquesta cristiana de l&#8217;illa, que havia estat territori musulm\u00e0 durant segles. El nou temple va ser concebut amb dos objectius fonamentals: servir com a lloc de culte i exercir de s\u00f2lida fortalesa davant les invasions dels corsaris barbarescos. La primera versi\u00f3 de l&#8217;esgl\u00e9sia es va aixecar al llarg del segle XIV i es va reformar al XVI.<\/p>\n<p>La torre de defensa situada a la cap\u00e7alera del temple, de planta poligonal i amb merlets en algun dels seus costats, es va aixecar en el segle XVII i va arribar a estar armada amb dos canons, que es varen utilitzar per \u00faltima vegada el 1818, amb l&#8217;objectiu de tractar d&#8217;enfonsar dos naus de contrabandistes de Gibraltar.<\/p>\n<p>Quan els guaites albiraven corsaris enemics, encenien fogueres per a alertar a la poblaci\u00f3, que corria a refugiar-se al seu interior. Per aquesta ra\u00f3, el temple no t\u00e9 finestres. Antany, les portes eren de ferro, perqu\u00e8 l&#8217;enemic no pogu\u00e9s incendiar-les, i una gruixuda biga les bloquejava per dins. A l\u2019interior del recinte eclesi\u00e0stic fins i tot existia un pou d&#8217;aigua potable, per si el tancament es prolongava.<\/p>\n<p>L&#8217;esgl\u00e9sia compta a m\u00e9s amb una part exterior coberta, el porxet, i un ampli pati on els habitants del municipi intercanviaven novetats a la sortida del culte.[\/vc_column_text][\/vc_column][\/vc_row]<\/p>\n<\/div>","protected":false},"excerpt":{"rendered":"<p>[vc_row][vc_column][vc_gallery type=&#8221;flexslider_slide&#8221; interval=&#8221;3&#8243; images=&#8221;1775,1777,1779,1781,1783,1785,1787&#8243; img_size=&#8221;full&#8221;][vc_column_text]L&#8217;esgl\u00e9sia de Sant Antoni, en el centre de la localitat i molt pr\u00f2xima al port, \u00e9s la segona m\u00e9s antiga de l&#8217;illa, despr\u00e9s de la Catedral [&hellip;]<\/p>\n","protected":false},"author":1,"featured_media":1782,"parent":25659,"menu_order":0,"comment_status":"closed","ping_status":"closed","template":"","meta":{"_acf_changed":false,"jnews_page_loop":{"enable_page_loop":"0","first_title":"Latest Post","second_title":"","header_type":"heading_6","header_background":"","header_text_color":"","layout":"right-sidebar","sidebar":"default-sidebar","second_sidebar":"default-sidebar","sticky_sidebar":"1","module":"3","boxed":"0","boxed_shadow":"0","box_shadow":"0","excerpt_length":"20","content_date":"default","date_custom":"Y\/m\/d","content_pagination":"nav_1","pagination_align":"center","show_navtext":"0","show_pageinfo":"0","post_offset":"","posts_per_page":"1","include_post":"","exclude_post":"","include_category":"","exclude_category":"","include_author":"","include_tag":"","exclude_tag":"","sort_by":"latest"},"jnews_single_page":{"layout":"right-sidebar","sidebar":"sidebar-entorno","second_sidebar":"default-sidebar","sticky_sidebar":"1","show_post_featured":"0","show_post_meta":"0","share_position":"hide","share_color":"share-monocrhome"},"footnotes":""},"class_list":["post-25677","page","type-page","status-publish","has-post-thumbnail","hentry"],"acf":[],"yoast_head":"<!-- This site is optimized with the Yoast SEO plugin v26.7 - https:\/\/yoast.com\/wordpress\/plugins\/seo\/ -->\n<title>Esgl\u00e9sia de Sant Antoni - Es N\u00e0utic<\/title>\n<meta name=\"robots\" content=\"index, follow, max-snippet:-1, max-image-preview:large, max-video-preview:-1\" \/>\n<link rel=\"canonical\" href=\"https:\/\/www.esnautic.com\/ca\/entorn\/patrimoni\/iglesia-de-sant-antoni\/\" \/>\n<meta property=\"og:locale\" content=\"ca_ES\" \/>\n<meta property=\"og:type\" content=\"article\" \/>\n<meta property=\"og:title\" content=\"Esgl\u00e9sia de Sant Antoni - Es N\u00e0utic\" \/>\n<meta property=\"og:description\" content=\"[vc_row][vc_column][vc_gallery type=&#8221;flexslider_slide&#8221; interval=&#8221;3&#8243; images=&#8221;1775,1777,1779,1781,1783,1785,1787&#8243; img_size=&#8221;full&#8221;][vc_column_text]L&#8217;esgl\u00e9sia de Sant Antoni, en el centre de la localitat i molt pr\u00f2xima al port, \u00e9s la segona m\u00e9s antiga de l&#8217;illa, despr\u00e9s de la Catedral [&hellip;]\" \/>\n<meta property=\"og:url\" content=\"https:\/\/www.esnautic.com\/ca\/entorn\/patrimoni\/iglesia-de-sant-antoni\/\" \/>\n<meta property=\"og:site_name\" content=\"Es N\u00e0utic\" \/>\n<meta property=\"article:modified_time\" content=\"2025-06-12T08:05:33+00:00\" \/>\n<meta property=\"og:image\" content=\"https:\/\/www.esnautic.com\/wp-content\/uploads\/2022\/09\/P1150130-wpp1669808576227.jpg\" \/>\n\t<meta property=\"og:image:width\" content=\"1200\" \/>\n\t<meta property=\"og:image:height\" content=\"801\" \/>\n\t<meta property=\"og:image:type\" content=\"image\/jpeg\" \/>\n<meta name=\"twitter:card\" content=\"summary_large_image\" \/>\n<meta name=\"twitter:label1\" content=\"Temps estimat de lectura\" \/>\n\t<meta name=\"twitter:data1\" content=\"2 minuts\" \/>\n<script type=\"application\/ld+json\" class=\"yoast-schema-graph\">{\"@context\":\"https:\/\/schema.org\",\"@graph\":[{\"@type\":\"WebPage\",\"@id\":\"https:\/\/www.esnautic.com\/ca\/entorn\/patrimoni\/iglesia-de-sant-antoni\/\",\"url\":\"https:\/\/www.esnautic.com\/ca\/entorn\/patrimoni\/iglesia-de-sant-antoni\/\",\"name\":\"Esgl\u00e9sia de Sant Antoni - Es N\u00e0utic\",\"isPartOf\":{\"@id\":\"https:\/\/www.esnautic.com\/#website\"},\"primaryImageOfPage\":{\"@id\":\"https:\/\/www.esnautic.com\/ca\/entorn\/patrimoni\/iglesia-de-sant-antoni\/#primaryimage\"},\"image\":{\"@id\":\"https:\/\/www.esnautic.com\/ca\/entorn\/patrimoni\/iglesia-de-sant-antoni\/#primaryimage\"},\"thumbnailUrl\":\"https:\/\/www.esnautic.com\/wp-content\/uploads\/2022\/09\/P1150130-wpp1669808576227.jpg\",\"datePublished\":\"2022-09-21T07:41:35+00:00\",\"dateModified\":\"2025-06-12T08:05:33+00:00\",\"breadcrumb\":{\"@id\":\"https:\/\/www.esnautic.com\/ca\/entorn\/patrimoni\/iglesia-de-sant-antoni\/#breadcrumb\"},\"inLanguage\":\"ca\",\"potentialAction\":[{\"@type\":\"ReadAction\",\"target\":[\"https:\/\/www.esnautic.com\/ca\/entorn\/patrimoni\/iglesia-de-sant-antoni\/\"]}]},{\"@type\":\"ImageObject\",\"inLanguage\":\"ca\",\"@id\":\"https:\/\/www.esnautic.com\/ca\/entorn\/patrimoni\/iglesia-de-sant-antoni\/#primaryimage\",\"url\":\"https:\/\/www.esnautic.com\/wp-content\/uploads\/2022\/09\/P1150130-wpp1669808576227.jpg\",\"contentUrl\":\"https:\/\/www.esnautic.com\/wp-content\/uploads\/2022\/09\/P1150130-wpp1669808576227.jpg\",\"width\":1200,\"height\":801},{\"@type\":\"BreadcrumbList\",\"@id\":\"https:\/\/www.esnautic.com\/ca\/entorn\/patrimoni\/iglesia-de-sant-antoni\/#breadcrumb\",\"itemListElement\":[{\"@type\":\"ListItem\",\"position\":1,\"name\":\"Inici\",\"item\":\"https:\/\/www.esnautic.com\/ca\/\"},{\"@type\":\"ListItem\",\"position\":2,\"name\":\"Entorn\",\"item\":\"https:\/\/www.esnautic.com\/ca\/entorn\/\"},{\"@type\":\"ListItem\",\"position\":3,\"name\":\"Patrimoni\",\"item\":\"https:\/\/www.esnautic.com\/ca\/patrimoni\/\"},{\"@type\":\"ListItem\",\"position\":4,\"name\":\"Esgl\u00e9sia de Sant Antoni\"}]},{\"@type\":\"WebSite\",\"@id\":\"https:\/\/www.esnautic.com\/#website\",\"url\":\"https:\/\/www.esnautic.com\/\",\"name\":\"Es N\u00e0utic\",\"description\":\"Club N\u00e0utic Sant Antoni\",\"potentialAction\":[{\"@type\":\"SearchAction\",\"target\":{\"@type\":\"EntryPoint\",\"urlTemplate\":\"https:\/\/www.esnautic.com\/?s={search_term_string}\"},\"query-input\":{\"@type\":\"PropertyValueSpecification\",\"valueRequired\":true,\"valueName\":\"search_term_string\"}}],\"inLanguage\":\"ca\"}]}<\/script>\n<!-- \/ Yoast SEO plugin. -->","yoast_head_json":{"title":"Esgl\u00e9sia de Sant Antoni - Es N\u00e0utic","robots":{"index":"index","follow":"follow","max-snippet":"max-snippet:-1","max-image-preview":"max-image-preview:large","max-video-preview":"max-video-preview:-1"},"canonical":"https:\/\/www.esnautic.com\/ca\/entorn\/patrimoni\/iglesia-de-sant-antoni\/","og_locale":"ca_ES","og_type":"article","og_title":"Esgl\u00e9sia de Sant Antoni - Es N\u00e0utic","og_description":"[vc_row][vc_column][vc_gallery type=&#8221;flexslider_slide&#8221; interval=&#8221;3&#8243; images=&#8221;1775,1777,1779,1781,1783,1785,1787&#8243; img_size=&#8221;full&#8221;][vc_column_text]L&#8217;esgl\u00e9sia de Sant Antoni, en el centre de la localitat i molt pr\u00f2xima al port, \u00e9s la segona m\u00e9s antiga de l&#8217;illa, despr\u00e9s de la Catedral [&hellip;]","og_url":"https:\/\/www.esnautic.com\/ca\/entorn\/patrimoni\/iglesia-de-sant-antoni\/","og_site_name":"Es N\u00e0utic","article_modified_time":"2025-06-12T08:05:33+00:00","og_image":[{"width":1200,"height":801,"url":"https:\/\/www.esnautic.com\/wp-content\/uploads\/2022\/09\/P1150130-wpp1669808576227.jpg","type":"image\/jpeg"}],"twitter_card":"summary_large_image","twitter_misc":{"Temps estimat de lectura":"2 minuts"},"schema":{"@context":"https:\/\/schema.org","@graph":[{"@type":"WebPage","@id":"https:\/\/www.esnautic.com\/ca\/entorn\/patrimoni\/iglesia-de-sant-antoni\/","url":"https:\/\/www.esnautic.com\/ca\/entorn\/patrimoni\/iglesia-de-sant-antoni\/","name":"Esgl\u00e9sia de Sant Antoni - Es N\u00e0utic","isPartOf":{"@id":"https:\/\/www.esnautic.com\/#website"},"primaryImageOfPage":{"@id":"https:\/\/www.esnautic.com\/ca\/entorn\/patrimoni\/iglesia-de-sant-antoni\/#primaryimage"},"image":{"@id":"https:\/\/www.esnautic.com\/ca\/entorn\/patrimoni\/iglesia-de-sant-antoni\/#primaryimage"},"thumbnailUrl":"https:\/\/www.esnautic.com\/wp-content\/uploads\/2022\/09\/P1150130-wpp1669808576227.jpg","datePublished":"2022-09-21T07:41:35+00:00","dateModified":"2025-06-12T08:05:33+00:00","breadcrumb":{"@id":"https:\/\/www.esnautic.com\/ca\/entorn\/patrimoni\/iglesia-de-sant-antoni\/#breadcrumb"},"inLanguage":"ca","potentialAction":[{"@type":"ReadAction","target":["https:\/\/www.esnautic.com\/ca\/entorn\/patrimoni\/iglesia-de-sant-antoni\/"]}]},{"@type":"ImageObject","inLanguage":"ca","@id":"https:\/\/www.esnautic.com\/ca\/entorn\/patrimoni\/iglesia-de-sant-antoni\/#primaryimage","url":"https:\/\/www.esnautic.com\/wp-content\/uploads\/2022\/09\/P1150130-wpp1669808576227.jpg","contentUrl":"https:\/\/www.esnautic.com\/wp-content\/uploads\/2022\/09\/P1150130-wpp1669808576227.jpg","width":1200,"height":801},{"@type":"BreadcrumbList","@id":"https:\/\/www.esnautic.com\/ca\/entorn\/patrimoni\/iglesia-de-sant-antoni\/#breadcrumb","itemListElement":[{"@type":"ListItem","position":1,"name":"Inici","item":"https:\/\/www.esnautic.com\/ca\/"},{"@type":"ListItem","position":2,"name":"Entorn","item":"https:\/\/www.esnautic.com\/ca\/entorn\/"},{"@type":"ListItem","position":3,"name":"Patrimoni","item":"https:\/\/www.esnautic.com\/ca\/patrimoni\/"},{"@type":"ListItem","position":4,"name":"Esgl\u00e9sia de Sant Antoni"}]},{"@type":"WebSite","@id":"https:\/\/www.esnautic.com\/#website","url":"https:\/\/www.esnautic.com\/","name":"Es N\u00e0utic","description":"Club N\u00e0utic Sant Antoni","potentialAction":[{"@type":"SearchAction","target":{"@type":"EntryPoint","urlTemplate":"https:\/\/www.esnautic.com\/?s={search_term_string}"},"query-input":{"@type":"PropertyValueSpecification","valueRequired":true,"valueName":"search_term_string"}}],"inLanguage":"ca"}]}},"_links":{"self":[{"href":"https:\/\/www.esnautic.com\/ca\/wp-json\/wp\/v2\/pages\/25677","targetHints":{"allow":["GET"]}}],"collection":[{"href":"https:\/\/www.esnautic.com\/ca\/wp-json\/wp\/v2\/pages"}],"about":[{"href":"https:\/\/www.esnautic.com\/ca\/wp-json\/wp\/v2\/types\/page"}],"author":[{"embeddable":true,"href":"https:\/\/www.esnautic.com\/ca\/wp-json\/wp\/v2\/users\/1"}],"replies":[{"embeddable":true,"href":"https:\/\/www.esnautic.com\/ca\/wp-json\/wp\/v2\/comments?post=25677"}],"version-history":[{"count":0,"href":"https:\/\/www.esnautic.com\/ca\/wp-json\/wp\/v2\/pages\/25677\/revisions"}],"up":[{"embeddable":true,"href":"https:\/\/www.esnautic.com\/ca\/wp-json\/wp\/v2\/pages\/25659"}],"wp:featuredmedia":[{"embeddable":true,"href":"https:\/\/www.esnautic.com\/ca\/wp-json\/wp\/v2\/media\/1782"}],"wp:attachment":[{"href":"https:\/\/www.esnautic.com\/ca\/wp-json\/wp\/v2\/media?parent=25677"}],"curies":[{"name":"wp","href":"https:\/\/api.w.org\/{rel}","templated":true}]}}