{"id":25685,"date":"2022-09-27T09:29:14","date_gmt":"2022-09-27T07:29:14","guid":{"rendered":"https:\/\/www.esnautic.com\/patrimoni\/torre-den-rovira\/"},"modified":"2025-06-12T10:07:44","modified_gmt":"2025-06-12T08:07:44","slug":"torre-den-rovira","status":"publish","type":"page","link":"https:\/\/www.esnautic.com\/ca\/entorn\/patrimoni\/torre-den-rovira\/","title":{"rendered":"Torre d\u2019en Rovira"},"content":{"rendered":"<div class=\"wpb-content-wrapper\"><p>[vc_row][vc_column][vc_gallery type=&#8221;flexslider_slide&#8221; interval=&#8221;3&#8243; images=&#8221;2035,2037,2039,2041,2043&#8243; img_size=&#8221;full&#8221;][vc_column_text]A causa del setge constant per part dels corsaris barbarescos, que capturaven als illencs i fins i tot els venien com a esclaus als mercats africans, en el segle XVIII la Corona Espanyola va ordenar construir una xarxa de torres de defensa. Algunes varen ser armades amb canons i totes varen tenir guaites, amb l&#8217;objectiu d&#8217;alertar a la poblaci\u00f3 quan s&#8217;aproximava l&#8217;enemic, perqu\u00e8 corregu\u00e9s a refugiar-se als temples o a les dotzenes de torres predials repartides per l&#8217;interior de l&#8217;illa.<\/p>\n<p>La d\u2019en Rovira \u00e9s la de major altura i di\u00e0metre, va ser constru\u00efda el 1763 i defensava la badia de Portmany. Constitueix un mirador excepcional dels illots de ponent, en estar situada entre Cala Bassa i Platges de Comte, enfront de l&#8217;illot de sa Conillera. Va arribar a estar armada amb dos canons i dos torrers romanien destinats a aquest lloc de manera permanent.<\/p>\n<p>Encara que actualment disposa d&#8217;entrada a la planta baixa, llavors nom\u00e9s podia accedir-se al seu interior a trav\u00e9s d&#8217;una porta situada en el segon nivell i una escala de fusta, que es replegava en cas d&#8217;apar\u00e8ixer l\u2019enemic. A baix s&#8217;acumulava aigua, llenya, p\u00f3lvora i queviures, mentre que a dalt, a una cambra amb volta, residien els torrers. La vigil\u00e0ncia es realitzava des del terrat, on tamb\u00e9 estaven situades les peces d&#8217;artilleria, i les diferents plantes es comunicaven mitjan\u00e7ant una escala circular adossada al mur.<\/p>\n<p>La torre va romandre operativa fins el 1867, quan la pres\u00e8ncia de corsaris enemics va deixar de ser un perill. Avui \u00e9s de titularitat privada i es troba en bon estat de conservaci\u00f3.[\/vc_column_text][\/vc_column][\/vc_row]<\/p>\n<\/div>","protected":false},"excerpt":{"rendered":"<p>[vc_row][vc_column][vc_gallery type=&#8221;flexslider_slide&#8221; interval=&#8221;3&#8243; images=&#8221;2035,2037,2039,2041,2043&#8243; img_size=&#8221;full&#8221;][vc_column_text]A causa del setge constant per part dels corsaris barbarescos, que capturaven als illencs i fins i tot els venien com a esclaus als mercats africans, [&hellip;]<\/p>\n","protected":false},"author":1,"featured_media":2042,"parent":25659,"menu_order":0,"comment_status":"closed","ping_status":"closed","template":"","meta":{"_acf_changed":false,"jnews_page_loop":{"enable_page_loop":"0","first_title":"Latest Post","second_title":"","header_type":"heading_6","header_background":"","header_text_color":"","layout":"right-sidebar","sidebar":"default-sidebar","second_sidebar":"default-sidebar","sticky_sidebar":"1","module":"3","boxed":"0","boxed_shadow":"0","box_shadow":"0","excerpt_length":"20","content_date":"default","date_custom":"Y\/m\/d","content_pagination":"nav_1","pagination_align":"center","show_navtext":"0","show_pageinfo":"0","post_offset":"0","posts_per_page":"5","include_post":"","exclude_post":"","include_category":"","exclude_category":"","include_author":"","include_tag":"","exclude_tag":"","sort_by":"latest"},"jnews_single_page":{"layout":"right-sidebar","sidebar":"sidebar-entorno","second_sidebar":"default-sidebar","sticky_sidebar":"1","show_post_featured":"0","show_post_meta":"0","share_position":"hide","share_color":"share-monocrhome"},"footnotes":""},"class_list":["post-25685","page","type-page","status-publish","has-post-thumbnail","hentry"],"acf":[],"yoast_head":"<!-- This site is optimized with the Yoast SEO plugin v26.7 - https:\/\/yoast.com\/wordpress\/plugins\/seo\/ -->\n<title>Torre d\u2019en Rovira - Es N\u00e0utic<\/title>\n<meta name=\"robots\" content=\"index, follow, max-snippet:-1, max-image-preview:large, max-video-preview:-1\" \/>\n<link rel=\"canonical\" href=\"https:\/\/www.esnautic.com\/ca\/entorn\/patrimoni\/torre-den-rovira\/\" \/>\n<meta property=\"og:locale\" content=\"ca_ES\" \/>\n<meta property=\"og:type\" content=\"article\" \/>\n<meta property=\"og:title\" content=\"Torre d\u2019en Rovira - Es N\u00e0utic\" \/>\n<meta property=\"og:description\" content=\"[vc_row][vc_column][vc_gallery type=&#8221;flexslider_slide&#8221; interval=&#8221;3&#8243; images=&#8221;2035,2037,2039,2041,2043&#8243; img_size=&#8221;full&#8221;][vc_column_text]A causa del setge constant per part dels corsaris barbarescos, que capturaven als illencs i fins i tot els venien com a esclaus als mercats africans, [&hellip;]\" \/>\n<meta property=\"og:url\" content=\"https:\/\/www.esnautic.com\/ca\/entorn\/patrimoni\/torre-den-rovira\/\" \/>\n<meta property=\"og:site_name\" content=\"Es N\u00e0utic\" \/>\n<meta property=\"article:modified_time\" content=\"2025-06-12T08:07:44+00:00\" \/>\n<meta property=\"og:image\" content=\"https:\/\/www.esnautic.com\/wp-content\/uploads\/2022\/09\/DSC_2970.jpg\" \/>\n\t<meta property=\"og:image:width\" content=\"1200\" \/>\n\t<meta property=\"og:image:height\" content=\"800\" \/>\n\t<meta property=\"og:image:type\" content=\"image\/jpeg\" \/>\n<meta name=\"twitter:card\" content=\"summary_large_image\" \/>\n<meta name=\"twitter:label1\" content=\"Temps estimat de lectura\" \/>\n\t<meta name=\"twitter:data1\" content=\"2 minuts\" \/>\n<script type=\"application\/ld+json\" class=\"yoast-schema-graph\">{\"@context\":\"https:\/\/schema.org\",\"@graph\":[{\"@type\":\"WebPage\",\"@id\":\"https:\/\/www.esnautic.com\/ca\/entorn\/patrimoni\/torre-den-rovira\/\",\"url\":\"https:\/\/www.esnautic.com\/ca\/entorn\/patrimoni\/torre-den-rovira\/\",\"name\":\"Torre d\u2019en Rovira - Es N\u00e0utic\",\"isPartOf\":{\"@id\":\"https:\/\/www.esnautic.com\/#website\"},\"primaryImageOfPage\":{\"@id\":\"https:\/\/www.esnautic.com\/ca\/entorn\/patrimoni\/torre-den-rovira\/#primaryimage\"},\"image\":{\"@id\":\"https:\/\/www.esnautic.com\/ca\/entorn\/patrimoni\/torre-den-rovira\/#primaryimage\"},\"thumbnailUrl\":\"https:\/\/www.esnautic.com\/wp-content\/uploads\/2022\/09\/DSC_2970.jpg\",\"datePublished\":\"2022-09-27T07:29:14+00:00\",\"dateModified\":\"2025-06-12T08:07:44+00:00\",\"breadcrumb\":{\"@id\":\"https:\/\/www.esnautic.com\/ca\/entorn\/patrimoni\/torre-den-rovira\/#breadcrumb\"},\"inLanguage\":\"ca\",\"potentialAction\":[{\"@type\":\"ReadAction\",\"target\":[\"https:\/\/www.esnautic.com\/ca\/entorn\/patrimoni\/torre-den-rovira\/\"]}]},{\"@type\":\"ImageObject\",\"inLanguage\":\"ca\",\"@id\":\"https:\/\/www.esnautic.com\/ca\/entorn\/patrimoni\/torre-den-rovira\/#primaryimage\",\"url\":\"https:\/\/www.esnautic.com\/wp-content\/uploads\/2022\/09\/DSC_2970.jpg\",\"contentUrl\":\"https:\/\/www.esnautic.com\/wp-content\/uploads\/2022\/09\/DSC_2970.jpg\",\"width\":1200,\"height\":800},{\"@type\":\"BreadcrumbList\",\"@id\":\"https:\/\/www.esnautic.com\/ca\/entorn\/patrimoni\/torre-den-rovira\/#breadcrumb\",\"itemListElement\":[{\"@type\":\"ListItem\",\"position\":1,\"name\":\"Inici\",\"item\":\"https:\/\/www.esnautic.com\/ca\/\"},{\"@type\":\"ListItem\",\"position\":2,\"name\":\"Entorn\",\"item\":\"https:\/\/www.esnautic.com\/ca\/entorn\/\"},{\"@type\":\"ListItem\",\"position\":3,\"name\":\"Patrimoni\",\"item\":\"https:\/\/www.esnautic.com\/ca\/patrimoni\/\"},{\"@type\":\"ListItem\",\"position\":4,\"name\":\"Torre d\u2019en Rovira\"}]},{\"@type\":\"WebSite\",\"@id\":\"https:\/\/www.esnautic.com\/#website\",\"url\":\"https:\/\/www.esnautic.com\/\",\"name\":\"Es N\u00e0utic\",\"description\":\"Club N\u00e0utic Sant Antoni\",\"potentialAction\":[{\"@type\":\"SearchAction\",\"target\":{\"@type\":\"EntryPoint\",\"urlTemplate\":\"https:\/\/www.esnautic.com\/?s={search_term_string}\"},\"query-input\":{\"@type\":\"PropertyValueSpecification\",\"valueRequired\":true,\"valueName\":\"search_term_string\"}}],\"inLanguage\":\"ca\"}]}<\/script>\n<!-- \/ Yoast SEO plugin. -->","yoast_head_json":{"title":"Torre d\u2019en Rovira - Es N\u00e0utic","robots":{"index":"index","follow":"follow","max-snippet":"max-snippet:-1","max-image-preview":"max-image-preview:large","max-video-preview":"max-video-preview:-1"},"canonical":"https:\/\/www.esnautic.com\/ca\/entorn\/patrimoni\/torre-den-rovira\/","og_locale":"ca_ES","og_type":"article","og_title":"Torre d\u2019en Rovira - Es N\u00e0utic","og_description":"[vc_row][vc_column][vc_gallery type=&#8221;flexslider_slide&#8221; interval=&#8221;3&#8243; images=&#8221;2035,2037,2039,2041,2043&#8243; img_size=&#8221;full&#8221;][vc_column_text]A causa del setge constant per part dels corsaris barbarescos, que capturaven als illencs i fins i tot els venien com a esclaus als mercats africans, [&hellip;]","og_url":"https:\/\/www.esnautic.com\/ca\/entorn\/patrimoni\/torre-den-rovira\/","og_site_name":"Es N\u00e0utic","article_modified_time":"2025-06-12T08:07:44+00:00","og_image":[{"width":1200,"height":800,"url":"https:\/\/www.esnautic.com\/wp-content\/uploads\/2022\/09\/DSC_2970.jpg","type":"image\/jpeg"}],"twitter_card":"summary_large_image","twitter_misc":{"Temps estimat de lectura":"2 minuts"},"schema":{"@context":"https:\/\/schema.org","@graph":[{"@type":"WebPage","@id":"https:\/\/www.esnautic.com\/ca\/entorn\/patrimoni\/torre-den-rovira\/","url":"https:\/\/www.esnautic.com\/ca\/entorn\/patrimoni\/torre-den-rovira\/","name":"Torre d\u2019en Rovira - Es N\u00e0utic","isPartOf":{"@id":"https:\/\/www.esnautic.com\/#website"},"primaryImageOfPage":{"@id":"https:\/\/www.esnautic.com\/ca\/entorn\/patrimoni\/torre-den-rovira\/#primaryimage"},"image":{"@id":"https:\/\/www.esnautic.com\/ca\/entorn\/patrimoni\/torre-den-rovira\/#primaryimage"},"thumbnailUrl":"https:\/\/www.esnautic.com\/wp-content\/uploads\/2022\/09\/DSC_2970.jpg","datePublished":"2022-09-27T07:29:14+00:00","dateModified":"2025-06-12T08:07:44+00:00","breadcrumb":{"@id":"https:\/\/www.esnautic.com\/ca\/entorn\/patrimoni\/torre-den-rovira\/#breadcrumb"},"inLanguage":"ca","potentialAction":[{"@type":"ReadAction","target":["https:\/\/www.esnautic.com\/ca\/entorn\/patrimoni\/torre-den-rovira\/"]}]},{"@type":"ImageObject","inLanguage":"ca","@id":"https:\/\/www.esnautic.com\/ca\/entorn\/patrimoni\/torre-den-rovira\/#primaryimage","url":"https:\/\/www.esnautic.com\/wp-content\/uploads\/2022\/09\/DSC_2970.jpg","contentUrl":"https:\/\/www.esnautic.com\/wp-content\/uploads\/2022\/09\/DSC_2970.jpg","width":1200,"height":800},{"@type":"BreadcrumbList","@id":"https:\/\/www.esnautic.com\/ca\/entorn\/patrimoni\/torre-den-rovira\/#breadcrumb","itemListElement":[{"@type":"ListItem","position":1,"name":"Inici","item":"https:\/\/www.esnautic.com\/ca\/"},{"@type":"ListItem","position":2,"name":"Entorn","item":"https:\/\/www.esnautic.com\/ca\/entorn\/"},{"@type":"ListItem","position":3,"name":"Patrimoni","item":"https:\/\/www.esnautic.com\/ca\/patrimoni\/"},{"@type":"ListItem","position":4,"name":"Torre d\u2019en Rovira"}]},{"@type":"WebSite","@id":"https:\/\/www.esnautic.com\/#website","url":"https:\/\/www.esnautic.com\/","name":"Es N\u00e0utic","description":"Club N\u00e0utic Sant Antoni","potentialAction":[{"@type":"SearchAction","target":{"@type":"EntryPoint","urlTemplate":"https:\/\/www.esnautic.com\/?s={search_term_string}"},"query-input":{"@type":"PropertyValueSpecification","valueRequired":true,"valueName":"search_term_string"}}],"inLanguage":"ca"}]}},"_links":{"self":[{"href":"https:\/\/www.esnautic.com\/ca\/wp-json\/wp\/v2\/pages\/25685","targetHints":{"allow":["GET"]}}],"collection":[{"href":"https:\/\/www.esnautic.com\/ca\/wp-json\/wp\/v2\/pages"}],"about":[{"href":"https:\/\/www.esnautic.com\/ca\/wp-json\/wp\/v2\/types\/page"}],"author":[{"embeddable":true,"href":"https:\/\/www.esnautic.com\/ca\/wp-json\/wp\/v2\/users\/1"}],"replies":[{"embeddable":true,"href":"https:\/\/www.esnautic.com\/ca\/wp-json\/wp\/v2\/comments?post=25685"}],"version-history":[{"count":0,"href":"https:\/\/www.esnautic.com\/ca\/wp-json\/wp\/v2\/pages\/25685\/revisions"}],"up":[{"embeddable":true,"href":"https:\/\/www.esnautic.com\/ca\/wp-json\/wp\/v2\/pages\/25659"}],"wp:featuredmedia":[{"embeddable":true,"href":"https:\/\/www.esnautic.com\/ca\/wp-json\/wp\/v2\/media\/2042"}],"wp:attachment":[{"href":"https:\/\/www.esnautic.com\/ca\/wp-json\/wp\/v2\/media?parent=25685"}],"curies":[{"name":"wp","href":"https:\/\/api.w.org\/{rel}","templated":true}]}}