{"id":25726,"date":"2022-09-27T12:46:52","date_gmt":"2022-09-27T10:46:52","guid":{"rendered":"https:\/\/www.esnautic.com\/costa-de-ponent\/cala-salada\/"},"modified":"2025-06-12T09:31:06","modified_gmt":"2025-06-12T07:31:06","slug":"cala-salada","status":"publish","type":"page","link":"https:\/\/www.esnautic.com\/ca\/entorn\/costa-de-ponent\/cala-salada\/","title":{"rendered":"Cala Salada"},"content":{"rendered":"<div class=\"wpb-content-wrapper\"><p>[vc_row][vc_column][vc_gallery type=&#8221;flexslider_slide&#8221; interval=&#8221;3&#8243; images=&#8221;2312,2314,2316,2318&#8243; img_size=&#8221;full&#8221;][vc_column_text]Cala Salada marca el principi de l&#8217;\u00c0rea Natural des Amunts, que s&#8217;est\u00e9n per tot l&#8217;extrem nord de l&#8217;illa, fins a la costa de Sant Carles. Tamb\u00e9 \u00e9s l&#8217;\u00faltima riba d\u2019arena del municipi i compta amb dos platges. La major \u00e9s m\u00e9s extensa i presenta un ampli conjunt de casetes varador al flanc sud, excavades en un penya-segat de terra almagre. S\u2019hi ofereixen gandules i ombrel\u00b7les, i tamb\u00e9 hi ha un restaurant de cuina marinera.<\/p>\n<p>L&#8217;altra riba, Cala Saladeta, al nord, representa una de les imatges m\u00e9s ic\u00f2niques i paradis\u00edaques de Sant Antoni, pel color de l&#8217;aigua, d&#8217;un turquesa gaireb\u00e9 el\u00e8ctric, i la riba d\u2019arena blanca, que s&#8217;alterna amb alguns esculls. Tamb\u00e9 aqu\u00ed hi ha alguns varadors.<\/p>\n<p>L&#8217;acc\u00e9s a Cala Salada amb vehicles est\u00e0 limitat a la capacitat del p\u00e0rquing, per la qual cosa molts banyistes acudeixen en transport p\u00fablic o navegant. Totes dos ribes estan dividides per una vivienda anomenada la Casa Rosada, constru\u00efda a mitjan segle XX.[\/vc_column_text][\/vc_column][\/vc_row]<\/p>\n<\/div>","protected":false},"excerpt":{"rendered":"<p>[vc_row][vc_column][vc_gallery type=&#8221;flexslider_slide&#8221; interval=&#8221;3&#8243; images=&#8221;2312,2314,2316,2318&#8243; img_size=&#8221;full&#8221;][vc_column_text]Cala Salada marca el principi de l&#8217;\u00c0rea Natural des Amunts, que s&#8217;est\u00e9n per tot l&#8217;extrem nord de l&#8217;illa, fins a la costa de Sant Carles. Tamb\u00e9 [&hellip;]<\/p>\n","protected":false},"author":1,"featured_media":2315,"parent":25654,"menu_order":0,"comment_status":"closed","ping_status":"closed","template":"","meta":{"_acf_changed":false,"jnews_page_loop":{"enable_page_loop":"0","first_title":"Latest Post","second_title":"","header_type":"heading_6","header_background":"","header_text_color":"","layout":"right-sidebar","sidebar":"default-sidebar","second_sidebar":"default-sidebar","sticky_sidebar":"1","module":"3","boxed":"0","boxed_shadow":"0","box_shadow":"0","excerpt_length":"20","content_date":"default","date_custom":"Y\/m\/d","content_pagination":"nav_1","pagination_align":"center","show_navtext":"0","show_pageinfo":"0","post_offset":"0","posts_per_page":"5","include_post":"","exclude_post":"","include_category":"","exclude_category":"","include_author":"","include_tag":"","exclude_tag":"","sort_by":"latest"},"jnews_single_page":{"layout":"right-sidebar","sidebar":"sidebar-entorno","second_sidebar":"default-sidebar","sticky_sidebar":"1","show_post_featured":"0","show_post_meta":"0","share_position":"hide","share_color":"share-monocrhome"},"footnotes":""},"class_list":["post-25726","page","type-page","status-publish","has-post-thumbnail","hentry"],"acf":[],"yoast_head":"<!-- This site is optimized with the Yoast SEO plugin v26.7 - https:\/\/yoast.com\/wordpress\/plugins\/seo\/ -->\n<title>Cala Salada - Es N\u00e0utic<\/title>\n<meta name=\"robots\" content=\"index, follow, max-snippet:-1, max-image-preview:large, max-video-preview:-1\" \/>\n<link rel=\"canonical\" href=\"https:\/\/www.esnautic.com\/ca\/entorn\/costa-de-ponent\/cala-salada\/\" \/>\n<meta property=\"og:locale\" content=\"ca_ES\" \/>\n<meta property=\"og:type\" content=\"article\" \/>\n<meta property=\"og:title\" content=\"Cala Salada - Es N\u00e0utic\" \/>\n<meta property=\"og:description\" content=\"[vc_row][vc_column][vc_gallery type=&#8221;flexslider_slide&#8221; interval=&#8221;3&#8243; images=&#8221;2312,2314,2316,2318&#8243; img_size=&#8221;full&#8221;][vc_column_text]Cala Salada marca el principi de l&#8217;\u00c0rea Natural des Amunts, que s&#8217;est\u00e9n per tot l&#8217;extrem nord de l&#8217;illa, fins a la costa de Sant Carles. Tamb\u00e9 [&hellip;]\" \/>\n<meta property=\"og:url\" content=\"https:\/\/www.esnautic.com\/ca\/entorn\/costa-de-ponent\/cala-salada\/\" \/>\n<meta property=\"og:site_name\" content=\"Es N\u00e0utic\" \/>\n<meta property=\"article:modified_time\" content=\"2025-06-12T07:31:06+00:00\" \/>\n<meta property=\"og:image\" content=\"https:\/\/www.esnautic.com\/wp-content\/uploads\/2022\/09\/DSC_2092.jpg\" \/>\n\t<meta property=\"og:image:width\" content=\"1200\" \/>\n\t<meta property=\"og:image:height\" content=\"800\" \/>\n\t<meta property=\"og:image:type\" content=\"image\/jpeg\" \/>\n<meta name=\"twitter:card\" content=\"summary_large_image\" \/>\n<meta name=\"twitter:label1\" content=\"Temps estimat de lectura\" \/>\n\t<meta name=\"twitter:data1\" content=\"1 minut\" \/>\n<script type=\"application\/ld+json\" class=\"yoast-schema-graph\">{\"@context\":\"https:\/\/schema.org\",\"@graph\":[{\"@type\":\"WebPage\",\"@id\":\"https:\/\/www.esnautic.com\/ca\/entorn\/costa-de-ponent\/cala-salada\/\",\"url\":\"https:\/\/www.esnautic.com\/ca\/entorn\/costa-de-ponent\/cala-salada\/\",\"name\":\"Cala Salada - Es N\u00e0utic\",\"isPartOf\":{\"@id\":\"https:\/\/www.esnautic.com\/#website\"},\"primaryImageOfPage\":{\"@id\":\"https:\/\/www.esnautic.com\/ca\/entorn\/costa-de-ponent\/cala-salada\/#primaryimage\"},\"image\":{\"@id\":\"https:\/\/www.esnautic.com\/ca\/entorn\/costa-de-ponent\/cala-salada\/#primaryimage\"},\"thumbnailUrl\":\"https:\/\/www.esnautic.com\/wp-content\/uploads\/2022\/09\/DSC_2092.jpg\",\"datePublished\":\"2022-09-27T10:46:52+00:00\",\"dateModified\":\"2025-06-12T07:31:06+00:00\",\"breadcrumb\":{\"@id\":\"https:\/\/www.esnautic.com\/ca\/entorn\/costa-de-ponent\/cala-salada\/#breadcrumb\"},\"inLanguage\":\"ca\",\"potentialAction\":[{\"@type\":\"ReadAction\",\"target\":[\"https:\/\/www.esnautic.com\/ca\/entorn\/costa-de-ponent\/cala-salada\/\"]}]},{\"@type\":\"ImageObject\",\"inLanguage\":\"ca\",\"@id\":\"https:\/\/www.esnautic.com\/ca\/entorn\/costa-de-ponent\/cala-salada\/#primaryimage\",\"url\":\"https:\/\/www.esnautic.com\/wp-content\/uploads\/2022\/09\/DSC_2092.jpg\",\"contentUrl\":\"https:\/\/www.esnautic.com\/wp-content\/uploads\/2022\/09\/DSC_2092.jpg\",\"width\":1200,\"height\":800},{\"@type\":\"BreadcrumbList\",\"@id\":\"https:\/\/www.esnautic.com\/ca\/entorn\/costa-de-ponent\/cala-salada\/#breadcrumb\",\"itemListElement\":[{\"@type\":\"ListItem\",\"position\":1,\"name\":\"Inici\",\"item\":\"https:\/\/www.esnautic.com\/ca\/\"},{\"@type\":\"ListItem\",\"position\":2,\"name\":\"Entorn\",\"item\":\"https:\/\/www.esnautic.com\/ca\/entorn\/\"},{\"@type\":\"ListItem\",\"position\":3,\"name\":\"Costa de Ponent\",\"item\":\"https:\/\/www.esnautic.com\/ca\/costa-de-ponent\/\"},{\"@type\":\"ListItem\",\"position\":4,\"name\":\"Cala Salada\"}]},{\"@type\":\"WebSite\",\"@id\":\"https:\/\/www.esnautic.com\/#website\",\"url\":\"https:\/\/www.esnautic.com\/\",\"name\":\"Es N\u00e0utic\",\"description\":\"Club N\u00e0utic Sant Antoni\",\"potentialAction\":[{\"@type\":\"SearchAction\",\"target\":{\"@type\":\"EntryPoint\",\"urlTemplate\":\"https:\/\/www.esnautic.com\/?s={search_term_string}\"},\"query-input\":{\"@type\":\"PropertyValueSpecification\",\"valueRequired\":true,\"valueName\":\"search_term_string\"}}],\"inLanguage\":\"ca\"}]}<\/script>\n<!-- \/ Yoast SEO plugin. -->","yoast_head_json":{"title":"Cala Salada - Es N\u00e0utic","robots":{"index":"index","follow":"follow","max-snippet":"max-snippet:-1","max-image-preview":"max-image-preview:large","max-video-preview":"max-video-preview:-1"},"canonical":"https:\/\/www.esnautic.com\/ca\/entorn\/costa-de-ponent\/cala-salada\/","og_locale":"ca_ES","og_type":"article","og_title":"Cala Salada - Es N\u00e0utic","og_description":"[vc_row][vc_column][vc_gallery type=&#8221;flexslider_slide&#8221; interval=&#8221;3&#8243; images=&#8221;2312,2314,2316,2318&#8243; img_size=&#8221;full&#8221;][vc_column_text]Cala Salada marca el principi de l&#8217;\u00c0rea Natural des Amunts, que s&#8217;est\u00e9n per tot l&#8217;extrem nord de l&#8217;illa, fins a la costa de Sant Carles. Tamb\u00e9 [&hellip;]","og_url":"https:\/\/www.esnautic.com\/ca\/entorn\/costa-de-ponent\/cala-salada\/","og_site_name":"Es N\u00e0utic","article_modified_time":"2025-06-12T07:31:06+00:00","og_image":[{"width":1200,"height":800,"url":"https:\/\/www.esnautic.com\/wp-content\/uploads\/2022\/09\/DSC_2092.jpg","type":"image\/jpeg"}],"twitter_card":"summary_large_image","twitter_misc":{"Temps estimat de lectura":"1 minut"},"schema":{"@context":"https:\/\/schema.org","@graph":[{"@type":"WebPage","@id":"https:\/\/www.esnautic.com\/ca\/entorn\/costa-de-ponent\/cala-salada\/","url":"https:\/\/www.esnautic.com\/ca\/entorn\/costa-de-ponent\/cala-salada\/","name":"Cala Salada - Es N\u00e0utic","isPartOf":{"@id":"https:\/\/www.esnautic.com\/#website"},"primaryImageOfPage":{"@id":"https:\/\/www.esnautic.com\/ca\/entorn\/costa-de-ponent\/cala-salada\/#primaryimage"},"image":{"@id":"https:\/\/www.esnautic.com\/ca\/entorn\/costa-de-ponent\/cala-salada\/#primaryimage"},"thumbnailUrl":"https:\/\/www.esnautic.com\/wp-content\/uploads\/2022\/09\/DSC_2092.jpg","datePublished":"2022-09-27T10:46:52+00:00","dateModified":"2025-06-12T07:31:06+00:00","breadcrumb":{"@id":"https:\/\/www.esnautic.com\/ca\/entorn\/costa-de-ponent\/cala-salada\/#breadcrumb"},"inLanguage":"ca","potentialAction":[{"@type":"ReadAction","target":["https:\/\/www.esnautic.com\/ca\/entorn\/costa-de-ponent\/cala-salada\/"]}]},{"@type":"ImageObject","inLanguage":"ca","@id":"https:\/\/www.esnautic.com\/ca\/entorn\/costa-de-ponent\/cala-salada\/#primaryimage","url":"https:\/\/www.esnautic.com\/wp-content\/uploads\/2022\/09\/DSC_2092.jpg","contentUrl":"https:\/\/www.esnautic.com\/wp-content\/uploads\/2022\/09\/DSC_2092.jpg","width":1200,"height":800},{"@type":"BreadcrumbList","@id":"https:\/\/www.esnautic.com\/ca\/entorn\/costa-de-ponent\/cala-salada\/#breadcrumb","itemListElement":[{"@type":"ListItem","position":1,"name":"Inici","item":"https:\/\/www.esnautic.com\/ca\/"},{"@type":"ListItem","position":2,"name":"Entorn","item":"https:\/\/www.esnautic.com\/ca\/entorn\/"},{"@type":"ListItem","position":3,"name":"Costa de Ponent","item":"https:\/\/www.esnautic.com\/ca\/costa-de-ponent\/"},{"@type":"ListItem","position":4,"name":"Cala Salada"}]},{"@type":"WebSite","@id":"https:\/\/www.esnautic.com\/#website","url":"https:\/\/www.esnautic.com\/","name":"Es N\u00e0utic","description":"Club N\u00e0utic Sant Antoni","potentialAction":[{"@type":"SearchAction","target":{"@type":"EntryPoint","urlTemplate":"https:\/\/www.esnautic.com\/?s={search_term_string}"},"query-input":{"@type":"PropertyValueSpecification","valueRequired":true,"valueName":"search_term_string"}}],"inLanguage":"ca"}]}},"_links":{"self":[{"href":"https:\/\/www.esnautic.com\/ca\/wp-json\/wp\/v2\/pages\/25726","targetHints":{"allow":["GET"]}}],"collection":[{"href":"https:\/\/www.esnautic.com\/ca\/wp-json\/wp\/v2\/pages"}],"about":[{"href":"https:\/\/www.esnautic.com\/ca\/wp-json\/wp\/v2\/types\/page"}],"author":[{"embeddable":true,"href":"https:\/\/www.esnautic.com\/ca\/wp-json\/wp\/v2\/users\/1"}],"replies":[{"embeddable":true,"href":"https:\/\/www.esnautic.com\/ca\/wp-json\/wp\/v2\/comments?post=25726"}],"version-history":[{"count":0,"href":"https:\/\/www.esnautic.com\/ca\/wp-json\/wp\/v2\/pages\/25726\/revisions"}],"up":[{"embeddable":true,"href":"https:\/\/www.esnautic.com\/ca\/wp-json\/wp\/v2\/pages\/25654"}],"wp:featuredmedia":[{"embeddable":true,"href":"https:\/\/www.esnautic.com\/ca\/wp-json\/wp\/v2\/media\/2315"}],"wp:attachment":[{"href":"https:\/\/www.esnautic.com\/ca\/wp-json\/wp\/v2\/media?parent=25726"}],"curies":[{"name":"wp","href":"https:\/\/api.w.org\/{rel}","templated":true}]}}