{"id":25793,"date":"2022-09-27T13:18:42","date_gmt":"2022-09-27T11:18:42","guid":{"rendered":"https:\/\/www.esnautic.com\/costa-de-ponent\/port-de-sant-miquel\/"},"modified":"2025-06-12T09:46:26","modified_gmt":"2025-06-12T07:46:26","slug":"port-de-sant-miquel","status":"publish","type":"page","link":"https:\/\/www.esnautic.com\/ca\/entorn\/costa-de-ponent\/port-de-sant-miquel\/","title":{"rendered":"Port de Sant Miquel"},"content":{"rendered":"<div class=\"wpb-content-wrapper\"><p>[vc_row][vc_column][vc_gallery type=&#8221;flexslider_slide&#8221; interval=&#8221;3&#8243; images=&#8221;2389,2391,2393,2395,2397&#8243; img_size=&#8221;full&#8221;][vc_column_text]Una de les badies m\u00e9s importants del nord d&#8217;Eivissa, que tradicionalment ha exercit com a port natural amb pesca artesanal. Avui representa un dels principals nuclis tur\u00edstics del municipi de Sant Joan, juntament amb Portinatx i sa Cala de Sant Vicent. Compta amb nombrosos hotels, alguns dels quals descendeixen de manera escalonada pel penya-segat. Tamb\u00e9 hi ha restaurants de cuina tradicional, quiosquets, comer\u00e7os\u2026<\/p>\n<p>L&#8217;\u00e0rea tur\u00edstica est\u00e0 situada a la rereguarda de la riba principal, encara que t\u00e9 dos platges petites: Cal\u00f3 des Moltons, accessible a peu a trav\u00e9s d&#8217;un carrerany que surt del lateral oest de la riba principal, i es Pas de s\u2019Illa, al peu de la torre defensiva de Balansat. Aquesta \u00faltima riba ocupa una franja de terra que es va crear per a unir l&#8217;illot de sa Ferradura, de propietat privada, a la costa eivissenca. Nom\u00e9s \u00e9s accessible des de la carretera que condueix a la urbanitzaci\u00f3 na Xamena, situada als cingles que coronen la badia.[\/vc_column_text][\/vc_column][\/vc_row]<\/p>\n<\/div>","protected":false},"excerpt":{"rendered":"<p>[vc_row][vc_column][vc_gallery type=&#8221;flexslider_slide&#8221; interval=&#8221;3&#8243; images=&#8221;2389,2391,2393,2395,2397&#8243; img_size=&#8221;full&#8221;][vc_column_text]Una de les badies m\u00e9s importants del nord d&#8217;Eivissa, que tradicionalment ha exercit com a port natural amb pesca artesanal. Avui representa un dels principals nuclis [&hellip;]<\/p>\n","protected":false},"author":1,"featured_media":2396,"parent":25654,"menu_order":0,"comment_status":"closed","ping_status":"closed","template":"","meta":{"_acf_changed":false,"jnews_page_loop":{"enable_page_loop":"0","first_title":"Latest Post","second_title":"","header_type":"heading_6","header_background":"","header_text_color":"","layout":"right-sidebar","sidebar":"default-sidebar","second_sidebar":"default-sidebar","sticky_sidebar":"1","module":"3","boxed":"0","boxed_shadow":"0","box_shadow":"0","excerpt_length":"20","content_date":"default","date_custom":"Y\/m\/d","content_pagination":"nav_1","pagination_align":"center","show_navtext":"0","show_pageinfo":"0","post_offset":"0","posts_per_page":"5","include_post":"","exclude_post":"","include_category":"","exclude_category":"","include_author":"","include_tag":"","exclude_tag":"","sort_by":"latest"},"jnews_single_page":{"layout":"right-sidebar","sidebar":"sidebar-entorno","second_sidebar":"default-sidebar","sticky_sidebar":"1","show_post_featured":"0","show_post_meta":"0","share_position":"hide","share_color":"share-monocrhome"},"footnotes":""},"class_list":["post-25793","page","type-page","status-publish","has-post-thumbnail","hentry"],"acf":[],"yoast_head":"<!-- This site is optimized with the Yoast SEO plugin v26.7 - https:\/\/yoast.com\/wordpress\/plugins\/seo\/ -->\n<title>Port de Sant Miquel - Es N\u00e0utic<\/title>\n<meta name=\"robots\" content=\"index, follow, max-snippet:-1, max-image-preview:large, max-video-preview:-1\" \/>\n<link rel=\"canonical\" href=\"https:\/\/www.esnautic.com\/ca\/entorn\/costa-de-ponent\/port-de-sant-miquel\/\" \/>\n<meta property=\"og:locale\" content=\"ca_ES\" \/>\n<meta property=\"og:type\" content=\"article\" \/>\n<meta property=\"og:title\" content=\"Port de Sant Miquel - Es N\u00e0utic\" \/>\n<meta property=\"og:description\" content=\"[vc_row][vc_column][vc_gallery type=&#8221;flexslider_slide&#8221; interval=&#8221;3&#8243; images=&#8221;2389,2391,2393,2395,2397&#8243; img_size=&#8221;full&#8221;][vc_column_text]Una de les badies m\u00e9s importants del nord d&#8217;Eivissa, que tradicionalment ha exercit com a port natural amb pesca artesanal. Avui representa un dels principals nuclis [&hellip;]\" \/>\n<meta property=\"og:url\" content=\"https:\/\/www.esnautic.com\/ca\/entorn\/costa-de-ponent\/port-de-sant-miquel\/\" \/>\n<meta property=\"og:site_name\" content=\"Es N\u00e0utic\" \/>\n<meta property=\"article:modified_time\" content=\"2025-06-12T07:46:26+00:00\" \/>\n<meta property=\"og:image\" content=\"https:\/\/www.esnautic.com\/wp-content\/uploads\/2022\/09\/DSC_6350.jpg\" \/>\n\t<meta property=\"og:image:width\" content=\"1200\" \/>\n\t<meta property=\"og:image:height\" content=\"800\" \/>\n\t<meta property=\"og:image:type\" content=\"image\/jpeg\" \/>\n<meta name=\"twitter:card\" content=\"summary_large_image\" \/>\n<meta name=\"twitter:label1\" content=\"Temps estimat de lectura\" \/>\n\t<meta name=\"twitter:data1\" content=\"1 minut\" \/>\n<script type=\"application\/ld+json\" class=\"yoast-schema-graph\">{\"@context\":\"https:\/\/schema.org\",\"@graph\":[{\"@type\":\"WebPage\",\"@id\":\"https:\/\/www.esnautic.com\/ca\/entorn\/costa-de-ponent\/port-de-sant-miquel\/\",\"url\":\"https:\/\/www.esnautic.com\/ca\/entorn\/costa-de-ponent\/port-de-sant-miquel\/\",\"name\":\"Port de Sant Miquel - Es N\u00e0utic\",\"isPartOf\":{\"@id\":\"https:\/\/www.esnautic.com\/#website\"},\"primaryImageOfPage\":{\"@id\":\"https:\/\/www.esnautic.com\/ca\/entorn\/costa-de-ponent\/port-de-sant-miquel\/#primaryimage\"},\"image\":{\"@id\":\"https:\/\/www.esnautic.com\/ca\/entorn\/costa-de-ponent\/port-de-sant-miquel\/#primaryimage\"},\"thumbnailUrl\":\"https:\/\/www.esnautic.com\/wp-content\/uploads\/2022\/09\/DSC_6350.jpg\",\"datePublished\":\"2022-09-27T11:18:42+00:00\",\"dateModified\":\"2025-06-12T07:46:26+00:00\",\"breadcrumb\":{\"@id\":\"https:\/\/www.esnautic.com\/ca\/entorn\/costa-de-ponent\/port-de-sant-miquel\/#breadcrumb\"},\"inLanguage\":\"ca\",\"potentialAction\":[{\"@type\":\"ReadAction\",\"target\":[\"https:\/\/www.esnautic.com\/ca\/entorn\/costa-de-ponent\/port-de-sant-miquel\/\"]}]},{\"@type\":\"ImageObject\",\"inLanguage\":\"ca\",\"@id\":\"https:\/\/www.esnautic.com\/ca\/entorn\/costa-de-ponent\/port-de-sant-miquel\/#primaryimage\",\"url\":\"https:\/\/www.esnautic.com\/wp-content\/uploads\/2022\/09\/DSC_6350.jpg\",\"contentUrl\":\"https:\/\/www.esnautic.com\/wp-content\/uploads\/2022\/09\/DSC_6350.jpg\",\"width\":1200,\"height\":800},{\"@type\":\"BreadcrumbList\",\"@id\":\"https:\/\/www.esnautic.com\/ca\/entorn\/costa-de-ponent\/port-de-sant-miquel\/#breadcrumb\",\"itemListElement\":[{\"@type\":\"ListItem\",\"position\":1,\"name\":\"Inici\",\"item\":\"https:\/\/www.esnautic.com\/ca\/\"},{\"@type\":\"ListItem\",\"position\":2,\"name\":\"Entorn\",\"item\":\"https:\/\/www.esnautic.com\/ca\/entorn\/\"},{\"@type\":\"ListItem\",\"position\":3,\"name\":\"Costa de Ponent\",\"item\":\"https:\/\/www.esnautic.com\/ca\/costa-de-ponent\/\"},{\"@type\":\"ListItem\",\"position\":4,\"name\":\"Port de Sant Miquel\"}]},{\"@type\":\"WebSite\",\"@id\":\"https:\/\/www.esnautic.com\/#website\",\"url\":\"https:\/\/www.esnautic.com\/\",\"name\":\"Es N\u00e0utic\",\"description\":\"Club N\u00e0utic Sant Antoni\",\"potentialAction\":[{\"@type\":\"SearchAction\",\"target\":{\"@type\":\"EntryPoint\",\"urlTemplate\":\"https:\/\/www.esnautic.com\/?s={search_term_string}\"},\"query-input\":{\"@type\":\"PropertyValueSpecification\",\"valueRequired\":true,\"valueName\":\"search_term_string\"}}],\"inLanguage\":\"ca\"}]}<\/script>\n<!-- \/ Yoast SEO plugin. -->","yoast_head_json":{"title":"Port de Sant Miquel - Es N\u00e0utic","robots":{"index":"index","follow":"follow","max-snippet":"max-snippet:-1","max-image-preview":"max-image-preview:large","max-video-preview":"max-video-preview:-1"},"canonical":"https:\/\/www.esnautic.com\/ca\/entorn\/costa-de-ponent\/port-de-sant-miquel\/","og_locale":"ca_ES","og_type":"article","og_title":"Port de Sant Miquel - Es N\u00e0utic","og_description":"[vc_row][vc_column][vc_gallery type=&#8221;flexslider_slide&#8221; interval=&#8221;3&#8243; images=&#8221;2389,2391,2393,2395,2397&#8243; img_size=&#8221;full&#8221;][vc_column_text]Una de les badies m\u00e9s importants del nord d&#8217;Eivissa, que tradicionalment ha exercit com a port natural amb pesca artesanal. Avui representa un dels principals nuclis [&hellip;]","og_url":"https:\/\/www.esnautic.com\/ca\/entorn\/costa-de-ponent\/port-de-sant-miquel\/","og_site_name":"Es N\u00e0utic","article_modified_time":"2025-06-12T07:46:26+00:00","og_image":[{"width":1200,"height":800,"url":"https:\/\/www.esnautic.com\/wp-content\/uploads\/2022\/09\/DSC_6350.jpg","type":"image\/jpeg"}],"twitter_card":"summary_large_image","twitter_misc":{"Temps estimat de lectura":"1 minut"},"schema":{"@context":"https:\/\/schema.org","@graph":[{"@type":"WebPage","@id":"https:\/\/www.esnautic.com\/ca\/entorn\/costa-de-ponent\/port-de-sant-miquel\/","url":"https:\/\/www.esnautic.com\/ca\/entorn\/costa-de-ponent\/port-de-sant-miquel\/","name":"Port de Sant Miquel - Es N\u00e0utic","isPartOf":{"@id":"https:\/\/www.esnautic.com\/#website"},"primaryImageOfPage":{"@id":"https:\/\/www.esnautic.com\/ca\/entorn\/costa-de-ponent\/port-de-sant-miquel\/#primaryimage"},"image":{"@id":"https:\/\/www.esnautic.com\/ca\/entorn\/costa-de-ponent\/port-de-sant-miquel\/#primaryimage"},"thumbnailUrl":"https:\/\/www.esnautic.com\/wp-content\/uploads\/2022\/09\/DSC_6350.jpg","datePublished":"2022-09-27T11:18:42+00:00","dateModified":"2025-06-12T07:46:26+00:00","breadcrumb":{"@id":"https:\/\/www.esnautic.com\/ca\/entorn\/costa-de-ponent\/port-de-sant-miquel\/#breadcrumb"},"inLanguage":"ca","potentialAction":[{"@type":"ReadAction","target":["https:\/\/www.esnautic.com\/ca\/entorn\/costa-de-ponent\/port-de-sant-miquel\/"]}]},{"@type":"ImageObject","inLanguage":"ca","@id":"https:\/\/www.esnautic.com\/ca\/entorn\/costa-de-ponent\/port-de-sant-miquel\/#primaryimage","url":"https:\/\/www.esnautic.com\/wp-content\/uploads\/2022\/09\/DSC_6350.jpg","contentUrl":"https:\/\/www.esnautic.com\/wp-content\/uploads\/2022\/09\/DSC_6350.jpg","width":1200,"height":800},{"@type":"BreadcrumbList","@id":"https:\/\/www.esnautic.com\/ca\/entorn\/costa-de-ponent\/port-de-sant-miquel\/#breadcrumb","itemListElement":[{"@type":"ListItem","position":1,"name":"Inici","item":"https:\/\/www.esnautic.com\/ca\/"},{"@type":"ListItem","position":2,"name":"Entorn","item":"https:\/\/www.esnautic.com\/ca\/entorn\/"},{"@type":"ListItem","position":3,"name":"Costa de Ponent","item":"https:\/\/www.esnautic.com\/ca\/costa-de-ponent\/"},{"@type":"ListItem","position":4,"name":"Port de Sant Miquel"}]},{"@type":"WebSite","@id":"https:\/\/www.esnautic.com\/#website","url":"https:\/\/www.esnautic.com\/","name":"Es N\u00e0utic","description":"Club N\u00e0utic Sant Antoni","potentialAction":[{"@type":"SearchAction","target":{"@type":"EntryPoint","urlTemplate":"https:\/\/www.esnautic.com\/?s={search_term_string}"},"query-input":{"@type":"PropertyValueSpecification","valueRequired":true,"valueName":"search_term_string"}}],"inLanguage":"ca"}]}},"_links":{"self":[{"href":"https:\/\/www.esnautic.com\/ca\/wp-json\/wp\/v2\/pages\/25793","targetHints":{"allow":["GET"]}}],"collection":[{"href":"https:\/\/www.esnautic.com\/ca\/wp-json\/wp\/v2\/pages"}],"about":[{"href":"https:\/\/www.esnautic.com\/ca\/wp-json\/wp\/v2\/types\/page"}],"author":[{"embeddable":true,"href":"https:\/\/www.esnautic.com\/ca\/wp-json\/wp\/v2\/users\/1"}],"replies":[{"embeddable":true,"href":"https:\/\/www.esnautic.com\/ca\/wp-json\/wp\/v2\/comments?post=25793"}],"version-history":[{"count":0,"href":"https:\/\/www.esnautic.com\/ca\/wp-json\/wp\/v2\/pages\/25793\/revisions"}],"up":[{"embeddable":true,"href":"https:\/\/www.esnautic.com\/ca\/wp-json\/wp\/v2\/pages\/25654"}],"wp:featuredmedia":[{"embeddable":true,"href":"https:\/\/www.esnautic.com\/ca\/wp-json\/wp\/v2\/media\/2396"}],"wp:attachment":[{"href":"https:\/\/www.esnautic.com\/ca\/wp-json\/wp\/v2\/media?parent=25793"}],"curies":[{"name":"wp","href":"https:\/\/api.w.org\/{rel}","templated":true}]}}