{"id":25821,"date":"2022-09-27T12:34:19","date_gmt":"2022-09-27T10:34:19","guid":{"rendered":"https:\/\/www.esnautic.com\/costa-de-ponent\/silla-des-bosc\/"},"modified":"2025-06-12T09:52:40","modified_gmt":"2025-06-12T07:52:40","slug":"silla-des-bosc","status":"publish","type":"page","link":"https:\/\/www.esnautic.com\/ca\/entorn\/costa-de-ponent\/silla-des-bosc\/","title":{"rendered":"S\u2019Illa des Bosc"},"content":{"rendered":"<div class=\"wpb-content-wrapper\"><p>[vc_row][vc_column][vc_gallery type=&#8221;flexslider_slide&#8221; interval=&#8221;3&#8243; images=&#8221;2264,2266,2268,2270,2272&#8243; img_size=&#8221;full&#8221;][vc_column_text]S\u2019Illa des Bosc \u00e9s l&#8217;illot m\u00e9s pr\u00f2xim a la riba de Platges de Comte i protagonitza el seu horitz\u00f3, juntament amb sa Conillera, s\u2019Espartar i ses Bledes. T\u00e9 forma de ll\u00e0grima i existeixen diverses teories referent al seu top\u00f2nim. Una afirma que obeeix al sobrenom Bosc d&#8217;un antic propietari i una altra que es deia aix\u00ed pel bosc que cobria la superf\u00edcie, talat en el passat per a aprofitar la fusta.<\/p>\n<p>Es troba molt pr\u00f2xim a sa Conillera, amb la qual comparteix la mateixa subesp\u00e8cie de sargantana, verda i blavosa i de major grand\u00e0ria que als altres illots. Encara que els seus penya-segats s\u00f3n m\u00e9s suaus, en ells tamb\u00e9 nien esp\u00e8cies com la baldriga gran (<i>Calonectris diomedea<\/i>) i el virot (<i>Puffinus mauretanicus<\/i>).<\/p>\n<p>Els esculls de l&#8217;extrem nord, coneguts com \u00e9s Picatxos, amb les seues roques laminades acabades en punta, sempre criden l&#8217;atenci\u00f3 dels navegants que travessen el pas estret que hi ha entre s\u2019Illa des Bosc i sa Conillera. A la superf\u00edcie s&#8217;hi han trobat restes arqueol\u00f2giques del segle I a. C., que podrien estar relacionats amb un mur de 448 metres de longitud, les restes del qual encara romanen a la zona sud i sud-est de l&#8217;illot, al qual es pressuposa una funci\u00f3 defensiva.<\/p>\n<p>L&#8217;illot va ser objecte de maniobres militars amb artilleria en el passat i a m\u00e9s t\u00e9 un punt geod\u00e8sic a la part alta, emprat pels cart\u00f2grafs.[\/vc_column_text][\/vc_column][\/vc_row]<\/p>\n<\/div>","protected":false},"excerpt":{"rendered":"<p>[vc_row][vc_column][vc_gallery type=&#8221;flexslider_slide&#8221; interval=&#8221;3&#8243; images=&#8221;2264,2266,2268,2270,2272&#8243; img_size=&#8221;full&#8221;][vc_column_text]S\u2019Illa des Bosc \u00e9s l&#8217;illot m\u00e9s pr\u00f2xim a la riba de Platges de Comte i protagonitza el seu horitz\u00f3, juntament amb sa Conillera, s\u2019Espartar i ses [&hellip;]<\/p>\n","protected":false},"author":1,"featured_media":2267,"parent":25654,"menu_order":0,"comment_status":"closed","ping_status":"closed","template":"","meta":{"_acf_changed":false,"jnews_page_loop":{"enable_page_loop":"0","first_title":"Latest Post","second_title":"","header_type":"heading_6","header_background":"","header_text_color":"","layout":"right-sidebar","sidebar":"default-sidebar","second_sidebar":"default-sidebar","sticky_sidebar":"1","module":"3","boxed":"0","boxed_shadow":"0","box_shadow":"0","excerpt_length":"20","content_date":"default","date_custom":"Y\/m\/d","content_pagination":"nav_1","pagination_align":"center","show_navtext":"0","show_pageinfo":"0","post_offset":"0","posts_per_page":"5","include_post":"","exclude_post":"","include_category":"","exclude_category":"","include_author":"","include_tag":"","exclude_tag":"","sort_by":"latest"},"jnews_single_page":{"layout":"right-sidebar","sidebar":"sidebar-entorno","second_sidebar":"default-sidebar","sticky_sidebar":"1","show_post_featured":"0","show_post_meta":"0","share_position":"hide","share_color":"share-monocrhome"},"footnotes":""},"class_list":["post-25821","page","type-page","status-publish","has-post-thumbnail","hentry"],"acf":[],"yoast_head":"<!-- This site is optimized with the Yoast SEO plugin v26.7 - https:\/\/yoast.com\/wordpress\/plugins\/seo\/ -->\n<title>S\u2019Illa des Bosc - Es N\u00e0utic<\/title>\n<meta name=\"robots\" content=\"index, follow, max-snippet:-1, max-image-preview:large, max-video-preview:-1\" \/>\n<link rel=\"canonical\" href=\"https:\/\/www.esnautic.com\/ca\/entorn\/costa-de-ponent\/silla-des-bosc\/\" \/>\n<meta property=\"og:locale\" content=\"ca_ES\" \/>\n<meta property=\"og:type\" content=\"article\" \/>\n<meta property=\"og:title\" content=\"S\u2019Illa des Bosc - Es N\u00e0utic\" \/>\n<meta property=\"og:description\" content=\"[vc_row][vc_column][vc_gallery type=&#8221;flexslider_slide&#8221; interval=&#8221;3&#8243; images=&#8221;2264,2266,2268,2270,2272&#8243; img_size=&#8221;full&#8221;][vc_column_text]S\u2019Illa des Bosc \u00e9s l&#8217;illot m\u00e9s pr\u00f2xim a la riba de Platges de Comte i protagonitza el seu horitz\u00f3, juntament amb sa Conillera, s\u2019Espartar i ses [&hellip;]\" \/>\n<meta property=\"og:url\" content=\"https:\/\/www.esnautic.com\/ca\/entorn\/costa-de-ponent\/silla-des-bosc\/\" \/>\n<meta property=\"og:site_name\" content=\"Es N\u00e0utic\" \/>\n<meta property=\"article:modified_time\" content=\"2025-06-12T07:52:40+00:00\" \/>\n<meta property=\"og:image\" content=\"https:\/\/www.esnautic.com\/wp-content\/uploads\/2022\/09\/DSC03178.jpg\" \/>\n\t<meta property=\"og:image:width\" content=\"1200\" \/>\n\t<meta property=\"og:image:height\" content=\"800\" \/>\n\t<meta property=\"og:image:type\" content=\"image\/jpeg\" \/>\n<meta name=\"twitter:card\" content=\"summary_large_image\" \/>\n<meta name=\"twitter:label1\" content=\"Temps estimat de lectura\" \/>\n\t<meta name=\"twitter:data1\" content=\"2 minuts\" \/>\n<script type=\"application\/ld+json\" class=\"yoast-schema-graph\">{\"@context\":\"https:\/\/schema.org\",\"@graph\":[{\"@type\":\"WebPage\",\"@id\":\"https:\/\/www.esnautic.com\/ca\/entorn\/costa-de-ponent\/silla-des-bosc\/\",\"url\":\"https:\/\/www.esnautic.com\/ca\/entorn\/costa-de-ponent\/silla-des-bosc\/\",\"name\":\"S\u2019Illa des Bosc - Es N\u00e0utic\",\"isPartOf\":{\"@id\":\"https:\/\/www.esnautic.com\/#website\"},\"primaryImageOfPage\":{\"@id\":\"https:\/\/www.esnautic.com\/ca\/entorn\/costa-de-ponent\/silla-des-bosc\/#primaryimage\"},\"image\":{\"@id\":\"https:\/\/www.esnautic.com\/ca\/entorn\/costa-de-ponent\/silla-des-bosc\/#primaryimage\"},\"thumbnailUrl\":\"https:\/\/www.esnautic.com\/wp-content\/uploads\/2022\/09\/DSC03178.jpg\",\"datePublished\":\"2022-09-27T10:34:19+00:00\",\"dateModified\":\"2025-06-12T07:52:40+00:00\",\"breadcrumb\":{\"@id\":\"https:\/\/www.esnautic.com\/ca\/entorn\/costa-de-ponent\/silla-des-bosc\/#breadcrumb\"},\"inLanguage\":\"ca\",\"potentialAction\":[{\"@type\":\"ReadAction\",\"target\":[\"https:\/\/www.esnautic.com\/ca\/entorn\/costa-de-ponent\/silla-des-bosc\/\"]}]},{\"@type\":\"ImageObject\",\"inLanguage\":\"ca\",\"@id\":\"https:\/\/www.esnautic.com\/ca\/entorn\/costa-de-ponent\/silla-des-bosc\/#primaryimage\",\"url\":\"https:\/\/www.esnautic.com\/wp-content\/uploads\/2022\/09\/DSC03178.jpg\",\"contentUrl\":\"https:\/\/www.esnautic.com\/wp-content\/uploads\/2022\/09\/DSC03178.jpg\",\"width\":1200,\"height\":800},{\"@type\":\"BreadcrumbList\",\"@id\":\"https:\/\/www.esnautic.com\/ca\/entorn\/costa-de-ponent\/silla-des-bosc\/#breadcrumb\",\"itemListElement\":[{\"@type\":\"ListItem\",\"position\":1,\"name\":\"Inici\",\"item\":\"https:\/\/www.esnautic.com\/ca\/\"},{\"@type\":\"ListItem\",\"position\":2,\"name\":\"Entorn\",\"item\":\"https:\/\/www.esnautic.com\/ca\/entorn\/\"},{\"@type\":\"ListItem\",\"position\":3,\"name\":\"Costa de Ponent\",\"item\":\"https:\/\/www.esnautic.com\/ca\/costa-de-ponent\/\"},{\"@type\":\"ListItem\",\"position\":4,\"name\":\"S\u2019Illa des Bosc\"}]},{\"@type\":\"WebSite\",\"@id\":\"https:\/\/www.esnautic.com\/#website\",\"url\":\"https:\/\/www.esnautic.com\/\",\"name\":\"Es N\u00e0utic\",\"description\":\"Club N\u00e0utic Sant Antoni\",\"potentialAction\":[{\"@type\":\"SearchAction\",\"target\":{\"@type\":\"EntryPoint\",\"urlTemplate\":\"https:\/\/www.esnautic.com\/?s={search_term_string}\"},\"query-input\":{\"@type\":\"PropertyValueSpecification\",\"valueRequired\":true,\"valueName\":\"search_term_string\"}}],\"inLanguage\":\"ca\"}]}<\/script>\n<!-- \/ Yoast SEO plugin. -->","yoast_head_json":{"title":"S\u2019Illa des Bosc - Es N\u00e0utic","robots":{"index":"index","follow":"follow","max-snippet":"max-snippet:-1","max-image-preview":"max-image-preview:large","max-video-preview":"max-video-preview:-1"},"canonical":"https:\/\/www.esnautic.com\/ca\/entorn\/costa-de-ponent\/silla-des-bosc\/","og_locale":"ca_ES","og_type":"article","og_title":"S\u2019Illa des Bosc - Es N\u00e0utic","og_description":"[vc_row][vc_column][vc_gallery type=&#8221;flexslider_slide&#8221; interval=&#8221;3&#8243; images=&#8221;2264,2266,2268,2270,2272&#8243; img_size=&#8221;full&#8221;][vc_column_text]S\u2019Illa des Bosc \u00e9s l&#8217;illot m\u00e9s pr\u00f2xim a la riba de Platges de Comte i protagonitza el seu horitz\u00f3, juntament amb sa Conillera, s\u2019Espartar i ses [&hellip;]","og_url":"https:\/\/www.esnautic.com\/ca\/entorn\/costa-de-ponent\/silla-des-bosc\/","og_site_name":"Es N\u00e0utic","article_modified_time":"2025-06-12T07:52:40+00:00","og_image":[{"width":1200,"height":800,"url":"https:\/\/www.esnautic.com\/wp-content\/uploads\/2022\/09\/DSC03178.jpg","type":"image\/jpeg"}],"twitter_card":"summary_large_image","twitter_misc":{"Temps estimat de lectura":"2 minuts"},"schema":{"@context":"https:\/\/schema.org","@graph":[{"@type":"WebPage","@id":"https:\/\/www.esnautic.com\/ca\/entorn\/costa-de-ponent\/silla-des-bosc\/","url":"https:\/\/www.esnautic.com\/ca\/entorn\/costa-de-ponent\/silla-des-bosc\/","name":"S\u2019Illa des Bosc - Es N\u00e0utic","isPartOf":{"@id":"https:\/\/www.esnautic.com\/#website"},"primaryImageOfPage":{"@id":"https:\/\/www.esnautic.com\/ca\/entorn\/costa-de-ponent\/silla-des-bosc\/#primaryimage"},"image":{"@id":"https:\/\/www.esnautic.com\/ca\/entorn\/costa-de-ponent\/silla-des-bosc\/#primaryimage"},"thumbnailUrl":"https:\/\/www.esnautic.com\/wp-content\/uploads\/2022\/09\/DSC03178.jpg","datePublished":"2022-09-27T10:34:19+00:00","dateModified":"2025-06-12T07:52:40+00:00","breadcrumb":{"@id":"https:\/\/www.esnautic.com\/ca\/entorn\/costa-de-ponent\/silla-des-bosc\/#breadcrumb"},"inLanguage":"ca","potentialAction":[{"@type":"ReadAction","target":["https:\/\/www.esnautic.com\/ca\/entorn\/costa-de-ponent\/silla-des-bosc\/"]}]},{"@type":"ImageObject","inLanguage":"ca","@id":"https:\/\/www.esnautic.com\/ca\/entorn\/costa-de-ponent\/silla-des-bosc\/#primaryimage","url":"https:\/\/www.esnautic.com\/wp-content\/uploads\/2022\/09\/DSC03178.jpg","contentUrl":"https:\/\/www.esnautic.com\/wp-content\/uploads\/2022\/09\/DSC03178.jpg","width":1200,"height":800},{"@type":"BreadcrumbList","@id":"https:\/\/www.esnautic.com\/ca\/entorn\/costa-de-ponent\/silla-des-bosc\/#breadcrumb","itemListElement":[{"@type":"ListItem","position":1,"name":"Inici","item":"https:\/\/www.esnautic.com\/ca\/"},{"@type":"ListItem","position":2,"name":"Entorn","item":"https:\/\/www.esnautic.com\/ca\/entorn\/"},{"@type":"ListItem","position":3,"name":"Costa de Ponent","item":"https:\/\/www.esnautic.com\/ca\/costa-de-ponent\/"},{"@type":"ListItem","position":4,"name":"S\u2019Illa des Bosc"}]},{"@type":"WebSite","@id":"https:\/\/www.esnautic.com\/#website","url":"https:\/\/www.esnautic.com\/","name":"Es N\u00e0utic","description":"Club N\u00e0utic Sant Antoni","potentialAction":[{"@type":"SearchAction","target":{"@type":"EntryPoint","urlTemplate":"https:\/\/www.esnautic.com\/?s={search_term_string}"},"query-input":{"@type":"PropertyValueSpecification","valueRequired":true,"valueName":"search_term_string"}}],"inLanguage":"ca"}]}},"_links":{"self":[{"href":"https:\/\/www.esnautic.com\/ca\/wp-json\/wp\/v2\/pages\/25821","targetHints":{"allow":["GET"]}}],"collection":[{"href":"https:\/\/www.esnautic.com\/ca\/wp-json\/wp\/v2\/pages"}],"about":[{"href":"https:\/\/www.esnautic.com\/ca\/wp-json\/wp\/v2\/types\/page"}],"author":[{"embeddable":true,"href":"https:\/\/www.esnautic.com\/ca\/wp-json\/wp\/v2\/users\/1"}],"replies":[{"embeddable":true,"href":"https:\/\/www.esnautic.com\/ca\/wp-json\/wp\/v2\/comments?post=25821"}],"version-history":[{"count":0,"href":"https:\/\/www.esnautic.com\/ca\/wp-json\/wp\/v2\/pages\/25821\/revisions"}],"up":[{"embeddable":true,"href":"https:\/\/www.esnautic.com\/ca\/wp-json\/wp\/v2\/pages\/25654"}],"wp:featuredmedia":[{"embeddable":true,"href":"https:\/\/www.esnautic.com\/ca\/wp-json\/wp\/v2\/media\/2267"}],"wp:attachment":[{"href":"https:\/\/www.esnautic.com\/ca\/wp-json\/wp\/v2\/media?parent=25821"}],"curies":[{"name":"wp","href":"https:\/\/api.w.org\/{rel}","templated":true}]}}