{"id":26272,"date":"2022-06-29T07:30:52","date_gmt":"2022-06-29T05:30:52","guid":{"rendered":"https:\/\/www.esnautic.com\/aviso-legal\/"},"modified":"2025-07-11T12:47:14","modified_gmt":"2025-07-11T10:47:14","slug":"avis-legal","status":"publish","type":"page","link":"https:\/\/www.esnautic.com\/ca\/avis-legal\/","title":{"rendered":"Av\u00eds legal"},"content":{"rendered":"<p>En compliment de la legislaci\u00f3 vigent en mat\u00e8ria de Protecci\u00f3 de Dades de Car\u00e0cter Personal, l&#8217;informam que les dades de car\u00e0cter personal que ens proporcioni emplenant el formulari de registre electr\u00f2nic que apareix en aquesta p\u00e0gina es recolliran en fitxers que s\u00f3n responsabilitat de:<\/p>\n<p><b>Club N\u00e0utic Sant Antoni<\/b><\/p>\n<p>En virtut del que s&#8217;estableix en aquesta legislaci\u00f3, el titular de les dades personals podr\u00e0 exercir els seus drets d&#8217;acc\u00e9s, rectificaci\u00f3, supressi\u00f3, oposici\u00f3, limitaci\u00f3 del tractament, portabilitat de dades i no ser objecte de decisions individualitzades automatitzades, incloent-hi l&#8217;elaboraci\u00f3 de perfils, dirigint-se per escrit a:<\/p>\n<p><strong>Club N\u00e0utic Sant Antoni<\/strong><br \/>\nPasseig Mar\u00edtim s\/n<br \/>\n07820 \u2013 Sant Antoni de Portmany<\/p>\n<p>o mitjan\u00e7ant correu electr\u00f2nic a l&#8217;adre\u00e7a lopd@esnautic.com indicant a l&#8217;assumpte la llegenda \u201cPROTECCI\u00d3 DE DADES\u201d. El fet de no introduir les dades de car\u00e0cter personal que apareixen en el formulari d&#8217;inscripci\u00f3 com a obligat\u00f2ries podr\u00e0 tenir com a conseq\u00fc\u00e8ncia que no puguem atendre la seua sol\u00b7licitud.<\/p>\n<p>Li pregam que comuniqui immediatament al Club N\u00e0utic Sant Antoni qualsevol modificaci\u00f3 de les seues dades de car\u00e0cter personal perqu\u00e8 la informaci\u00f3 que contenen els nostres fitxers estigui sempre actualitzada i no contengui errors. A m\u00e9s, amb l&#8217;acceptaci\u00f3 d&#8217;aquest av\u00eds legal, reconeix que la informaci\u00f3 i les dades personals recollides s\u00f3n exactes i veraces.<\/p>\n<p>La recollida de les seues dades de car\u00e0cter personal es fa amb la finalitat del manteniment de les relacions derivades de la prestaci\u00f3 de serveis de lloguer i gesti\u00f3 d&#8217;amarratges i serveis complementaris, aix\u00ed com la de promoci\u00f3 de l&#8217;esport n\u00e0utic i la realitzaci\u00f3 de cursos de vela i relacionats amb l&#8217;esport n\u00e0utic, aix\u00ed com transmetre-li publicitat d&#8217;altres productes i serveis, avisos i ofertes i, en general, informaci\u00f3 de car\u00e0cter comercial d&#8217;inter\u00e8s del Club N\u00e0utic Sant Antoni. El tractament \u00e9s l\u00edcit sobre la base de almenys una de les condicions seg\u00fcents:<\/p>\n<ol>\n<li>L&#8217;interessat va donar el seu consentiment per al tractament de les seues dades personals per a un o diversos fins espec\u00edfics;<\/li>\n<li>El tractament \u00e9s necessari per a l&#8217;execuci\u00f3 d&#8217;un contracte en el qual l&#8217;interessat \u00e9s part o per a l&#8217;aplicaci\u00f3 a petici\u00f3 d&#8217;aquest de mesures precontractuals;<\/li>\n<li>El tractament \u00e9s necessari per al compliment d&#8217;una obligaci\u00f3 legal aplicable al responsable del tractament.<\/li>\n<\/ol>\n<p>L&#8217;informam, a m\u00e9s, que el nostre servidor pot enviar al seu ordinador un fitxer (\u2018cookie\u2019), que ens facilitar\u00e0 informaci\u00f3 de tipus t\u00e8cnic sobre l&#8217;idioma triat i altres opcions de navegaci\u00f3 de les p\u00e0gines que visiti a trav\u00e9s de www.esnautic.com. En qualsevol cas, vost\u00e8 t\u00e9 la possibilitat de configurar el seu ordinador de manera que rebutgi la instal\u00b7laci\u00f3 d&#8217;aquestes \u2018cookies\u2019.<\/p>\n<p>El Club N\u00e0utic Sant Antoni es compromet a tractar d&#8217;una manera absolutament confidencial les seues dades de car\u00e0cter personal i a utilitzar-les nom\u00e9s per a les finalitats indicades.<\/p>\n<p>L&#8217;informam que el Club N\u00e0utic Sant Antoni ha adoptat les mesures legalment exigides de seguretat a les seues instal\u00b7lacions, sistemes i fitxers exigides per la legislaci\u00f3 en mat\u00e8ria de protecci\u00f3 de dades. A m\u00e9s, el responsable del fitxer garanteix la confidencialitat de les dades personals, encara que revelar\u00e0 a les autoritats p\u00fabliques competents les dades personals i qualsevol altra informaci\u00f3 que estigui en el seu poder o sigui accessible a trav\u00e9s dels seus sistemes i sigui requerida de conformitat amb les disposicions legals aplicables.<\/p>\n<p>El titular de les dades respon, en qualsevol cas, de la veracitat, exactitud, vig\u00e8ncia, autenticitat i pertin\u00e8ncia de les dades personals proporcionades.<\/p>\n<p><b>Informaci\u00f3 legal<\/b><\/p>\n<p>D&#8217;acord amb el que es disposa en l&#8217;article 10 de la Llei 34\/2002, de Serveis de la Societat de la Informaci\u00f3 i de Comer\u00e7 Electr\u00f2nic, s&#8217;informa a tots els nostres clients, usuaris i visitants sobre la informaci\u00f3 legal relativa a l&#8217;empresa propiet\u00e0ria del lloc web situat a l&#8217;adre\u00e7a d&#8217;Internet:<\/p>\n<p>www.esnautic.com<\/p>\n<p><b>Ra\u00f3 Social: Club N\u00e0utic Sant Antoni<\/b><br \/>\n<b>Direcci\u00f3 fiscal:<\/b> Passeig Mar\u00edtim s\/n<br \/>\n<b>C.I.F. (Codi d&#8217;Identificaci\u00f3 Fiscal):<\/b> G07088040<br \/>\n<b>Registre Mercantil:<\/b> Inscrit en el Registre General d\u2019Associacions Esportives de les Illes Balears num DC-0230<\/p>\n","protected":false},"excerpt":{"rendered":"<p>En compliment de la legislaci\u00f3 vigent en mat\u00e8ria de Protecci\u00f3 de Dades de Car\u00e0cter Personal, l&#8217;informam que les dades de car\u00e0cter personal que ens proporcioni emplenant el formulari de registre [&hellip;]<\/p>\n","protected":false},"author":1,"featured_media":0,"parent":0,"menu_order":0,"comment_status":"closed","ping_status":"open","template":"","meta":{"_acf_changed":false,"jnews_page_loop":{"enable_page_loop":"0","first_title":"Latest Post","second_title":"","header_type":"heading_6","header_background":"","header_text_color":"","layout":"right-sidebar","sidebar":"default-sidebar","second_sidebar":"default-sidebar","sticky_sidebar":"1","module":"3","boxed":"0","boxed_shadow":"0","box_shadow":"0","excerpt_length":"20","content_date":"default","date_custom":"Y\/m\/d","content_pagination":"nav_1","pagination_align":"center","show_navtext":"0","show_pageinfo":"0","post_offset":"0","posts_per_page":"5","include_post":"","exclude_post":"","include_category":"","exclude_category":"","include_author":"","include_tag":"","exclude_tag":"","sort_by":"latest","main_custom_image_size":"default","second_custom_image_size":"default","post_sticky":"0"},"jnews_single_page":{"layout":"no-sidebar","sidebar":"default-sidebar","second_sidebar":"default-sidebar","sticky_sidebar":"1","show_post_featured":"0","show_post_meta":"0","share_position":"hide","share_color":"share-monocrhome","show_post_title":"1","show_post_breadcrumbs":"1"},"footnotes":""},"class_list":["post-26272","page","type-page","status-publish","hentry"],"acf":[],"yoast_head":"<!-- This site is optimized with the Yoast SEO plugin v26.7 - https:\/\/yoast.com\/wordpress\/plugins\/seo\/ -->\n<title>Av\u00eds legal - Es N\u00e0utic<\/title>\n<meta name=\"robots\" content=\"index, follow, max-snippet:-1, max-image-preview:large, max-video-preview:-1\" \/>\n<link rel=\"canonical\" href=\"https:\/\/www.esnautic.com\/ca\/avis-legal\/\" \/>\n<meta property=\"og:locale\" content=\"ca_ES\" \/>\n<meta property=\"og:type\" content=\"article\" \/>\n<meta property=\"og:title\" content=\"Av\u00eds legal - Es N\u00e0utic\" \/>\n<meta property=\"og:description\" content=\"En compliment de la legislaci\u00f3 vigent en mat\u00e8ria de Protecci\u00f3 de Dades de Car\u00e0cter Personal, l&#8217;informam que les dades de car\u00e0cter personal que ens proporcioni emplenant el formulari de registre [&hellip;]\" \/>\n<meta property=\"og:url\" content=\"https:\/\/www.esnautic.com\/ca\/avis-legal\/\" \/>\n<meta property=\"og:site_name\" content=\"Es N\u00e0utic\" \/>\n<meta property=\"article:modified_time\" content=\"2025-07-11T10:47:14+00:00\" \/>\n<meta name=\"twitter:card\" content=\"summary_large_image\" \/>\n<meta name=\"twitter:label1\" content=\"Temps estimat de lectura\" \/>\n\t<meta name=\"twitter:data1\" content=\"3 minuts\" \/>\n<script type=\"application\/ld+json\" class=\"yoast-schema-graph\">{\"@context\":\"https:\/\/schema.org\",\"@graph\":[{\"@type\":\"WebPage\",\"@id\":\"https:\/\/www.esnautic.com\/ca\/avis-legal\/\",\"url\":\"https:\/\/www.esnautic.com\/ca\/avis-legal\/\",\"name\":\"Av\u00eds legal - Es N\u00e0utic\",\"isPartOf\":{\"@id\":\"https:\/\/www.esnautic.com\/#website\"},\"datePublished\":\"2022-06-29T05:30:52+00:00\",\"dateModified\":\"2025-07-11T10:47:14+00:00\",\"breadcrumb\":{\"@id\":\"https:\/\/www.esnautic.com\/ca\/avis-legal\/#breadcrumb\"},\"inLanguage\":\"ca\",\"potentialAction\":[{\"@type\":\"ReadAction\",\"target\":[\"https:\/\/www.esnautic.com\/ca\/avis-legal\/\"]}]},{\"@type\":\"BreadcrumbList\",\"@id\":\"https:\/\/www.esnautic.com\/ca\/avis-legal\/#breadcrumb\",\"itemListElement\":[{\"@type\":\"ListItem\",\"position\":1,\"name\":\"Inici\",\"item\":\"https:\/\/www.esnautic.com\/ca\/\"},{\"@type\":\"ListItem\",\"position\":2,\"name\":\"Av\u00eds legal\"}]},{\"@type\":\"WebSite\",\"@id\":\"https:\/\/www.esnautic.com\/#website\",\"url\":\"https:\/\/www.esnautic.com\/\",\"name\":\"Es N\u00e0utic\",\"description\":\"Club N\u00e0utic Sant Antoni\",\"potentialAction\":[{\"@type\":\"SearchAction\",\"target\":{\"@type\":\"EntryPoint\",\"urlTemplate\":\"https:\/\/www.esnautic.com\/?s={search_term_string}\"},\"query-input\":{\"@type\":\"PropertyValueSpecification\",\"valueRequired\":true,\"valueName\":\"search_term_string\"}}],\"inLanguage\":\"ca\"}]}<\/script>\n<!-- \/ Yoast SEO plugin. -->","yoast_head_json":{"title":"Av\u00eds legal - Es N\u00e0utic","robots":{"index":"index","follow":"follow","max-snippet":"max-snippet:-1","max-image-preview":"max-image-preview:large","max-video-preview":"max-video-preview:-1"},"canonical":"https:\/\/www.esnautic.com\/ca\/avis-legal\/","og_locale":"ca_ES","og_type":"article","og_title":"Av\u00eds legal - Es N\u00e0utic","og_description":"En compliment de la legislaci\u00f3 vigent en mat\u00e8ria de Protecci\u00f3 de Dades de Car\u00e0cter Personal, l&#8217;informam que les dades de car\u00e0cter personal que ens proporcioni emplenant el formulari de registre [&hellip;]","og_url":"https:\/\/www.esnautic.com\/ca\/avis-legal\/","og_site_name":"Es N\u00e0utic","article_modified_time":"2025-07-11T10:47:14+00:00","twitter_card":"summary_large_image","twitter_misc":{"Temps estimat de lectura":"3 minuts"},"schema":{"@context":"https:\/\/schema.org","@graph":[{"@type":"WebPage","@id":"https:\/\/www.esnautic.com\/ca\/avis-legal\/","url":"https:\/\/www.esnautic.com\/ca\/avis-legal\/","name":"Av\u00eds legal - Es N\u00e0utic","isPartOf":{"@id":"https:\/\/www.esnautic.com\/#website"},"datePublished":"2022-06-29T05:30:52+00:00","dateModified":"2025-07-11T10:47:14+00:00","breadcrumb":{"@id":"https:\/\/www.esnautic.com\/ca\/avis-legal\/#breadcrumb"},"inLanguage":"ca","potentialAction":[{"@type":"ReadAction","target":["https:\/\/www.esnautic.com\/ca\/avis-legal\/"]}]},{"@type":"BreadcrumbList","@id":"https:\/\/www.esnautic.com\/ca\/avis-legal\/#breadcrumb","itemListElement":[{"@type":"ListItem","position":1,"name":"Inici","item":"https:\/\/www.esnautic.com\/ca\/"},{"@type":"ListItem","position":2,"name":"Av\u00eds legal"}]},{"@type":"WebSite","@id":"https:\/\/www.esnautic.com\/#website","url":"https:\/\/www.esnautic.com\/","name":"Es N\u00e0utic","description":"Club N\u00e0utic Sant Antoni","potentialAction":[{"@type":"SearchAction","target":{"@type":"EntryPoint","urlTemplate":"https:\/\/www.esnautic.com\/?s={search_term_string}"},"query-input":{"@type":"PropertyValueSpecification","valueRequired":true,"valueName":"search_term_string"}}],"inLanguage":"ca"}]}},"_links":{"self":[{"href":"https:\/\/www.esnautic.com\/ca\/wp-json\/wp\/v2\/pages\/26272","targetHints":{"allow":["GET"]}}],"collection":[{"href":"https:\/\/www.esnautic.com\/ca\/wp-json\/wp\/v2\/pages"}],"about":[{"href":"https:\/\/www.esnautic.com\/ca\/wp-json\/wp\/v2\/types\/page"}],"author":[{"embeddable":true,"href":"https:\/\/www.esnautic.com\/ca\/wp-json\/wp\/v2\/users\/1"}],"replies":[{"embeddable":true,"href":"https:\/\/www.esnautic.com\/ca\/wp-json\/wp\/v2\/comments?post=26272"}],"version-history":[{"count":1,"href":"https:\/\/www.esnautic.com\/ca\/wp-json\/wp\/v2\/pages\/26272\/revisions"}],"predecessor-version":[{"id":29199,"href":"https:\/\/www.esnautic.com\/ca\/wp-json\/wp\/v2\/pages\/26272\/revisions\/29199"}],"wp:attachment":[{"href":"https:\/\/www.esnautic.com\/ca\/wp-json\/wp\/v2\/media?parent=26272"}],"curies":[{"name":"wp","href":"https:\/\/api.w.org\/{rel}","templated":true}]}}