{"id":26280,"date":"2022-09-19T11:33:38","date_gmt":"2022-09-19T09:33:38","guid":{"rendered":"https:\/\/www.esnautic.com\/preguntas-frecuentes\/"},"modified":"2025-07-02T10:26:53","modified_gmt":"2025-07-02T08:26:53","slug":"preguntes-frequents","status":"publish","type":"page","link":"https:\/\/www.esnautic.com\/ca\/preguntes-frequents\/","title":{"rendered":"Preguntes freq\u00fcents"},"content":{"rendered":"<div class=\"wpb-content-wrapper\"><p>[vc_row][vc_column][vc_column_text el_class=&#8221;subtit_page&#8221;]<\/p>\n<h2>Les respostes a tots els seus dubtes<\/h2>\n<p>[\/vc_column_text][\/vc_column][\/vc_row][vc_row][vc_column][vc_tta_tabs style=&#8221;flat&#8221; shape=&#8221;square&#8221; active_section=&#8221;1&#8243;][vc_tta_section title=&#8221;Reserves d\u2019amarratge&#8221; tab_id=&#8221;1663586113307-4348cfd5-2dc1&#8243;][vc_toggle title=&#8221;Puc amarrar a Es N\u00e0utic sense reserva pr\u00e8via?&#8221; style=&#8221;round_outline&#8221;]Per a poder amarrar a Es N\u00e0utic no \u00e9s necessari realitzar una reserva pr\u00e8via, encara que s\u00ed que es recomana reservar per a garantir la pla\u00e7a d&#8217;amarratge.<\/p>\n<p>Si Vost\u00e8 es dirigeix cap al Club per mar, ha de trucar pel canal 9 de VFH, on el mariner l&#8217;informar\u00e0 de la disponibilitat. Si hi ha un amarratge disponible que atengui les caracter\u00edstiques de la seua embarcaci\u00f3, li indicar\u00e0 on ha de dirigir-se.<\/p>\n<p>Si Vost\u00e8 vol amarrar durant els mesos de juny a setembre i no t\u00e9 reserva pr\u00e8via, li aconsellem truqui per tel\u00e8fon a primera hora del mat\u00ed (9.00h) del dia que desitja amarrar al tel\u00e8fon (0034) 971 340 645 (Ext. 1) per a col\u00b7locar la seua embarcaci\u00f3 en la llista d&#8217;espera di\u00e0ria, ja que a causa de l&#8217;alta ocupaci\u00f3 \u00e9s possible que no hi hagi amarratges disponibles.<br \/>\n[\/vc_toggle][vc_toggle title=&#8221;Per qu\u00e8 no em dona disponibilitat la p\u00e0gina web?&#8221; style=&#8221;round_outline&#8221;]\u00c9s possible que, en ingressar les mesures de la seua embarcaci\u00f3 i les dates en les quals desitja reservar, el motor de reserves no li doni disponibilitat. Aix\u00f2 pot ser per diverses raons:<\/p>\n<ol>\n<li>No hi ha disponibilitat d&#8217;amarratge en les dates que sol\u00b7licita.<\/li>\n<li>Es requereix una estada m\u00ednima o m\u00e0xima per a poder reservar les dates que desitja.<\/li>\n<li>Existeix un per\u00edode previ necessari per a realitzar la reserva. Aquest per\u00edode sol ser d&#8217;un dia d&#8217;antelaci\u00f3 en temporada baixa i entre dos o tres dies d&#8217;antelaci\u00f3 en temporada alta.<\/li>\n<\/ol>\n<p>En qualsevol cas, pot posar-se en contacte amb el Departament d&#8217;Atenci\u00f3 al Client de Es N\u00e0utic per a qualsevol aclariment: (0034) 971 340 645 (Ext. 1).[\/vc_toggle][vc_toggle title=&#8221;Per qu\u00e8 no em deixa posar decimals a les mesures d&#8217;eslora i m\u00e0niga?&#8221; style=&#8221;round_outline&#8221;]Perqu\u00e8 les dades quedin registrats correctament ha d&#8217;indicar les mesures amb punts i no amb comes.<\/p>\n<p>Recordi que \u00e9s important indicar les mesures exactes de l&#8217;embarcaci\u00f3 segons la documentaci\u00f3 oficial. Si les mesures de l&#8217;embarcaci\u00f3 s\u00f3n diferents a les indicades en la reserva, se li pot cobrar la difer\u00e8ncia de preu en el registre d&#8217;entrada tal com s&#8217;indica a les condicions de reserva.<br \/>\n[\/vc_toggle][vc_toggle title=&#8221;Com puc realitzar una reserva per a un catamar\u00e0?&#8221; style=&#8221;round_outline&#8221;]Per a poder realitzar reserves d&#8217;amarratge per a catamarans ha de posar-se en contacte amb el Departament d&#8217;Atenci\u00f3 al Client d\u2019Es N\u00e0utic a trav\u00e9s del tel\u00e8fon (0034) 971 340 645 (Ext. 1) o l&#8217;email <a href=\"mailto:reservas@esnautic.com\">reservas@esnautic.com<\/a>.[\/vc_toggle][vc_toggle title=&#8221;Com puc reservar una boia?&#8221; style=&#8221;round_outline&#8221;]Per a reservar una boia haur\u00e0 de posar-se en contacte amb el Departament d&#8217;Atenci\u00f3 al Client d\u2019Es N\u00e0utic (0034) 971 340 645 (Ext. 1) el mateix dia que desitja amarrar i donar les dades de la seua embarcaci\u00f3, el personal l\u2019apuntar\u00e0 a la llista d&#8217;espera di\u00e0ria i es posar\u00e0 en contacte amb Vost\u00e8 si hi ha una boia disponible.[\/vc_toggle][vc_toggle title=&#8221;La forma de pagament escollida em dona error, puc confirmar la reserva d&#8217;una altra manera?&#8221; style=&#8221;round_outline&#8221;]El nostre motor de reserves permet 3 formes de pagament:<\/p>\n<p><b>Pagament amb targeta.<\/b> Si tria aquesta forma de pagament, haur\u00e0 d&#8217;ingressar les dades de la seua targeta i se li realitzar\u00e0 el cobrament manualment des de les oficines de Es N\u00e0utic en un per\u00edode de 24-48 hores. Les dades de la targeta no seran guardades i es destrueixen en el moment de confirmaci\u00f3 de la reserva.<\/p>\n<p><b>Pagament en l\u00ednia amb targeta.<\/b> Si tria aquesta forma de pagament se li redirigir\u00e0 a la passarel\u00b7la de pagament de La Caixa on es realitza el cobrament de manera immediata i segura.<\/p>\n<p><b>Transfer\u00e8ncia banc\u00e0ria.<\/b> Aquesta forma de pagament apareix \u00fanicament si est\u00e0 realitzant la reserva amb deu o m\u00e9s dies d&#8217;antelaci\u00f3. La reserva quedar\u00e0 confirmada en rebre el pagament.[\/vc_toggle][vc_toggle title=&#8221;Una vegada realitzada la reserva, hi haur\u00e0 algun c\u00e0rrec m\u00e9s a l&#8217;arribada?&#8221; style=&#8221;round_outline&#8221;]Una vegada realitzada la reserva no incorrer\u00e0 en cap c\u00e0rrec addicional a l&#8217;entrada de l&#8217;embarcaci\u00f3, tret que l\u2019embarcaci\u00f3 tingui bandera estrangera i li correspongui pagar la taxa T-0. Pot obtenir m\u00e9s informaci\u00f3 <a href=\"about:blank\">aqu\u00ed<\/a>.<\/p>\n<p>El preu indicat a la reserva inclou els subministraments de llum i aigua, la taxa G-5 d&#8217;embarcacions d&#8217;esbarjo i el 21% d&#8217;IVA.[\/vc_toggle][vc_toggle title=&#8221;Quan puc saber quin \u00e9s el meu amarratge?&#8221; style=&#8221;round_outline&#8221;]L&#8217;amarratge pot estar subjecte a canvis fins a \u00faltim moment. Per aix\u00f2, no confirmam l&#8217;amarratge fins al mateix dia d&#8217;entrada de l&#8217;embarcaci\u00f3. Se\u2019l comunicar\u00e0 el mariner a trav\u00e9s del canal 9 de VHF a l\u2019arribada al Club.[\/vc_toggle][vc_toggle title=&#8221;Tenc una reserva d&#8217;amarratge, hi ha una hora d&#8217;entrada l\u00edmit?&#8221; style=&#8221;round_outline&#8221;]L&#8217;hora d&#8217;entrada de l&#8217;amarratge \u00e9s a partir de les 12.00h del dia marcat com a entrada.<\/p>\n<p>Si vost\u00e8 t\u00e9 una reserva durant l&#8217;\u00e8poca de temporada alta (1 de juny a 30 de setembre) i arribar\u00e0 despr\u00e9s de les 20.00h del dia d&#8217;entrada, s&#8217;aconsella avisar amb anterioritat al Departament d&#8217;Atenci\u00f3 al Client de Es N\u00e0utic (0034) 971 340 645 (Ext. 1).<br \/>\n[\/vc_toggle][vc_toggle title=&#8221;Qu\u00e8 haig de fer quan arribi amb la meua embarcaci\u00f3 a Es N\u00e0utic?&#8221; style=&#8221;round_outline&#8221;]Quan arribi amb la seua embarcaci\u00f3 i hagi entrat per la bocana del port ha de trucar pel canal 9 de VHF identificant el nom de la seua embarcaci\u00f3. A trav\u00e9s de la r\u00e0dio, el mariner el dirigir\u00e0.[\/vc_toggle][vc_toggle title=&#8221;Quina documentaci\u00f3 haig de presentar a l\u2019arribada?&#8221; style=&#8221;round_outline&#8221;]A l\u2019arribada a Es N\u00e0utic i despr\u00e9s d&#8217;amarrar l&#8217;embarcaci\u00f3, el mariner li indicar\u00e0 que es dirigeixi a l&#8217;Oficina de Capitania a registrar la seua embarcaci\u00f3. En aquest registre es sol\u00b7liciten els documents del vaixell, l&#8217;asseguran\u00e7a de responsabilitat civil en vigor i la documentaci\u00f3 de totes les persones a bord.<\/p>\n<p>Si Vost\u00e8 ha realitzat una reserva pr\u00e8via, tamb\u00e9 es recomana que presenti el seu document de Confirmaci\u00f3 de reserva.<br \/>\n[\/vc_toggle][\/vc_tta_section][vc_tta_section title=&#8221;\u00das de l&#8217;amarratge&#8221; tab_id=&#8221;1663586113312-ffdd6aba-ec6e&#8221;][vc_toggle title=&#8221;Puc utilitzar el mateix amarratge per a diverses embarcacions?&#8221; style=&#8221;round_outline&#8221;]Quan lloga un amarratge a Es N\u00e0utic, sempre ha de realitzar el registre de l&#8217;embarcaci\u00f3 a l&#8217;arribada. En aquest registre es sol\u00b7liciten els documents del vaixell, l&#8217;asseguran\u00e7a de responsabilitat civil en vigor i la documentaci\u00f3 de totes les persones a bord. Aix\u00ed, l&#8217;amarratge queda arrendat a l&#8217;embarcaci\u00f3 registrada i no es pot canviar per una altra.<\/p>\n<p>A m\u00e9s, i per motius de seguretat, hem d&#8217;estar informats en tot moment de quina embarcaci\u00f3 hi ha en cada amarratge.<br \/>\n[\/vc_toggle][vc_toggle title=&#8221;Puc allargar la meua estada fins m\u00e9s tard de l&#8217;hora de check out (12pm)?&#8221; style=&#8221;round_outline&#8221;]A causa de l&#8217;alta ocupaci\u00f3, no \u00e9s possible allargar l&#8217;hora de sortida ja que l\u2019amarratge ha de quedar disponible per a la seg\u00fcent embarcaci\u00f3. Si l&#8217;embarcaci\u00f3 surt m\u00e9s tard de les 12.00h se li pot requerir el pagament d&#8217;una nit m\u00e9s d&#8217;estada.[\/vc_toggle][vc_toggle title=&#8221;Quin tipus de connexi\u00f3 el\u00e8ctrica t\u00e9 el Club?&#8221; style=&#8221;round_outline&#8221;]El Club disposa de connexions de 125 A i 380 V. Si necessita adaptadors de connexi\u00f3 el\u00e8ctrica, pot sol\u00b7licitar-los al personal de marineria o a qualsevol de les oficines del Club.<\/p>\n<p>Els adaptadors s&#8217;atorguen sota disponibilitat i requereixen un dip\u00f2sit.<br \/>\n[\/vc_toggle][\/vc_tta_section][vc_tta_section title=&#8221;Altres serveis&#8221; tab_id=&#8221;1663586140758-91709199-8bc2&#8243;][vc_toggle title=&#8221;On puc aparcar el meu cotxe?&#8221; style=&#8221;round_outline&#8221;]Degut a la falta d&#8217;espai, el pantal\u00e0 central de Es N\u00e0utic \u00e9s una zona de c\u00e0rrega i desc\u00e0rrega amb limitacions de temps. Per a accedir a aquesta zona de c\u00e0rrega i desc\u00e0rrega haur\u00e0 d&#8217;utilitzar el carnet d&#8217;acc\u00e9s que se\u2019l lliurar\u00e0 en el moment de registre de l\u2019embarcaci\u00f3.<\/p>\n<p>Si Vost\u00e8 t\u00e9 l\u2019embarcaci\u00f3 amarrada durant tot l&#8217;any al Club, pregunti al personal de Es N\u00e0utic perqu\u00e8 l&#8217;informi sobre l&#8217;\u00fas gratu\u00eft del P\u00e0rquing Subterrani de la Pla\u00e7a d\u2019Espanya.<br \/>\n[\/vc_toggle][vc_toggle title=&#8221;Puc carregar aigua si no estic amarrat al Club?&#8221; style=&#8221;round_outline&#8221;]Durant la temporada alta, Es N\u00e0utic ofereix un servei de subministraments en trams de mitja hora (m\u00e0xim dos hores) per a aquelles embarcacions sense amarratge que desitgen carregar llum o aigua.<\/p>\n<p>Aquest servei s&#8217;ofereix de maig a setembre, de 09.00h a 16.00h, els 7 dies de la setmana, i pot sol\u00b7licitar-se a trav\u00e9s del canal 12 de VHF.<br \/>\n[\/vc_toggle][vc_toggle title=&#8221;\u00c9s possible embarcar i desembarcar persones durant el servei d&#8217;aigua?&#8221; style=&#8221;round_outline&#8221;]Durant la temporada alta, Es N\u00e0utic ofereix un servei de subministraments en trams de mitja hora per a aquelles embarcacions sense amarratge que desitgen carregar llum o aigua. Si necessita desembarcar, pot fer-ho, quedant sempre alg\u00fa a bord de l&#8217;embarcaci\u00f3. Aquest servei t\u00e9 una alta demanda i per a poder atendre a totes les embarcacions es sol\u00b7licita que els subministraments es realitzin amb la major celeritat possible. Tengui en compte que Sant Antoni no \u00e9s un lloc fronterer pel que per a desembarcar aqu\u00ed si ve d&#8217;un port no schengen haur\u00e0 d&#8217;haver passat anteriorment pel port d&#8217;Eivissa.<\/p>\n<p>A m\u00e9s, i per a no congestionar el servei, no es permeten <i>check in<\/i> i <i>check outs<\/i> d&#8217;embarcacions de x\u00e0rter.[\/vc_toggle][vc_toggle title=&#8221;Com puc contractar un servei de retirada de sentines o aig\u00fces brutes?&#8221; style=&#8221;round_outline&#8221;]Si vost\u00e8 t\u00e9 l\u2019embarcaci\u00f3 amarrada a les nostres instal\u00b7lacions Es N\u00e0utic li ofereix el servei de retirada d&#8217;aig\u00fces de sentines.<\/p>\n<p>Per a aix\u00f2 haur\u00e0 de realitzar una reserva pr\u00e8via a trav\u00e9s del tel\u00e8fon 673 864 338, l&#8217;email <a href=\"mailto:varadero@esnautic.com\">varadero@esnautic.com<\/a> o personant-se a les oficines del varador de Es N\u00e0utic.[\/vc_toggle][vc_toggle title=&#8221;Puc utilitzar la gasolinera si no estic amarrat al Club?&#8221; style=&#8221;round_outline&#8221;]No \u00e9s necessari estar amarrat al Club per a aprovisionar-se de carburant a la gasolinera. L\u2019horari \u00e9s de 09.00h a 21.00h (o posta de sol) tots els dies de la setmana.<\/p>\n<p>Pot contactar amb la gasolinera a trav\u00e9s del canal 9 VHF.[\/vc_toggle][vc_toggle title=&#8221;Tenc la meua embarcaci\u00f3 amarrada tot l&#8217;any, per\u00f2 no visc a Eivissa o no disposo del temps suficient per a revisar-la durant tot l&#8217;any. Puc sol\u00b7licitar algun servei de manteniment de l\u2019embarcaci\u00f3?&#8221; style=&#8221;round_outline&#8221;]\u00c9s N\u00e0utic ofereix a tots els seus clients amb amarratge durant tot l&#8217;any la possibilitat de contractar un servei integral de manteniment i vigil\u00e0ncia de l\u2019embarcaci\u00f3 que inclou revisi\u00f3 di\u00e0ria de l\u2019embarcaci\u00f3, refor\u00e7 d\u2019amarres si fos necessari sota previsi\u00f3 de temporals, revisi\u00f3 setmanal o quinzenal de sentines i arrencada de motors, aix\u00ed com la neteja interior i exterior de l\u2019embarcaci\u00f3 perqu\u00e8 no hagi de preocupar-se de res durant la seua abs\u00e8ncia i pugui disposar de l\u2019embarcaci\u00f3 en qualsevol moment quan torni.[\/vc_toggle][\/vc_tta_section][vc_tta_section title=&#8221;Facturaci\u00f3&#8221; tab_id=&#8221;1663586153103-2cc23a85-8737&#8243;][vc_toggle title=&#8221;Necessito canviar les dades d\u2019una factura&#8221; style=&#8221;round_outline&#8221;]Si Vost\u00e8 necessita fer algun canvi de facturaci\u00f3 pot enviar un email a <a href=\"mailto:info@esnautic.com\">info@esnautic.com<\/a> indicant els canvis necessaris.<\/p>\n<p>Si Vost\u00e8 desitja la factura a nom d&#8217;una altra persona o empresa diferent de la indicada a la reserva, haur\u00e0 d&#8217;indicar-ho al personal de les oficines abans de l&#8217;inici del registre.[\/vc_toggle][vc_toggle title=&#8221;Com puc obtenir una factura del combustible repostat?&#8221; style=&#8221;round_outline&#8221;]Pot sol\u00b7licitar factures del combustible repostat a les oficines del Club o enviant el tiquet adjunt a l&#8217;email: <a href=\"mailto:combustible@esnautic.com\">combustible@esnautic.com<\/a>[\/vc_toggle][\/vc_tta_section][vc_tta_section title=&#8221;Socis&#8221; tab_id=&#8221;1663586165029-1f948640-ced2&#8243;][vc_toggle title=&#8221;Com em puc fer soci del Club?&#8221; style=&#8221;round_outline&#8221;]En aquest moment, l&#8217;admissi\u00f3 de nous socis est\u00e0 tancada.<\/p>\n<p>El Club posa a la disposici\u00f3 de tots els usuaris la possibilitat d&#8217;arrendar un amarratge per tota la durada de la concessi\u00f3 (any 2036). Per a poder accedir a aquesta mena d&#8217;arrendament \u00e9s necessari ser soci de n\u00famero del Club. Per tant, \u00e9s l&#8217;\u00fanica via disponible per a formar part de la massa social del Club.<\/p>\n<p>Per a obtenir m\u00e9s informaci\u00f3 sobre aquesta mena d&#8217;arrendaments pot sol\u00b7licitar-la a trav\u00e9s d&#8217;aquest email: <a href=\"mailto:comercial@esnautic.com\">comercial@esnautic.com<\/a>.[\/vc_toggle][vc_toggle title=&#8221;Soc soci del Club i vull fer socis als meus fills. \u00c9s possible?&#8221; style=&#8221;round_outline&#8221;]Si Vost\u00e8 \u00e9s soci de n\u00famero del Club i t\u00e9 un fill\/a menor de 12 anys pot sol\u00b7licitar que obtingui la condici\u00f3 de soci juvenil. L&#8217;admissi\u00f3 com a soci juvenil ha de ser aprovada per Junta Directiva i no t\u00e9 cap cost (10\u20ac\/ any de quota social).<\/p>\n<p>El seu fill podr\u00e0 sol\u00b7licitar la condici\u00f3 de soci de n\u00famero del Club en complir 18 anys. Tamb\u00e9 ha de ser aprovada per Junta Directiva i tampoc t\u00e9 cost. (100\u20ac\/any quota social).<\/p>\n<p>Per a sol\u00b7licitar la condici\u00f3 de soci juvenil del seu fill\/a ha d\u2019escriure una carta a l&#8217;atenci\u00f3 de la Junta Directiva indicant el nom\/s del seu fill\/s i la seua data de naixement.<br \/>\n[\/vc_toggle][vc_toggle title=&#8221;Soc titular d&#8217;un amarratge per tot el per\u00edode de la concessi\u00f3 i vull canviar d&#8217;embarcaci\u00f3&#8221; style=&#8221;round_outline&#8221;]Si canvia la seua embarcaci\u00f3 per una altra de mesures diferents, haur\u00e0 de canviar el seu tipus de APC. Per a aix\u00f2, haur\u00e0 de sol\u00b7licitar-ho a la Junta Directiva per escrit, qui ho aprovar\u00e0 en funci\u00f3 de la disponibilitat.<\/p>\n<p>Si l&#8217;embarcaci\u00f3 necessita un amarratge m\u00e9s gran o m\u00e9s petit que el que Vost\u00e8 t\u00e9 arrendat en l&#8217;actualitat, li recomanam que abans d&#8217;adquirir la nova embarcaci\u00f3 sol\u00b7liciti el canvi de l&#8217;amarratge per a comprovar si existeix disponibilitat. En cas contrari el Club no es pot comprometre a disposar d&#8217;un amarratge per les noves mesures.<\/p>\n<p>M\u00e9s informaci\u00f3: <a href=\"mailto:comercial@esnautic.com\">comercial@esnautic.com<\/a>[\/vc_toggle][vc_toggle title=&#8221;Soc soci del Club i em vull donar de baixa o vull traspassar els meus drets&#8221; style=&#8221;round_outline&#8221;]Si Vost\u00e8 vol donar de baixa la seua qualitat de soci o vol traspassar-la a un tercer haur\u00e0 d&#8217;escriure una carta a l&#8217;atenci\u00f3 de la Junta Directiva.<\/p>\n<p>Si desitja traspassar els seus drets, ha de ser a un familiar de primer grau. A la carta haur\u00e0 d&#8217;indicar a qui desitja traspassar els seus drets, el grau de familiaritat que els uneix i haur\u00e0, tamb\u00e9, d\u2019adjuntar una c\u00f2pia del seu DNI.<\/p>\n<p>M\u00e9s informaci\u00f3: <a href=\"mailto:comercial@esnautic.com\">comercial@esnautic.com<\/a>[\/vc_toggle][\/vc_tta_section][\/vc_tta_tabs][\/vc_column][\/vc_row]<\/p>\n<\/div>","protected":false},"excerpt":{"rendered":"<p>[vc_row][vc_column][vc_column_text el_class=&#8221;subtit_page&#8221;] Les respostes a tots els seus dubtes [\/vc_column_text][\/vc_column][\/vc_row][vc_row][vc_column][vc_tta_tabs style=&#8221;flat&#8221; shape=&#8221;square&#8221; active_section=&#8221;1&#8243;][vc_tta_section title=&#8221;Reserves d\u2019amarratge&#8221; tab_id=&#8221;1663586113307-4348cfd5-2dc1&#8243;][vc_toggle title=&#8221;Puc amarrar a Es N\u00e0utic sense reserva pr\u00e8via?&#8221; style=&#8221;round_outline&#8221;]Per a poder amarrar a Es [&hellip;]<\/p>\n","protected":false},"author":1,"featured_media":0,"parent":0,"menu_order":0,"comment_status":"closed","ping_status":"closed","template":"","meta":{"_acf_changed":false,"jnews_page_loop":{"enable_page_loop":"0","first_title":"Latest Post","second_title":"","header_type":"heading_6","header_background":"","header_text_color":"","layout":"right-sidebar","sidebar":"default-sidebar","second_sidebar":"default-sidebar","sticky_sidebar":"1","module":"3","boxed":"0","boxed_shadow":"0","box_shadow":"0","excerpt_length":"20","content_date":"default","date_custom":"Y\/m\/d","content_pagination":"nav_1","pagination_align":"center","show_navtext":"0","show_pageinfo":"0","post_offset":"0","posts_per_page":"5","include_post":"","exclude_post":"","include_category":"","exclude_category":"","include_author":"","include_tag":"","exclude_tag":"","sort_by":"latest","main_custom_image_size":"default","second_custom_image_size":"default","post_sticky":"0"},"jnews_single_page":{"layout":"right-sidebar","sidebar":"sidebar-pagina","second_sidebar":"default-sidebar","sticky_sidebar":"1","show_post_featured":"0","show_post_meta":"0","share_position":"hide","share_color":"share-monocrhome","show_post_title":"1","show_post_breadcrumbs":"1"},"footnotes":""},"class_list":["post-26280","page","type-page","status-publish","hentry"],"acf":[],"yoast_head":"<!-- This site is optimized with the Yoast SEO plugin v26.7 - https:\/\/yoast.com\/wordpress\/plugins\/seo\/ -->\n<title>Preguntes freq\u00fcents - Es N\u00e0utic<\/title>\n<meta name=\"robots\" content=\"index, follow, max-snippet:-1, max-image-preview:large, max-video-preview:-1\" \/>\n<link rel=\"canonical\" href=\"https:\/\/www.esnautic.com\/ca\/preguntes-frequents\/\" \/>\n<meta property=\"og:locale\" content=\"ca_ES\" \/>\n<meta property=\"og:type\" content=\"article\" \/>\n<meta property=\"og:title\" content=\"Preguntes freq\u00fcents - Es N\u00e0utic\" \/>\n<meta property=\"og:description\" content=\"[vc_row][vc_column][vc_column_text el_class=&#8221;subtit_page&#8221;] Les respostes a tots els seus dubtes [\/vc_column_text][\/vc_column][\/vc_row][vc_row][vc_column][vc_tta_tabs style=&#8221;flat&#8221; shape=&#8221;square&#8221; active_section=&#8221;1&#8243;][vc_tta_section title=&#8221;Reserves d\u2019amarratge&#8221; tab_id=&#8221;1663586113307-4348cfd5-2dc1&#8243;][vc_toggle title=&#8221;Puc amarrar a Es N\u00e0utic sense reserva pr\u00e8via?&#8221; style=&#8221;round_outline&#8221;]Per a poder amarrar a Es [&hellip;]\" \/>\n<meta property=\"og:url\" content=\"https:\/\/www.esnautic.com\/ca\/preguntes-frequents\/\" \/>\n<meta property=\"og:site_name\" content=\"Es N\u00e0utic\" \/>\n<meta property=\"article:modified_time\" content=\"2025-07-02T08:26:53+00:00\" \/>\n<meta name=\"twitter:card\" content=\"summary_large_image\" \/>\n<meta name=\"twitter:label1\" content=\"Temps estimat de lectura\" \/>\n\t<meta name=\"twitter:data1\" content=\"10 minuts\" \/>\n<script type=\"application\/ld+json\" class=\"yoast-schema-graph\">{\"@context\":\"https:\/\/schema.org\",\"@graph\":[{\"@type\":\"WebPage\",\"@id\":\"https:\/\/www.esnautic.com\/ca\/preguntes-frequents\/\",\"url\":\"https:\/\/www.esnautic.com\/ca\/preguntes-frequents\/\",\"name\":\"Preguntes freq\u00fcents - Es N\u00e0utic\",\"isPartOf\":{\"@id\":\"https:\/\/www.esnautic.com\/#website\"},\"datePublished\":\"2022-09-19T09:33:38+00:00\",\"dateModified\":\"2025-07-02T08:26:53+00:00\",\"breadcrumb\":{\"@id\":\"https:\/\/www.esnautic.com\/ca\/preguntes-frequents\/#breadcrumb\"},\"inLanguage\":\"ca\",\"potentialAction\":[{\"@type\":\"ReadAction\",\"target\":[\"https:\/\/www.esnautic.com\/ca\/preguntes-frequents\/\"]}]},{\"@type\":\"BreadcrumbList\",\"@id\":\"https:\/\/www.esnautic.com\/ca\/preguntes-frequents\/#breadcrumb\",\"itemListElement\":[{\"@type\":\"ListItem\",\"position\":1,\"name\":\"Inici\",\"item\":\"https:\/\/www.esnautic.com\/ca\/\"},{\"@type\":\"ListItem\",\"position\":2,\"name\":\"Preguntes freq\u00fcents\"}]},{\"@type\":\"WebSite\",\"@id\":\"https:\/\/www.esnautic.com\/#website\",\"url\":\"https:\/\/www.esnautic.com\/\",\"name\":\"Es N\u00e0utic\",\"description\":\"Club N\u00e0utic Sant Antoni\",\"potentialAction\":[{\"@type\":\"SearchAction\",\"target\":{\"@type\":\"EntryPoint\",\"urlTemplate\":\"https:\/\/www.esnautic.com\/?s={search_term_string}\"},\"query-input\":{\"@type\":\"PropertyValueSpecification\",\"valueRequired\":true,\"valueName\":\"search_term_string\"}}],\"inLanguage\":\"ca\"}]}<\/script>\n<!-- \/ Yoast SEO plugin. -->","yoast_head_json":{"title":"Preguntes freq\u00fcents - Es N\u00e0utic","robots":{"index":"index","follow":"follow","max-snippet":"max-snippet:-1","max-image-preview":"max-image-preview:large","max-video-preview":"max-video-preview:-1"},"canonical":"https:\/\/www.esnautic.com\/ca\/preguntes-frequents\/","og_locale":"ca_ES","og_type":"article","og_title":"Preguntes freq\u00fcents - Es N\u00e0utic","og_description":"[vc_row][vc_column][vc_column_text el_class=&#8221;subtit_page&#8221;] Les respostes a tots els seus dubtes [\/vc_column_text][\/vc_column][\/vc_row][vc_row][vc_column][vc_tta_tabs style=&#8221;flat&#8221; shape=&#8221;square&#8221; active_section=&#8221;1&#8243;][vc_tta_section title=&#8221;Reserves d\u2019amarratge&#8221; tab_id=&#8221;1663586113307-4348cfd5-2dc1&#8243;][vc_toggle title=&#8221;Puc amarrar a Es N\u00e0utic sense reserva pr\u00e8via?&#8221; style=&#8221;round_outline&#8221;]Per a poder amarrar a Es [&hellip;]","og_url":"https:\/\/www.esnautic.com\/ca\/preguntes-frequents\/","og_site_name":"Es N\u00e0utic","article_modified_time":"2025-07-02T08:26:53+00:00","twitter_card":"summary_large_image","twitter_misc":{"Temps estimat de lectura":"10 minuts"},"schema":{"@context":"https:\/\/schema.org","@graph":[{"@type":"WebPage","@id":"https:\/\/www.esnautic.com\/ca\/preguntes-frequents\/","url":"https:\/\/www.esnautic.com\/ca\/preguntes-frequents\/","name":"Preguntes freq\u00fcents - Es N\u00e0utic","isPartOf":{"@id":"https:\/\/www.esnautic.com\/#website"},"datePublished":"2022-09-19T09:33:38+00:00","dateModified":"2025-07-02T08:26:53+00:00","breadcrumb":{"@id":"https:\/\/www.esnautic.com\/ca\/preguntes-frequents\/#breadcrumb"},"inLanguage":"ca","potentialAction":[{"@type":"ReadAction","target":["https:\/\/www.esnautic.com\/ca\/preguntes-frequents\/"]}]},{"@type":"BreadcrumbList","@id":"https:\/\/www.esnautic.com\/ca\/preguntes-frequents\/#breadcrumb","itemListElement":[{"@type":"ListItem","position":1,"name":"Inici","item":"https:\/\/www.esnautic.com\/ca\/"},{"@type":"ListItem","position":2,"name":"Preguntes freq\u00fcents"}]},{"@type":"WebSite","@id":"https:\/\/www.esnautic.com\/#website","url":"https:\/\/www.esnautic.com\/","name":"Es N\u00e0utic","description":"Club N\u00e0utic Sant Antoni","potentialAction":[{"@type":"SearchAction","target":{"@type":"EntryPoint","urlTemplate":"https:\/\/www.esnautic.com\/?s={search_term_string}"},"query-input":{"@type":"PropertyValueSpecification","valueRequired":true,"valueName":"search_term_string"}}],"inLanguage":"ca"}]}},"_links":{"self":[{"href":"https:\/\/www.esnautic.com\/ca\/wp-json\/wp\/v2\/pages\/26280","targetHints":{"allow":["GET"]}}],"collection":[{"href":"https:\/\/www.esnautic.com\/ca\/wp-json\/wp\/v2\/pages"}],"about":[{"href":"https:\/\/www.esnautic.com\/ca\/wp-json\/wp\/v2\/types\/page"}],"author":[{"embeddable":true,"href":"https:\/\/www.esnautic.com\/ca\/wp-json\/wp\/v2\/users\/1"}],"replies":[{"embeddable":true,"href":"https:\/\/www.esnautic.com\/ca\/wp-json\/wp\/v2\/comments?post=26280"}],"version-history":[{"count":1,"href":"https:\/\/www.esnautic.com\/ca\/wp-json\/wp\/v2\/pages\/26280\/revisions"}],"predecessor-version":[{"id":27118,"href":"https:\/\/www.esnautic.com\/ca\/wp-json\/wp\/v2\/pages\/26280\/revisions\/27118"}],"wp:attachment":[{"href":"https:\/\/www.esnautic.com\/ca\/wp-json\/wp\/v2\/media?parent=26280"}],"curies":[{"name":"wp","href":"https:\/\/api.w.org\/{rel}","templated":true}]}}