{"id":26479,"date":"2022-09-30T10:38:13","date_gmt":"2022-09-30T08:38:13","guid":{"rendered":"https:\/\/www.esnautic.com\/area-esportiva\/t-o-a\/"},"modified":"2026-01-13T13:27:05","modified_gmt":"2026-01-13T12:27:05","slug":"t-o-a","status":"publish","type":"page","link":"https:\/\/www.esnautic.com\/ca\/area-esportiva\/t-o-a\/","title":{"rendered":"T.O.A."},"content":{"rendered":"<div class=\"wpb-content-wrapper\"><p>[vc_row][vc_column][vc_column_text css=&#8221;.vc_custom_1750089633443{padding-bottom: 20px !important;}&#8221; el_class=&#8221;subtit_page&#8221;]<\/p>\n<h2>Al Taul\u00f3 Oficial d&#8217;Anuncis publicam tota la documentaci\u00f3 i informaci\u00f3 d&#8217;inter\u00e8s relativa a les seccions esportives, protocols, normes de seguretat, horaris, etc\u00e8tera.<\/h2>\n<p>[\/vc_column_text][vc_single_image image=&#8221;2928&#8243; img_size=&#8221;full&#8221;][vc_column_text css=&#8221;.vc_custom_1766010069232{padding-bottom: 20px !important;}&#8221; el_class=&#8221;ipdf_list&#8221;]<strong>Avisos importants<\/strong><\/p>\n<p><a href=\"https:\/\/www.esnautic.com\/wp-content\/uploads\/2025\/12\/Acontecimientos-deportivos-CNSA-2026.pdf\" target=\"_blank\" rel=\"noopener\">Esdeveniments Esportius CNSA 2026<\/a>[\/vc_column_text][vc_column_text css=&#8221;.vc_custom_1766010393870{padding-bottom: 20px !important;}&#8221; el_class=&#8221;ipdf_list&#8221;]<strong>Programaci\u00f3 \u00e0rea esportiva<\/strong><\/p>\n<p><a href=\"https:\/\/www.esnautic.com\/wp-content\/uploads\/2025\/12\/R-14-24-Programacio\u0301n-y-horarios-Invierno-2026-Menores.pdf\" target=\"_blank\" rel=\"noopener\">Programaci\u00f3 Menors Hivern 2026<\/a><\/p>\n<p><a href=\"https:\/\/www.esnautic.com\/wp-content\/uploads\/2025\/12\/R-14-24-Programacio\u0301n-General-AD-Invierno-2026.pdf\" target=\"_blank\" rel=\"noopener\">Horaris Generals Hivern 2026<\/a><\/p>\n<p><a href=\"https:\/\/www.esnautic.com\/wp-content\/uploads\/2025\/12\/R-14-24-Programacio\u0301n-y-horarios-Invierno-2026-Instalaciones.pdf\" target=\"_blank\" rel=\"noopener\">Horari Instal\u00b7laci\u00f3 Hivern 2026<\/a><\/p>\n<p><a href=\"https:\/\/www.esnautic.com\/wp-content\/uploads\/2025\/12\/R-14-24-Programacio\u0301n-y-horarios-Invierno-2026-Gimnasio.pdf\" target=\"_blank\" rel=\"noopener\">Horaris Gimn\u00e0s Hivern 2026<\/a><\/p>\n<p><a href=\"https:\/\/www.esnautic.com\/wp-content\/uploads\/2025\/12\/R-14-24-Programacio\u0301n-y-horarios-Invierno-2026-Usuarios.pdf\" target=\"_blank\" rel=\"noopener\">Horaris Navegaci\u00f3 Lliure Hivern 2026<\/a><\/p>\n<p><a href=\"https:\/\/www.esnautic.com\/wp-content\/uploads\/2025\/12\/R-14-24-Programacio\u0301n-y-horarios-Invierno-2026-Aulas.pdf\" target=\"_blank\" rel=\"noopener\">Horaris Aules Hivern 2026<\/a><\/p>\n<p><a href=\"https:\/\/www.esnautic.com\/wp-content\/uploads\/2022\/12\/R-14-24-Uso-de-los-Banos-para-deportistas-a-partir-octubre-2021.pdf\">\u00das de les Dutxes i WC<\/a>[\/vc_column_text][vc_column_text css=&#8221;.vc_custom_1768307222014{padding-bottom: 20px !important;}&#8221; el_class=&#8221;ipdf_list&#8221;]<strong>Documentaci\u00f3 important<\/strong><\/p>\n<p><a href=\"https:\/\/www.esnautic.com\/wp-content\/uploads\/2026\/01\/Cuotas-AD-2026-1.pdf\" target=\"_blank\" rel=\"noopener\">Quotes 2026 \u00c0rea Esportiva<\/a><\/p>\n<p><a href=\"https:\/\/www.esnautic.com\/wp-content\/uploads\/2025\/02\/Tarifas-Ropa-2025.pdf\" target=\"_blank\" rel=\"noopener\">Tarifes roba 2025<\/a><\/p>\n<ul>\n<li>Reglament \u00c0rea Esportiva CNSA<\/li>\n<\/ul>\n<p><a href=\"https:\/\/www.dropbox.com\/s\/jd389e4ebu6j90o\/Reglamento%20Area%20Deportiva%20Actualizado.pdf?dl=0\" target=\"_blank\" rel=\"noopener\">Reglament<\/a><\/p>\n<p><a href=\"https:\/\/www.esnautic.com\/wp-content\/uploads\/2023\/04\/Anexo-III-gestio\u0301n-del-espacio-en-al-A.D-del-CNSA.pdf\" target=\"_blank\" rel=\"noopener\">Annex III<\/a><\/p>\n<p><a href=\"https:\/\/www.esnautic.com\/wp-content\/uploads\/2023\/04\/ANEXO-IV-Desplazamientos.pdf\" target=\"_blank\" rel=\"noopener\">Annex IV<\/a><\/p>\n<hr \/>\n<p><a href=\"https:\/\/www.dropbox.com\/s\/phbtqv7wqcywjq4\/Normas%20y%20Protocolo%20Uso%20gimnasio%20Durante%20Covid-19.pdf?dl=0\" target=\"_blank\" rel=\"noopener\">Protocol i Normes \u00das Gimn\u00e0s Durant Covid-19<\/a>[\/vc_column_text][\/vc_column][\/vc_row]<\/p>\n<\/div>","protected":false},"excerpt":{"rendered":"<p>[vc_row][vc_column][vc_column_text css=&#8221;.vc_custom_1750089633443{padding-bottom: 20px !important;}&#8221; el_class=&#8221;subtit_page&#8221;] Al Taul\u00f3 Oficial d&#8217;Anuncis publicam tota la documentaci\u00f3 i informaci\u00f3 d&#8217;inter\u00e8s relativa a les seccions esportives, protocols, normes de seguretat, horaris, etc\u00e8tera. [\/vc_column_text][vc_single_image image=&#8221;2928&#8243; img_size=&#8221;full&#8221;][vc_column_text [&hellip;]<\/p>\n","protected":false},"author":1,"featured_media":2928,"parent":25310,"menu_order":0,"comment_status":"closed","ping_status":"closed","template":"","meta":{"_acf_changed":false,"jnews_page_loop":{"enable_page_loop":"0","first_title":"Latest Post","second_title":"","header_type":"heading_6","header_background":"","header_text_color":"","layout":"right-sidebar","sidebar":"default-sidebar","second_sidebar":"default-sidebar","sticky_sidebar":"1","module":"3","boxed":"0","boxed_shadow":"0","box_shadow":"0","excerpt_length":"20","content_date":"default","date_custom":"Y\/m\/d","content_pagination":"nav_1","pagination_align":"center","show_navtext":"0","show_pageinfo":"0","post_offset":"0","posts_per_page":"5","include_post":"","exclude_post":"","include_category":"","exclude_category":"","include_author":"","include_tag":"","exclude_tag":"","sort_by":"latest","main_custom_image_size":"default","second_custom_image_size":"default","post_sticky":"0"},"jnews_single_page":{"layout":"right-sidebar","sidebar":"sidebar-area-deportiva","second_sidebar":"default-sidebar","sticky_sidebar":"1","show_post_featured":"0","show_post_meta":"0","share_position":"hide","share_color":"share-monocrhome","show_post_title":"1","show_post_breadcrumbs":"1"},"footnotes":""},"class_list":["post-26479","page","type-page","status-publish","has-post-thumbnail","hentry"],"acf":[],"yoast_head":"<!-- This site is optimized with the Yoast SEO plugin v26.7 - https:\/\/yoast.com\/wordpress\/plugins\/seo\/ -->\n<title>T.O.A. - Es N\u00e0utic<\/title>\n<meta name=\"robots\" content=\"index, follow, max-snippet:-1, max-image-preview:large, max-video-preview:-1\" \/>\n<link rel=\"canonical\" href=\"https:\/\/www.esnautic.com\/ca\/area-esportiva\/t-o-a\/\" \/>\n<meta property=\"og:locale\" content=\"ca_ES\" \/>\n<meta property=\"og:type\" content=\"article\" \/>\n<meta property=\"og:title\" content=\"T.O.A. - Es N\u00e0utic\" \/>\n<meta property=\"og:description\" content=\"[vc_row][vc_column][vc_column_text css=&#8221;.vc_custom_1750089633443{padding-bottom: 20px !important;}&#8221; el_class=&#8221;subtit_page&#8221;] Al Taul\u00f3 Oficial d&#8217;Anuncis publicam tota la documentaci\u00f3 i informaci\u00f3 d&#8217;inter\u00e8s relativa a les seccions esportives, protocols, normes de seguretat, horaris, etc\u00e8tera. [\/vc_column_text][vc_single_image image=&#8221;2928&#8243; img_size=&#8221;full&#8221;][vc_column_text [&hellip;]\" \/>\n<meta property=\"og:url\" content=\"https:\/\/www.esnautic.com\/ca\/area-esportiva\/t-o-a\/\" \/>\n<meta property=\"og:site_name\" content=\"Es N\u00e0utic\" \/>\n<meta property=\"article:modified_time\" content=\"2026-01-13T12:27:05+00:00\" \/>\n<meta property=\"og:image\" content=\"https:\/\/www.esnautic.com\/wp-content\/uploads\/2022\/09\/seccion-deportiva.jpeg\" \/>\n\t<meta property=\"og:image:width\" content=\"1620\" \/>\n\t<meta property=\"og:image:height\" content=\"1080\" \/>\n\t<meta property=\"og:image:type\" content=\"image\/jpeg\" \/>\n<meta name=\"twitter:card\" content=\"summary_large_image\" \/>\n<meta name=\"twitter:label1\" content=\"Temps estimat de lectura\" \/>\n\t<meta name=\"twitter:data1\" content=\"1 minut\" \/>\n<script type=\"application\/ld+json\" class=\"yoast-schema-graph\">{\"@context\":\"https:\/\/schema.org\",\"@graph\":[{\"@type\":\"WebPage\",\"@id\":\"https:\/\/www.esnautic.com\/ca\/area-esportiva\/t-o-a\/\",\"url\":\"https:\/\/www.esnautic.com\/ca\/area-esportiva\/t-o-a\/\",\"name\":\"T.O.A. - Es N\u00e0utic\",\"isPartOf\":{\"@id\":\"https:\/\/www.esnautic.com\/#website\"},\"primaryImageOfPage\":{\"@id\":\"https:\/\/www.esnautic.com\/ca\/area-esportiva\/t-o-a\/#primaryimage\"},\"image\":{\"@id\":\"https:\/\/www.esnautic.com\/ca\/area-esportiva\/t-o-a\/#primaryimage\"},\"thumbnailUrl\":\"https:\/\/www.esnautic.com\/wp-content\/uploads\/2022\/09\/seccion-deportiva.jpeg\",\"datePublished\":\"2022-09-30T08:38:13+00:00\",\"dateModified\":\"2026-01-13T12:27:05+00:00\",\"breadcrumb\":{\"@id\":\"https:\/\/www.esnautic.com\/ca\/area-esportiva\/t-o-a\/#breadcrumb\"},\"inLanguage\":\"ca\",\"potentialAction\":[{\"@type\":\"ReadAction\",\"target\":[\"https:\/\/www.esnautic.com\/ca\/area-esportiva\/t-o-a\/\"]}]},{\"@type\":\"ImageObject\",\"inLanguage\":\"ca\",\"@id\":\"https:\/\/www.esnautic.com\/ca\/area-esportiva\/t-o-a\/#primaryimage\",\"url\":\"https:\/\/www.esnautic.com\/wp-content\/uploads\/2022\/09\/seccion-deportiva.jpeg\",\"contentUrl\":\"https:\/\/www.esnautic.com\/wp-content\/uploads\/2022\/09\/seccion-deportiva.jpeg\",\"width\":1620,\"height\":1080,\"caption\":\"Anchor\"},{\"@type\":\"BreadcrumbList\",\"@id\":\"https:\/\/www.esnautic.com\/ca\/area-esportiva\/t-o-a\/#breadcrumb\",\"itemListElement\":[{\"@type\":\"ListItem\",\"position\":1,\"name\":\"Inici\",\"item\":\"https:\/\/www.esnautic.com\/ca\/\"},{\"@type\":\"ListItem\",\"position\":2,\"name\":\"\u00c0rea esportiva\",\"item\":\"https:\/\/www.esnautic.com\/ca\/area-esportiva\/\"},{\"@type\":\"ListItem\",\"position\":3,\"name\":\"T.O.A.\"}]},{\"@type\":\"WebSite\",\"@id\":\"https:\/\/www.esnautic.com\/#website\",\"url\":\"https:\/\/www.esnautic.com\/\",\"name\":\"Es N\u00e0utic\",\"description\":\"Club N\u00e0utic Sant Antoni\",\"potentialAction\":[{\"@type\":\"SearchAction\",\"target\":{\"@type\":\"EntryPoint\",\"urlTemplate\":\"https:\/\/www.esnautic.com\/?s={search_term_string}\"},\"query-input\":{\"@type\":\"PropertyValueSpecification\",\"valueRequired\":true,\"valueName\":\"search_term_string\"}}],\"inLanguage\":\"ca\"}]}<\/script>\n<!-- \/ Yoast SEO plugin. -->","yoast_head_json":{"title":"T.O.A. - Es N\u00e0utic","robots":{"index":"index","follow":"follow","max-snippet":"max-snippet:-1","max-image-preview":"max-image-preview:large","max-video-preview":"max-video-preview:-1"},"canonical":"https:\/\/www.esnautic.com\/ca\/area-esportiva\/t-o-a\/","og_locale":"ca_ES","og_type":"article","og_title":"T.O.A. - Es N\u00e0utic","og_description":"[vc_row][vc_column][vc_column_text css=&#8221;.vc_custom_1750089633443{padding-bottom: 20px !important;}&#8221; el_class=&#8221;subtit_page&#8221;] Al Taul\u00f3 Oficial d&#8217;Anuncis publicam tota la documentaci\u00f3 i informaci\u00f3 d&#8217;inter\u00e8s relativa a les seccions esportives, protocols, normes de seguretat, horaris, etc\u00e8tera. [\/vc_column_text][vc_single_image image=&#8221;2928&#8243; img_size=&#8221;full&#8221;][vc_column_text [&hellip;]","og_url":"https:\/\/www.esnautic.com\/ca\/area-esportiva\/t-o-a\/","og_site_name":"Es N\u00e0utic","article_modified_time":"2026-01-13T12:27:05+00:00","og_image":[{"width":1620,"height":1080,"url":"https:\/\/www.esnautic.com\/wp-content\/uploads\/2022\/09\/seccion-deportiva.jpeg","type":"image\/jpeg"}],"twitter_card":"summary_large_image","twitter_misc":{"Temps estimat de lectura":"1 minut"},"schema":{"@context":"https:\/\/schema.org","@graph":[{"@type":"WebPage","@id":"https:\/\/www.esnautic.com\/ca\/area-esportiva\/t-o-a\/","url":"https:\/\/www.esnautic.com\/ca\/area-esportiva\/t-o-a\/","name":"T.O.A. - Es N\u00e0utic","isPartOf":{"@id":"https:\/\/www.esnautic.com\/#website"},"primaryImageOfPage":{"@id":"https:\/\/www.esnautic.com\/ca\/area-esportiva\/t-o-a\/#primaryimage"},"image":{"@id":"https:\/\/www.esnautic.com\/ca\/area-esportiva\/t-o-a\/#primaryimage"},"thumbnailUrl":"https:\/\/www.esnautic.com\/wp-content\/uploads\/2022\/09\/seccion-deportiva.jpeg","datePublished":"2022-09-30T08:38:13+00:00","dateModified":"2026-01-13T12:27:05+00:00","breadcrumb":{"@id":"https:\/\/www.esnautic.com\/ca\/area-esportiva\/t-o-a\/#breadcrumb"},"inLanguage":"ca","potentialAction":[{"@type":"ReadAction","target":["https:\/\/www.esnautic.com\/ca\/area-esportiva\/t-o-a\/"]}]},{"@type":"ImageObject","inLanguage":"ca","@id":"https:\/\/www.esnautic.com\/ca\/area-esportiva\/t-o-a\/#primaryimage","url":"https:\/\/www.esnautic.com\/wp-content\/uploads\/2022\/09\/seccion-deportiva.jpeg","contentUrl":"https:\/\/www.esnautic.com\/wp-content\/uploads\/2022\/09\/seccion-deportiva.jpeg","width":1620,"height":1080,"caption":"Anchor"},{"@type":"BreadcrumbList","@id":"https:\/\/www.esnautic.com\/ca\/area-esportiva\/t-o-a\/#breadcrumb","itemListElement":[{"@type":"ListItem","position":1,"name":"Inici","item":"https:\/\/www.esnautic.com\/ca\/"},{"@type":"ListItem","position":2,"name":"\u00c0rea esportiva","item":"https:\/\/www.esnautic.com\/ca\/area-esportiva\/"},{"@type":"ListItem","position":3,"name":"T.O.A."}]},{"@type":"WebSite","@id":"https:\/\/www.esnautic.com\/#website","url":"https:\/\/www.esnautic.com\/","name":"Es N\u00e0utic","description":"Club N\u00e0utic Sant Antoni","potentialAction":[{"@type":"SearchAction","target":{"@type":"EntryPoint","urlTemplate":"https:\/\/www.esnautic.com\/?s={search_term_string}"},"query-input":{"@type":"PropertyValueSpecification","valueRequired":true,"valueName":"search_term_string"}}],"inLanguage":"ca"}]}},"_links":{"self":[{"href":"https:\/\/www.esnautic.com\/ca\/wp-json\/wp\/v2\/pages\/26479","targetHints":{"allow":["GET"]}}],"collection":[{"href":"https:\/\/www.esnautic.com\/ca\/wp-json\/wp\/v2\/pages"}],"about":[{"href":"https:\/\/www.esnautic.com\/ca\/wp-json\/wp\/v2\/types\/page"}],"author":[{"embeddable":true,"href":"https:\/\/www.esnautic.com\/ca\/wp-json\/wp\/v2\/users\/1"}],"replies":[{"embeddable":true,"href":"https:\/\/www.esnautic.com\/ca\/wp-json\/wp\/v2\/comments?post=26479"}],"version-history":[{"count":5,"href":"https:\/\/www.esnautic.com\/ca\/wp-json\/wp\/v2\/pages\/26479\/revisions"}],"predecessor-version":[{"id":32765,"href":"https:\/\/www.esnautic.com\/ca\/wp-json\/wp\/v2\/pages\/26479\/revisions\/32765"}],"up":[{"embeddable":true,"href":"https:\/\/www.esnautic.com\/ca\/wp-json\/wp\/v2\/pages\/25310"}],"wp:featuredmedia":[{"embeddable":true,"href":"https:\/\/www.esnautic.com\/ca\/wp-json\/wp\/v2\/media\/2928"}],"wp:attachment":[{"href":"https:\/\/www.esnautic.com\/ca\/wp-json\/wp\/v2\/media?parent=26479"}],"curies":[{"name":"wp","href":"https:\/\/api.w.org\/{rel}","templated":true}]}}