{"id":26594,"date":"2022-09-27T13:03:01","date_gmt":"2022-09-27T11:03:01","guid":{"rendered":"https:\/\/www.esnautic.com\/entorn\/biodiversidad\/"},"modified":"2025-06-17T16:54:21","modified_gmt":"2025-06-17T14:54:21","slug":"biodiversitat","status":"publish","type":"page","link":"https:\/\/www.esnautic.com\/ca\/entorn\/biodiversitat\/","title":{"rendered":"Biodiversitat"},"content":{"rendered":"<div class=\"wpb-content-wrapper\"><p>[vc_row][vc_column][vc_column_text el_class=&#8221;subtit_page&#8221;]<\/p>\n<h2>Reserves Naturals des Vedr\u00e0, es Vedranell i els Illots de Ponent<\/h2>\n<p>[\/vc_column_text][vc_gallery type=&#8221;flexslider_slide&#8221; interval=&#8221;3&#8243; images=&#8221;2346,2348,2350,2352,2354,2356&#8243; img_size=&#8221;full&#8221;][\/vc_column][\/vc_row][vc_row][vc_column][vc_column_text]Els illots de ponent protagonitzen l&#8217;horitz\u00f3 de la badia de Portmany i compten amb la m\u00e0xima protecci\u00f3, en formar part de la denominada Reserva Natural des Vedr\u00e0, es Vedranell i els Illots de Ponent. Aquest territori est\u00e0 incl\u00f2s a la Xarxa Natura 2000 i per tant compta amb les figures de protecci\u00f3 LIC (Lloc d&#8217;Import\u00e0ncia Comunit\u00e0ria) i ZEPA (Zona d&#8217;Especial Protecci\u00f3 per a les Aus), a m\u00e9s de l&#8217;auton\u00f2mica ANEI (\u00c0rea Natural d&#8217;Especial Inter\u00e8s).<\/p>\n<p>Els illots que componen aquestes reserves es troben agrupats en dos conjunts. Una part la formen els imponents illots des Vedr\u00e0 i es Vedranell, davant Cala d\u2019Hort, i una altra els illots de ponent: sa Conillera, s\u2019Illa des Bosc, s\u2019Espartar i ses Bledes (na Gorra, es Vaixell, na Bosc, es Esculls d\u2019en Ramon i na Plana). Es Vedr\u00e0 i es Vedranell abasten una superf\u00edcie de 79,31 hect\u00e0rees i els illots de ponent, 153,39 hect\u00e0rees.<\/p>\n<p>Els illots s\u00f3n un dels principals llocs de cria d&#8217;ocells marins i rapa\u00e7os, com la gavina corsa (<em>Larus audouinii<\/em>), la baldritja gran (<em>Calonectris diomedea<\/em>), el virot (<em>Puffinus mauretanicus<\/em>), el falc\u00f3 d\u2019Elionor (<em>Falco eleonorae<\/em>), el falc\u00f3 pelegr\u00ed (<em>Falco peregrinus<\/em>) o l\u2019ocell de tempesta (<em>Hydrobates pelagicus<\/em>). Referent a aquesta \u00faltima esp\u00e8cie, a l&#8217;illa de s\u2019Espartar es localitza una de les col\u00f2nies m\u00e9s importants del Mediterrani occidental.<\/p>\n<p>Els invertebrats tamb\u00e9 estan ben representats, especialment els mol\u00b7luscos, com els caragols del g\u00e8nere <em>Trochoidea<\/em>, i els cole\u00f2pters.<\/p>\n<p>La sargantana de les Piti\u00fcses (<em>Podarcis pityusensis<\/em>), protegida per diferents normatives, presenta subesp\u00e8cies end\u00e8miques en els diferents illots que es diferencien per la grand\u00e0ria i coloraci\u00f3.<\/p>\n<p>Els fons marins estan ben conservats i acullen una fauna rica i variada, com gorgonias, dofins mulars, tortugues babaues, anfosos, roges, pagres, galls de Sant Pere o rajades, entre molts altres.<\/p>\n<p><strong>A l&#8217;\u00e9sser un territori tan valu\u00f3s des del punt de vista biol\u00f2gic, no es permet desembarcar a cap illot de la reserva sense autoritzaci\u00f3 i cal evitar aproximar-se en exc\u00e9s a la seua costa, especialment durant l&#8217;\u00e8poca de cria d&#8217;ocells (abril a juny). La pr\u00e0ctica de la pesca submarina als voltants dels illots tamb\u00e9 requereix un perm\u00eds espec\u00edfic.<\/strong><\/p>\n<p>Oficina de les Reserves naturals: C\/ Can\u00e0ries 31-35, Edifici CETIS, Torre 6, Planta 1 \u2013 07800 Eivissa. Tel. 971 177 688 Ext. 1. M\u00e9s informaci\u00f3n a <a href=\"https:\/\/es.balearsnatura.com\/parque_natural\/reserves-naturals-des-vedra-es-vedranell-i-els-illots-de-ponent\/\">balearsnatura.com<\/a>[\/vc_column_text][\/vc_column][\/vc_row]<\/p>\n<\/div>","protected":false},"excerpt":{"rendered":"<p>[vc_row][vc_column][vc_column_text el_class=&#8221;subtit_page&#8221;] Reserves Naturals des Vedr\u00e0, es Vedranell i els Illots de Ponent [\/vc_column_text][vc_gallery type=&#8221;flexslider_slide&#8221; interval=&#8221;3&#8243; images=&#8221;2346,2348,2350,2352,2354,2356&#8243; img_size=&#8221;full&#8221;][\/vc_column][\/vc_row][vc_row][vc_column][vc_column_text]Els illots de ponent protagonitzen l&#8217;horitz\u00f3 de la badia de Portmany i compten [&hellip;]<\/p>\n","protected":false},"author":1,"featured_media":2349,"parent":26120,"menu_order":0,"comment_status":"closed","ping_status":"closed","template":"","meta":{"_acf_changed":false,"jnews_page_loop":{"enable_page_loop":"0","first_title":"Latest Post","second_title":"","header_type":"heading_6","header_background":"","header_text_color":"","layout":"right-sidebar","sidebar":"default-sidebar","second_sidebar":"default-sidebar","sticky_sidebar":"1","module":"3","boxed":"0","boxed_shadow":"0","box_shadow":"0","excerpt_length":"20","content_date":"default","date_custom":"Y\/m\/d","content_pagination":"nav_1","pagination_align":"center","show_navtext":"0","show_pageinfo":"0","post_offset":"0","posts_per_page":"5","include_post":"","exclude_post":"","include_category":"","exclude_category":"","include_author":"","include_tag":"","exclude_tag":"","sort_by":"latest"},"jnews_single_page":{"layout":"right-sidebar","sidebar":"sidebar-pagina","second_sidebar":"default-sidebar","sticky_sidebar":"1","show_post_featured":"0","show_post_meta":"0","share_position":"hide","share_color":"share-monocrhome"},"footnotes":""},"class_list":["post-26594","page","type-page","status-publish","has-post-thumbnail","hentry"],"acf":[],"yoast_head":"<!-- This site is optimized with the Yoast SEO plugin v26.7 - https:\/\/yoast.com\/wordpress\/plugins\/seo\/ -->\n<title>Biodiversitat - Es N\u00e0utic<\/title>\n<meta name=\"robots\" content=\"index, follow, max-snippet:-1, max-image-preview:large, max-video-preview:-1\" \/>\n<link rel=\"canonical\" href=\"https:\/\/www.esnautic.com\/ca\/entorn\/biodiversitat\/\" \/>\n<meta property=\"og:locale\" content=\"ca_ES\" \/>\n<meta property=\"og:type\" content=\"article\" \/>\n<meta property=\"og:title\" content=\"Biodiversitat - Es N\u00e0utic\" \/>\n<meta property=\"og:description\" content=\"[vc_row][vc_column][vc_column_text el_class=&#8221;subtit_page&#8221;] Reserves Naturals des Vedr\u00e0, es Vedranell i els Illots de Ponent [\/vc_column_text][vc_gallery type=&#8221;flexslider_slide&#8221; interval=&#8221;3&#8243; images=&#8221;2346,2348,2350,2352,2354,2356&#8243; img_size=&#8221;full&#8221;][\/vc_column][\/vc_row][vc_row][vc_column][vc_column_text]Els illots de ponent protagonitzen l&#8217;horitz\u00f3 de la badia de Portmany i compten [&hellip;]\" \/>\n<meta property=\"og:url\" content=\"https:\/\/www.esnautic.com\/ca\/entorn\/biodiversitat\/\" \/>\n<meta property=\"og:site_name\" content=\"Es N\u00e0utic\" \/>\n<meta property=\"article:modified_time\" content=\"2025-06-17T14:54:21+00:00\" \/>\n<meta property=\"og:image\" content=\"https:\/\/www.esnautic.com\/wp-content\/uploads\/2022\/09\/DSC_8585.jpg\" \/>\n\t<meta property=\"og:image:width\" content=\"1200\" \/>\n\t<meta property=\"og:image:height\" content=\"800\" \/>\n\t<meta property=\"og:image:type\" content=\"image\/jpeg\" \/>\n<meta name=\"twitter:card\" content=\"summary_large_image\" \/>\n<meta name=\"twitter:label1\" content=\"Temps estimat de lectura\" \/>\n\t<meta name=\"twitter:data1\" content=\"2 minuts\" \/>\n<script type=\"application\/ld+json\" class=\"yoast-schema-graph\">{\"@context\":\"https:\/\/schema.org\",\"@graph\":[{\"@type\":\"WebPage\",\"@id\":\"https:\/\/www.esnautic.com\/ca\/entorn\/biodiversitat\/\",\"url\":\"https:\/\/www.esnautic.com\/ca\/entorn\/biodiversitat\/\",\"name\":\"Biodiversitat - Es N\u00e0utic\",\"isPartOf\":{\"@id\":\"https:\/\/www.esnautic.com\/#website\"},\"primaryImageOfPage\":{\"@id\":\"https:\/\/www.esnautic.com\/ca\/entorn\/biodiversitat\/#primaryimage\"},\"image\":{\"@id\":\"https:\/\/www.esnautic.com\/ca\/entorn\/biodiversitat\/#primaryimage\"},\"thumbnailUrl\":\"https:\/\/www.esnautic.com\/wp-content\/uploads\/2022\/09\/DSC_8585.jpg\",\"datePublished\":\"2022-09-27T11:03:01+00:00\",\"dateModified\":\"2025-06-17T14:54:21+00:00\",\"breadcrumb\":{\"@id\":\"https:\/\/www.esnautic.com\/ca\/entorn\/biodiversitat\/#breadcrumb\"},\"inLanguage\":\"ca\",\"potentialAction\":[{\"@type\":\"ReadAction\",\"target\":[\"https:\/\/www.esnautic.com\/ca\/entorn\/biodiversitat\/\"]}]},{\"@type\":\"ImageObject\",\"inLanguage\":\"ca\",\"@id\":\"https:\/\/www.esnautic.com\/ca\/entorn\/biodiversitat\/#primaryimage\",\"url\":\"https:\/\/www.esnautic.com\/wp-content\/uploads\/2022\/09\/DSC_8585.jpg\",\"contentUrl\":\"https:\/\/www.esnautic.com\/wp-content\/uploads\/2022\/09\/DSC_8585.jpg\",\"width\":1200,\"height\":800},{\"@type\":\"BreadcrumbList\",\"@id\":\"https:\/\/www.esnautic.com\/ca\/entorn\/biodiversitat\/#breadcrumb\",\"itemListElement\":[{\"@type\":\"ListItem\",\"position\":1,\"name\":\"Inici\",\"item\":\"https:\/\/www.esnautic.com\/ca\/\"},{\"@type\":\"ListItem\",\"position\":2,\"name\":\"Entorn\",\"item\":\"https:\/\/www.esnautic.com\/ca\/entorn\/\"},{\"@type\":\"ListItem\",\"position\":3,\"name\":\"Biodiversitat\"}]},{\"@type\":\"WebSite\",\"@id\":\"https:\/\/www.esnautic.com\/#website\",\"url\":\"https:\/\/www.esnautic.com\/\",\"name\":\"Es N\u00e0utic\",\"description\":\"Club N\u00e0utic Sant Antoni\",\"potentialAction\":[{\"@type\":\"SearchAction\",\"target\":{\"@type\":\"EntryPoint\",\"urlTemplate\":\"https:\/\/www.esnautic.com\/?s={search_term_string}\"},\"query-input\":{\"@type\":\"PropertyValueSpecification\",\"valueRequired\":true,\"valueName\":\"search_term_string\"}}],\"inLanguage\":\"ca\"}]}<\/script>\n<!-- \/ Yoast SEO plugin. -->","yoast_head_json":{"title":"Biodiversitat - Es N\u00e0utic","robots":{"index":"index","follow":"follow","max-snippet":"max-snippet:-1","max-image-preview":"max-image-preview:large","max-video-preview":"max-video-preview:-1"},"canonical":"https:\/\/www.esnautic.com\/ca\/entorn\/biodiversitat\/","og_locale":"ca_ES","og_type":"article","og_title":"Biodiversitat - Es N\u00e0utic","og_description":"[vc_row][vc_column][vc_column_text el_class=&#8221;subtit_page&#8221;] Reserves Naturals des Vedr\u00e0, es Vedranell i els Illots de Ponent [\/vc_column_text][vc_gallery type=&#8221;flexslider_slide&#8221; interval=&#8221;3&#8243; images=&#8221;2346,2348,2350,2352,2354,2356&#8243; img_size=&#8221;full&#8221;][\/vc_column][\/vc_row][vc_row][vc_column][vc_column_text]Els illots de ponent protagonitzen l&#8217;horitz\u00f3 de la badia de Portmany i compten [&hellip;]","og_url":"https:\/\/www.esnautic.com\/ca\/entorn\/biodiversitat\/","og_site_name":"Es N\u00e0utic","article_modified_time":"2025-06-17T14:54:21+00:00","og_image":[{"width":1200,"height":800,"url":"https:\/\/www.esnautic.com\/wp-content\/uploads\/2022\/09\/DSC_8585.jpg","type":"image\/jpeg"}],"twitter_card":"summary_large_image","twitter_misc":{"Temps estimat de lectura":"2 minuts"},"schema":{"@context":"https:\/\/schema.org","@graph":[{"@type":"WebPage","@id":"https:\/\/www.esnautic.com\/ca\/entorn\/biodiversitat\/","url":"https:\/\/www.esnautic.com\/ca\/entorn\/biodiversitat\/","name":"Biodiversitat - Es N\u00e0utic","isPartOf":{"@id":"https:\/\/www.esnautic.com\/#website"},"primaryImageOfPage":{"@id":"https:\/\/www.esnautic.com\/ca\/entorn\/biodiversitat\/#primaryimage"},"image":{"@id":"https:\/\/www.esnautic.com\/ca\/entorn\/biodiversitat\/#primaryimage"},"thumbnailUrl":"https:\/\/www.esnautic.com\/wp-content\/uploads\/2022\/09\/DSC_8585.jpg","datePublished":"2022-09-27T11:03:01+00:00","dateModified":"2025-06-17T14:54:21+00:00","breadcrumb":{"@id":"https:\/\/www.esnautic.com\/ca\/entorn\/biodiversitat\/#breadcrumb"},"inLanguage":"ca","potentialAction":[{"@type":"ReadAction","target":["https:\/\/www.esnautic.com\/ca\/entorn\/biodiversitat\/"]}]},{"@type":"ImageObject","inLanguage":"ca","@id":"https:\/\/www.esnautic.com\/ca\/entorn\/biodiversitat\/#primaryimage","url":"https:\/\/www.esnautic.com\/wp-content\/uploads\/2022\/09\/DSC_8585.jpg","contentUrl":"https:\/\/www.esnautic.com\/wp-content\/uploads\/2022\/09\/DSC_8585.jpg","width":1200,"height":800},{"@type":"BreadcrumbList","@id":"https:\/\/www.esnautic.com\/ca\/entorn\/biodiversitat\/#breadcrumb","itemListElement":[{"@type":"ListItem","position":1,"name":"Inici","item":"https:\/\/www.esnautic.com\/ca\/"},{"@type":"ListItem","position":2,"name":"Entorn","item":"https:\/\/www.esnautic.com\/ca\/entorn\/"},{"@type":"ListItem","position":3,"name":"Biodiversitat"}]},{"@type":"WebSite","@id":"https:\/\/www.esnautic.com\/#website","url":"https:\/\/www.esnautic.com\/","name":"Es N\u00e0utic","description":"Club N\u00e0utic Sant Antoni","potentialAction":[{"@type":"SearchAction","target":{"@type":"EntryPoint","urlTemplate":"https:\/\/www.esnautic.com\/?s={search_term_string}"},"query-input":{"@type":"PropertyValueSpecification","valueRequired":true,"valueName":"search_term_string"}}],"inLanguage":"ca"}]}},"_links":{"self":[{"href":"https:\/\/www.esnautic.com\/ca\/wp-json\/wp\/v2\/pages\/26594","targetHints":{"allow":["GET"]}}],"collection":[{"href":"https:\/\/www.esnautic.com\/ca\/wp-json\/wp\/v2\/pages"}],"about":[{"href":"https:\/\/www.esnautic.com\/ca\/wp-json\/wp\/v2\/types\/page"}],"author":[{"embeddable":true,"href":"https:\/\/www.esnautic.com\/ca\/wp-json\/wp\/v2\/users\/1"}],"replies":[{"embeddable":true,"href":"https:\/\/www.esnautic.com\/ca\/wp-json\/wp\/v2\/comments?post=26594"}],"version-history":[{"count":0,"href":"https:\/\/www.esnautic.com\/ca\/wp-json\/wp\/v2\/pages\/26594\/revisions"}],"up":[{"embeddable":true,"href":"https:\/\/www.esnautic.com\/ca\/wp-json\/wp\/v2\/pages\/26120"}],"wp:featuredmedia":[{"embeddable":true,"href":"https:\/\/www.esnautic.com\/ca\/wp-json\/wp\/v2\/media\/2349"}],"wp:attachment":[{"href":"https:\/\/www.esnautic.com\/ca\/wp-json\/wp\/v2\/media?parent=26594"}],"curies":[{"name":"wp","href":"https:\/\/api.w.org\/{rel}","templated":true}]}}