{"id":26924,"date":"2025-06-30T15:29:53","date_gmt":"2025-06-30T13:29:53","guid":{"rendered":"https:\/\/www.esnautic.com\/marinero-de-tierra-1-vacante\/"},"modified":"2026-01-22T09:12:30","modified_gmt":"2026-01-22T08:12:30","slug":"mariner-de-terra-patro-dembarcacions","status":"publish","type":"page","link":"https:\/\/www.esnautic.com\/ca\/el-club\/treballa-amb-naltros\/mariner-de-terra-patro-dembarcacions\/","title":{"rendered":"Personal de marineria de terra \/ patr\u00f3 d&#8217;embarcacions"},"content":{"rendered":"<div class=\"wpb-content-wrapper\"><p>[vc_row][vc_column][vc_column_text css=&#8221;&#8221; el_class=&#8221;subtit_page&#8221;]<\/p>\n<h2>S&#8217;ofereixen places de personal de marineria de terra \/ patr\u00f3 d&#8217;embarcacions per a incorporar-se a l&#8217;equip del Club. Es requereix titulaci\u00f3 n\u00e0utica professional i experi\u00e8ncia pr\u00e8via. Les persones interessades han de contestar el q\u00fcestionari que figura m\u00e9s a baix i adjuntar el seu <em>curriculum vitae<\/em>.<\/h2>\n<p><em>En el CLUB N\u00c0UTIC SANT ANTONI estam compromesos amb la igualtat d&#8217;oportunitats i la no discriminaci\u00f3 en tots els nostres processos de selecci\u00f3 i contractaci\u00f3 del personal. En compliment del nostre Pla d&#8217;Igualtat, ens asseguram que els nostros procediments de selecci\u00f3 i contractaci\u00f3 siguin equitatius, transparents i orientats a garantir la igualtat d&#8217;oportunitats per a totes les persones, sense importar el seu g\u00e8nere.<\/em><\/p>\n<p><em>Treballam per a oferir un entorn laboral inclusiu, en el qual es valori la diversitat i es promogui un tracte just i respectu\u00f3s per a totes les persones. Ens comprometem que les nostres decisions de contractaci\u00f3 i selecci\u00f3 es basin \u00fanicament en la compet\u00e8ncia, l&#8217;experi\u00e8ncia i les capacitats dels candidats, amb l&#8217;objectiu d&#8217;assegurar un proc\u00e9s lliure de biaixos.<\/em>[\/vc_column_text]\n<div class=\"wpcf7 no-js\" id=\"wpcf7-f25247-o1\" lang=\"ca\" dir=\"ltr\" data-wpcf7-id=\"25247\">\n<div class=\"screen-reader-response\"><p role=\"status\" aria-live=\"polite\" aria-atomic=\"true\"><\/p> <ul><\/ul><\/div>\n<form action=\"\/ca\/wp-json\/wp\/v2\/pages\/26924#wpcf7-f25247-o1\" method=\"post\" class=\"wpcf7-form init\" aria-label=\"Formulari de contacte\" enctype=\"multipart\/form-data\" novalidate=\"novalidate\" data-status=\"init\">\n<fieldset class=\"hidden-fields-container\"><input type=\"hidden\" name=\"_wpcf7\" value=\"25247\" \/><input type=\"hidden\" name=\"_wpcf7_version\" value=\"6.1.4\" \/><input type=\"hidden\" name=\"_wpcf7_locale\" value=\"ca\" \/><input type=\"hidden\" name=\"_wpcf7_unit_tag\" value=\"wpcf7-f25247-o1\" \/><input type=\"hidden\" name=\"_wpcf7_container_post\" value=\"0\" \/><input type=\"hidden\" name=\"_wpcf7_posted_data_hash\" value=\"\" \/>\n<\/fieldset>\n<div class=\"row\">\n\t<div class=\"col-sm-6\">\n\t\t<p><label> Nom*<\/label><br \/>\n<span class=\"wpcf7-form-control-wrap\" data-name=\"your-name\"><input size=\"40\" maxlength=\"400\" class=\"wpcf7-form-control wpcf7-text wpcf7-validates-as-required\" aria-required=\"true\" aria-invalid=\"false\" value=\"\" type=\"text\" name=\"your-name\" \/><\/span>\n\t\t<\/p>\n\t<\/div>\n\t<div class=\"col-sm-6\">\n\t\t<p><label> Cognoms*<\/label><br \/>\n<span class=\"wpcf7-form-control-wrap\" data-name=\"your-ape\"><input size=\"40\" maxlength=\"400\" class=\"wpcf7-form-control wpcf7-text wpcf7-validates-as-required\" aria-required=\"true\" aria-invalid=\"false\" value=\"\" type=\"text\" name=\"your-ape\" \/><\/span>\n\t\t<\/p>\n\t<\/div>\n<\/div>\n<div class=\"row\">\n\t<div class=\"col-sm-6\">\n\t\t<p><label> Email de contacte*<\/label><br \/>\n<span class=\"wpcf7-form-control-wrap\" data-name=\"your-email\"><input size=\"40\" maxlength=\"400\" class=\"wpcf7-form-control wpcf7-email wpcf7-validates-as-required wpcf7-text wpcf7-validates-as-email\" aria-required=\"true\" aria-invalid=\"false\" value=\"\" type=\"email\" name=\"your-email\" \/><\/span>\n\t\t<\/p>\n\t<\/div>\n\t<div class=\"col-sm-6\">\n\t\t<p><label> Tel\u00e8fon de contacte*<\/label><br \/>\n<span class=\"wpcf7-form-control-wrap\" data-name=\"your-tlf\"><input size=\"40\" maxlength=\"400\" class=\"wpcf7-form-control wpcf7-text wpcf7-validates-as-required\" aria-required=\"true\" aria-invalid=\"false\" value=\"\" type=\"text\" name=\"your-tlf\" \/><\/span>\n\t\t<\/p>\n\t<\/div>\n<\/div>\n<div class=\"row\">\n\t<div class=\"col-sm-6\">\n\t\t<p><label> Localitat de resid\u00e8ncia*<\/label><br \/>\n<span class=\"wpcf7-form-control-wrap\" data-name=\"text-40\"><input size=\"40\" maxlength=\"400\" class=\"wpcf7-form-control wpcf7-text wpcf7-validates-as-required\" aria-required=\"true\" aria-invalid=\"false\" value=\"\" type=\"text\" name=\"text-40\" \/><\/span>\n\t\t<\/p>\n\t<\/div>\n\t<div class=\"col-sm-6\">\n\t\t<p><label> Curr\u00edculum* <small>M\u00e1xim 5Mb.<\/small><\/label><br \/>\n<span class=\"wpcf7-form-control-wrap\" data-name=\"file-834\"><input size=\"40\" class=\"wpcf7-form-control wpcf7-file wpcf7-validates-as-required\" accept=\"image\/*,.txt,application\/pdf,.doc,.docx,.odt\" aria-required=\"true\" aria-invalid=\"false\" type=\"file\" name=\"file-834\" \/><\/span><br \/>\n<small>Format: jpg, jpeg, png, pdf, doc, docx, odt<\/small>\n\t\t<\/p>\n\t<\/div>\n<\/div>\n<div class=\"row\">\n\t<div class=\"col-sm-12\">\n\t\t<p><label> Comentaris<\/label><br \/>\n<span class=\"wpcf7-form-control-wrap\" data-name=\"your-message\"><textarea cols=\"40\" rows=\"4\" maxlength=\"2000\" class=\"wpcf7-form-control wpcf7-textarea\" aria-invalid=\"false\" name=\"your-message\"><\/textarea><\/span>\n\t\t<\/p>\n\t<\/div>\n<\/div>\n<div class=\"row\">\n\t<div class=\"col-sm-12\">\n\t\t<p><small>AV\u00cdS LEGAL<br \/>\nDe conformitat amb el que es disposa en la normativa vigent en mat\u00e8ria de Protecci\u00f3 de Dades de Car\u00e0cter Personal, el sol\u00b7licitant queda informat de:<br \/>\nI. Les seues dades personals seran incorporades a una Base de dades propietat del Club N\u00e0utic Sant Antoni.<br \/>\nII. La finalitat de la Base de dades \u00e9s la selecci\u00f3 de personal per a l'Empresa.<br \/>\nIII. Aquest dades personals juntament amb el seu curriculum vitae seran guardats per l'Empresa durant un termini no superior a l'estipulat pel punt V d'aquest document o fins que comuniqui per escrit el seu desig de no buscar ocupaci\u00f3 a l'Empresa. En cap cas, i en cap concepte, es cediran les seues dades a tercers sense el seu consentiment.<br \/>\nIV. L'acceptaci\u00f3 del present document suposa el consentiment lliure, inequ\u00edvoc, espec\u00edfic i informat perqu\u00e8 l'Empresa pugui tractar les dades subministrades, exclusivament per a finalitats relacionades amb la selecci\u00f3 de candidats per a la seua incorporaci\u00f3 a l'Empresa.<br \/>\nV. El sol\u00b7licitant autoritza el manteniment de les seues dades personals per un temps no superior a tres anys sempre que aquest no exerciti els seus drets en un termini anterior.<br \/>\nVI. El sol\u00b7licitant podr\u00e0 exercitar els seus drets d'acc\u00e9s, rectificaci\u00f3, supressi\u00f3, oposici\u00f3, limitaci\u00f3 del tractament, portabilitat de dades i a no ser objecte de decisions individualitzades automatitzades, incloent-hi l'elaboraci\u00f3 de perfils d'aquestes dades, davant del responsable del Fitxer a la seg\u00fcent adre\u00e7a: Club N\u00e0utic Sant Antoni. Passeig Mar\u00edtim s\/n 07820 Sant Antoni de Portmany, o per correu electr\u00f2nic a l'adre\u00e7a personal@esnautic.com, indicant a l'assumpte la llegenda \u201cProtecci\u00f3 de Dades\u201d.<\/small>\n\t\t<\/p>\n\t<\/div>\n<\/div>\n<div class=\"row\">\n\t<div class=\"col-sm-12\">\n\t\t<p><span class=\"wpcf7-form-control-wrap\" data-name=\"acceptance-2\"><span class=\"wpcf7-form-control wpcf7-acceptance\"><span class=\"wpcf7-list-item\"><label><input type=\"checkbox\" name=\"acceptance-2\" value=\"1\" aria-invalid=\"false\" \/><span class=\"wpcf7-list-item-label\">He llegit l'av\u00eds legal i accepto enviar les meues dades al Club N\u00e0utic Sant Antoni.<\/span><\/label><\/span><\/span><\/span>\n\t\t<\/p>\n\t<\/div>\n<\/div>\n<div class=\"row\">\n\t<div class=\"col-sm-12\">\n\t\t<p><input class=\"wpcf7-form-control wpcf7-submit has-spinner\" type=\"submit\" value=\"Enviar\" \/>\n\t\t<\/p>\n\t<\/div>\n<\/div>\n<div class=\"wpcf7-turnstile cf-turnstile\" data-sitekey=\"0x4AAAAAABoJwo2RhaculERt\" data-response-field-name=\"_wpcf7_turnstile_response\"><\/div><div class=\"wpcf7-response-output\" aria-hidden=\"true\"><\/div>\n<\/form>\n<\/div>\n[\/vc_column][\/vc_row]<\/p>\n<\/div>","protected":false},"excerpt":{"rendered":"<p>[vc_row][vc_column][vc_column_text css=&#8221;&#8221; el_class=&#8221;subtit_page&#8221;] S&#8217;ofereixen places de personal de marineria de terra \/ patr\u00f3 d&#8217;embarcacions per a incorporar-se a l&#8217;equip del Club. Es requereix titulaci\u00f3 n\u00e0utica professional i experi\u00e8ncia pr\u00e8via. Les [&hellip;]<\/p>\n","protected":false},"author":2,"featured_media":0,"parent":25235,"menu_order":0,"comment_status":"closed","ping_status":"closed","template":"","meta":{"_acf_changed":false,"jnews_page_loop":{"first_title":"Latest Post","header_type":"heading_6","layout":"right-sidebar","sidebar":"default-sidebar","second_sidebar":"default-sidebar","sticky_sidebar":"1","module":"3","main_custom_image_size":"default","second_custom_image_size":"default","excerpt_length":"20","content_date":"default","date_custom":"Y\/m\/d","content_pagination":"nav_1","pagination_align":"center","post_sticky":"0","post_offset":"0","posts_per_page":"5","sort_by":"latest"},"jnews_single_page":{"layout":"right-sidebar","sidebar":"sidebar-pagina","second_sidebar":"default-sidebar","sticky_sidebar":"1","show_post_title":"1","show_post_breadcrumbs":"1","show_post_featured":"0","share_position":"hide","share_color":"share-monocrhome"},"footnotes":""},"class_list":["post-26924","page","type-page","status-publish","hentry"],"acf":[],"yoast_head":"<!-- This site is optimized with the Yoast SEO plugin v26.7 - https:\/\/yoast.com\/wordpress\/plugins\/seo\/ -->\n<title>Personal de marineria de terra \/ patr\u00f3 d&#039;embarcacions - Es N\u00e0utic<\/title>\n<meta name=\"robots\" content=\"index, follow, max-snippet:-1, max-image-preview:large, max-video-preview:-1\" \/>\n<link rel=\"canonical\" href=\"https:\/\/www.esnautic.com\/ca\/el-club\/treballa-amb-naltros\/mariner-de-terra-patro-dembarcacions\/\" \/>\n<meta property=\"og:locale\" content=\"ca_ES\" \/>\n<meta property=\"og:type\" content=\"article\" \/>\n<meta property=\"og:title\" content=\"Personal de marineria de terra \/ patr\u00f3 d&#039;embarcacions - Es N\u00e0utic\" \/>\n<meta property=\"og:description\" content=\"[vc_row][vc_column][vc_column_text css=&#8221;&#8221; el_class=&#8221;subtit_page&#8221;] S&#8217;ofereixen places de personal de marineria de terra \/ patr\u00f3 d&#8217;embarcacions per a incorporar-se a l&#8217;equip del Club. Es requereix titulaci\u00f3 n\u00e0utica professional i experi\u00e8ncia pr\u00e8via. Les [&hellip;]\" \/>\n<meta property=\"og:url\" content=\"https:\/\/www.esnautic.com\/ca\/el-club\/treballa-amb-naltros\/mariner-de-terra-patro-dembarcacions\/\" \/>\n<meta property=\"og:site_name\" content=\"Es N\u00e0utic\" \/>\n<meta property=\"article:modified_time\" content=\"2026-01-22T08:12:30+00:00\" \/>\n<meta name=\"twitter:card\" content=\"summary_large_image\" \/>\n<meta name=\"twitter:label1\" content=\"Temps estimat de lectura\" \/>\n\t<meta name=\"twitter:data1\" content=\"1 minut\" \/>\n<script type=\"application\/ld+json\" class=\"yoast-schema-graph\">{\"@context\":\"https:\/\/schema.org\",\"@graph\":[{\"@type\":\"WebPage\",\"@id\":\"https:\/\/www.esnautic.com\/ca\/el-club\/treballa-amb-naltros\/mariner-de-terra-patro-dembarcacions\/\",\"url\":\"https:\/\/www.esnautic.com\/ca\/el-club\/treballa-amb-naltros\/mariner-de-terra-patro-dembarcacions\/\",\"name\":\"Personal de marineria de terra \/ patr\u00f3 d'embarcacions - Es N\u00e0utic\",\"isPartOf\":{\"@id\":\"https:\/\/www.esnautic.com\/#website\"},\"datePublished\":\"2025-06-30T13:29:53+00:00\",\"dateModified\":\"2026-01-22T08:12:30+00:00\",\"breadcrumb\":{\"@id\":\"https:\/\/www.esnautic.com\/ca\/el-club\/treballa-amb-naltros\/mariner-de-terra-patro-dembarcacions\/#breadcrumb\"},\"inLanguage\":\"ca\",\"potentialAction\":[{\"@type\":\"ReadAction\",\"target\":[\"https:\/\/www.esnautic.com\/ca\/el-club\/treballa-amb-naltros\/mariner-de-terra-patro-dembarcacions\/\"]}]},{\"@type\":\"BreadcrumbList\",\"@id\":\"https:\/\/www.esnautic.com\/ca\/el-club\/treballa-amb-naltros\/mariner-de-terra-patro-dembarcacions\/#breadcrumb\",\"itemListElement\":[{\"@type\":\"ListItem\",\"position\":1,\"name\":\"Inici\",\"item\":\"https:\/\/www.esnautic.com\/ca\/\"},{\"@type\":\"ListItem\",\"position\":2,\"name\":\"El Club\",\"item\":\"https:\/\/www.esnautic.com\/ca\/el-club\/\"},{\"@type\":\"ListItem\",\"position\":3,\"name\":\"Treballa amb naltros\",\"item\":\"https:\/\/www.esnautic.com\/ca\/el-club\/treballa-amb-naltros\/\"},{\"@type\":\"ListItem\",\"position\":4,\"name\":\"Personal de marineria de terra \/ patr\u00f3 d&#8217;embarcacions\"}]},{\"@type\":\"WebSite\",\"@id\":\"https:\/\/www.esnautic.com\/#website\",\"url\":\"https:\/\/www.esnautic.com\/\",\"name\":\"Es N\u00e0utic\",\"description\":\"Club N\u00e0utic Sant Antoni\",\"potentialAction\":[{\"@type\":\"SearchAction\",\"target\":{\"@type\":\"EntryPoint\",\"urlTemplate\":\"https:\/\/www.esnautic.com\/?s={search_term_string}\"},\"query-input\":{\"@type\":\"PropertyValueSpecification\",\"valueRequired\":true,\"valueName\":\"search_term_string\"}}],\"inLanguage\":\"ca\"}]}<\/script>\n<!-- \/ Yoast SEO plugin. -->","yoast_head_json":{"title":"Personal de marineria de terra \/ patr\u00f3 d'embarcacions - Es N\u00e0utic","robots":{"index":"index","follow":"follow","max-snippet":"max-snippet:-1","max-image-preview":"max-image-preview:large","max-video-preview":"max-video-preview:-1"},"canonical":"https:\/\/www.esnautic.com\/ca\/el-club\/treballa-amb-naltros\/mariner-de-terra-patro-dembarcacions\/","og_locale":"ca_ES","og_type":"article","og_title":"Personal de marineria de terra \/ patr\u00f3 d'embarcacions - Es N\u00e0utic","og_description":"[vc_row][vc_column][vc_column_text css=&#8221;&#8221; el_class=&#8221;subtit_page&#8221;] S&#8217;ofereixen places de personal de marineria de terra \/ patr\u00f3 d&#8217;embarcacions per a incorporar-se a l&#8217;equip del Club. Es requereix titulaci\u00f3 n\u00e0utica professional i experi\u00e8ncia pr\u00e8via. Les [&hellip;]","og_url":"https:\/\/www.esnautic.com\/ca\/el-club\/treballa-amb-naltros\/mariner-de-terra-patro-dembarcacions\/","og_site_name":"Es N\u00e0utic","article_modified_time":"2026-01-22T08:12:30+00:00","twitter_card":"summary_large_image","twitter_misc":{"Temps estimat de lectura":"1 minut"},"schema":{"@context":"https:\/\/schema.org","@graph":[{"@type":"WebPage","@id":"https:\/\/www.esnautic.com\/ca\/el-club\/treballa-amb-naltros\/mariner-de-terra-patro-dembarcacions\/","url":"https:\/\/www.esnautic.com\/ca\/el-club\/treballa-amb-naltros\/mariner-de-terra-patro-dembarcacions\/","name":"Personal de marineria de terra \/ patr\u00f3 d'embarcacions - Es N\u00e0utic","isPartOf":{"@id":"https:\/\/www.esnautic.com\/#website"},"datePublished":"2025-06-30T13:29:53+00:00","dateModified":"2026-01-22T08:12:30+00:00","breadcrumb":{"@id":"https:\/\/www.esnautic.com\/ca\/el-club\/treballa-amb-naltros\/mariner-de-terra-patro-dembarcacions\/#breadcrumb"},"inLanguage":"ca","potentialAction":[{"@type":"ReadAction","target":["https:\/\/www.esnautic.com\/ca\/el-club\/treballa-amb-naltros\/mariner-de-terra-patro-dembarcacions\/"]}]},{"@type":"BreadcrumbList","@id":"https:\/\/www.esnautic.com\/ca\/el-club\/treballa-amb-naltros\/mariner-de-terra-patro-dembarcacions\/#breadcrumb","itemListElement":[{"@type":"ListItem","position":1,"name":"Inici","item":"https:\/\/www.esnautic.com\/ca\/"},{"@type":"ListItem","position":2,"name":"El Club","item":"https:\/\/www.esnautic.com\/ca\/el-club\/"},{"@type":"ListItem","position":3,"name":"Treballa amb naltros","item":"https:\/\/www.esnautic.com\/ca\/el-club\/treballa-amb-naltros\/"},{"@type":"ListItem","position":4,"name":"Personal de marineria de terra \/ patr\u00f3 d&#8217;embarcacions"}]},{"@type":"WebSite","@id":"https:\/\/www.esnautic.com\/#website","url":"https:\/\/www.esnautic.com\/","name":"Es N\u00e0utic","description":"Club N\u00e0utic Sant Antoni","potentialAction":[{"@type":"SearchAction","target":{"@type":"EntryPoint","urlTemplate":"https:\/\/www.esnautic.com\/?s={search_term_string}"},"query-input":{"@type":"PropertyValueSpecification","valueRequired":true,"valueName":"search_term_string"}}],"inLanguage":"ca"}]}},"_links":{"self":[{"href":"https:\/\/www.esnautic.com\/ca\/wp-json\/wp\/v2\/pages\/26924","targetHints":{"allow":["GET"]}}],"collection":[{"href":"https:\/\/www.esnautic.com\/ca\/wp-json\/wp\/v2\/pages"}],"about":[{"href":"https:\/\/www.esnautic.com\/ca\/wp-json\/wp\/v2\/types\/page"}],"author":[{"embeddable":true,"href":"https:\/\/www.esnautic.com\/ca\/wp-json\/wp\/v2\/users\/2"}],"replies":[{"embeddable":true,"href":"https:\/\/www.esnautic.com\/ca\/wp-json\/wp\/v2\/comments?post=26924"}],"version-history":[{"count":8,"href":"https:\/\/www.esnautic.com\/ca\/wp-json\/wp\/v2\/pages\/26924\/revisions"}],"predecessor-version":[{"id":32824,"href":"https:\/\/www.esnautic.com\/ca\/wp-json\/wp\/v2\/pages\/26924\/revisions\/32824"}],"up":[{"embeddable":true,"href":"https:\/\/www.esnautic.com\/ca\/wp-json\/wp\/v2\/pages\/25235"}],"wp:attachment":[{"href":"https:\/\/www.esnautic.com\/ca\/wp-json\/wp\/v2\/media?parent=26924"}],"curies":[{"name":"wp","href":"https:\/\/api.w.org\/{rel}","templated":true}]}}