{"id":29557,"date":"2022-09-14T08:57:00","date_gmt":"2022-09-14T06:57:00","guid":{"rendered":"https:\/\/www.esnautic.com\/der-club\/board-of-directors\/"},"modified":"2025-07-21T16:54:36","modified_gmt":"2025-07-21T14:54:36","slug":"der-vorstand","status":"publish","type":"page","link":"https:\/\/www.esnautic.com\/de\/der-club\/der-vorstand\/","title":{"rendered":"Der Vorstand"},"content":{"rendered":"<div class=\"wpb-content-wrapper\"><p>[vc_row][vc_column][vc_single_image image=&#8220;27247&#8243; img_size=&#8220;full&#8220;][vc_column_text css=&#8220;.vc_custom_1753109670528{margin-bottom: 30px !important;}&#8220;]<strong>Vorsitzender:<\/strong> Jos\u00e9 Tur Torres<\/p>\n<p><strong>Stellvertretende Vorsitzende:<\/strong> Francisca Ribas Ram\u00f3n<\/p>\n<p><strong>Schriftf\u00fchrer:<\/strong> Luis M. G\u00f3mez Briones<\/p>\n<p><strong>Schatzmeister:<\/strong> Jos\u00e9 Antonio Ribas Ribas<\/p>\n<p><strong>Buchhalter:<\/strong> Juan Ribas Prats<\/p>\n<p><strong>Kommodore:<\/strong> Javier Planas Ramia<\/p>\n<p><strong>Weitere Vorstandsmitglieder:<\/strong> Miguel Costa Costa, Bartolom\u00e9 Ribas Ribas, Jos\u00e9 Antonio Hortensius Portas, Antonio Ram\u00f3n Costa, Francisco Javier Tous Purcallas, Jos\u00e9 Mar\u00eda Ram\u00f3n Cardona, Alberto Ribas L\u00f3pez, Yolanda Ram\u00f3n Torres, Antonio Mar\u00ed Tur, Vicente Ribas Ram\u00f3n und Jos\u00e9 Torres Ram\u00f3n.[\/vc_column_text][vc_column_text css=&#8220;&#8220;]Der Vorstand besteht aus Mitgliedern des Clubs und wird alle vier Jahre neu von allen Clubmitgliedern gew\u00e4hlt. Die Vorstandsmitglieder arbeiten komplett ehrenamtlich.[\/vc_column_text][vc_wp_custommenu title=&#8220;Weitere Bereiche des Clubs&#8220; nav_menu=&#8220;70&#8243; el_class=&#8220;menupag&#8220;][\/vc_column][\/vc_row]<\/p>\n<\/div>","protected":false},"excerpt":{"rendered":"<p>Wichtige Entscheidungen, die den gesamten Club betreffen, werden von unseren Vorstandsmitgliedern getroffen, die wiederum von allen Mitgliedern gew\u00e4hlt werden.<\/p>\n","protected":false},"author":1,"featured_media":29558,"parent":29541,"menu_order":0,"comment_status":"closed","ping_status":"closed","template":"","meta":{"_acf_changed":false,"jnews_page_loop":{"enable_page_loop":"0","first_title":"Latest Post","second_title":"","header_type":"heading_6","header_background":"","header_text_color":"","layout":"right-sidebar","sidebar":"default-sidebar","second_sidebar":"default-sidebar","sticky_sidebar":"1","module":"3","boxed":"0","boxed_shadow":"0","box_shadow":"0","excerpt_length":"20","content_date":"default","date_custom":"Y\/m\/d","content_pagination":"nav_1","pagination_align":"center","show_navtext":"0","show_pageinfo":"0","post_offset":"0","posts_per_page":"5","include_post":"","exclude_post":"","include_category":"","exclude_category":"","include_author":"","include_tag":"","exclude_tag":"","sort_by":"latest","main_custom_image_size":"default","second_custom_image_size":"default","post_sticky":"0"},"jnews_single_page":{"layout":"right-sidebar","sidebar":"gen-aleman","second_sidebar":"default-sidebar","sticky_sidebar":"1","show_post_featured":"0","show_post_meta":"0","share_position":"hide","share_color":"share-monocrhome","show_post_title":"1","show_post_breadcrumbs":"1"},"footnotes":""},"class_list":["post-29557","page","type-page","status-publish","has-post-thumbnail","hentry"],"acf":[],"yoast_head":"<!-- This site is optimized with the Yoast SEO plugin v26.7 - https:\/\/yoast.com\/wordpress\/plugins\/seo\/ -->\n<title>Der Vorstand - Es N\u00e0utic<\/title>\n<meta name=\"robots\" content=\"index, follow, max-snippet:-1, max-image-preview:large, max-video-preview:-1\" \/>\n<link rel=\"canonical\" href=\"https:\/\/www.esnautic.com\/de\/der-club\/der-vorstand\/\" \/>\n<meta property=\"og:locale\" content=\"de_DE\" \/>\n<meta property=\"og:type\" content=\"article\" \/>\n<meta property=\"og:title\" content=\"Der Vorstand - Es N\u00e0utic\" \/>\n<meta property=\"og:description\" content=\"Wichtige Entscheidungen, die den gesamten Club betreffen, werden von unseren Vorstandsmitgliedern getroffen, die wiederum von allen Mitgliedern gew\u00e4hlt werden.\" \/>\n<meta property=\"og:url\" content=\"https:\/\/www.esnautic.com\/de\/der-club\/der-vorstand\/\" \/>\n<meta property=\"og:site_name\" content=\"Es N\u00e0utic\" \/>\n<meta property=\"article:modified_time\" content=\"2025-07-21T14:54:36+00:00\" \/>\n<meta property=\"og:image\" content=\"https:\/\/www.esnautic.com\/wp-content\/uploads\/2022\/09\/DIRECTIVA.jpg\" \/>\n\t<meta property=\"og:image:width\" content=\"750\" \/>\n\t<meta property=\"og:image:height\" content=\"500\" \/>\n\t<meta property=\"og:image:type\" content=\"image\/jpeg\" \/>\n<meta name=\"twitter:card\" content=\"summary_large_image\" \/>\n<meta name=\"twitter:label1\" content=\"Gesch\u00e4tzte Lesezeit\" \/>\n\t<meta name=\"twitter:data1\" content=\"1\u00a0Minute\" \/>\n<script type=\"application\/ld+json\" class=\"yoast-schema-graph\">{\"@context\":\"https:\/\/schema.org\",\"@graph\":[{\"@type\":\"WebPage\",\"@id\":\"https:\/\/www.esnautic.com\/de\/der-club\/der-vorstand\/\",\"url\":\"https:\/\/www.esnautic.com\/de\/der-club\/der-vorstand\/\",\"name\":\"Der Vorstand - Es N\u00e0utic\",\"isPartOf\":{\"@id\":\"https:\/\/www.esnautic.com\/#website\"},\"primaryImageOfPage\":{\"@id\":\"https:\/\/www.esnautic.com\/de\/der-club\/der-vorstand\/#primaryimage\"},\"image\":{\"@id\":\"https:\/\/www.esnautic.com\/de\/der-club\/der-vorstand\/#primaryimage\"},\"thumbnailUrl\":\"https:\/\/www.esnautic.com\/wp-content\/uploads\/2022\/09\/DIRECTIVA.jpg\",\"datePublished\":\"2022-09-14T06:57:00+00:00\",\"dateModified\":\"2025-07-21T14:54:36+00:00\",\"breadcrumb\":{\"@id\":\"https:\/\/www.esnautic.com\/de\/der-club\/der-vorstand\/#breadcrumb\"},\"inLanguage\":\"de\",\"potentialAction\":[{\"@type\":\"ReadAction\",\"target\":[\"https:\/\/www.esnautic.com\/de\/der-club\/der-vorstand\/\"]}]},{\"@type\":\"ImageObject\",\"inLanguage\":\"de\",\"@id\":\"https:\/\/www.esnautic.com\/de\/der-club\/der-vorstand\/#primaryimage\",\"url\":\"https:\/\/www.esnautic.com\/wp-content\/uploads\/2022\/09\/DIRECTIVA.jpg\",\"contentUrl\":\"https:\/\/www.esnautic.com\/wp-content\/uploads\/2022\/09\/DIRECTIVA.jpg\",\"width\":750,\"height\":500},{\"@type\":\"BreadcrumbList\",\"@id\":\"https:\/\/www.esnautic.com\/de\/der-club\/der-vorstand\/#breadcrumb\",\"itemListElement\":[{\"@type\":\"ListItem\",\"position\":1,\"name\":\"Startseite\",\"item\":\"https:\/\/www.esnautic.com\/de\/\"},{\"@type\":\"ListItem\",\"position\":2,\"name\":\"Der Club\",\"item\":\"https:\/\/www.esnautic.com\/de\/der-club\/\"},{\"@type\":\"ListItem\",\"position\":3,\"name\":\"Der Vorstand\"}]},{\"@type\":\"WebSite\",\"@id\":\"https:\/\/www.esnautic.com\/#website\",\"url\":\"https:\/\/www.esnautic.com\/\",\"name\":\"Es N\u00e0utic\",\"description\":\"Club N\u00e0utic Sant Antoni\",\"potentialAction\":[{\"@type\":\"SearchAction\",\"target\":{\"@type\":\"EntryPoint\",\"urlTemplate\":\"https:\/\/www.esnautic.com\/?s={search_term_string}\"},\"query-input\":{\"@type\":\"PropertyValueSpecification\",\"valueRequired\":true,\"valueName\":\"search_term_string\"}}],\"inLanguage\":\"de\"}]}<\/script>\n<!-- \/ Yoast SEO plugin. -->","yoast_head_json":{"title":"Der Vorstand - Es N\u00e0utic","robots":{"index":"index","follow":"follow","max-snippet":"max-snippet:-1","max-image-preview":"max-image-preview:large","max-video-preview":"max-video-preview:-1"},"canonical":"https:\/\/www.esnautic.com\/de\/der-club\/der-vorstand\/","og_locale":"de_DE","og_type":"article","og_title":"Der Vorstand - Es N\u00e0utic","og_description":"Wichtige Entscheidungen, die den gesamten Club betreffen, werden von unseren Vorstandsmitgliedern getroffen, die wiederum von allen Mitgliedern gew\u00e4hlt werden.","og_url":"https:\/\/www.esnautic.com\/de\/der-club\/der-vorstand\/","og_site_name":"Es N\u00e0utic","article_modified_time":"2025-07-21T14:54:36+00:00","og_image":[{"width":750,"height":500,"url":"https:\/\/www.esnautic.com\/wp-content\/uploads\/2022\/09\/DIRECTIVA.jpg","type":"image\/jpeg"}],"twitter_card":"summary_large_image","twitter_misc":{"Gesch\u00e4tzte Lesezeit":"1\u00a0Minute"},"schema":{"@context":"https:\/\/schema.org","@graph":[{"@type":"WebPage","@id":"https:\/\/www.esnautic.com\/de\/der-club\/der-vorstand\/","url":"https:\/\/www.esnautic.com\/de\/der-club\/der-vorstand\/","name":"Der Vorstand - Es N\u00e0utic","isPartOf":{"@id":"https:\/\/www.esnautic.com\/#website"},"primaryImageOfPage":{"@id":"https:\/\/www.esnautic.com\/de\/der-club\/der-vorstand\/#primaryimage"},"image":{"@id":"https:\/\/www.esnautic.com\/de\/der-club\/der-vorstand\/#primaryimage"},"thumbnailUrl":"https:\/\/www.esnautic.com\/wp-content\/uploads\/2022\/09\/DIRECTIVA.jpg","datePublished":"2022-09-14T06:57:00+00:00","dateModified":"2025-07-21T14:54:36+00:00","breadcrumb":{"@id":"https:\/\/www.esnautic.com\/de\/der-club\/der-vorstand\/#breadcrumb"},"inLanguage":"de","potentialAction":[{"@type":"ReadAction","target":["https:\/\/www.esnautic.com\/de\/der-club\/der-vorstand\/"]}]},{"@type":"ImageObject","inLanguage":"de","@id":"https:\/\/www.esnautic.com\/de\/der-club\/der-vorstand\/#primaryimage","url":"https:\/\/www.esnautic.com\/wp-content\/uploads\/2022\/09\/DIRECTIVA.jpg","contentUrl":"https:\/\/www.esnautic.com\/wp-content\/uploads\/2022\/09\/DIRECTIVA.jpg","width":750,"height":500},{"@type":"BreadcrumbList","@id":"https:\/\/www.esnautic.com\/de\/der-club\/der-vorstand\/#breadcrumb","itemListElement":[{"@type":"ListItem","position":1,"name":"Startseite","item":"https:\/\/www.esnautic.com\/de\/"},{"@type":"ListItem","position":2,"name":"Der Club","item":"https:\/\/www.esnautic.com\/de\/der-club\/"},{"@type":"ListItem","position":3,"name":"Der Vorstand"}]},{"@type":"WebSite","@id":"https:\/\/www.esnautic.com\/#website","url":"https:\/\/www.esnautic.com\/","name":"Es N\u00e0utic","description":"Club N\u00e0utic Sant Antoni","potentialAction":[{"@type":"SearchAction","target":{"@type":"EntryPoint","urlTemplate":"https:\/\/www.esnautic.com\/?s={search_term_string}"},"query-input":{"@type":"PropertyValueSpecification","valueRequired":true,"valueName":"search_term_string"}}],"inLanguage":"de"}]}},"_links":{"self":[{"href":"https:\/\/www.esnautic.com\/de\/wp-json\/wp\/v2\/pages\/29557","targetHints":{"allow":["GET"]}}],"collection":[{"href":"https:\/\/www.esnautic.com\/de\/wp-json\/wp\/v2\/pages"}],"about":[{"href":"https:\/\/www.esnautic.com\/de\/wp-json\/wp\/v2\/types\/page"}],"author":[{"embeddable":true,"href":"https:\/\/www.esnautic.com\/de\/wp-json\/wp\/v2\/users\/1"}],"replies":[{"embeddable":true,"href":"https:\/\/www.esnautic.com\/de\/wp-json\/wp\/v2\/comments?post=29557"}],"version-history":[{"count":2,"href":"https:\/\/www.esnautic.com\/de\/wp-json\/wp\/v2\/pages\/29557\/revisions"}],"predecessor-version":[{"id":29561,"href":"https:\/\/www.esnautic.com\/de\/wp-json\/wp\/v2\/pages\/29557\/revisions\/29561"}],"up":[{"embeddable":true,"href":"https:\/\/www.esnautic.com\/de\/wp-json\/wp\/v2\/pages\/29541"}],"wp:featuredmedia":[{"embeddable":true,"href":"https:\/\/www.esnautic.com\/de\/wp-json\/wp\/v2\/media\/29558"}],"wp:attachment":[{"href":"https:\/\/www.esnautic.com\/de\/wp-json\/wp\/v2\/media?parent=29557"}],"curies":[{"name":"wp","href":"https:\/\/api.w.org\/{rel}","templated":true}]}}