{"id":29591,"date":"2022-09-14T09:50:50","date_gmt":"2022-09-14T07:50:50","guid":{"rendered":"https:\/\/www.esnautic.com\/der-club\/quality-and-sustainability\/"},"modified":"2025-07-21T17:04:45","modified_gmt":"2025-07-21T15:04:45","slug":"qualitaetskontrolle-und-nachhaltigkeit","status":"publish","type":"page","link":"https:\/\/www.esnautic.com\/de\/der-club\/qualitaetskontrolle-und-nachhaltigkeit\/","title":{"rendered":"Qualit\u00e4tskontrolle und Nachhaltigkeit"},"content":{"rendered":"<div class=\"wpb-content-wrapper\"><p>[vc_row][vc_column][vc_column_text css=&#8220;&#8220; el_class=&#8220;subtit_page&#8220;]<\/p>\n<h2>Der Club N\u00e0utic Sant Antoni arbeitet mit einem integriertem Verwaltungssystem, das sich um die Instandhaltung unserer Anlagen, um Organisatorisches und die Einhaltung der ISO-Normen f\u00fcr Qualit\u00e4tsmanagement (ISO 9001), Umweltmanagementsysteme (ISO 14001) und Arbeitsschutzmanagementsysteme (ISO 45001) k\u00fcmmert. Zus\u00e4tzlich hat der Club das G\u00fctesiegel \u201eQ\u201c des Spanischen Instituts zur Qualit\u00e4tskontrolle im Tourismusbereich erhalten. Dar\u00fcber hinaus arbeiten wir an einem Plan zur Reduktion unseres CO2-Fu\u00dfabdrucks, der auf Analysen, Berechnungen, der Reduktion von Treibhausgasen und einem CO2-Ausgleich gem\u00e4\u00df ISO 14046 beruht.<\/h2>\n<p>[\/vc_column_text][vc_single_image image=&#8220;1529&#8243; img_size=&#8220;full&#8220;][\/vc_column][\/vc_row][vc_row][vc_column][vc_column_text css=&#8220;&#8220;]Im Rahmen dieser Verbesserungsstrategie in Bezug auf allgemeine Qualit\u00e4t, Umwelt- und Arbeitsschutz hat der Vorstand mit Hilfe des gesamten Personals einige Richtlinien f\u00fcr den gesamten Betrieb erarbeitet, die nachstehend aufgef\u00fchrt sind:<\/p>\n<ul>\n<li>Die Effizienz des integrierten Verwaltungssystems erhalten und verbessern, gem\u00e4\u00df den folgenden Normen: UNE-EN-ISO 9001, UNE-EN- ISO 14001, UNE-EN-ISO 45001, UNE-ISO 13687-3 und UNE-ISO 14064.<\/li>\n<li>Streben nach der Zufriedenheit der Mitglieder, Kunden und anderen beteiligten Parteien durch die Analyse ihrer Bed\u00fcrfnisse und Erwartungen.<\/li>\n<li>Einhaltung der rechtlichen Vorgaben und Vorschriften, die f\u00fcr unseren Club gelten.<\/li>\n<li>Beitrag zur F\u00f6rderung und Durchf\u00fchrung erg\u00e4nzender nautischer Aufgaben, die \u00fcber den sozialen und\/oder sportlichen Bereich hinausgehen und Engagement f\u00fcr die Verbreitung des Tourismus vor Ort.<\/li>\n<li>Bereitstellen der erforderlichen Mittel f\u00fcr die Belegschaft sowie deren Weiterbildung.<\/li>\n<li>Effiziente Nutzung des Informationsflusses, der uns aus der Organisationsebene und \u00fcber die Kommunikationskan\u00e4le des Clubs erreicht.<\/li>\n<li>Umsetzung der Ma\u00dfnahmen f\u00fcr Umwelt- und Arbeitsschutz f\u00fcr unsere Mitglieder und Nutzer.<\/li>\n<li>Informieren der Mitarbeiter \u00fcber die Ziele und die Verbesserung der Qualit\u00e4tskontrolle sowie Motivation zur Mithilfe.<\/li>\n<li>Aufarbeiten von Fehlern, um Risiken und deren Ursachen zu beseitigen.<\/li>\n<li>Die h\u00f6chste Priorit\u00e4t des Vorstands ist die N\u00e4he zu unseren Mitgliedern, damit diese Ideen, Anregungen und Beschwerden einbringen.<\/li>\n<li>Organisation des Clubs mit Verantwortungsbewusstsein unseren Angestellten gegen\u00fcber, in Bezug auf Begleichung der Rechnungen, Transparenz, ethisches Verhalten und Respekt der Menschenrechte.<\/li>\n<li>Das Ziel, in unserer Organisationsstruktur auf allen Ebenen Chancengleichheit f\u00fcr Frauen und M\u00e4nner zu schaffen.<\/li>\n<\/ul>\n<p>[\/vc_column_text][vc_wp_custommenu title=&#8220;Weitere Bereiche des Clubs&#8220; nav_menu=&#8220;70&#8243; el_class=&#8220;menupag&#8220;][\/vc_column][\/vc_row]<\/p>\n<\/div>","protected":false},"excerpt":{"rendered":"<p>Das Tagesgesch\u00e4ft wird von einer Gesch\u00e4ftsf\u00fchrung , bestehend aus den Vorstandsmitgliedern, \u00fcbernommen, die f\u00fcr die Qualit\u00e4tskontrolle, Nachhaltigkeit und Sicherheit aller Aktivit\u00e4ten zust\u00e4ndig ist.<\/p>\n","protected":false},"author":1,"featured_media":29564,"parent":29541,"menu_order":0,"comment_status":"closed","ping_status":"closed","template":"","meta":{"_acf_changed":false,"jnews_page_loop":{"enable_page_loop":"0","first_title":"Latest Post","second_title":"","header_type":"heading_6","header_background":"","header_text_color":"","layout":"right-sidebar","sidebar":"default-sidebar","second_sidebar":"default-sidebar","sticky_sidebar":"1","module":"3","boxed":"0","boxed_shadow":"0","box_shadow":"0","excerpt_length":"20","content_date":"default","date_custom":"Y\/m\/d","content_pagination":"nav_1","pagination_align":"center","show_navtext":"0","show_pageinfo":"0","post_offset":"0","posts_per_page":"5","include_post":"","exclude_post":"","include_category":"","exclude_category":"","include_author":"","include_tag":"","exclude_tag":"","sort_by":"latest","main_custom_image_size":"default","second_custom_image_size":"default","post_sticky":"0"},"jnews_single_page":{"layout":"right-sidebar","sidebar":"gen-aleman","second_sidebar":"default-sidebar","sticky_sidebar":"1","show_post_featured":"0","show_post_meta":"0","share_position":"hide","share_color":"share-monocrhome","show_post_title":"1","show_post_breadcrumbs":"1"},"footnotes":""},"class_list":["post-29591","page","type-page","status-publish","has-post-thumbnail","hentry"],"acf":[],"yoast_head":"<!-- This site is optimized with the Yoast SEO plugin v26.7 - https:\/\/yoast.com\/wordpress\/plugins\/seo\/ -->\n<title>Qualit\u00e4tskontrolle und Nachhaltigkeit - Es N\u00e0utic<\/title>\n<meta name=\"robots\" content=\"index, follow, max-snippet:-1, max-image-preview:large, max-video-preview:-1\" \/>\n<link rel=\"canonical\" href=\"https:\/\/www.esnautic.com\/de\/der-club\/qualitaetskontrolle-und-nachhaltigkeit\/\" \/>\n<meta property=\"og:locale\" content=\"de_DE\" \/>\n<meta property=\"og:type\" content=\"article\" \/>\n<meta property=\"og:title\" content=\"Qualit\u00e4tskontrolle und Nachhaltigkeit - Es N\u00e0utic\" \/>\n<meta property=\"og:description\" content=\"Das Tagesgesch\u00e4ft wird von einer Gesch\u00e4ftsf\u00fchrung , bestehend aus den Vorstandsmitgliedern, \u00fcbernommen, die f\u00fcr die Qualit\u00e4tskontrolle, Nachhaltigkeit und Sicherheit aller Aktivit\u00e4ten zust\u00e4ndig ist.\" \/>\n<meta property=\"og:url\" content=\"https:\/\/www.esnautic.com\/de\/der-club\/qualitaetskontrolle-und-nachhaltigkeit\/\" \/>\n<meta property=\"og:site_name\" content=\"Es N\u00e0utic\" \/>\n<meta property=\"article:modified_time\" content=\"2025-07-21T15:04:45+00:00\" \/>\n<meta property=\"og:image\" content=\"https:\/\/www.esnautic.com\/wp-content\/uploads\/2022\/09\/Es-Nautic-28.jpg\" \/>\n\t<meta property=\"og:image:width\" content=\"750\" \/>\n\t<meta property=\"og:image:height\" content=\"422\" \/>\n\t<meta property=\"og:image:type\" content=\"image\/jpeg\" \/>\n<meta name=\"twitter:card\" content=\"summary_large_image\" \/>\n<meta name=\"twitter:label1\" content=\"Gesch\u00e4tzte Lesezeit\" \/>\n\t<meta name=\"twitter:data1\" content=\"2\u00a0Minuten\" \/>\n<script type=\"application\/ld+json\" class=\"yoast-schema-graph\">{\"@context\":\"https:\/\/schema.org\",\"@graph\":[{\"@type\":\"WebPage\",\"@id\":\"https:\/\/www.esnautic.com\/de\/der-club\/qualitaetskontrolle-und-nachhaltigkeit\/\",\"url\":\"https:\/\/www.esnautic.com\/de\/der-club\/qualitaetskontrolle-und-nachhaltigkeit\/\",\"name\":\"Qualit\u00e4tskontrolle und Nachhaltigkeit - Es N\u00e0utic\",\"isPartOf\":{\"@id\":\"https:\/\/www.esnautic.com\/#website\"},\"primaryImageOfPage\":{\"@id\":\"https:\/\/www.esnautic.com\/de\/der-club\/qualitaetskontrolle-und-nachhaltigkeit\/#primaryimage\"},\"image\":{\"@id\":\"https:\/\/www.esnautic.com\/de\/der-club\/qualitaetskontrolle-und-nachhaltigkeit\/#primaryimage\"},\"thumbnailUrl\":\"https:\/\/www.esnautic.com\/wp-content\/uploads\/2022\/09\/Es-Nautic-28.jpg\",\"datePublished\":\"2022-09-14T07:50:50+00:00\",\"dateModified\":\"2025-07-21T15:04:45+00:00\",\"breadcrumb\":{\"@id\":\"https:\/\/www.esnautic.com\/de\/der-club\/qualitaetskontrolle-und-nachhaltigkeit\/#breadcrumb\"},\"inLanguage\":\"de\",\"potentialAction\":[{\"@type\":\"ReadAction\",\"target\":[\"https:\/\/www.esnautic.com\/de\/der-club\/qualitaetskontrolle-und-nachhaltigkeit\/\"]}]},{\"@type\":\"ImageObject\",\"inLanguage\":\"de\",\"@id\":\"https:\/\/www.esnautic.com\/de\/der-club\/qualitaetskontrolle-und-nachhaltigkeit\/#primaryimage\",\"url\":\"https:\/\/www.esnautic.com\/wp-content\/uploads\/2022\/09\/Es-Nautic-28.jpg\",\"contentUrl\":\"https:\/\/www.esnautic.com\/wp-content\/uploads\/2022\/09\/Es-Nautic-28.jpg\",\"width\":750,\"height\":422},{\"@type\":\"BreadcrumbList\",\"@id\":\"https:\/\/www.esnautic.com\/de\/der-club\/qualitaetskontrolle-und-nachhaltigkeit\/#breadcrumb\",\"itemListElement\":[{\"@type\":\"ListItem\",\"position\":1,\"name\":\"Startseite\",\"item\":\"https:\/\/www.esnautic.com\/de\/\"},{\"@type\":\"ListItem\",\"position\":2,\"name\":\"Der Club\",\"item\":\"https:\/\/www.esnautic.com\/de\/der-club\/\"},{\"@type\":\"ListItem\",\"position\":3,\"name\":\"Qualit\u00e4tskontrolle und Nachhaltigkeit\"}]},{\"@type\":\"WebSite\",\"@id\":\"https:\/\/www.esnautic.com\/#website\",\"url\":\"https:\/\/www.esnautic.com\/\",\"name\":\"Es N\u00e0utic\",\"description\":\"Club N\u00e0utic Sant Antoni\",\"potentialAction\":[{\"@type\":\"SearchAction\",\"target\":{\"@type\":\"EntryPoint\",\"urlTemplate\":\"https:\/\/www.esnautic.com\/?s={search_term_string}\"},\"query-input\":{\"@type\":\"PropertyValueSpecification\",\"valueRequired\":true,\"valueName\":\"search_term_string\"}}],\"inLanguage\":\"de\"}]}<\/script>\n<!-- \/ Yoast SEO plugin. -->","yoast_head_json":{"title":"Qualit\u00e4tskontrolle und Nachhaltigkeit - Es N\u00e0utic","robots":{"index":"index","follow":"follow","max-snippet":"max-snippet:-1","max-image-preview":"max-image-preview:large","max-video-preview":"max-video-preview:-1"},"canonical":"https:\/\/www.esnautic.com\/de\/der-club\/qualitaetskontrolle-und-nachhaltigkeit\/","og_locale":"de_DE","og_type":"article","og_title":"Qualit\u00e4tskontrolle und Nachhaltigkeit - Es N\u00e0utic","og_description":"Das Tagesgesch\u00e4ft wird von einer Gesch\u00e4ftsf\u00fchrung , bestehend aus den Vorstandsmitgliedern, \u00fcbernommen, die f\u00fcr die Qualit\u00e4tskontrolle, Nachhaltigkeit und Sicherheit aller Aktivit\u00e4ten zust\u00e4ndig ist.","og_url":"https:\/\/www.esnautic.com\/de\/der-club\/qualitaetskontrolle-und-nachhaltigkeit\/","og_site_name":"Es N\u00e0utic","article_modified_time":"2025-07-21T15:04:45+00:00","og_image":[{"width":750,"height":422,"url":"https:\/\/www.esnautic.com\/wp-content\/uploads\/2022\/09\/Es-Nautic-28.jpg","type":"image\/jpeg"}],"twitter_card":"summary_large_image","twitter_misc":{"Gesch\u00e4tzte Lesezeit":"2\u00a0Minuten"},"schema":{"@context":"https:\/\/schema.org","@graph":[{"@type":"WebPage","@id":"https:\/\/www.esnautic.com\/de\/der-club\/qualitaetskontrolle-und-nachhaltigkeit\/","url":"https:\/\/www.esnautic.com\/de\/der-club\/qualitaetskontrolle-und-nachhaltigkeit\/","name":"Qualit\u00e4tskontrolle und Nachhaltigkeit - Es N\u00e0utic","isPartOf":{"@id":"https:\/\/www.esnautic.com\/#website"},"primaryImageOfPage":{"@id":"https:\/\/www.esnautic.com\/de\/der-club\/qualitaetskontrolle-und-nachhaltigkeit\/#primaryimage"},"image":{"@id":"https:\/\/www.esnautic.com\/de\/der-club\/qualitaetskontrolle-und-nachhaltigkeit\/#primaryimage"},"thumbnailUrl":"https:\/\/www.esnautic.com\/wp-content\/uploads\/2022\/09\/Es-Nautic-28.jpg","datePublished":"2022-09-14T07:50:50+00:00","dateModified":"2025-07-21T15:04:45+00:00","breadcrumb":{"@id":"https:\/\/www.esnautic.com\/de\/der-club\/qualitaetskontrolle-und-nachhaltigkeit\/#breadcrumb"},"inLanguage":"de","potentialAction":[{"@type":"ReadAction","target":["https:\/\/www.esnautic.com\/de\/der-club\/qualitaetskontrolle-und-nachhaltigkeit\/"]}]},{"@type":"ImageObject","inLanguage":"de","@id":"https:\/\/www.esnautic.com\/de\/der-club\/qualitaetskontrolle-und-nachhaltigkeit\/#primaryimage","url":"https:\/\/www.esnautic.com\/wp-content\/uploads\/2022\/09\/Es-Nautic-28.jpg","contentUrl":"https:\/\/www.esnautic.com\/wp-content\/uploads\/2022\/09\/Es-Nautic-28.jpg","width":750,"height":422},{"@type":"BreadcrumbList","@id":"https:\/\/www.esnautic.com\/de\/der-club\/qualitaetskontrolle-und-nachhaltigkeit\/#breadcrumb","itemListElement":[{"@type":"ListItem","position":1,"name":"Startseite","item":"https:\/\/www.esnautic.com\/de\/"},{"@type":"ListItem","position":2,"name":"Der Club","item":"https:\/\/www.esnautic.com\/de\/der-club\/"},{"@type":"ListItem","position":3,"name":"Qualit\u00e4tskontrolle und Nachhaltigkeit"}]},{"@type":"WebSite","@id":"https:\/\/www.esnautic.com\/#website","url":"https:\/\/www.esnautic.com\/","name":"Es N\u00e0utic","description":"Club N\u00e0utic Sant Antoni","potentialAction":[{"@type":"SearchAction","target":{"@type":"EntryPoint","urlTemplate":"https:\/\/www.esnautic.com\/?s={search_term_string}"},"query-input":{"@type":"PropertyValueSpecification","valueRequired":true,"valueName":"search_term_string"}}],"inLanguage":"de"}]}},"_links":{"self":[{"href":"https:\/\/www.esnautic.com\/de\/wp-json\/wp\/v2\/pages\/29591","targetHints":{"allow":["GET"]}}],"collection":[{"href":"https:\/\/www.esnautic.com\/de\/wp-json\/wp\/v2\/pages"}],"about":[{"href":"https:\/\/www.esnautic.com\/de\/wp-json\/wp\/v2\/types\/page"}],"author":[{"embeddable":true,"href":"https:\/\/www.esnautic.com\/de\/wp-json\/wp\/v2\/users\/1"}],"replies":[{"embeddable":true,"href":"https:\/\/www.esnautic.com\/de\/wp-json\/wp\/v2\/comments?post=29591"}],"version-history":[{"count":2,"href":"https:\/\/www.esnautic.com\/de\/wp-json\/wp\/v2\/pages\/29591\/revisions"}],"predecessor-version":[{"id":29593,"href":"https:\/\/www.esnautic.com\/de\/wp-json\/wp\/v2\/pages\/29591\/revisions\/29593"}],"up":[{"embeddable":true,"href":"https:\/\/www.esnautic.com\/de\/wp-json\/wp\/v2\/pages\/29541"}],"wp:featuredmedia":[{"embeddable":true,"href":"https:\/\/www.esnautic.com\/de\/wp-json\/wp\/v2\/media\/29564"}],"wp:attachment":[{"href":"https:\/\/www.esnautic.com\/de\/wp-json\/wp\/v2\/media?parent=29591"}],"curies":[{"name":"wp","href":"https:\/\/api.w.org\/{rel}","templated":true}]}}