{"id":29662,"date":"2022-09-29T13:59:21","date_gmt":"2022-09-29T11:59:21","guid":{"rendered":"https:\/\/www.esnautic.com\/sportbereich\/sailing\/"},"modified":"2025-07-21T17:24:48","modified_gmt":"2025-07-21T15:24:48","slug":"segeln","status":"publish","type":"page","link":"https:\/\/www.esnautic.com\/de\/sportbereich\/segeln\/","title":{"rendered":"Segeln"},"content":{"rendered":"<div class=\"wpb-content-wrapper\"><p>[vc_row][vc_column][vc_column_text css=&#8220;&#8220; el_class=&#8220;subtit_page&#8220;]<\/p>\n<h2>In unserer Segelabteilung trainieren ungef\u00e4hr 70 Regatta-Athleten in den Klassen Optimist, Ilca und Windsurfen. Au\u00dferdem verf\u00fcgen wir \u00fcber eine eigene Flotte von 20 traditionellen Booten und Segelyachten.<\/h2>\n<p>[\/vc_column_text][\/vc_column][\/vc_row][vc_row][vc_column][vc_basic_grid post_type=&#8220;custom&#8220; element_width=&#8220;6&#8243; item=&#8220;2587&#8243; grid_id=&#8220;vc_gid:1753111433449-cac2f56a-244f-0&#8243; custom_query=&#8220;post_type=page&amp;posts_per_page=-1&amp;post_parent=2917&amp;orderby=name&amp;order=DESC&#8220;][\/vc_column][\/vc_row][vc_row disable_element=&#8220;yes&#8220; vc_row_background=&#8220;&#8220;][vc_column][vc_wp_custommenu title=&#8220;M\u00e1s secciones del \u00e1rea deportiva&#8220; nav_menu=&#8220;68&#8243; el_class=&#8220;menupag&#8220;][vc_column_text el_class=&#8220;ipdf&#8220;]<a href=\"https:\/\/www.esnautic.com\/wp-content\/uploads\/2023\/01\/Acontecimientos-deportivos-CNSA-2023-2.pdf\" target=\"_blank\" rel=\"noopener\">Acontecimientos deportivos CNSA 2023<\/a>[\/vc_column_text][\/vc_column][\/vc_row][vc_row][vc_column css=&#8220;.vc_custom_1673422170068{margin-top: 60px !important;}&#8220;][vc_single_image image=&#8220;15673&#8243; img_size=&#8220;full&#8220; onclick=&#8220;link_image&#8220;][\/vc_column][\/vc_row]<\/p>\n<\/div>","protected":false},"excerpt":{"rendered":"<p>[vc_row][vc_column][vc_column_text css=&#8220;&#8220; el_class=&#8220;subtit_page&#8220;] In unserer Segelabteilung trainieren ungef\u00e4hr 70 Regatta-Athleten in den Klassen Optimist, Ilca und Windsurfen. Au\u00dferdem verf\u00fcgen wir \u00fcber eine eigene Flotte von 20 traditionellen Booten und Segelyachten. [&hellip;]<\/p>\n","protected":false},"author":1,"featured_media":0,"parent":29651,"menu_order":0,"comment_status":"closed","ping_status":"closed","template":"","meta":{"_acf_changed":false,"jnews_page_loop":{"enable_page_loop":"0","first_title":"Latest Post","second_title":"","header_type":"heading_6","header_background":"","header_text_color":"","layout":"right-sidebar","sidebar":"default-sidebar","second_sidebar":"default-sidebar","sticky_sidebar":"1","module":"3","boxed":"0","boxed_shadow":"0","box_shadow":"0","excerpt_length":"20","content_date":"default","date_custom":"Y\/m\/d","content_pagination":"nav_1","pagination_align":"center","show_navtext":"0","show_pageinfo":"0","post_offset":"0","posts_per_page":"5","include_post":"","exclude_post":"","include_category":"","exclude_category":"","include_author":"","include_tag":"","exclude_tag":"","sort_by":"latest","main_custom_image_size":"default","second_custom_image_size":"default","post_sticky":"0"},"jnews_single_page":{"layout":"right-sidebar","sidebar":"gen-aleman","second_sidebar":"default-sidebar","sticky_sidebar":"1","show_post_featured":"0","show_post_meta":"0","share_position":"hide","share_color":"share-monocrhome","show_post_title":"1","show_post_breadcrumbs":"1"},"footnotes":""},"class_list":["post-29662","page","type-page","status-publish","hentry"],"acf":[],"yoast_head":"<!-- This site is optimized with the Yoast SEO plugin v26.7 - https:\/\/yoast.com\/wordpress\/plugins\/seo\/ -->\n<title>Segeln - Es N\u00e0utic<\/title>\n<meta name=\"robots\" content=\"index, follow, max-snippet:-1, max-image-preview:large, max-video-preview:-1\" \/>\n<link rel=\"canonical\" href=\"https:\/\/www.esnautic.com\/de\/sportbereich\/segeln\/\" \/>\n<meta property=\"og:locale\" content=\"de_DE\" \/>\n<meta property=\"og:type\" content=\"article\" \/>\n<meta property=\"og:title\" content=\"Segeln - Es N\u00e0utic\" \/>\n<meta property=\"og:description\" content=\"[vc_row][vc_column][vc_column_text css=&#8220;&#8220; el_class=&#8220;subtit_page&#8220;] In unserer Segelabteilung trainieren ungef\u00e4hr 70 Regatta-Athleten in den Klassen Optimist, Ilca und Windsurfen. Au\u00dferdem verf\u00fcgen wir \u00fcber eine eigene Flotte von 20 traditionellen Booten und Segelyachten. [&hellip;]\" \/>\n<meta property=\"og:url\" content=\"https:\/\/www.esnautic.com\/de\/sportbereich\/segeln\/\" \/>\n<meta property=\"og:site_name\" content=\"Es N\u00e0utic\" \/>\n<meta property=\"article:modified_time\" content=\"2025-07-21T15:24:48+00:00\" \/>\n<meta name=\"twitter:card\" content=\"summary_large_image\" \/>\n<meta name=\"twitter:label1\" content=\"Gesch\u00e4tzte Lesezeit\" \/>\n\t<meta name=\"twitter:data1\" content=\"1\u00a0Minute\" \/>\n<script type=\"application\/ld+json\" class=\"yoast-schema-graph\">{\"@context\":\"https:\/\/schema.org\",\"@graph\":[{\"@type\":\"WebPage\",\"@id\":\"https:\/\/www.esnautic.com\/de\/sportbereich\/segeln\/\",\"url\":\"https:\/\/www.esnautic.com\/de\/sportbereich\/segeln\/\",\"name\":\"Segeln - Es N\u00e0utic\",\"isPartOf\":{\"@id\":\"https:\/\/www.esnautic.com\/#website\"},\"datePublished\":\"2022-09-29T11:59:21+00:00\",\"dateModified\":\"2025-07-21T15:24:48+00:00\",\"breadcrumb\":{\"@id\":\"https:\/\/www.esnautic.com\/de\/sportbereich\/segeln\/#breadcrumb\"},\"inLanguage\":\"de\",\"potentialAction\":[{\"@type\":\"ReadAction\",\"target\":[\"https:\/\/www.esnautic.com\/de\/sportbereich\/segeln\/\"]}]},{\"@type\":\"BreadcrumbList\",\"@id\":\"https:\/\/www.esnautic.com\/de\/sportbereich\/segeln\/#breadcrumb\",\"itemListElement\":[{\"@type\":\"ListItem\",\"position\":1,\"name\":\"Startseite\",\"item\":\"https:\/\/www.esnautic.com\/de\/\"},{\"@type\":\"ListItem\",\"position\":2,\"name\":\"Sportbereich\",\"item\":\"https:\/\/www.esnautic.com\/de\/sportbereich\/\"},{\"@type\":\"ListItem\",\"position\":3,\"name\":\"Segeln\"}]},{\"@type\":\"WebSite\",\"@id\":\"https:\/\/www.esnautic.com\/#website\",\"url\":\"https:\/\/www.esnautic.com\/\",\"name\":\"Es N\u00e0utic\",\"description\":\"Club N\u00e0utic Sant Antoni\",\"potentialAction\":[{\"@type\":\"SearchAction\",\"target\":{\"@type\":\"EntryPoint\",\"urlTemplate\":\"https:\/\/www.esnautic.com\/?s={search_term_string}\"},\"query-input\":{\"@type\":\"PropertyValueSpecification\",\"valueRequired\":true,\"valueName\":\"search_term_string\"}}],\"inLanguage\":\"de\"}]}<\/script>\n<!-- \/ Yoast SEO plugin. -->","yoast_head_json":{"title":"Segeln - Es N\u00e0utic","robots":{"index":"index","follow":"follow","max-snippet":"max-snippet:-1","max-image-preview":"max-image-preview:large","max-video-preview":"max-video-preview:-1"},"canonical":"https:\/\/www.esnautic.com\/de\/sportbereich\/segeln\/","og_locale":"de_DE","og_type":"article","og_title":"Segeln - Es N\u00e0utic","og_description":"[vc_row][vc_column][vc_column_text css=&#8220;&#8220; el_class=&#8220;subtit_page&#8220;] In unserer Segelabteilung trainieren ungef\u00e4hr 70 Regatta-Athleten in den Klassen Optimist, Ilca und Windsurfen. Au\u00dferdem verf\u00fcgen wir \u00fcber eine eigene Flotte von 20 traditionellen Booten und Segelyachten. [&hellip;]","og_url":"https:\/\/www.esnautic.com\/de\/sportbereich\/segeln\/","og_site_name":"Es N\u00e0utic","article_modified_time":"2025-07-21T15:24:48+00:00","twitter_card":"summary_large_image","twitter_misc":{"Gesch\u00e4tzte Lesezeit":"1\u00a0Minute"},"schema":{"@context":"https:\/\/schema.org","@graph":[{"@type":"WebPage","@id":"https:\/\/www.esnautic.com\/de\/sportbereich\/segeln\/","url":"https:\/\/www.esnautic.com\/de\/sportbereich\/segeln\/","name":"Segeln - Es N\u00e0utic","isPartOf":{"@id":"https:\/\/www.esnautic.com\/#website"},"datePublished":"2022-09-29T11:59:21+00:00","dateModified":"2025-07-21T15:24:48+00:00","breadcrumb":{"@id":"https:\/\/www.esnautic.com\/de\/sportbereich\/segeln\/#breadcrumb"},"inLanguage":"de","potentialAction":[{"@type":"ReadAction","target":["https:\/\/www.esnautic.com\/de\/sportbereich\/segeln\/"]}]},{"@type":"BreadcrumbList","@id":"https:\/\/www.esnautic.com\/de\/sportbereich\/segeln\/#breadcrumb","itemListElement":[{"@type":"ListItem","position":1,"name":"Startseite","item":"https:\/\/www.esnautic.com\/de\/"},{"@type":"ListItem","position":2,"name":"Sportbereich","item":"https:\/\/www.esnautic.com\/de\/sportbereich\/"},{"@type":"ListItem","position":3,"name":"Segeln"}]},{"@type":"WebSite","@id":"https:\/\/www.esnautic.com\/#website","url":"https:\/\/www.esnautic.com\/","name":"Es N\u00e0utic","description":"Club N\u00e0utic Sant Antoni","potentialAction":[{"@type":"SearchAction","target":{"@type":"EntryPoint","urlTemplate":"https:\/\/www.esnautic.com\/?s={search_term_string}"},"query-input":{"@type":"PropertyValueSpecification","valueRequired":true,"valueName":"search_term_string"}}],"inLanguage":"de"}]}},"_links":{"self":[{"href":"https:\/\/www.esnautic.com\/de\/wp-json\/wp\/v2\/pages\/29662","targetHints":{"allow":["GET"]}}],"collection":[{"href":"https:\/\/www.esnautic.com\/de\/wp-json\/wp\/v2\/pages"}],"about":[{"href":"https:\/\/www.esnautic.com\/de\/wp-json\/wp\/v2\/types\/page"}],"author":[{"embeddable":true,"href":"https:\/\/www.esnautic.com\/de\/wp-json\/wp\/v2\/users\/1"}],"replies":[{"embeddable":true,"href":"https:\/\/www.esnautic.com\/de\/wp-json\/wp\/v2\/comments?post=29662"}],"version-history":[{"count":1,"href":"https:\/\/www.esnautic.com\/de\/wp-json\/wp\/v2\/pages\/29662\/revisions"}],"predecessor-version":[{"id":29672,"href":"https:\/\/www.esnautic.com\/de\/wp-json\/wp\/v2\/pages\/29662\/revisions\/29672"}],"up":[{"embeddable":true,"href":"https:\/\/www.esnautic.com\/de\/wp-json\/wp\/v2\/pages\/29651"}],"wp:attachment":[{"href":"https:\/\/www.esnautic.com\/de\/wp-json\/wp\/v2\/media?parent=29662"}],"curies":[{"name":"wp","href":"https:\/\/api.w.org\/{rel}","templated":true}]}}