{"id":29783,"date":"2022-09-27T09:44:34","date_gmt":"2022-09-27T07:44:34","guid":{"rendered":"https:\/\/www.esnautic.com\/natur-und-umwelt\/kulturerbe\/aquarium-de-es-cap-blanc\/"},"modified":"2025-07-23T11:40:52","modified_gmt":"2025-07-23T09:40:52","slug":"aquarium-cap-blanc","status":"publish","type":"page","link":"https:\/\/www.esnautic.com\/de\/natur-und-umwelt\/kulturerbe\/aquarium-cap-blanc\/","title":{"rendered":"Aquarium Cap Blanc"},"content":{"rendered":"<div class=\"wpb-content-wrapper\"><p>[vc_row][vc_column][vc_gallery type=&#8220;flexslider_slide&#8220; interval=&#8220;3&#8243; images=&#8220;2061,2063,2065,2067&#8243; img_size=&#8220;full&#8220;][vc_column_text css=&#8220;&#8220;]<span style=\"font-weight: 400;\">Das <\/span><a href=\"https:\/\/aquariumcapblanc.com\/\" target=\"_blank\" rel=\"noopener\"><span style=\"font-weight: 400;\">Aquarium Cap Blanc<\/span><\/a><span style=\"font-weight: 400;\"> befindet sich am Stadtrand von Sant Antoni, an der Stra\u00dfe nach Cala Graci\u00f3, in einer Meeresh\u00f6hle, die auch als Cova de ses Llagostes oder Cova des Vell Mar\u00ed bekannt ist. Mit letzterem Namen werden auf Ibizenkisch die M\u00f6nchsrobben bezeichnet, die fr\u00fcher hier ihren Unterschlupf fanden. Der Name \u201eSes Llagostes\u201c kommt daher, dass hier jahrzehntelang die \u00fcbersch\u00fcssigen Langusten aufbewahrt wurden, die die Fischer nicht verkaufen konnten. Das Innere der H\u00f6hle, die \u00fcber f\u00fcnf kleine Eing\u00e4nge mit dem Meer verbunden ist, fungierte als riesige Aufzuchtstation, wo die Krustentiere gehalten wurden, bis die Nachfrage wieder anstieg. Dann wurden sie auch nach Palma, Barcelona und andere H\u00e4fen auf dem spanischen Festland verschickt.<\/span><\/p>\n<p><span style=\"font-weight: 400;\">Die H\u00f6hle ist etwa 370 Quadratmeter gro\u00df und man kann sie entlang eines Stegs \u00fcber dem Wasser erkunden. Dabei kann man die bedeutendsten Meeresbewohner der Pityusen beobachten, wie zum Beispiel Zackenbarsche, Langusten oder Rochen und viele andere. Das Aquarium wurde 1989 gegr\u00fcndet und beherbergt auch das Zentrum zur Rettung von Meerestieren (CREM). Deshalb kann man hier oft Tiere vorfinden, die unter Beobachtung stehen, bevor sie wieder ins Meer zur\u00fcckgebracht werden. Am h\u00e4ufigsten sieht man Meeresschildkr\u00f6ten. Neben dem Aquarium befindet sich eine kleine, direkt am Meer gelegene Terrasse mit Restauration. An Sommerabenden finden hier mehrmals pro Woche die beliebten Sardinenessen statt.<\/span>[\/vc_column_text][\/vc_column][\/vc_row]<\/p>\n<\/div>","protected":false},"excerpt":{"rendered":"<p>[vc_row][vc_column][vc_gallery type=&#8220;flexslider_slide&#8220; interval=&#8220;3&#8243; images=&#8220;2061,2063,2065,2067&#8243; img_size=&#8220;full&#8220;][vc_column_text css=&#8220;&#8220;]Das Aquarium Cap Blanc befindet sich am Stadtrand von Sant Antoni, an der Stra\u00dfe nach Cala Graci\u00f3, in einer Meeresh\u00f6hle, die auch als Cova de [&hellip;]<\/p>\n","protected":false},"author":1,"featured_media":29785,"parent":29536,"menu_order":0,"comment_status":"closed","ping_status":"closed","template":"","meta":{"_acf_changed":false,"jnews_page_loop":{"enable_page_loop":"0","first_title":"Latest Post","second_title":"","header_type":"heading_6","header_background":"","header_text_color":"","layout":"right-sidebar","sidebar":"default-sidebar","second_sidebar":"default-sidebar","sticky_sidebar":"1","module":"3","boxed":"0","boxed_shadow":"0","box_shadow":"0","excerpt_length":"20","content_date":"default","date_custom":"Y\/m\/d","content_pagination":"nav_1","pagination_align":"center","show_navtext":"0","show_pageinfo":"0","post_offset":"0","posts_per_page":"5","include_post":"","exclude_post":"","include_category":"","exclude_category":"","include_author":"","include_tag":"","exclude_tag":"","sort_by":"latest","main_custom_image_size":"default","second_custom_image_size":"default","post_sticky":"0"},"jnews_single_page":{"layout":"right-sidebar","sidebar":"gen-aleman","second_sidebar":"default-sidebar","sticky_sidebar":"1","show_post_featured":"0","show_post_meta":"0","share_position":"hide","share_color":"share-monocrhome","show_post_title":"1","show_post_breadcrumbs":"1"},"footnotes":""},"class_list":["post-29783","page","type-page","status-publish","has-post-thumbnail","hentry"],"acf":[],"yoast_head":"<!-- This site is optimized with the Yoast SEO plugin v26.7 - https:\/\/yoast.com\/wordpress\/plugins\/seo\/ -->\n<title>Aquarium Cap Blanc - Es N\u00e0utic<\/title>\n<meta name=\"robots\" content=\"index, follow, max-snippet:-1, max-image-preview:large, max-video-preview:-1\" \/>\n<link rel=\"canonical\" href=\"https:\/\/www.esnautic.com\/de\/natur-und-umwelt\/kulturerbe\/aquarium-cap-blanc\/\" \/>\n<meta property=\"og:locale\" content=\"de_DE\" \/>\n<meta property=\"og:type\" content=\"article\" \/>\n<meta property=\"og:title\" content=\"Aquarium Cap Blanc - Es N\u00e0utic\" \/>\n<meta property=\"og:description\" content=\"[vc_row][vc_column][vc_gallery type=&#8220;flexslider_slide&#8220; interval=&#8220;3&#8243; images=&#8220;2061,2063,2065,2067&#8243; img_size=&#8220;full&#8220;][vc_column_text css=&#8220;&#8220;]Das Aquarium Cap Blanc befindet sich am Stadtrand von Sant Antoni, an der Stra\u00dfe nach Cala Graci\u00f3, in einer Meeresh\u00f6hle, die auch als Cova de [&hellip;]\" \/>\n<meta property=\"og:url\" content=\"https:\/\/www.esnautic.com\/de\/natur-und-umwelt\/kulturerbe\/aquarium-cap-blanc\/\" \/>\n<meta property=\"og:site_name\" content=\"Es N\u00e0utic\" \/>\n<meta property=\"article:modified_time\" content=\"2025-07-23T09:40:52+00:00\" \/>\n<meta property=\"og:image\" content=\"https:\/\/www.esnautic.com\/wp-content\/uploads\/2022\/09\/DSC04625.jpg\" \/>\n\t<meta property=\"og:image:width\" content=\"1200\" \/>\n\t<meta property=\"og:image:height\" content=\"800\" \/>\n\t<meta property=\"og:image:type\" content=\"image\/jpeg\" \/>\n<meta name=\"twitter:card\" content=\"summary_large_image\" \/>\n<meta name=\"twitter:label1\" content=\"Gesch\u00e4tzte Lesezeit\" \/>\n\t<meta name=\"twitter:data1\" content=\"2\u00a0Minuten\" \/>\n<script type=\"application\/ld+json\" class=\"yoast-schema-graph\">{\"@context\":\"https:\/\/schema.org\",\"@graph\":[{\"@type\":\"WebPage\",\"@id\":\"https:\/\/www.esnautic.com\/de\/natur-und-umwelt\/kulturerbe\/aquarium-cap-blanc\/\",\"url\":\"https:\/\/www.esnautic.com\/de\/natur-und-umwelt\/kulturerbe\/aquarium-cap-blanc\/\",\"name\":\"Aquarium Cap Blanc - Es N\u00e0utic\",\"isPartOf\":{\"@id\":\"https:\/\/www.esnautic.com\/#website\"},\"primaryImageOfPage\":{\"@id\":\"https:\/\/www.esnautic.com\/de\/natur-und-umwelt\/kulturerbe\/aquarium-cap-blanc\/#primaryimage\"},\"image\":{\"@id\":\"https:\/\/www.esnautic.com\/de\/natur-und-umwelt\/kulturerbe\/aquarium-cap-blanc\/#primaryimage\"},\"thumbnailUrl\":\"https:\/\/www.esnautic.com\/wp-content\/uploads\/2022\/09\/DSC04625.jpg\",\"datePublished\":\"2022-09-27T07:44:34+00:00\",\"dateModified\":\"2025-07-23T09:40:52+00:00\",\"breadcrumb\":{\"@id\":\"https:\/\/www.esnautic.com\/de\/natur-und-umwelt\/kulturerbe\/aquarium-cap-blanc\/#breadcrumb\"},\"inLanguage\":\"de\",\"potentialAction\":[{\"@type\":\"ReadAction\",\"target\":[\"https:\/\/www.esnautic.com\/de\/natur-und-umwelt\/kulturerbe\/aquarium-cap-blanc\/\"]}]},{\"@type\":\"ImageObject\",\"inLanguage\":\"de\",\"@id\":\"https:\/\/www.esnautic.com\/de\/natur-und-umwelt\/kulturerbe\/aquarium-cap-blanc\/#primaryimage\",\"url\":\"https:\/\/www.esnautic.com\/wp-content\/uploads\/2022\/09\/DSC04625.jpg\",\"contentUrl\":\"https:\/\/www.esnautic.com\/wp-content\/uploads\/2022\/09\/DSC04625.jpg\",\"width\":1200,\"height\":800},{\"@type\":\"BreadcrumbList\",\"@id\":\"https:\/\/www.esnautic.com\/de\/natur-und-umwelt\/kulturerbe\/aquarium-cap-blanc\/#breadcrumb\",\"itemListElement\":[{\"@type\":\"ListItem\",\"position\":1,\"name\":\"Startseite\",\"item\":\"https:\/\/www.esnautic.com\/de\/\"},{\"@type\":\"ListItem\",\"position\":2,\"name\":\"Natur und Umwelt\",\"item\":\"https:\/\/www.esnautic.com\/de\/natur-und-umwelt\/\"},{\"@type\":\"ListItem\",\"position\":3,\"name\":\"Kulturerbe\",\"item\":\"https:\/\/www.esnautic.com\/de\/natur-und-umwelt\/kulturerbe\/\"},{\"@type\":\"ListItem\",\"position\":4,\"name\":\"Aquarium Cap Blanc\"}]},{\"@type\":\"WebSite\",\"@id\":\"https:\/\/www.esnautic.com\/#website\",\"url\":\"https:\/\/www.esnautic.com\/\",\"name\":\"Es N\u00e0utic\",\"description\":\"Club N\u00e0utic Sant Antoni\",\"potentialAction\":[{\"@type\":\"SearchAction\",\"target\":{\"@type\":\"EntryPoint\",\"urlTemplate\":\"https:\/\/www.esnautic.com\/?s={search_term_string}\"},\"query-input\":{\"@type\":\"PropertyValueSpecification\",\"valueRequired\":true,\"valueName\":\"search_term_string\"}}],\"inLanguage\":\"de\"}]}<\/script>\n<!-- \/ Yoast SEO plugin. -->","yoast_head_json":{"title":"Aquarium Cap Blanc - Es N\u00e0utic","robots":{"index":"index","follow":"follow","max-snippet":"max-snippet:-1","max-image-preview":"max-image-preview:large","max-video-preview":"max-video-preview:-1"},"canonical":"https:\/\/www.esnautic.com\/de\/natur-und-umwelt\/kulturerbe\/aquarium-cap-blanc\/","og_locale":"de_DE","og_type":"article","og_title":"Aquarium Cap Blanc - Es N\u00e0utic","og_description":"[vc_row][vc_column][vc_gallery type=&#8220;flexslider_slide&#8220; interval=&#8220;3&#8243; images=&#8220;2061,2063,2065,2067&#8243; img_size=&#8220;full&#8220;][vc_column_text css=&#8220;&#8220;]Das Aquarium Cap Blanc befindet sich am Stadtrand von Sant Antoni, an der Stra\u00dfe nach Cala Graci\u00f3, in einer Meeresh\u00f6hle, die auch als Cova de [&hellip;]","og_url":"https:\/\/www.esnautic.com\/de\/natur-und-umwelt\/kulturerbe\/aquarium-cap-blanc\/","og_site_name":"Es N\u00e0utic","article_modified_time":"2025-07-23T09:40:52+00:00","og_image":[{"width":1200,"height":800,"url":"https:\/\/www.esnautic.com\/wp-content\/uploads\/2022\/09\/DSC04625.jpg","type":"image\/jpeg"}],"twitter_card":"summary_large_image","twitter_misc":{"Gesch\u00e4tzte Lesezeit":"2\u00a0Minuten"},"schema":{"@context":"https:\/\/schema.org","@graph":[{"@type":"WebPage","@id":"https:\/\/www.esnautic.com\/de\/natur-und-umwelt\/kulturerbe\/aquarium-cap-blanc\/","url":"https:\/\/www.esnautic.com\/de\/natur-und-umwelt\/kulturerbe\/aquarium-cap-blanc\/","name":"Aquarium Cap Blanc - Es N\u00e0utic","isPartOf":{"@id":"https:\/\/www.esnautic.com\/#website"},"primaryImageOfPage":{"@id":"https:\/\/www.esnautic.com\/de\/natur-und-umwelt\/kulturerbe\/aquarium-cap-blanc\/#primaryimage"},"image":{"@id":"https:\/\/www.esnautic.com\/de\/natur-und-umwelt\/kulturerbe\/aquarium-cap-blanc\/#primaryimage"},"thumbnailUrl":"https:\/\/www.esnautic.com\/wp-content\/uploads\/2022\/09\/DSC04625.jpg","datePublished":"2022-09-27T07:44:34+00:00","dateModified":"2025-07-23T09:40:52+00:00","breadcrumb":{"@id":"https:\/\/www.esnautic.com\/de\/natur-und-umwelt\/kulturerbe\/aquarium-cap-blanc\/#breadcrumb"},"inLanguage":"de","potentialAction":[{"@type":"ReadAction","target":["https:\/\/www.esnautic.com\/de\/natur-und-umwelt\/kulturerbe\/aquarium-cap-blanc\/"]}]},{"@type":"ImageObject","inLanguage":"de","@id":"https:\/\/www.esnautic.com\/de\/natur-und-umwelt\/kulturerbe\/aquarium-cap-blanc\/#primaryimage","url":"https:\/\/www.esnautic.com\/wp-content\/uploads\/2022\/09\/DSC04625.jpg","contentUrl":"https:\/\/www.esnautic.com\/wp-content\/uploads\/2022\/09\/DSC04625.jpg","width":1200,"height":800},{"@type":"BreadcrumbList","@id":"https:\/\/www.esnautic.com\/de\/natur-und-umwelt\/kulturerbe\/aquarium-cap-blanc\/#breadcrumb","itemListElement":[{"@type":"ListItem","position":1,"name":"Startseite","item":"https:\/\/www.esnautic.com\/de\/"},{"@type":"ListItem","position":2,"name":"Natur und Umwelt","item":"https:\/\/www.esnautic.com\/de\/natur-und-umwelt\/"},{"@type":"ListItem","position":3,"name":"Kulturerbe","item":"https:\/\/www.esnautic.com\/de\/natur-und-umwelt\/kulturerbe\/"},{"@type":"ListItem","position":4,"name":"Aquarium Cap Blanc"}]},{"@type":"WebSite","@id":"https:\/\/www.esnautic.com\/#website","url":"https:\/\/www.esnautic.com\/","name":"Es N\u00e0utic","description":"Club N\u00e0utic Sant Antoni","potentialAction":[{"@type":"SearchAction","target":{"@type":"EntryPoint","urlTemplate":"https:\/\/www.esnautic.com\/?s={search_term_string}"},"query-input":{"@type":"PropertyValueSpecification","valueRequired":true,"valueName":"search_term_string"}}],"inLanguage":"de"}]}},"_links":{"self":[{"href":"https:\/\/www.esnautic.com\/de\/wp-json\/wp\/v2\/pages\/29783","targetHints":{"allow":["GET"]}}],"collection":[{"href":"https:\/\/www.esnautic.com\/de\/wp-json\/wp\/v2\/pages"}],"about":[{"href":"https:\/\/www.esnautic.com\/de\/wp-json\/wp\/v2\/types\/page"}],"author":[{"embeddable":true,"href":"https:\/\/www.esnautic.com\/de\/wp-json\/wp\/v2\/users\/1"}],"replies":[{"embeddable":true,"href":"https:\/\/www.esnautic.com\/de\/wp-json\/wp\/v2\/comments?post=29783"}],"version-history":[{"count":3,"href":"https:\/\/www.esnautic.com\/de\/wp-json\/wp\/v2\/pages\/29783\/revisions"}],"predecessor-version":[{"id":30462,"href":"https:\/\/www.esnautic.com\/de\/wp-json\/wp\/v2\/pages\/29783\/revisions\/30462"}],"up":[{"embeddable":true,"href":"https:\/\/www.esnautic.com\/de\/wp-json\/wp\/v2\/pages\/29536"}],"wp:featuredmedia":[{"embeddable":true,"href":"https:\/\/www.esnautic.com\/de\/wp-json\/wp\/v2\/media\/29785"}],"wp:attachment":[{"href":"https:\/\/www.esnautic.com\/de\/wp-json\/wp\/v2\/media?parent=29783"}],"curies":[{"name":"wp","href":"https:\/\/api.w.org\/{rel}","templated":true}]}}