{"id":29791,"date":"2022-09-27T09:49:38","date_gmt":"2022-09-27T07:49:38","guid":{"rendered":"https:\/\/www.esnautic.com\/natur-und-umwelt\/kulturerbe\/sa-conillera-lighthouse\/"},"modified":"2025-07-22T08:34:55","modified_gmt":"2025-07-22T06:34:55","slug":"faro-de-sa-conillera","status":"publish","type":"page","link":"https:\/\/www.esnautic.com\/de\/natur-und-umwelt\/kulturerbe\/faro-de-sa-conillera\/","title":{"rendered":"Faro de sa Conillera"},"content":{"rendered":"<div class=\"wpb-content-wrapper\"><p>[vc_row][vc_column][vc_gallery type=&#8220;flexslider_slide&#8220; interval=&#8220;3&#8243; images=&#8220;2072,2074,2076&#8243; img_size=&#8220;full&#8220;][vc_column_text css=&#8220;&#8220;]<span style=\"font-weight: 400;\">Der erste Leuchtturm, der die Ankunft in der Bucht von Portmany signalisierte, ist der von Sa Conillera, der noch immer seine blinkenden Lichtsignale aussendet. Die Pl\u00e4ne f\u00fcr seinen Bau wurden 1855 vom Ingenieur Emili Pou entworfen, und kurz darauf lie\u00df sich eine Gruppe von Arbeitern auf dem Eiland nieder. Die f\u00fcr den Bau erforderlichen Materialien wurden an der als \u201esa Salvadora\u201d bekannten K\u00fcste an Land gebracht, und zwar dort, wo ein Sturzbach mit dem gleichen Namen m\u00fcndet.<\/span><\/p>\n<p><span style=\"font-weight: 400;\">Um den Turm zu errichten, musste ein Weg bis zur Punta des Cavall angelegt werden, dem h\u00f6chsten Punkt der Nordspitze, der sich 69 Meter \u00fcber dem Meeresspiegel befindet. Es wurde ein 16 Meter hoher runder Turm mit einem eher unpassenden Geb\u00e4ude mit ebenfalls runder Grundfl\u00e4che errichtet, in dem die Leuchtturmw\u00e4rter untergebracht waren. Das Bauwerk wurde 1857 fertiggestellt, doch schon bald zeigte sich, dass seine Infrastruktur nicht ausreichte, um den Bedarf der Beamten zu decken.<\/span><\/p>\n<p><span style=\"font-weight: 400;\">Ein halbes Jahrhundert sp\u00e4ter, im Jahr 1908, wurde es um zwei Nebengeb\u00e4ude erweitert, die die Lebensbedingungen der drei Leuchtturmw\u00e4rter und ihrer Familien erheblich verbesserten. Die Kinder wohnten jetzt bei ihren Familien und wurden von den Beamten selbst unterrichtet, da sie nicht zur Schule gehen konnten. Sie erhielten lediglich Besuch von den Seeleuten aus Sant Antoni, die sie logistisch unterst\u00fctzten und ihnen zweimal pro Woche Lebensmittel und Vorr\u00e4te brachten. Sie mussten auch zu ihrer Rettung eilen, wenn die Leuchtturmw\u00e4rter Alarm schlugen, indem sie mit Spiegeln Signale gaben oder nachts Feuer entz\u00fcndeten.<\/span><\/p>\n<p><span style=\"font-weight: 400;\">Der Leuchtturm wurde 1971 verlassen, als er automatisiert wurde. Es hat eine Reichweite von 18 Seemeilen und sendet alle 20 Sekunden vier wei\u00dfe Blitze aus. Er kann nur vom Meer aus betrachtet werden, da das Eiland Sa Conillera Teil des Naturschutzgebiets Illots de Ponent ist und nicht betreten werden darf.<\/span>[\/vc_column_text][\/vc_column][\/vc_row]<\/p>\n<\/div>","protected":false},"excerpt":{"rendered":"<p>[vc_row][vc_column][vc_gallery type=&#8220;flexslider_slide&#8220; interval=&#8220;3&#8243; images=&#8220;2072,2074,2076&#8243; img_size=&#8220;full&#8220;][vc_column_text css=&#8220;&#8220;]Der erste Leuchtturm, der die Ankunft in der Bucht von Portmany signalisierte, ist der von Sa Conillera, der noch immer seine blinkenden Lichtsignale aussendet. Die [&hellip;]<\/p>\n","protected":false},"author":1,"featured_media":29793,"parent":29536,"menu_order":0,"comment_status":"closed","ping_status":"closed","template":"","meta":{"_acf_changed":false,"jnews_page_loop":{"enable_page_loop":"0","first_title":"Latest Post","second_title":"","header_type":"heading_6","header_background":"","header_text_color":"","layout":"right-sidebar","sidebar":"default-sidebar","second_sidebar":"default-sidebar","sticky_sidebar":"1","module":"3","boxed":"0","boxed_shadow":"0","box_shadow":"0","excerpt_length":"20","content_date":"default","date_custom":"Y\/m\/d","content_pagination":"nav_1","pagination_align":"center","show_navtext":"0","show_pageinfo":"0","post_offset":"0","posts_per_page":"5","include_post":"","exclude_post":"","include_category":"","exclude_category":"","include_author":"","include_tag":"","exclude_tag":"","sort_by":"latest","main_custom_image_size":"default","second_custom_image_size":"default","post_sticky":"0"},"jnews_single_page":{"layout":"right-sidebar","sidebar":"gen-aleman","second_sidebar":"default-sidebar","sticky_sidebar":"1","show_post_featured":"0","show_post_meta":"0","share_position":"hide","share_color":"share-monocrhome","show_post_title":"1","show_post_breadcrumbs":"1"},"footnotes":""},"class_list":["post-29791","page","type-page","status-publish","has-post-thumbnail","hentry"],"acf":[],"yoast_head":"<!-- This site is optimized with the Yoast SEO plugin v26.7 - https:\/\/yoast.com\/wordpress\/plugins\/seo\/ -->\n<title>Faro de sa Conillera - Es N\u00e0utic<\/title>\n<meta name=\"robots\" content=\"index, follow, max-snippet:-1, max-image-preview:large, max-video-preview:-1\" \/>\n<link rel=\"canonical\" href=\"https:\/\/www.esnautic.com\/de\/natur-und-umwelt\/kulturerbe\/faro-de-sa-conillera\/\" \/>\n<meta property=\"og:locale\" content=\"de_DE\" \/>\n<meta property=\"og:type\" content=\"article\" \/>\n<meta property=\"og:title\" content=\"Faro de sa Conillera - Es N\u00e0utic\" \/>\n<meta property=\"og:description\" content=\"[vc_row][vc_column][vc_gallery type=&#8220;flexslider_slide&#8220; interval=&#8220;3&#8243; images=&#8220;2072,2074,2076&#8243; img_size=&#8220;full&#8220;][vc_column_text css=&#8220;&#8220;]Der erste Leuchtturm, der die Ankunft in der Bucht von Portmany signalisierte, ist der von Sa Conillera, der noch immer seine blinkenden Lichtsignale aussendet. Die [&hellip;]\" \/>\n<meta property=\"og:url\" content=\"https:\/\/www.esnautic.com\/de\/natur-und-umwelt\/kulturerbe\/faro-de-sa-conillera\/\" \/>\n<meta property=\"og:site_name\" content=\"Es N\u00e0utic\" \/>\n<meta property=\"article:modified_time\" content=\"2025-07-22T06:34:55+00:00\" \/>\n<meta property=\"og:image\" content=\"https:\/\/www.esnautic.com\/wp-content\/uploads\/2022\/09\/DSC_0232rec.jpg\" \/>\n\t<meta property=\"og:image:width\" content=\"1200\" \/>\n\t<meta property=\"og:image:height\" content=\"800\" \/>\n\t<meta property=\"og:image:type\" content=\"image\/jpeg\" \/>\n<meta name=\"twitter:card\" content=\"summary_large_image\" \/>\n<meta name=\"twitter:label1\" content=\"Gesch\u00e4tzte Lesezeit\" \/>\n\t<meta name=\"twitter:data1\" content=\"3\u00a0Minuten\" \/>\n<script type=\"application\/ld+json\" class=\"yoast-schema-graph\">{\"@context\":\"https:\/\/schema.org\",\"@graph\":[{\"@type\":\"WebPage\",\"@id\":\"https:\/\/www.esnautic.com\/de\/natur-und-umwelt\/kulturerbe\/faro-de-sa-conillera\/\",\"url\":\"https:\/\/www.esnautic.com\/de\/natur-und-umwelt\/kulturerbe\/faro-de-sa-conillera\/\",\"name\":\"Faro de sa Conillera - Es N\u00e0utic\",\"isPartOf\":{\"@id\":\"https:\/\/www.esnautic.com\/#website\"},\"primaryImageOfPage\":{\"@id\":\"https:\/\/www.esnautic.com\/de\/natur-und-umwelt\/kulturerbe\/faro-de-sa-conillera\/#primaryimage\"},\"image\":{\"@id\":\"https:\/\/www.esnautic.com\/de\/natur-und-umwelt\/kulturerbe\/faro-de-sa-conillera\/#primaryimage\"},\"thumbnailUrl\":\"https:\/\/www.esnautic.com\/wp-content\/uploads\/2022\/09\/DSC_0232rec.jpg\",\"datePublished\":\"2022-09-27T07:49:38+00:00\",\"dateModified\":\"2025-07-22T06:34:55+00:00\",\"breadcrumb\":{\"@id\":\"https:\/\/www.esnautic.com\/de\/natur-und-umwelt\/kulturerbe\/faro-de-sa-conillera\/#breadcrumb\"},\"inLanguage\":\"de\",\"potentialAction\":[{\"@type\":\"ReadAction\",\"target\":[\"https:\/\/www.esnautic.com\/de\/natur-und-umwelt\/kulturerbe\/faro-de-sa-conillera\/\"]}]},{\"@type\":\"ImageObject\",\"inLanguage\":\"de\",\"@id\":\"https:\/\/www.esnautic.com\/de\/natur-und-umwelt\/kulturerbe\/faro-de-sa-conillera\/#primaryimage\",\"url\":\"https:\/\/www.esnautic.com\/wp-content\/uploads\/2022\/09\/DSC_0232rec.jpg\",\"contentUrl\":\"https:\/\/www.esnautic.com\/wp-content\/uploads\/2022\/09\/DSC_0232rec.jpg\",\"width\":1200,\"height\":800},{\"@type\":\"BreadcrumbList\",\"@id\":\"https:\/\/www.esnautic.com\/de\/natur-und-umwelt\/kulturerbe\/faro-de-sa-conillera\/#breadcrumb\",\"itemListElement\":[{\"@type\":\"ListItem\",\"position\":1,\"name\":\"Startseite\",\"item\":\"https:\/\/www.esnautic.com\/de\/\"},{\"@type\":\"ListItem\",\"position\":2,\"name\":\"Natur und Umwelt\",\"item\":\"https:\/\/www.esnautic.com\/de\/natur-und-umwelt\/\"},{\"@type\":\"ListItem\",\"position\":3,\"name\":\"Kulturerbe\",\"item\":\"https:\/\/www.esnautic.com\/de\/natur-und-umwelt\/kulturerbe\/\"},{\"@type\":\"ListItem\",\"position\":4,\"name\":\"Faro de sa Conillera\"}]},{\"@type\":\"WebSite\",\"@id\":\"https:\/\/www.esnautic.com\/#website\",\"url\":\"https:\/\/www.esnautic.com\/\",\"name\":\"Es N\u00e0utic\",\"description\":\"Club N\u00e0utic Sant Antoni\",\"potentialAction\":[{\"@type\":\"SearchAction\",\"target\":{\"@type\":\"EntryPoint\",\"urlTemplate\":\"https:\/\/www.esnautic.com\/?s={search_term_string}\"},\"query-input\":{\"@type\":\"PropertyValueSpecification\",\"valueRequired\":true,\"valueName\":\"search_term_string\"}}],\"inLanguage\":\"de\"}]}<\/script>\n<!-- \/ Yoast SEO plugin. -->","yoast_head_json":{"title":"Faro de sa Conillera - Es N\u00e0utic","robots":{"index":"index","follow":"follow","max-snippet":"max-snippet:-1","max-image-preview":"max-image-preview:large","max-video-preview":"max-video-preview:-1"},"canonical":"https:\/\/www.esnautic.com\/de\/natur-und-umwelt\/kulturerbe\/faro-de-sa-conillera\/","og_locale":"de_DE","og_type":"article","og_title":"Faro de sa Conillera - Es N\u00e0utic","og_description":"[vc_row][vc_column][vc_gallery type=&#8220;flexslider_slide&#8220; interval=&#8220;3&#8243; images=&#8220;2072,2074,2076&#8243; img_size=&#8220;full&#8220;][vc_column_text css=&#8220;&#8220;]Der erste Leuchtturm, der die Ankunft in der Bucht von Portmany signalisierte, ist der von Sa Conillera, der noch immer seine blinkenden Lichtsignale aussendet. Die [&hellip;]","og_url":"https:\/\/www.esnautic.com\/de\/natur-und-umwelt\/kulturerbe\/faro-de-sa-conillera\/","og_site_name":"Es N\u00e0utic","article_modified_time":"2025-07-22T06:34:55+00:00","og_image":[{"width":1200,"height":800,"url":"https:\/\/www.esnautic.com\/wp-content\/uploads\/2022\/09\/DSC_0232rec.jpg","type":"image\/jpeg"}],"twitter_card":"summary_large_image","twitter_misc":{"Gesch\u00e4tzte Lesezeit":"3\u00a0Minuten"},"schema":{"@context":"https:\/\/schema.org","@graph":[{"@type":"WebPage","@id":"https:\/\/www.esnautic.com\/de\/natur-und-umwelt\/kulturerbe\/faro-de-sa-conillera\/","url":"https:\/\/www.esnautic.com\/de\/natur-und-umwelt\/kulturerbe\/faro-de-sa-conillera\/","name":"Faro de sa Conillera - Es N\u00e0utic","isPartOf":{"@id":"https:\/\/www.esnautic.com\/#website"},"primaryImageOfPage":{"@id":"https:\/\/www.esnautic.com\/de\/natur-und-umwelt\/kulturerbe\/faro-de-sa-conillera\/#primaryimage"},"image":{"@id":"https:\/\/www.esnautic.com\/de\/natur-und-umwelt\/kulturerbe\/faro-de-sa-conillera\/#primaryimage"},"thumbnailUrl":"https:\/\/www.esnautic.com\/wp-content\/uploads\/2022\/09\/DSC_0232rec.jpg","datePublished":"2022-09-27T07:49:38+00:00","dateModified":"2025-07-22T06:34:55+00:00","breadcrumb":{"@id":"https:\/\/www.esnautic.com\/de\/natur-und-umwelt\/kulturerbe\/faro-de-sa-conillera\/#breadcrumb"},"inLanguage":"de","potentialAction":[{"@type":"ReadAction","target":["https:\/\/www.esnautic.com\/de\/natur-und-umwelt\/kulturerbe\/faro-de-sa-conillera\/"]}]},{"@type":"ImageObject","inLanguage":"de","@id":"https:\/\/www.esnautic.com\/de\/natur-und-umwelt\/kulturerbe\/faro-de-sa-conillera\/#primaryimage","url":"https:\/\/www.esnautic.com\/wp-content\/uploads\/2022\/09\/DSC_0232rec.jpg","contentUrl":"https:\/\/www.esnautic.com\/wp-content\/uploads\/2022\/09\/DSC_0232rec.jpg","width":1200,"height":800},{"@type":"BreadcrumbList","@id":"https:\/\/www.esnautic.com\/de\/natur-und-umwelt\/kulturerbe\/faro-de-sa-conillera\/#breadcrumb","itemListElement":[{"@type":"ListItem","position":1,"name":"Startseite","item":"https:\/\/www.esnautic.com\/de\/"},{"@type":"ListItem","position":2,"name":"Natur und Umwelt","item":"https:\/\/www.esnautic.com\/de\/natur-und-umwelt\/"},{"@type":"ListItem","position":3,"name":"Kulturerbe","item":"https:\/\/www.esnautic.com\/de\/natur-und-umwelt\/kulturerbe\/"},{"@type":"ListItem","position":4,"name":"Faro de sa Conillera"}]},{"@type":"WebSite","@id":"https:\/\/www.esnautic.com\/#website","url":"https:\/\/www.esnautic.com\/","name":"Es N\u00e0utic","description":"Club N\u00e0utic Sant Antoni","potentialAction":[{"@type":"SearchAction","target":{"@type":"EntryPoint","urlTemplate":"https:\/\/www.esnautic.com\/?s={search_term_string}"},"query-input":{"@type":"PropertyValueSpecification","valueRequired":true,"valueName":"search_term_string"}}],"inLanguage":"de"}]}},"_links":{"self":[{"href":"https:\/\/www.esnautic.com\/de\/wp-json\/wp\/v2\/pages\/29791","targetHints":{"allow":["GET"]}}],"collection":[{"href":"https:\/\/www.esnautic.com\/de\/wp-json\/wp\/v2\/pages"}],"about":[{"href":"https:\/\/www.esnautic.com\/de\/wp-json\/wp\/v2\/types\/page"}],"author":[{"embeddable":true,"href":"https:\/\/www.esnautic.com\/de\/wp-json\/wp\/v2\/users\/1"}],"replies":[{"embeddable":true,"href":"https:\/\/www.esnautic.com\/de\/wp-json\/wp\/v2\/comments?post=29791"}],"version-history":[{"count":1,"href":"https:\/\/www.esnautic.com\/de\/wp-json\/wp\/v2\/pages\/29791\/revisions"}],"predecessor-version":[{"id":29795,"href":"https:\/\/www.esnautic.com\/de\/wp-json\/wp\/v2\/pages\/29791\/revisions\/29795"}],"up":[{"embeddable":true,"href":"https:\/\/www.esnautic.com\/de\/wp-json\/wp\/v2\/pages\/29536"}],"wp:featuredmedia":[{"embeddable":true,"href":"https:\/\/www.esnautic.com\/de\/wp-json\/wp\/v2\/media\/29793"}],"wp:attachment":[{"href":"https:\/\/www.esnautic.com\/de\/wp-json\/wp\/v2\/media?parent=29791"}],"curies":[{"name":"wp","href":"https:\/\/api.w.org\/{rel}","templated":true}]}}