{"id":29805,"date":"2022-09-21T09:41:35","date_gmt":"2022-09-21T07:41:35","guid":{"rendered":"https:\/\/www.esnautic.com\/natur-und-umwelt\/kulturerbe\/sant-antoni-church\/"},"modified":"2025-07-22T08:44:13","modified_gmt":"2025-07-22T06:44:13","slug":"iglesia-de-sant-antoni","status":"publish","type":"page","link":"https:\/\/www.esnautic.com\/de\/natur-und-umwelt\/kulturerbe\/iglesia-de-sant-antoni\/","title":{"rendered":"Iglesia de Sant Antoni"},"content":{"rendered":"<div class=\"wpb-content-wrapper\"><p>[vc_row][vc_column][vc_gallery type=&#8220;flexslider_slide&#8220; interval=&#8220;3&#8243; images=&#8220;1775,1777,1779,1781,1783,1785,1787&#8243; img_size=&#8220;full&#8220;][vc_column_text css=&#8220;&#8220;]<span style=\"font-weight: 400;\">Die Kirche im Zentrum des Ortes Sant Antoni und ganz in der N\u00e4he des Hafens ist nach der Kathedrale Santa Mar\u00eda de las Nieves in der Inselhauptstadt die zweit\u00e4lteste Kirche der Insel. Ihr Bau wurde 1305, nur 70 Jahre nach der christlichen Eroberung der Insel, die jahrhundertelang muslimisches Gebiet gewesen war, vom Erzbistum Tarragona genehmigt. Die neue Kirche sollte zwei grundlegende Zwecke erf\u00fcllen: als Ort der Verehrung dienen und eine solide Festung gegen die \u00dcberf\u00e4lle der berberischen Korsaren sein. Die erste Version der Kirche wurde im Laufe des 14. Jahrhunderts errichtet und im 16. Jahrhundert renoviert.<\/span><\/p>\n<p><span style=\"font-weight: 400;\">Der Wehrturm am Kopfende der Kirche mit polygonalem Grundriss und Zinnen an einigen Seiten wurde im 17. Jahrhundert errichtet und war mit zwei Kanonen best\u00fcckt, die zuletzt 1818 eingesetzt wurden, um zwei Schmugglerschiffe aus Gibraltar zu versenken.<\/span><\/p>\n<p><span style=\"font-weight: 400;\">Wenn die Wachen feindliche Piraten sichteten, entz\u00fcndeten sie Leuchtfeuer, um die Bev\u00f6lkerung zu warnen, die dann Zuflucht in der Kirche suchte. Aus diesem Grund verf\u00fcgt die Kirche \u00fcber keine Fenster. Fr\u00fcher waren die T\u00fcren aus Eisen, damit der Feind sie nicht in Brand setzen konnte, und ein dicker Balken versperrte sie von innen. Auf dem Kirchengel\u00e4nde befand sich sogar ein Trinkwasserbrunnen f\u00fcr den Fall, dass die Einschlie\u00dfung l\u00e4nger dauern sollte.<\/span><\/p>\n<p><span style=\"font-weight: 400;\">Die Kirche verf\u00fcgt au\u00dferdem \u00fcber einen \u00fcberdachten Au\u00dfenbereich, den Porxet, und einen weitl\u00e4ufigen Innenhof, in dem sich die Einwohner der Gemeinde nach dem Gottesdienst \u00fcber die neuesten Ereignisse austauschen konnten.<\/span>[\/vc_column_text][\/vc_column][\/vc_row]<\/p>\n<\/div>","protected":false},"excerpt":{"rendered":"<p>[vc_row][vc_column][vc_gallery type=&#8220;flexslider_slide&#8220; interval=&#8220;3&#8243; images=&#8220;1775,1777,1779,1781,1783,1785,1787&#8243; img_size=&#8220;full&#8220;][vc_column_text css=&#8220;&#8220;]Die Kirche im Zentrum des Ortes Sant Antoni und ganz in der N\u00e4he des Hafens ist nach der Kathedrale Santa Mar\u00eda de las Nieves in [&hellip;]<\/p>\n","protected":false},"author":1,"featured_media":29807,"parent":29536,"menu_order":0,"comment_status":"closed","ping_status":"closed","template":"","meta":{"_acf_changed":false,"jnews_page_loop":{"enable_page_loop":"0","first_title":"Latest Post","second_title":"","header_type":"heading_6","header_background":"","header_text_color":"","layout":"right-sidebar","sidebar":"default-sidebar","second_sidebar":"default-sidebar","sticky_sidebar":"1","module":"3","boxed":"0","boxed_shadow":"0","box_shadow":"0","excerpt_length":"20","content_date":"default","date_custom":"Y\/m\/d","content_pagination":"nav_1","pagination_align":"center","show_navtext":"0","show_pageinfo":"0","post_offset":"","posts_per_page":"1","include_post":"","exclude_post":"","include_category":"","exclude_category":"","include_author":"","include_tag":"","exclude_tag":"","sort_by":"latest","main_custom_image_size":"default","second_custom_image_size":"default","post_sticky":"0"},"jnews_single_page":{"layout":"right-sidebar","sidebar":"gen-aleman","second_sidebar":"default-sidebar","sticky_sidebar":"1","show_post_featured":"0","show_post_meta":"0","share_position":"hide","share_color":"share-monocrhome","show_post_title":"1","show_post_breadcrumbs":"1"},"footnotes":""},"class_list":["post-29805","page","type-page","status-publish","has-post-thumbnail","hentry"],"acf":[],"yoast_head":"<!-- This site is optimized with the Yoast SEO plugin v26.7 - https:\/\/yoast.com\/wordpress\/plugins\/seo\/ -->\n<title>Iglesia de Sant Antoni - Es N\u00e0utic<\/title>\n<meta name=\"robots\" content=\"index, follow, max-snippet:-1, max-image-preview:large, max-video-preview:-1\" \/>\n<link rel=\"canonical\" href=\"https:\/\/www.esnautic.com\/de\/natur-und-umwelt\/kulturerbe\/iglesia-de-sant-antoni\/\" \/>\n<meta property=\"og:locale\" content=\"de_DE\" \/>\n<meta property=\"og:type\" content=\"article\" \/>\n<meta property=\"og:title\" content=\"Iglesia de Sant Antoni - Es N\u00e0utic\" \/>\n<meta property=\"og:description\" content=\"[vc_row][vc_column][vc_gallery type=&#8220;flexslider_slide&#8220; interval=&#8220;3&#8243; images=&#8220;1775,1777,1779,1781,1783,1785,1787&#8243; img_size=&#8220;full&#8220;][vc_column_text css=&#8220;&#8220;]Die Kirche im Zentrum des Ortes Sant Antoni und ganz in der N\u00e4he des Hafens ist nach der Kathedrale Santa Mar\u00eda de las Nieves in [&hellip;]\" \/>\n<meta property=\"og:url\" content=\"https:\/\/www.esnautic.com\/de\/natur-und-umwelt\/kulturerbe\/iglesia-de-sant-antoni\/\" \/>\n<meta property=\"og:site_name\" content=\"Es N\u00e0utic\" \/>\n<meta property=\"article:modified_time\" content=\"2025-07-22T06:44:13+00:00\" \/>\n<meta property=\"og:image\" content=\"https:\/\/www.esnautic.com\/wp-content\/uploads\/2022\/09\/P1150130-wpp1669808576227.jpg\" \/>\n\t<meta property=\"og:image:width\" content=\"1200\" \/>\n\t<meta property=\"og:image:height\" content=\"801\" \/>\n\t<meta property=\"og:image:type\" content=\"image\/jpeg\" \/>\n<meta name=\"twitter:card\" content=\"summary_large_image\" \/>\n<meta name=\"twitter:label1\" content=\"Gesch\u00e4tzte Lesezeit\" \/>\n\t<meta name=\"twitter:data1\" content=\"3\u00a0Minuten\" \/>\n<script type=\"application\/ld+json\" class=\"yoast-schema-graph\">{\"@context\":\"https:\/\/schema.org\",\"@graph\":[{\"@type\":\"WebPage\",\"@id\":\"https:\/\/www.esnautic.com\/de\/natur-und-umwelt\/kulturerbe\/iglesia-de-sant-antoni\/\",\"url\":\"https:\/\/www.esnautic.com\/de\/natur-und-umwelt\/kulturerbe\/iglesia-de-sant-antoni\/\",\"name\":\"Iglesia de Sant Antoni - Es N\u00e0utic\",\"isPartOf\":{\"@id\":\"https:\/\/www.esnautic.com\/#website\"},\"primaryImageOfPage\":{\"@id\":\"https:\/\/www.esnautic.com\/de\/natur-und-umwelt\/kulturerbe\/iglesia-de-sant-antoni\/#primaryimage\"},\"image\":{\"@id\":\"https:\/\/www.esnautic.com\/de\/natur-und-umwelt\/kulturerbe\/iglesia-de-sant-antoni\/#primaryimage\"},\"thumbnailUrl\":\"https:\/\/www.esnautic.com\/wp-content\/uploads\/2022\/09\/P1150130-wpp1669808576227.jpg\",\"datePublished\":\"2022-09-21T07:41:35+00:00\",\"dateModified\":\"2025-07-22T06:44:13+00:00\",\"breadcrumb\":{\"@id\":\"https:\/\/www.esnautic.com\/de\/natur-und-umwelt\/kulturerbe\/iglesia-de-sant-antoni\/#breadcrumb\"},\"inLanguage\":\"de\",\"potentialAction\":[{\"@type\":\"ReadAction\",\"target\":[\"https:\/\/www.esnautic.com\/de\/natur-und-umwelt\/kulturerbe\/iglesia-de-sant-antoni\/\"]}]},{\"@type\":\"ImageObject\",\"inLanguage\":\"de\",\"@id\":\"https:\/\/www.esnautic.com\/de\/natur-und-umwelt\/kulturerbe\/iglesia-de-sant-antoni\/#primaryimage\",\"url\":\"https:\/\/www.esnautic.com\/wp-content\/uploads\/2022\/09\/P1150130-wpp1669808576227.jpg\",\"contentUrl\":\"https:\/\/www.esnautic.com\/wp-content\/uploads\/2022\/09\/P1150130-wpp1669808576227.jpg\",\"width\":1200,\"height\":801},{\"@type\":\"BreadcrumbList\",\"@id\":\"https:\/\/www.esnautic.com\/de\/natur-und-umwelt\/kulturerbe\/iglesia-de-sant-antoni\/#breadcrumb\",\"itemListElement\":[{\"@type\":\"ListItem\",\"position\":1,\"name\":\"Startseite\",\"item\":\"https:\/\/www.esnautic.com\/de\/\"},{\"@type\":\"ListItem\",\"position\":2,\"name\":\"Natur und Umwelt\",\"item\":\"https:\/\/www.esnautic.com\/de\/natur-und-umwelt\/\"},{\"@type\":\"ListItem\",\"position\":3,\"name\":\"Kulturerbe\",\"item\":\"https:\/\/www.esnautic.com\/de\/natur-und-umwelt\/kulturerbe\/\"},{\"@type\":\"ListItem\",\"position\":4,\"name\":\"Iglesia de Sant Antoni\"}]},{\"@type\":\"WebSite\",\"@id\":\"https:\/\/www.esnautic.com\/#website\",\"url\":\"https:\/\/www.esnautic.com\/\",\"name\":\"Es N\u00e0utic\",\"description\":\"Club N\u00e0utic Sant Antoni\",\"potentialAction\":[{\"@type\":\"SearchAction\",\"target\":{\"@type\":\"EntryPoint\",\"urlTemplate\":\"https:\/\/www.esnautic.com\/?s={search_term_string}\"},\"query-input\":{\"@type\":\"PropertyValueSpecification\",\"valueRequired\":true,\"valueName\":\"search_term_string\"}}],\"inLanguage\":\"de\"}]}<\/script>\n<!-- \/ Yoast SEO plugin. -->","yoast_head_json":{"title":"Iglesia de Sant Antoni - Es N\u00e0utic","robots":{"index":"index","follow":"follow","max-snippet":"max-snippet:-1","max-image-preview":"max-image-preview:large","max-video-preview":"max-video-preview:-1"},"canonical":"https:\/\/www.esnautic.com\/de\/natur-und-umwelt\/kulturerbe\/iglesia-de-sant-antoni\/","og_locale":"de_DE","og_type":"article","og_title":"Iglesia de Sant Antoni - Es N\u00e0utic","og_description":"[vc_row][vc_column][vc_gallery type=&#8220;flexslider_slide&#8220; interval=&#8220;3&#8243; images=&#8220;1775,1777,1779,1781,1783,1785,1787&#8243; img_size=&#8220;full&#8220;][vc_column_text css=&#8220;&#8220;]Die Kirche im Zentrum des Ortes Sant Antoni und ganz in der N\u00e4he des Hafens ist nach der Kathedrale Santa Mar\u00eda de las Nieves in [&hellip;]","og_url":"https:\/\/www.esnautic.com\/de\/natur-und-umwelt\/kulturerbe\/iglesia-de-sant-antoni\/","og_site_name":"Es N\u00e0utic","article_modified_time":"2025-07-22T06:44:13+00:00","og_image":[{"width":1200,"height":801,"url":"https:\/\/www.esnautic.com\/wp-content\/uploads\/2022\/09\/P1150130-wpp1669808576227.jpg","type":"image\/jpeg"}],"twitter_card":"summary_large_image","twitter_misc":{"Gesch\u00e4tzte Lesezeit":"3\u00a0Minuten"},"schema":{"@context":"https:\/\/schema.org","@graph":[{"@type":"WebPage","@id":"https:\/\/www.esnautic.com\/de\/natur-und-umwelt\/kulturerbe\/iglesia-de-sant-antoni\/","url":"https:\/\/www.esnautic.com\/de\/natur-und-umwelt\/kulturerbe\/iglesia-de-sant-antoni\/","name":"Iglesia de Sant Antoni - Es N\u00e0utic","isPartOf":{"@id":"https:\/\/www.esnautic.com\/#website"},"primaryImageOfPage":{"@id":"https:\/\/www.esnautic.com\/de\/natur-und-umwelt\/kulturerbe\/iglesia-de-sant-antoni\/#primaryimage"},"image":{"@id":"https:\/\/www.esnautic.com\/de\/natur-und-umwelt\/kulturerbe\/iglesia-de-sant-antoni\/#primaryimage"},"thumbnailUrl":"https:\/\/www.esnautic.com\/wp-content\/uploads\/2022\/09\/P1150130-wpp1669808576227.jpg","datePublished":"2022-09-21T07:41:35+00:00","dateModified":"2025-07-22T06:44:13+00:00","breadcrumb":{"@id":"https:\/\/www.esnautic.com\/de\/natur-und-umwelt\/kulturerbe\/iglesia-de-sant-antoni\/#breadcrumb"},"inLanguage":"de","potentialAction":[{"@type":"ReadAction","target":["https:\/\/www.esnautic.com\/de\/natur-und-umwelt\/kulturerbe\/iglesia-de-sant-antoni\/"]}]},{"@type":"ImageObject","inLanguage":"de","@id":"https:\/\/www.esnautic.com\/de\/natur-und-umwelt\/kulturerbe\/iglesia-de-sant-antoni\/#primaryimage","url":"https:\/\/www.esnautic.com\/wp-content\/uploads\/2022\/09\/P1150130-wpp1669808576227.jpg","contentUrl":"https:\/\/www.esnautic.com\/wp-content\/uploads\/2022\/09\/P1150130-wpp1669808576227.jpg","width":1200,"height":801},{"@type":"BreadcrumbList","@id":"https:\/\/www.esnautic.com\/de\/natur-und-umwelt\/kulturerbe\/iglesia-de-sant-antoni\/#breadcrumb","itemListElement":[{"@type":"ListItem","position":1,"name":"Startseite","item":"https:\/\/www.esnautic.com\/de\/"},{"@type":"ListItem","position":2,"name":"Natur und Umwelt","item":"https:\/\/www.esnautic.com\/de\/natur-und-umwelt\/"},{"@type":"ListItem","position":3,"name":"Kulturerbe","item":"https:\/\/www.esnautic.com\/de\/natur-und-umwelt\/kulturerbe\/"},{"@type":"ListItem","position":4,"name":"Iglesia de Sant Antoni"}]},{"@type":"WebSite","@id":"https:\/\/www.esnautic.com\/#website","url":"https:\/\/www.esnautic.com\/","name":"Es N\u00e0utic","description":"Club N\u00e0utic Sant Antoni","potentialAction":[{"@type":"SearchAction","target":{"@type":"EntryPoint","urlTemplate":"https:\/\/www.esnautic.com\/?s={search_term_string}"},"query-input":{"@type":"PropertyValueSpecification","valueRequired":true,"valueName":"search_term_string"}}],"inLanguage":"de"}]}},"_links":{"self":[{"href":"https:\/\/www.esnautic.com\/de\/wp-json\/wp\/v2\/pages\/29805","targetHints":{"allow":["GET"]}}],"collection":[{"href":"https:\/\/www.esnautic.com\/de\/wp-json\/wp\/v2\/pages"}],"about":[{"href":"https:\/\/www.esnautic.com\/de\/wp-json\/wp\/v2\/types\/page"}],"author":[{"embeddable":true,"href":"https:\/\/www.esnautic.com\/de\/wp-json\/wp\/v2\/users\/1"}],"replies":[{"embeddable":true,"href":"https:\/\/www.esnautic.com\/de\/wp-json\/wp\/v2\/comments?post=29805"}],"version-history":[{"count":1,"href":"https:\/\/www.esnautic.com\/de\/wp-json\/wp\/v2\/pages\/29805\/revisions"}],"predecessor-version":[{"id":29813,"href":"https:\/\/www.esnautic.com\/de\/wp-json\/wp\/v2\/pages\/29805\/revisions\/29813"}],"up":[{"embeddable":true,"href":"https:\/\/www.esnautic.com\/de\/wp-json\/wp\/v2\/pages\/29536"}],"wp:featuredmedia":[{"embeddable":true,"href":"https:\/\/www.esnautic.com\/de\/wp-json\/wp\/v2\/media\/29807"}],"wp:attachment":[{"href":"https:\/\/www.esnautic.com\/de\/wp-json\/wp\/v2\/media?parent=29805"}],"curies":[{"name":"wp","href":"https:\/\/api.w.org\/{rel}","templated":true}]}}