{"id":29934,"date":"2022-09-27T12:52:52","date_gmt":"2022-09-27T10:52:52","guid":{"rendered":"https:\/\/www.esnautic.com\/natur-und-umwelt\/costa-de-poniente\/cala-xarraca\/"},"modified":"2025-07-22T09:58:54","modified_gmt":"2025-07-22T07:58:54","slug":"cala-xarraca","status":"publish","type":"page","link":"https:\/\/www.esnautic.com\/de\/natur-und-umwelt\/costa-de-poniente\/cala-xarraca\/","title":{"rendered":"Cala Xarraca"},"content":{"rendered":"<div class=\"wpb-content-wrapper\"><p>[vc_row][vc_column][vc_gallery type=&#8220;flexslider_slide&#8220; interval=&#8220;3&#8243; images=&#8220;2322,2324,2326,2328&#8243; img_size=&#8220;full&#8220;][vc_column_text css=&#8220;&#8220;]<span style=\"font-weight: 400;\">Eine attraktive Bucht am Fu\u00dfe einer kleinen roten Klippe mit einigen kleinen Inseln, die Badeg\u00e4ste schwimmend erreichen k\u00f6nnen. Es verf\u00fcgt \u00fcber ein Restaurant und auf der Ostseite des Ufers gibt es eine kleine Siedlung mit Chalets.\u00a0 Das Ufer ist ein Sandstrand, w\u00e4hrend der Meeresgrund zwischen Felsen, Sand und Posidonia-Seegras wechselt. Rechts von der Bucht befindet sich hinter einigen Felsen ein weiterer kleiner Strand mit einigen Bootsh\u00e4usern, der von einer spitzen Landzunge, der Sa Punta Negre, gesch\u00fctzt wird.<\/span>[\/vc_column_text][\/vc_column][\/vc_row]<\/p>\n<\/div>","protected":false},"excerpt":{"rendered":"<p>[vc_row][vc_column][vc_gallery type=&#8220;flexslider_slide&#8220; interval=&#8220;3&#8243; images=&#8220;2322,2324,2326,2328&#8243; img_size=&#8220;full&#8220;][vc_column_text css=&#8220;&#8220;]Eine attraktive Bucht am Fu\u00dfe einer kleinen roten Klippe mit einigen kleinen Inseln, die Badeg\u00e4ste schwimmend erreichen k\u00f6nnen. Es verf\u00fcgt \u00fcber ein Restaurant und auf [&hellip;]<\/p>\n","protected":false},"author":1,"featured_media":29936,"parent":29532,"menu_order":0,"comment_status":"closed","ping_status":"closed","template":"","meta":{"_acf_changed":false,"jnews_page_loop":{"enable_page_loop":"0","first_title":"Latest Post","second_title":"","header_type":"heading_6","header_background":"","header_text_color":"","layout":"right-sidebar","sidebar":"default-sidebar","second_sidebar":"default-sidebar","sticky_sidebar":"1","module":"3","boxed":"0","boxed_shadow":"0","box_shadow":"0","excerpt_length":"20","content_date":"default","date_custom":"Y\/m\/d","content_pagination":"nav_1","pagination_align":"center","show_navtext":"0","show_pageinfo":"0","post_offset":"0","posts_per_page":"5","include_post":"","exclude_post":"","include_category":"","exclude_category":"","include_author":"","include_tag":"","exclude_tag":"","sort_by":"latest","main_custom_image_size":"default","second_custom_image_size":"default","post_sticky":"0"},"jnews_single_page":{"layout":"right-sidebar","sidebar":"gen-aleman","second_sidebar":"default-sidebar","sticky_sidebar":"1","show_post_featured":"0","show_post_meta":"0","share_position":"hide","share_color":"share-monocrhome","show_post_title":"1","show_post_breadcrumbs":"1"},"footnotes":""},"class_list":["post-29934","page","type-page","status-publish","has-post-thumbnail","hentry"],"acf":[],"yoast_head":"<!-- This site is optimized with the Yoast SEO plugin v26.7 - https:\/\/yoast.com\/wordpress\/plugins\/seo\/ -->\n<title>Cala Xarraca - Es N\u00e0utic<\/title>\n<meta name=\"robots\" content=\"index, follow, max-snippet:-1, max-image-preview:large, max-video-preview:-1\" \/>\n<link rel=\"canonical\" href=\"https:\/\/www.esnautic.com\/de\/natur-und-umwelt\/costa-de-poniente\/cala-xarraca\/\" \/>\n<meta property=\"og:locale\" content=\"de_DE\" \/>\n<meta property=\"og:type\" content=\"article\" \/>\n<meta property=\"og:title\" content=\"Cala Xarraca - Es N\u00e0utic\" \/>\n<meta property=\"og:description\" content=\"[vc_row][vc_column][vc_gallery type=&#8220;flexslider_slide&#8220; interval=&#8220;3&#8243; images=&#8220;2322,2324,2326,2328&#8243; img_size=&#8220;full&#8220;][vc_column_text css=&#8220;&#8220;]Eine attraktive Bucht am Fu\u00dfe einer kleinen roten Klippe mit einigen kleinen Inseln, die Badeg\u00e4ste schwimmend erreichen k\u00f6nnen. Es verf\u00fcgt \u00fcber ein Restaurant und auf [&hellip;]\" \/>\n<meta property=\"og:url\" content=\"https:\/\/www.esnautic.com\/de\/natur-und-umwelt\/costa-de-poniente\/cala-xarraca\/\" \/>\n<meta property=\"og:site_name\" content=\"Es N\u00e0utic\" \/>\n<meta property=\"article:modified_time\" content=\"2025-07-22T07:58:54+00:00\" \/>\n<meta property=\"og:image\" content=\"https:\/\/www.esnautic.com\/wp-content\/uploads\/2022\/09\/DSC_2318.jpg\" \/>\n\t<meta property=\"og:image:width\" content=\"1200\" \/>\n\t<meta property=\"og:image:height\" content=\"800\" \/>\n\t<meta property=\"og:image:type\" content=\"image\/jpeg\" \/>\n<meta name=\"twitter:card\" content=\"summary_large_image\" \/>\n<meta name=\"twitter:label1\" content=\"Gesch\u00e4tzte Lesezeit\" \/>\n\t<meta name=\"twitter:data1\" content=\"2\u00a0Minuten\" \/>\n<script type=\"application\/ld+json\" class=\"yoast-schema-graph\">{\"@context\":\"https:\/\/schema.org\",\"@graph\":[{\"@type\":\"WebPage\",\"@id\":\"https:\/\/www.esnautic.com\/de\/natur-und-umwelt\/costa-de-poniente\/cala-xarraca\/\",\"url\":\"https:\/\/www.esnautic.com\/de\/natur-und-umwelt\/costa-de-poniente\/cala-xarraca\/\",\"name\":\"Cala Xarraca - Es N\u00e0utic\",\"isPartOf\":{\"@id\":\"https:\/\/www.esnautic.com\/#website\"},\"primaryImageOfPage\":{\"@id\":\"https:\/\/www.esnautic.com\/de\/natur-und-umwelt\/costa-de-poniente\/cala-xarraca\/#primaryimage\"},\"image\":{\"@id\":\"https:\/\/www.esnautic.com\/de\/natur-und-umwelt\/costa-de-poniente\/cala-xarraca\/#primaryimage\"},\"thumbnailUrl\":\"https:\/\/www.esnautic.com\/wp-content\/uploads\/2022\/09\/DSC_2318.jpg\",\"datePublished\":\"2022-09-27T10:52:52+00:00\",\"dateModified\":\"2025-07-22T07:58:54+00:00\",\"breadcrumb\":{\"@id\":\"https:\/\/www.esnautic.com\/de\/natur-und-umwelt\/costa-de-poniente\/cala-xarraca\/#breadcrumb\"},\"inLanguage\":\"de\",\"potentialAction\":[{\"@type\":\"ReadAction\",\"target\":[\"https:\/\/www.esnautic.com\/de\/natur-und-umwelt\/costa-de-poniente\/cala-xarraca\/\"]}]},{\"@type\":\"ImageObject\",\"inLanguage\":\"de\",\"@id\":\"https:\/\/www.esnautic.com\/de\/natur-und-umwelt\/costa-de-poniente\/cala-xarraca\/#primaryimage\",\"url\":\"https:\/\/www.esnautic.com\/wp-content\/uploads\/2022\/09\/DSC_2318.jpg\",\"contentUrl\":\"https:\/\/www.esnautic.com\/wp-content\/uploads\/2022\/09\/DSC_2318.jpg\",\"width\":1200,\"height\":800},{\"@type\":\"BreadcrumbList\",\"@id\":\"https:\/\/www.esnautic.com\/de\/natur-und-umwelt\/costa-de-poniente\/cala-xarraca\/#breadcrumb\",\"itemListElement\":[{\"@type\":\"ListItem\",\"position\":1,\"name\":\"Startseite\",\"item\":\"https:\/\/www.esnautic.com\/de\/\"},{\"@type\":\"ListItem\",\"position\":2,\"name\":\"Natur und Umwelt\",\"item\":\"https:\/\/www.esnautic.com\/de\/natur-und-umwelt\/\"},{\"@type\":\"ListItem\",\"position\":3,\"name\":\"Costa de Poniente\",\"item\":\"https:\/\/www.esnautic.com\/de\/natur-und-umwelt\/costa-de-poniente\/\"},{\"@type\":\"ListItem\",\"position\":4,\"name\":\"Cala Xarraca\"}]},{\"@type\":\"WebSite\",\"@id\":\"https:\/\/www.esnautic.com\/#website\",\"url\":\"https:\/\/www.esnautic.com\/\",\"name\":\"Es N\u00e0utic\",\"description\":\"Club N\u00e0utic Sant Antoni\",\"potentialAction\":[{\"@type\":\"SearchAction\",\"target\":{\"@type\":\"EntryPoint\",\"urlTemplate\":\"https:\/\/www.esnautic.com\/?s={search_term_string}\"},\"query-input\":{\"@type\":\"PropertyValueSpecification\",\"valueRequired\":true,\"valueName\":\"search_term_string\"}}],\"inLanguage\":\"de\"}]}<\/script>\n<!-- \/ Yoast SEO plugin. -->","yoast_head_json":{"title":"Cala Xarraca - Es N\u00e0utic","robots":{"index":"index","follow":"follow","max-snippet":"max-snippet:-1","max-image-preview":"max-image-preview:large","max-video-preview":"max-video-preview:-1"},"canonical":"https:\/\/www.esnautic.com\/de\/natur-und-umwelt\/costa-de-poniente\/cala-xarraca\/","og_locale":"de_DE","og_type":"article","og_title":"Cala Xarraca - Es N\u00e0utic","og_description":"[vc_row][vc_column][vc_gallery type=&#8220;flexslider_slide&#8220; interval=&#8220;3&#8243; images=&#8220;2322,2324,2326,2328&#8243; img_size=&#8220;full&#8220;][vc_column_text css=&#8220;&#8220;]Eine attraktive Bucht am Fu\u00dfe einer kleinen roten Klippe mit einigen kleinen Inseln, die Badeg\u00e4ste schwimmend erreichen k\u00f6nnen. Es verf\u00fcgt \u00fcber ein Restaurant und auf [&hellip;]","og_url":"https:\/\/www.esnautic.com\/de\/natur-und-umwelt\/costa-de-poniente\/cala-xarraca\/","og_site_name":"Es N\u00e0utic","article_modified_time":"2025-07-22T07:58:54+00:00","og_image":[{"width":1200,"height":800,"url":"https:\/\/www.esnautic.com\/wp-content\/uploads\/2022\/09\/DSC_2318.jpg","type":"image\/jpeg"}],"twitter_card":"summary_large_image","twitter_misc":{"Gesch\u00e4tzte Lesezeit":"2\u00a0Minuten"},"schema":{"@context":"https:\/\/schema.org","@graph":[{"@type":"WebPage","@id":"https:\/\/www.esnautic.com\/de\/natur-und-umwelt\/costa-de-poniente\/cala-xarraca\/","url":"https:\/\/www.esnautic.com\/de\/natur-und-umwelt\/costa-de-poniente\/cala-xarraca\/","name":"Cala Xarraca - Es N\u00e0utic","isPartOf":{"@id":"https:\/\/www.esnautic.com\/#website"},"primaryImageOfPage":{"@id":"https:\/\/www.esnautic.com\/de\/natur-und-umwelt\/costa-de-poniente\/cala-xarraca\/#primaryimage"},"image":{"@id":"https:\/\/www.esnautic.com\/de\/natur-und-umwelt\/costa-de-poniente\/cala-xarraca\/#primaryimage"},"thumbnailUrl":"https:\/\/www.esnautic.com\/wp-content\/uploads\/2022\/09\/DSC_2318.jpg","datePublished":"2022-09-27T10:52:52+00:00","dateModified":"2025-07-22T07:58:54+00:00","breadcrumb":{"@id":"https:\/\/www.esnautic.com\/de\/natur-und-umwelt\/costa-de-poniente\/cala-xarraca\/#breadcrumb"},"inLanguage":"de","potentialAction":[{"@type":"ReadAction","target":["https:\/\/www.esnautic.com\/de\/natur-und-umwelt\/costa-de-poniente\/cala-xarraca\/"]}]},{"@type":"ImageObject","inLanguage":"de","@id":"https:\/\/www.esnautic.com\/de\/natur-und-umwelt\/costa-de-poniente\/cala-xarraca\/#primaryimage","url":"https:\/\/www.esnautic.com\/wp-content\/uploads\/2022\/09\/DSC_2318.jpg","contentUrl":"https:\/\/www.esnautic.com\/wp-content\/uploads\/2022\/09\/DSC_2318.jpg","width":1200,"height":800},{"@type":"BreadcrumbList","@id":"https:\/\/www.esnautic.com\/de\/natur-und-umwelt\/costa-de-poniente\/cala-xarraca\/#breadcrumb","itemListElement":[{"@type":"ListItem","position":1,"name":"Startseite","item":"https:\/\/www.esnautic.com\/de\/"},{"@type":"ListItem","position":2,"name":"Natur und Umwelt","item":"https:\/\/www.esnautic.com\/de\/natur-und-umwelt\/"},{"@type":"ListItem","position":3,"name":"Costa de Poniente","item":"https:\/\/www.esnautic.com\/de\/natur-und-umwelt\/costa-de-poniente\/"},{"@type":"ListItem","position":4,"name":"Cala Xarraca"}]},{"@type":"WebSite","@id":"https:\/\/www.esnautic.com\/#website","url":"https:\/\/www.esnautic.com\/","name":"Es N\u00e0utic","description":"Club N\u00e0utic Sant Antoni","potentialAction":[{"@type":"SearchAction","target":{"@type":"EntryPoint","urlTemplate":"https:\/\/www.esnautic.com\/?s={search_term_string}"},"query-input":{"@type":"PropertyValueSpecification","valueRequired":true,"valueName":"search_term_string"}}],"inLanguage":"de"}]}},"_links":{"self":[{"href":"https:\/\/www.esnautic.com\/de\/wp-json\/wp\/v2\/pages\/29934","targetHints":{"allow":["GET"]}}],"collection":[{"href":"https:\/\/www.esnautic.com\/de\/wp-json\/wp\/v2\/pages"}],"about":[{"href":"https:\/\/www.esnautic.com\/de\/wp-json\/wp\/v2\/types\/page"}],"author":[{"embeddable":true,"href":"https:\/\/www.esnautic.com\/de\/wp-json\/wp\/v2\/users\/1"}],"replies":[{"embeddable":true,"href":"https:\/\/www.esnautic.com\/de\/wp-json\/wp\/v2\/comments?post=29934"}],"version-history":[{"count":1,"href":"https:\/\/www.esnautic.com\/de\/wp-json\/wp\/v2\/pages\/29934\/revisions"}],"predecessor-version":[{"id":29940,"href":"https:\/\/www.esnautic.com\/de\/wp-json\/wp\/v2\/pages\/29934\/revisions\/29940"}],"up":[{"embeddable":true,"href":"https:\/\/www.esnautic.com\/de\/wp-json\/wp\/v2\/pages\/29532"}],"wp:featuredmedia":[{"embeddable":true,"href":"https:\/\/www.esnautic.com\/de\/wp-json\/wp\/v2\/media\/29936"}],"wp:attachment":[{"href":"https:\/\/www.esnautic.com\/de\/wp-json\/wp\/v2\/media?parent=29934"}],"curies":[{"name":"wp","href":"https:\/\/api.w.org\/{rel}","templated":true}]}}