{"id":30404,"date":"2022-05-01T08:32:18","date_gmt":"2022-05-01T06:32:18","guid":{"rendered":"https:\/\/www.esnautic.com\/home\/"},"modified":"2026-01-19T11:55:18","modified_gmt":"2026-01-19T10:55:18","slug":"home","status":"publish","type":"page","link":"https:\/\/www.esnautic.com\/de\/","title":{"rendered":"Home"},"content":{"rendered":"<div class=\"wpb-content-wrapper\"><p>[vc_row full_width=&#8220;stretch_row_content_no_spaces&#8220; full_height=&#8220;yes&#8220; columns_placement=&#8220;top&#8220; equal_height=&#8220;yes&#8220; vc_row_background=&#8220;&#8220; el_id=&#8220;tophomeen&#8220;][vc_column width=&#8220;7\/12&#8243; css=&#8220;.vc_custom_1747908414501{background-image: url(https:\/\/www.esnautic.com\/wp-content\/uploads\/2025\/05\/bahia.jpg?id=25091) !important;background-position: center !important;background-repeat: no-repeat !important;background-size: cover !important;}&#8220;][vc_row_inner content_placement=&#8220;middle&#8220;][vc_column_inner][vc_custom_heading text=&#8220;Willkommen bei<br \/>\nEs N\u00e0utic Yacht Club<br \/>\nIbiza&#8220; font_container=&#8220;tag:h1|text_align:left|color:%23ffffff&#8220; use_theme_fonts=&#8220;yes&#8220; css=&#8220;&#8220;][vc_btn title=&#8220;Reservierungen&#8220; style=&#8220;flat&#8220; shape=&#8220;round&#8220; color=&#8220;primary&#8220; css=&#8220;&#8220; link=&#8220;url:https%3A%2F%2Fwww.esnautic.com%2Fde%2Freservierungen%2F&#8220; el_class=&#8220;btn_azul&#8220;][vc_btn title=&#8220;Serviceangebote&#8220; style=&#8220;flat&#8220; shape=&#8220;round&#8220; color=&#8220;danger&#8220; css=&#8220;&#8220; link=&#8220;url:https%3A%2F%2Fwww.esnautic.com%2Fde%2Fserviceangebote%2F&#8220; el_class=&#8220;btn_rojo&#8220;][\/vc_column_inner][\/vc_row_inner][vc_row_inner equal_height=&#8220;yes&#8220; content_placement=&#8220;middle&#8220; el_id=&#8220;bannerboyaenmov&#8220;][vc_column_inner width=&#8220;1\/6&#8243; offset=&#8220;vc_col-xs-2&#8243;][vc_single_image image=&#8220;30775&#8243; img_size=&#8220;full&#8220; alignment=&#8220;center&#8220; onclick=&#8220;custom_link&#8220; img_link_target=&#8220;_blank&#8220; css=&#8220;.vc_custom_1754997201622{margin-bottom: 0px !important;}&#8220; el_class=&#8220;imgboya&#8220; link=&#8220;https:\/\/portal.esnautic.com\/en\/&#8220;][\/vc_column_inner][vc_column_inner width=&#8220;2\/3&#8243; offset=&#8220;vc_col-xs-8&#8243;][vc_column_text css=&#8220;&#8220;]<\/p>\n<h2>Reservieren Sie noch heute Ihren Liegeplatz in Es N\u00e0utic!<\/h2>\n<p>Ab sofort \u00fcber die Website verf\u00fcgbar.[\/vc_column_text][\/vc_column_inner][vc_column_inner width=&#8220;1\/6&#8243; offset=&#8220;vc_col-xs-2&#8243;][vc_single_image image=&#8220;30778&#8243; img_size=&#8220;full&#8220; alignment=&#8220;center&#8220; onclick=&#8220;custom_link&#8220; img_link_target=&#8220;_blank&#8220; css=&#8220;.vc_custom_1754997211081{margin-bottom: 0px !important;}&#8220; link=&#8220;https:\/\/portal.esnautic.com\/en\/&#8220;][\/vc_column_inner][\/vc_row_inner][\/vc_column][vc_column width=&#8220;5\/12&#8243;][vc_row_inner css=&#8220;.vc_custom_1754986095328{background-image: url(https:\/\/www.esnautic.com\/wp-content\/uploads\/2025\/08\/amarreEN.jpg?id=30789) !important;background-position: center !important;background-repeat: no-repeat !important;background-size: cover !important;}&#8220; el_class=&#8220;bannerreservahome&#8220;][vc_column_inner][vc_single_image image=&#8220;30798&#8243; img_size=&#8220;full&#8220; onclick=&#8220;custom_link&#8220; img_link_target=&#8220;_blank&#8220; css=&#8220;&#8220; link=&#8220;https:\/\/portal.esnautic.com\/en\/&#8220; el_class=&#8220;boya2&#8243;][vc_custom_heading text=&#8220;Reservieren Sie noch heute Ihren Liegeplatz in Es N\u00e0utic!&#8220; font_container=&#8220;tag:h2|text_align:left|color:%23ffffff&#8220; use_theme_fonts=&#8220;yes&#8220; css=&#8220;&#8220;][vc_column_text css=&#8220;&#8220;]Ab sofort \u00fcber die Website verf\u00fcgbar.[\/vc_column_text][vc_raw_html css=&#8220;&#8220; el_class=&#8220;flecha_blue&#8220;]JTNDYSUyMGhyZWYlM0QlMjJodHRwcyUzQSUyRiUyRnBvcnRhbC5lc25hdXRpYy5jb20lMkZlbiUyRiUyMiUyMHRhcmdldCUzRCUyMl9ibGFuayUyMiUzRSUzQyUyRmElM0U=[\/vc_raw_html][\/vc_column_inner][\/vc_row_inner]<div  class=\"jeg_slider_wrapper jeg_slider_type_6_wrapper jnews_module__0_69ede0be6cf79  no-overlay \">\n                    <div class=\"jeg_slider_type_6 jeg_slider jeg_col_3o3\" data-autoplay=\"true\" data-delay=\"6000\" data-nav-prev=\"prev\" data-nav-next=\"next\">\n                        <div class=\"jeg_slide_item\" style=\"background-image: url(https:\/\/www.esnautic.com\/wp-content\/uploads\/2025\/05\/vela-1024x722.jpg)\">\n\t\t\t\t\t<img decoding=\"async\" class=\"thumbnail-prioritize\" src=\"https:\/\/www.esnautic.com\/wp-content\/uploads\/2025\/05\/vela-1024x722.jpg\" style=\"display: none\" >\n                    \n                    <div class=\"jeg_slide_caption\">\n                        <div class=\"jeg_caption_container\">\n                            <div class=\"jeg_post_category\">\n                                \n                            <\/div>\n                            <h2 class=\"jeg_post_title\">\n                                <a href=\"https:\/\/www.esnautic.com\/de\/sportbereich\/\">Sportbereich<\/a>\n                            <\/h2>\n                            <p class=\"jeg_post_excerpt\"> Der Wassersport geh\u00f6rt zu den wichtigsten Pfeilern des Club N\u00e0utic Sant Antoni, der sich als Verein f\u00fcr die Gemeinschaft versteht. <\/p>\n                            <div class=\"jeg_post_meta\"><span class=\"jeg_meta_date\">20 de September de 2022<\/span><\/div>\n                        <\/div>\n                    <\/div>\n                <\/div>\n                    <\/div>\n                    \n                <\/div>[\/vc_column][\/vc_row][vc_row full_width=&#8220;stretch_row_content_no_spaces&#8220; full_height=&#8220;yes&#8220; columns_placement=&#8220;top&#8220; equal_height=&#8220;yes&#8220; disable_element=&#8220;yes&#8220; vc_row_background=&#8220;&#8220;][vc_column width=&#8220;7\/12&#8243; css=&#8220;.vc_custom_1747908414501{background-image: url(https:\/\/www.esnautic.com\/wp-content\/uploads\/2025\/05\/bahia.jpg?id=25091) !important;background-position: center !important;background-repeat: no-repeat !important;background-size: cover !important;}&#8220;][vc_row_inner content_placement=&#8220;middle&#8220;][vc_column_inner][vc_custom_heading text=&#8220;Willkommen bei<br \/>\nEs N\u00e0utic Yacht Club<br \/>\nIbiza&#8220; font_container=&#8220;tag:h1|text_align:left|color:%23ffffff&#8220; use_theme_fonts=&#8220;yes&#8220; css=&#8220;&#8220;][vc_btn title=&#8220;Reservierungen&#8220; style=&#8220;flat&#8220; shape=&#8220;round&#8220; color=&#8220;primary&#8220; css=&#8220;&#8220; link=&#8220;url:https%3A%2F%2Fwww.esnautic.com%2Fde%2Freservierungen%2F&#8220; el_class=&#8220;btn_azul&#8220;][vc_btn title=&#8220;Serviceangebote&#8220; style=&#8220;flat&#8220; shape=&#8220;round&#8220; color=&#8220;danger&#8220; css=&#8220;&#8220; link=&#8220;url:https%3A%2F%2Fwww.esnautic.com%2Fde%2Fserviceangebote%2F&#8220; el_class=&#8220;btn_rojo&#8220;][\/vc_column_inner][\/vc_row_inner][\/vc_column][vc_column width=&#8220;5\/12&#8243;][vc_row_inner css=&#8220;.vc_custom_1747911477496{background-image: url(https:\/\/www.esnautic.com\/wp-content\/uploads\/2025\/05\/vela.jpg?id=25094) !important;background-position: center !important;background-repeat: no-repeat !important;background-size: cover !important;}&#8220;][vc_column_inner][vc_custom_heading text=&#8220;Sportbereich&#8220; font_container=&#8220;tag:h2|text_align:left|color:%23ffffff&#8220; use_theme_fonts=&#8220;yes&#8220; css=&#8220;&#8220;][vc_column_text css=&#8220;&#8220;]Der Wassersport geh\u00f6rt zu den wichtigsten Pfeilern des Club N\u00e0utic Sant Antoni, der sich als Verein f\u00fcr die Gemeinschaft versteht.[\/vc_column_text][vc_raw_html css=&#8220;&#8220; el_class=&#8220;flecha&#8220;]JTNDYSUyMGhyZWYlM0QlMjJodHRwcyUzQSUyRiUyRnd3dy5lc25hdXRpYy5jb20lMkZkZSUyRnNwb3J0YmVyZWljaCUyRiUyMiUzRSUzQyUyRmElM0U=[\/vc_raw_html][\/vc_column_inner][\/vc_row_inner][vc_row_inner css=&#8220;.vc_custom_1747911881594{background-image: url(https:\/\/www.esnautic.com\/wp-content\/uploads\/2025\/05\/veleromar.jpg?id=25104) !important;background-position: center !important;background-repeat: no-repeat !important;background-size: cover !important;}&#8220;][vc_column_inner][vc_custom_heading text=&#8220;Nautische Akademie&#8220; font_container=&#8220;tag:h2|text_align:left|color:%23ffffff&#8220; use_theme_fonts=&#8220;yes&#8220; css=&#8220;&#8220;][vc_column_text css=&#8220;&#8220;]Erwerben Sie Ihr Navigationszertifikat bei unserem professionellen Lehrerteam.[\/vc_column_text][vc_raw_html css=&#8220;&#8220; el_class=&#8220;flecha&#8220;]JTNDYSUyMGhyZWYlM0QlMjJodHRwcyUzQSUyRiUyRnd3dy5lc25hdXRpYy5jb20lMkZkZSUyRm5hdXRpc2NoZS1ha2FkZW1pZSUyRiUyMiUzRSUzQyUyRmElM0U=[\/vc_raw_html][\/vc_column_inner][\/vc_row_inner][\/vc_column][\/vc_row][vc_row gap=&#8220;20&#8243; equal_height=&#8220;yes&#8220; content_placement=&#8220;bottom&#8220; vc_row_background=&#8220;&#8220; el_id=&#8220;enhome1&#8243; css=&#8220;.vc_custom_1747994402338{margin-top: 80px !important;}&#8220;][vc_column width=&#8220;1\/3&#8243;][vc_single_image image=&#8220;29565&#8243; img_size=&#8220;large&#8220; css=&#8220;.vc_custom_1749555009497{background-color: rgba(0,0,0,0.2) !important;*background-color: rgb(0,0,0) !important;}&#8220;][vc_custom_heading text=&#8220;Liegeplatz<br \/>\nReservierung&#8220; font_container=&#8220;tag:h2|text_align:left|color:%23ffffff&#8220; use_theme_fonts=&#8220;yes&#8220; css=&#8220;&#8220; link=&#8220;url:https%3A%2F%2Fwww.esnautic.com%2Fde%2Freservierungen%2F&#8220;][\/vc_column][vc_column width=&#8220;1\/3&#8243; css=&#8220;.vc_custom_1747994267165{background-position: center !important;background-repeat: no-repeat !important;background-size: cover !important;}&#8220;][vc_single_image image=&#8220;30421&#8243; img_size=&#8220;large&#8220;][vc_custom_heading text=&#8220;Bootsservice&#8220; font_container=&#8220;tag:h2|text_align:left|color:%23ffffff&#8220; use_theme_fonts=&#8220;yes&#8220; css=&#8220;&#8220; link=&#8220;url:https%3A%2F%2Fwww.esnautic.com%2Fde%2Fserviceangebote%2F&#8220;][\/vc_column][vc_column width=&#8220;1\/3&#8243; css=&#8220;.vc_custom_1747994309120{background-position: center !important;background-repeat: no-repeat !important;background-size: cover !important;}&#8220;][vc_single_image image=&#8220;29640&#8243; img_size=&#8220;large&#8220;][vc_custom_heading text=&#8220;Restaurant&#8220; font_container=&#8220;tag:h2|text_align:left|color:%23ffffff&#8220; use_theme_fonts=&#8220;yes&#8220; css=&#8220;&#8220; link=&#8220;url:https%3A%2F%2Fwww.esnautic.com%2Fde%2Fder-club%2Frestaurant%2F&#8220;][\/vc_column][\/vc_row][vc_row vc_row_background=&#8220;&#8220; el_id=&#8220;enhome2&#8243;][vc_column width=&#8220;2\/3&#8243;][vc_custom_heading text=&#8220;Willkommen&#8220; font_container=&#8220;tag:h2|text_align:left|color:%23183b5d&#8220; use_theme_fonts=&#8220;yes&#8220; css=&#8220;&#8220;][vc_column_text css=&#8220;&#8220;]Der Club N\u00e0utic Sant Antoni befindet sich in der Bucht von Portmany an der Westk\u00fcste Ibizas. Unsere Piere liegen der untergehenden Sonne und dem Naturschutzgebiet Islotes de Poniente zugewandt ganz in der N\u00e4he des Stadtzentrums von Sant Antoni, das zu den beliebtesten Zielen auf der Insel geh\u00f6rt. Besonders sch\u00e4tzen die Urlaubsg\u00e4ste Sant Antoni wegen seiner Gastronomie, den Einkaufsm\u00f6glichkeiten, den touristischen Dienstleistungen und dem einladenden Ambiente.<\/p>\n<p>Von unserer Marina aus k\u00f6nnen Sie auf Entdeckungsreise entlang der idyllischen K\u00fcste der Pityusen gehen. Schon nach wenigen Meilen erwarten sie paradiesische Str\u00e4nde, hohe Steilklippen, eindrucksvolle Felseninseln und viele verborgene Natursch\u00e4tze. Wir bieten alle Arten von Dienstleistungen rund um den Wassersport sowie komplett renovierte Anlagen f\u00fcr maximalen Komfort, einen hervorragenden Service und eines der ber\u00fchmtesten Restaurants f\u00fcr maritime K\u00fcche auf Ibiza.<\/p>\n<p><strong>Herzlich willkommen im Club N\u00e0utic de Sant Antoni!<\/strong>[\/vc_column_text][vc_btn title=&#8220;Der Club&#8220; style=&#8220;flat&#8220; shape=&#8220;round&#8220; color=&#8220;primary&#8220; css=&#8220;&#8220; link=&#8220;url:https%3A%2F%2Fwww.esnautic.com%2Fde%2Fder-club%2F&#8220; el_class=&#8220;btn_azul&#8220;][\/vc_column][vc_column width=&#8220;1\/3&#8243; css=&#8220;.vc_custom_1747996752057{margin-top: 60px !important;}&#8220;][vc_custom_heading text=&#8220;Das Wetter&#8220; font_container=&#8220;tag:h2|font_size:20|text_align:left|color:%23000000&#8243; use_theme_fonts=&#8220;yes&#8220; css=&#8220;&#8220;][vc_widget_sidebar sidebar_id=&#8220;homeen&#8220;][\/vc_column][\/vc_row][vc_row vc_row_background=&#8220;&#8220; el_id=&#8220;seccshome&#8220;][vc_column width=&#8220;1\/4&#8243;][vc_raw_html css=&#8220;&#8220;]JTNDaW1nJTIwY2xhc3MlM0QlMjJhbGlnbm5vbmUlMjBzaXplLWZ1bGwlMjB3cC1pbWFnZS0zMTg0JTIyJTIwc3JjJTNEJTIyaHR0cHMlM0ElMkYlMkZ3d3cuZXNuYXV0aWMuY29tJTJGd3AtY29udGVudCUyRnVwbG9hZHMlMkYyMDIyJTJGMTAlMkZpLWNsdWIuc3ZnJTIyJTIwYWx0JTNEJTIyJTIyJTIwJTJGJTNFJTBBJTNDaDIlM0VEZXIlMjBDbHViJTNDJTJGaDIlM0U=[\/vc_raw_html][vc_wp_custommenu nav_menu=&#8220;70&#8243;][\/vc_column][vc_column width=&#8220;1\/4&#8243;][vc_raw_html css=&#8220;&#8220;]JTNDaW1nJTIwY2xhc3MlM0QlMjJzaXplLWZ1bGwlMjB3cC1pbWFnZS0zMTgyJTIyJTIwc3JjJTNEJTIyaHR0cHMlM0ElMkYlMkZ3d3cuZXNuYXV0aWMuY29tJTJGd3AtY29udGVudCUyRnVwbG9hZHMlMkYyMDIyJTJGMTAlMkZpLWRlcG9ydGUuc3ZnJTIyJTIwYWx0JTNEJTIyJTIyJTIwJTJGJTNFJTBBJTNDaDIlM0VTcG9ydGJlcmVpY2glM0MlMkZoMiUzRQ==[\/vc_raw_html][vc_wp_custommenu nav_menu=&#8220;68&#8243;][\/vc_column][vc_column width=&#8220;1\/4&#8243;][vc_raw_html css=&#8220;&#8220;]JTNDaW1nJTIwc3JjJTNEJTIyaHR0cHMlM0ElMkYlMkZ3d3cuZXNuYXV0aWMuY29tJTJGd3AtY29udGVudCUyRnVwbG9hZHMlMkYyMDIyJTJGMTAlMkZpLWVkdWNhY2lvbi5zdmclMjIlMjBhbHQlM0QlMjIlMjIlMjBjbGFzcyUzRCUyMnNpemUtZnVsbCUyMHdwLWltYWdlLTMxODAlMjIlMjAlMkYlM0UlMEElM0NoMiUzRUJpbGR1bmdzcHJvamVrdGUlM0MlMkZoMiUzRQ==[\/vc_raw_html][vc_wp_custommenu nav_menu=&#8220;69&#8243;][\/vc_column][vc_column width=&#8220;1\/4&#8243;][vc_raw_html css=&#8220;&#8220;]JTNDaW1nJTIwc3JjJTNEJTIyaHR0cHMlM0ElMkYlMkZ3d3cuZXNuYXV0aWMuY29tJTJGd3AtY29udGVudCUyRnVwbG9hZHMlMkYyMDIyJTJGMTAlMkZpLWVudG9ybm8uc3ZnJTIyJTIwYWx0JTNEJTIyJTIyJTIwY2xhc3MlM0QlMjJzaXplLWZ1bGwlMjB3cC1pbWFnZS0zMTc2JTIyJTIwJTJGJTNFJTBBJTNDaDIlM0VOYXR1ciUyMHVuZCUyMFVtd2VsdCUzQyUyRmgyJTNF[\/vc_raw_html][vc_wp_custommenu nav_menu=&#8220;62&#8243;][\/vc_column][\/vc_row][vc_row disable_element=&#8220;yes&#8220; vc_row_background=&#8220;&#8220;][vc_column][vc_raw_html css=&#8220;&#8220;]JTNDaW1nJTIwc3JjJTNEJTIyaHR0cHMlM0ElMkYlMkZ3d3cuZXNuYXV0aWMuY29tJTJGd3AtY29udGVudCUyRnVwbG9hZHMlMkYyMDIyJTJGMTAlMkZpLWFjYWRlbWlhLnN2ZyUyMiUyMGFsdCUzRCUyMiUyMiUyMGNsYXNzJTNEJTIyc2l6ZS1mdWxsJTIwd3AtaW1hZ2UtMzE3OCUyMiUyMCUyRiUzRSUwQSUzQ2gyJTNFTmF1dGlzY2hlJTIwQWthZGVtaWUlM0MlMkZoMiUzRQ==[\/vc_raw_html][vc_wp_custommenu nav_menu=&#8220;121&#8243;][\/vc_column][\/vc_row]<\/p>\n<\/div>","protected":false},"excerpt":{"rendered":"<p>[vc_row full_width=&#8220;stretch_row_content_no_spaces&#8220; full_height=&#8220;yes&#8220; columns_placement=&#8220;top&#8220; equal_height=&#8220;yes&#8220; vc_row_background=&#8220;&#8220; el_id=&#8220;tophomeen&#8220;][vc_column width=&#8220;7\/12&#8243; css=&#8220;.vc_custom_1747908414501{background-image: url(https:\/\/www.esnautic.com\/wp-content\/uploads\/2025\/05\/bahia.jpg?id=25091) !important;background-position: center !important;background-repeat: no-repeat !important;background-size: cover !important;}&#8220;][vc_row_inner content_placement=&#8220;middle&#8220;][vc_column_inner][vc_custom_heading text=&#8220;Willkommen bei Es N\u00e0utic Yacht Club Ibiza&#8220; font_container=&#8220;tag:h1|text_align:left|color:%23ffffff&#8220; use_theme_fonts=&#8220;yes&#8220; css=&#8220;&#8220;][vc_btn title=&#8220;Reservierungen&#8220; style=&#8220;flat&#8220; [&hellip;]<\/p>\n","protected":false},"author":1,"featured_media":0,"parent":0,"menu_order":0,"comment_status":"closed","ping_status":"closed","template":"template-builder.php","meta":{"_acf_changed":false,"jnews_page_loop":{"enable_page_loop":"0","first_title":"Latest Post","second_title":"","header_type":"heading_6","header_background":"","header_text_color":"","layout":"right-sidebar","sidebar":"default-sidebar","second_sidebar":"default-sidebar","sticky_sidebar":"1","module":"3","boxed":"0","boxed_shadow":"0","box_shadow":"0","excerpt_length":"20","content_date":"default","date_custom":"Y\/m\/d","content_pagination":"nav_1","pagination_align":"center","show_navtext":"0","show_pageinfo":"0","post_offset":"0","posts_per_page":"5","include_post":"","exclude_post":"","include_category":"","exclude_category":"","include_author":"","include_tag":"","exclude_tag":"","sort_by":"latest","main_custom_image_size":"default","second_custom_image_size":"default","post_sticky":"0"},"jnews_single_page":{"layout":"no-sidebar","sidebar":"default-sidebar","second_sidebar":"default-sidebar","sticky_sidebar":"1","show_post_featured":"1","show_post_meta":"0","share_position":"top","share_color":"share-monocrhome","show_post_title":"1","show_post_breadcrumbs":"1"},"footnotes":""},"class_list":["post-30404","page","type-page","status-publish","hentry"],"acf":[],"yoast_head":"<!-- This site is optimized with the Yoast SEO plugin v26.7 - https:\/\/yoast.com\/wordpress\/plugins\/seo\/ -->\n<title>Club N\u00e0utic Sant Antoni- Es N\u00e0utic<\/title>\n<meta name=\"description\" content=\"We hope that everyone who sails around our island can enjoy a unique Yacht Club.\" \/>\n<meta name=\"robots\" content=\"index, follow, max-snippet:-1, max-image-preview:large, max-video-preview:-1\" \/>\n<link rel=\"canonical\" href=\"https:\/\/www.esnautic.com\/de\/\" \/>\n<meta property=\"og:locale\" content=\"de_DE\" \/>\n<meta property=\"og:type\" content=\"article\" \/>\n<meta property=\"og:title\" content=\"Club N\u00e0utic Sant Antoni- Es N\u00e0utic\" \/>\n<meta property=\"og:description\" content=\"We hope that everyone who sails around our island can enjoy a unique Yacht Club.\" \/>\n<meta property=\"og:url\" content=\"https:\/\/www.esnautic.com\/de\/\" \/>\n<meta property=\"og:site_name\" content=\"Es N\u00e0utic\" \/>\n<meta property=\"article:modified_time\" content=\"2026-01-19T10:55:18+00:00\" \/>\n<meta name=\"twitter:card\" content=\"summary_large_image\" \/>\n<meta name=\"twitter:label1\" content=\"Gesch\u00e4tzte Lesezeit\" \/>\n\t<meta name=\"twitter:data1\" content=\"3\u00a0Minuten\" \/>\n<script type=\"application\/ld+json\" class=\"yoast-schema-graph\">{\"@context\":\"https:\/\/schema.org\",\"@graph\":[{\"@type\":\"WebPage\",\"@id\":\"https:\/\/www.esnautic.com\/de\/\",\"url\":\"https:\/\/www.esnautic.com\/de\/\",\"name\":\"Club N\u00e0utic Sant Antoni- Es N\u00e0utic\",\"isPartOf\":{\"@id\":\"https:\/\/www.esnautic.com\/#website\"},\"datePublished\":\"2022-05-01T06:32:18+00:00\",\"dateModified\":\"2026-01-19T10:55:18+00:00\",\"description\":\"We hope that everyone who sails around our island can enjoy a unique Yacht Club.\",\"breadcrumb\":{\"@id\":\"https:\/\/www.esnautic.com\/de\/#breadcrumb\"},\"inLanguage\":\"de\",\"potentialAction\":[{\"@type\":\"ReadAction\",\"target\":[\"https:\/\/www.esnautic.com\/de\/\"]}]},{\"@type\":\"BreadcrumbList\",\"@id\":\"https:\/\/www.esnautic.com\/de\/#breadcrumb\",\"itemListElement\":[{\"@type\":\"ListItem\",\"position\":1,\"name\":\"Startseite\",\"item\":\"https:\/\/www.esnautic.com\/de\/\"},{\"@type\":\"ListItem\",\"position\":2,\"name\":\"Home\"}]},{\"@type\":\"WebSite\",\"@id\":\"https:\/\/www.esnautic.com\/#website\",\"url\":\"https:\/\/www.esnautic.com\/\",\"name\":\"Es N\u00e0utic\",\"description\":\"Club N\u00e0utic Sant Antoni\",\"potentialAction\":[{\"@type\":\"SearchAction\",\"target\":{\"@type\":\"EntryPoint\",\"urlTemplate\":\"https:\/\/www.esnautic.com\/?s={search_term_string}\"},\"query-input\":{\"@type\":\"PropertyValueSpecification\",\"valueRequired\":true,\"valueName\":\"search_term_string\"}}],\"inLanguage\":\"de\"}]}<\/script>\n<!-- \/ Yoast SEO plugin. -->","yoast_head_json":{"title":"Club N\u00e0utic Sant Antoni- Es N\u00e0utic","description":"We hope that everyone who sails around our island can enjoy a unique Yacht Club.","robots":{"index":"index","follow":"follow","max-snippet":"max-snippet:-1","max-image-preview":"max-image-preview:large","max-video-preview":"max-video-preview:-1"},"canonical":"https:\/\/www.esnautic.com\/de\/","og_locale":"de_DE","og_type":"article","og_title":"Club N\u00e0utic Sant Antoni- Es N\u00e0utic","og_description":"We hope that everyone who sails around our island can enjoy a unique Yacht Club.","og_url":"https:\/\/www.esnautic.com\/de\/","og_site_name":"Es N\u00e0utic","article_modified_time":"2026-01-19T10:55:18+00:00","twitter_card":"summary_large_image","twitter_misc":{"Gesch\u00e4tzte Lesezeit":"3\u00a0Minuten"},"schema":{"@context":"https:\/\/schema.org","@graph":[{"@type":"WebPage","@id":"https:\/\/www.esnautic.com\/de\/","url":"https:\/\/www.esnautic.com\/de\/","name":"Club N\u00e0utic Sant Antoni- Es N\u00e0utic","isPartOf":{"@id":"https:\/\/www.esnautic.com\/#website"},"datePublished":"2022-05-01T06:32:18+00:00","dateModified":"2026-01-19T10:55:18+00:00","description":"We hope that everyone who sails around our island can enjoy a unique Yacht Club.","breadcrumb":{"@id":"https:\/\/www.esnautic.com\/de\/#breadcrumb"},"inLanguage":"de","potentialAction":[{"@type":"ReadAction","target":["https:\/\/www.esnautic.com\/de\/"]}]},{"@type":"BreadcrumbList","@id":"https:\/\/www.esnautic.com\/de\/#breadcrumb","itemListElement":[{"@type":"ListItem","position":1,"name":"Startseite","item":"https:\/\/www.esnautic.com\/de\/"},{"@type":"ListItem","position":2,"name":"Home"}]},{"@type":"WebSite","@id":"https:\/\/www.esnautic.com\/#website","url":"https:\/\/www.esnautic.com\/","name":"Es N\u00e0utic","description":"Club N\u00e0utic Sant Antoni","potentialAction":[{"@type":"SearchAction","target":{"@type":"EntryPoint","urlTemplate":"https:\/\/www.esnautic.com\/?s={search_term_string}"},"query-input":{"@type":"PropertyValueSpecification","valueRequired":true,"valueName":"search_term_string"}}],"inLanguage":"de"}]}},"_links":{"self":[{"href":"https:\/\/www.esnautic.com\/de\/wp-json\/wp\/v2\/pages\/30404","targetHints":{"allow":["GET"]}}],"collection":[{"href":"https:\/\/www.esnautic.com\/de\/wp-json\/wp\/v2\/pages"}],"about":[{"href":"https:\/\/www.esnautic.com\/de\/wp-json\/wp\/v2\/types\/page"}],"author":[{"embeddable":true,"href":"https:\/\/www.esnautic.com\/de\/wp-json\/wp\/v2\/users\/1"}],"replies":[{"embeddable":true,"href":"https:\/\/www.esnautic.com\/de\/wp-json\/wp\/v2\/comments?post=30404"}],"version-history":[{"count":7,"href":"https:\/\/www.esnautic.com\/de\/wp-json\/wp\/v2\/pages\/30404\/revisions"}],"predecessor-version":[{"id":32804,"href":"https:\/\/www.esnautic.com\/de\/wp-json\/wp\/v2\/pages\/30404\/revisions\/32804"}],"wp:attachment":[{"href":"https:\/\/www.esnautic.com\/de\/wp-json\/wp\/v2\/media?parent=30404"}],"curies":[{"name":"wp","href":"https:\/\/api.w.org\/{rel}","templated":true}]}}