{"id":27388,"date":"2022-09-16T08:55:44","date_gmt":"2022-09-16T06:55:44","guid":{"rendered":"https:\/\/www.esnautic.com\/environment\/"},"modified":"2025-07-07T11:55:17","modified_gmt":"2025-07-07T09:55:17","slug":"cadre","status":"publish","type":"page","link":"https:\/\/www.esnautic.com\/fr\/cadre\/","title":{"rendered":"Cadre"},"content":{"rendered":"<div class=\"wpb-content-wrapper\"><p>[vc_row][vc_column][vc_column_text el_class=\u00a0\u00bbsubtit_page\u00a0\u00bb]<\/p>\n<h2>Le cadre de la baie de Portmany et toute la c\u00f4te ouest d\u2019Ibiza offrent un patrimoine naturel exceptionnel. En tant qu\u2019usagers, il est de notre devoir de pr\u00e9server et de pr\u00e9server ce patrimoine naturel.<\/h2>\n<p>[\/vc_column_text][\/vc_column][\/vc_row][vc_row][vc_column][vc_basic_grid post_type=\u00a0\u00bbcustom\u00a0\u00bb element_width=\u00a0\u00bb6&Prime; item=\u00a0\u00bb2587&Prime; grid_id=\u00a0\u00bbvc_gid:1751880637294-51a64dfe-88c4-7&Prime; custom_query=\u00a0\u00bbpost_type=page&amp;posts_per_page=-1&amp;post_parent=1622&amp;orderby=date&amp;order=DESC\u00a0\u00bb][\/vc_column][\/vc_row]<\/p>\n<\/div>","protected":false},"excerpt":{"rendered":"<p>[vc_row][vc_column][vc_column_text el_class=\u00a0\u00bbsubtit_page\u00a0\u00bb] Le cadre de la baie de Portmany et toute la c\u00f4te ouest d\u2019Ibiza offrent un patrimoine naturel exceptionnel. En tant qu\u2019usagers, il est de notre devoir de pr\u00e9server [&hellip;]<\/p>\n","protected":false},"author":1,"featured_media":0,"parent":0,"menu_order":0,"comment_status":"closed","ping_status":"closed","template":"","meta":{"_acf_changed":false,"jnews_page_loop":{"enable_page_loop":"0","first_title":"Latest Post","second_title":"","header_type":"heading_6","header_background":"","header_text_color":"","layout":"right-sidebar","sidebar":"default-sidebar","second_sidebar":"default-sidebar","sticky_sidebar":"1","module":"3","boxed":"0","boxed_shadow":"0","box_shadow":"0","excerpt_length":"20","content_date":"default","date_custom":"Y\/m\/d","content_pagination":"nav_1","pagination_align":"center","show_navtext":"0","show_pageinfo":"0","post_offset":"0","posts_per_page":"5","include_post":"","exclude_post":"","include_category":"","exclude_category":"","include_author":"","include_tag":"","exclude_tag":"","sort_by":"latest","main_custom_image_size":"default","second_custom_image_size":"default","post_sticky":"0"},"jnews_single_page":{"layout":"right-sidebar","sidebar":"gen-frances","second_sidebar":"default-sidebar","sticky_sidebar":"1","show_post_featured":"0","show_post_meta":"0","share_position":"hide","share_color":"share-monocrhome","show_post_title":"1","show_post_breadcrumbs":"1"},"footnotes":""},"class_list":["post-27388","page","type-page","status-publish","hentry"],"acf":[],"yoast_head":"<!-- This site is optimized with the Yoast SEO plugin v26.7 - https:\/\/yoast.com\/wordpress\/plugins\/seo\/ -->\n<title>Cadre - Es N\u00e0utic<\/title>\n<meta name=\"robots\" content=\"index, follow, max-snippet:-1, max-image-preview:large, max-video-preview:-1\" \/>\n<link rel=\"canonical\" href=\"https:\/\/www.esnautic.com\/fr\/cadre\/\" \/>\n<meta property=\"og:locale\" content=\"fr_FR\" \/>\n<meta property=\"og:type\" content=\"article\" \/>\n<meta property=\"og:title\" content=\"Cadre - Es N\u00e0utic\" \/>\n<meta property=\"og:description\" content=\"[vc_row][vc_column][vc_column_text el_class=\u00a0\u00bbsubtit_page\u00a0\u00bb] Le cadre de la baie de Portmany et toute la c\u00f4te ouest d\u2019Ibiza offrent un patrimoine naturel exceptionnel. En tant qu\u2019usagers, il est de notre devoir de pr\u00e9server [&hellip;]\" \/>\n<meta property=\"og:url\" content=\"https:\/\/www.esnautic.com\/fr\/cadre\/\" \/>\n<meta property=\"og:site_name\" content=\"Es N\u00e0utic\" \/>\n<meta property=\"article:modified_time\" content=\"2025-07-07T09:55:17+00:00\" \/>\n<meta name=\"twitter:card\" content=\"summary_large_image\" \/>\n<meta name=\"twitter:label1\" content=\"Dur\u00e9e de lecture estim\u00e9e\" \/>\n\t<meta name=\"twitter:data1\" content=\"1 minute\" \/>\n<script type=\"application\/ld+json\" class=\"yoast-schema-graph\">{\"@context\":\"https:\/\/schema.org\",\"@graph\":[{\"@type\":\"WebPage\",\"@id\":\"https:\/\/www.esnautic.com\/fr\/cadre\/\",\"url\":\"https:\/\/www.esnautic.com\/fr\/cadre\/\",\"name\":\"Cadre - Es N\u00e0utic\",\"isPartOf\":{\"@id\":\"https:\/\/www.esnautic.com\/#website\"},\"datePublished\":\"2022-09-16T06:55:44+00:00\",\"dateModified\":\"2025-07-07T09:55:17+00:00\",\"breadcrumb\":{\"@id\":\"https:\/\/www.esnautic.com\/fr\/cadre\/#breadcrumb\"},\"inLanguage\":\"fr-FR\",\"potentialAction\":[{\"@type\":\"ReadAction\",\"target\":[\"https:\/\/www.esnautic.com\/fr\/cadre\/\"]}]},{\"@type\":\"BreadcrumbList\",\"@id\":\"https:\/\/www.esnautic.com\/fr\/cadre\/#breadcrumb\",\"itemListElement\":[{\"@type\":\"ListItem\",\"position\":1,\"name\":\"Accueil\",\"item\":\"https:\/\/www.esnautic.com\/fr\/\"},{\"@type\":\"ListItem\",\"position\":2,\"name\":\"Cadre\"}]},{\"@type\":\"WebSite\",\"@id\":\"https:\/\/www.esnautic.com\/#website\",\"url\":\"https:\/\/www.esnautic.com\/\",\"name\":\"Es N\u00e0utic\",\"description\":\"Club N\u00e0utic Sant Antoni\",\"potentialAction\":[{\"@type\":\"SearchAction\",\"target\":{\"@type\":\"EntryPoint\",\"urlTemplate\":\"https:\/\/www.esnautic.com\/?s={search_term_string}\"},\"query-input\":{\"@type\":\"PropertyValueSpecification\",\"valueRequired\":true,\"valueName\":\"search_term_string\"}}],\"inLanguage\":\"fr-FR\"}]}<\/script>\n<!-- \/ Yoast SEO plugin. -->","yoast_head_json":{"title":"Cadre - Es N\u00e0utic","robots":{"index":"index","follow":"follow","max-snippet":"max-snippet:-1","max-image-preview":"max-image-preview:large","max-video-preview":"max-video-preview:-1"},"canonical":"https:\/\/www.esnautic.com\/fr\/cadre\/","og_locale":"fr_FR","og_type":"article","og_title":"Cadre - Es N\u00e0utic","og_description":"[vc_row][vc_column][vc_column_text el_class=\u00a0\u00bbsubtit_page\u00a0\u00bb] Le cadre de la baie de Portmany et toute la c\u00f4te ouest d\u2019Ibiza offrent un patrimoine naturel exceptionnel. En tant qu\u2019usagers, il est de notre devoir de pr\u00e9server [&hellip;]","og_url":"https:\/\/www.esnautic.com\/fr\/cadre\/","og_site_name":"Es N\u00e0utic","article_modified_time":"2025-07-07T09:55:17+00:00","twitter_card":"summary_large_image","twitter_misc":{"Dur\u00e9e de lecture estim\u00e9e":"1 minute"},"schema":{"@context":"https:\/\/schema.org","@graph":[{"@type":"WebPage","@id":"https:\/\/www.esnautic.com\/fr\/cadre\/","url":"https:\/\/www.esnautic.com\/fr\/cadre\/","name":"Cadre - Es N\u00e0utic","isPartOf":{"@id":"https:\/\/www.esnautic.com\/#website"},"datePublished":"2022-09-16T06:55:44+00:00","dateModified":"2025-07-07T09:55:17+00:00","breadcrumb":{"@id":"https:\/\/www.esnautic.com\/fr\/cadre\/#breadcrumb"},"inLanguage":"fr-FR","potentialAction":[{"@type":"ReadAction","target":["https:\/\/www.esnautic.com\/fr\/cadre\/"]}]},{"@type":"BreadcrumbList","@id":"https:\/\/www.esnautic.com\/fr\/cadre\/#breadcrumb","itemListElement":[{"@type":"ListItem","position":1,"name":"Accueil","item":"https:\/\/www.esnautic.com\/fr\/"},{"@type":"ListItem","position":2,"name":"Cadre"}]},{"@type":"WebSite","@id":"https:\/\/www.esnautic.com\/#website","url":"https:\/\/www.esnautic.com\/","name":"Es N\u00e0utic","description":"Club N\u00e0utic Sant Antoni","potentialAction":[{"@type":"SearchAction","target":{"@type":"EntryPoint","urlTemplate":"https:\/\/www.esnautic.com\/?s={search_term_string}"},"query-input":{"@type":"PropertyValueSpecification","valueRequired":true,"valueName":"search_term_string"}}],"inLanguage":"fr-FR"}]}},"_links":{"self":[{"href":"https:\/\/www.esnautic.com\/fr\/wp-json\/wp\/v2\/pages\/27388","targetHints":{"allow":["GET"]}}],"collection":[{"href":"https:\/\/www.esnautic.com\/fr\/wp-json\/wp\/v2\/pages"}],"about":[{"href":"https:\/\/www.esnautic.com\/fr\/wp-json\/wp\/v2\/types\/page"}],"author":[{"embeddable":true,"href":"https:\/\/www.esnautic.com\/fr\/wp-json\/wp\/v2\/users\/1"}],"replies":[{"embeddable":true,"href":"https:\/\/www.esnautic.com\/fr\/wp-json\/wp\/v2\/comments?post=27388"}],"version-history":[{"count":2,"href":"https:\/\/www.esnautic.com\/fr\/wp-json\/wp\/v2\/pages\/27388\/revisions"}],"predecessor-version":[{"id":27390,"href":"https:\/\/www.esnautic.com\/fr\/wp-json\/wp\/v2\/pages\/27388\/revisions\/27390"}],"wp:attachment":[{"href":"https:\/\/www.esnautic.com\/fr\/wp-json\/wp\/v2\/media?parent=27388"}],"curies":[{"name":"wp","href":"https:\/\/api.w.org\/{rel}","templated":true}]}}