{"id":27418,"date":"2022-09-27T09:44:34","date_gmt":"2022-09-27T07:44:34","guid":{"rendered":"https:\/\/www.esnautic.com\/cadre\/patrimoine\/aquarium-de-es-cap-blanc\/"},"modified":"2025-07-08T08:40:34","modified_gmt":"2025-07-08T06:40:34","slug":"aquarium-des-cap-blanc","status":"publish","type":"page","link":"https:\/\/www.esnautic.com\/fr\/cadre\/patrimoine\/aquarium-des-cap-blanc\/","title":{"rendered":"Aquarium d\u2019es Cap Blanc"},"content":{"rendered":"<div class=\"wpb-content-wrapper\"><p>[vc_row][vc_column][vc_gallery type=\u00a0\u00bbflexslider_slide\u00a0\u00bb interval=\u00a0\u00bb3&Prime; images=\u00a0\u00bb2061,2063,2065,2067&Prime; img_size=\u00a0\u00bbfull\u00a0\u00bb][vc_column_text css=\u00a0\u00bb\u00a0\u00bb]L\u2019<a href=\"https:\/\/aquariumcapblanc.com\/\" target=\"_blank\" rel=\"noopener\">Aquarium d\u2019es Cap Blanc<\/a>, \u00e0 la p\u00e9riph\u00e9rie de Sant Antoni, pr\u00e8s de la route de Cala Graci\u00f3, occupe une grotte marine \u00e9galement connue sous le nom de Cova de ses Llagostes ou Cova des Vell Mar\u00ed. Ce dernier nom est utilis\u00e9 en ibicenco pour d\u00e9signer les phoques moines qui y trouvaient autrefois refuge. Le nom \u00ab\u2009ses Llagostes\u2009\u00bb vient du fait que, pendant des d\u00e9cennies, elle a servi \u00e0 conserver les homards des exc\u00e9dents que les p\u00eacheurs ne pouvaient pas vendre. L\u2019int\u00e9rieur de la grotte, reli\u00e9 \u00e0 la mer par cinq petites entr\u00e9es, fonctionne comme un vivier g\u00e9ant o\u00f9 ces crustac\u00e9s \u00e9taient maintenus en vie jusqu\u2019\u00e0 ce que la demande augmente \u00e0 nouveau, les exportant \u00e9galement vers Palma, Barcelone et d\u2019autres ports de la p\u00e9ninsule ib\u00e9rique.<\/p>\n<p>La grotte couvre une superficie d\u2019environ 370\u00a0m\u00e8tres carr\u00e9s et est travers\u00e9e par une passerelle sur l\u2019eau, permettant aux visiteurs d\u2019observer les principales esp\u00e8ces marines d\u2019Ibiza, telles que les m\u00e9rous, les homards et les raies, entre autres. L\u2019aquarium a \u00e9t\u00e9 fond\u00e9 en 1989 et abrite \u00e9galement le Centre de R\u00e9cup\u00e9ration des Esp\u00e8ces Marines (CREM). Il est donc courant d\u2019observer des animaux avant leur remise \u00e0 l\u2019eau. Les tortues marines sont les plus courantes. \u00c0 c\u00f4t\u00e9 de l\u2019aquarium, il y a une petite terrasse au bord de la mer qui vous permettra de prendre un verre. Plusieurs jours par semaine, les soirs d\u2019\u00e9t\u00e9, se tient la c\u00e9l\u00e8bre f\u00eate de la sardine.[\/vc_column_text][\/vc_column][\/vc_row]<\/p>\n<\/div>","protected":false},"excerpt":{"rendered":"<p>[vc_row][vc_column][vc_gallery type=\u00a0\u00bbflexslider_slide\u00a0\u00bb interval=\u00a0\u00bb3&Prime; images=\u00a0\u00bb2061,2063,2065,2067&Prime; img_size=\u00a0\u00bbfull\u00a0\u00bb][vc_column_text css=\u00a0\u00bb\u00a0\u00bb]L\u2019Aquarium d\u2019es Cap Blanc, \u00e0 la p\u00e9riph\u00e9rie de Sant Antoni, pr\u00e8s de la route de Cala Graci\u00f3, occupe une grotte marine \u00e9galement connue sous le [&hellip;]<\/p>\n","protected":false},"author":1,"featured_media":27420,"parent":27391,"menu_order":0,"comment_status":"closed","ping_status":"closed","template":"","meta":{"_acf_changed":false,"jnews_page_loop":{"enable_page_loop":"0","first_title":"Latest Post","second_title":"","header_type":"heading_6","header_background":"","header_text_color":"","layout":"right-sidebar","sidebar":"default-sidebar","second_sidebar":"default-sidebar","sticky_sidebar":"1","module":"3","boxed":"0","boxed_shadow":"0","box_shadow":"0","excerpt_length":"20","content_date":"default","date_custom":"Y\/m\/d","content_pagination":"nav_1","pagination_align":"center","show_navtext":"0","show_pageinfo":"0","post_offset":"0","posts_per_page":"5","include_post":"","exclude_post":"","include_category":"","exclude_category":"","include_author":"","include_tag":"","exclude_tag":"","sort_by":"latest","main_custom_image_size":"default","second_custom_image_size":"default","post_sticky":"0"},"jnews_single_page":{"layout":"right-sidebar","sidebar":"gen-frances","second_sidebar":"default-sidebar","sticky_sidebar":"1","show_post_featured":"0","show_post_meta":"0","share_position":"hide","share_color":"share-monocrhome","show_post_title":"1","show_post_breadcrumbs":"1"},"footnotes":""},"class_list":["post-27418","page","type-page","status-publish","has-post-thumbnail","hentry"],"acf":[],"yoast_head":"<!-- This site is optimized with the Yoast SEO plugin v26.7 - https:\/\/yoast.com\/wordpress\/plugins\/seo\/ -->\n<title>Aquarium d\u2019es Cap Blanc - Es N\u00e0utic<\/title>\n<meta name=\"robots\" content=\"index, follow, max-snippet:-1, max-image-preview:large, max-video-preview:-1\" \/>\n<link rel=\"canonical\" href=\"https:\/\/www.esnautic.com\/fr\/cadre\/patrimoine\/aquarium-des-cap-blanc\/\" \/>\n<meta property=\"og:locale\" content=\"fr_FR\" \/>\n<meta property=\"og:type\" content=\"article\" \/>\n<meta property=\"og:title\" content=\"Aquarium d\u2019es Cap Blanc - Es N\u00e0utic\" \/>\n<meta property=\"og:description\" content=\"[vc_row][vc_column][vc_gallery type=\u00a0\u00bbflexslider_slide\u00a0\u00bb interval=\u00a0\u00bb3&Prime; images=\u00a0\u00bb2061,2063,2065,2067&Prime; img_size=\u00a0\u00bbfull\u00a0\u00bb][vc_column_text css=\u00a0\u00bb\u00a0\u00bb]L\u2019Aquarium d\u2019es Cap Blanc, \u00e0 la p\u00e9riph\u00e9rie de Sant Antoni, pr\u00e8s de la route de Cala Graci\u00f3, occupe une grotte marine \u00e9galement connue sous le [&hellip;]\" \/>\n<meta property=\"og:url\" content=\"https:\/\/www.esnautic.com\/fr\/cadre\/patrimoine\/aquarium-des-cap-blanc\/\" \/>\n<meta property=\"og:site_name\" content=\"Es N\u00e0utic\" \/>\n<meta property=\"article:modified_time\" content=\"2025-07-08T06:40:34+00:00\" \/>\n<meta property=\"og:image\" content=\"https:\/\/www.esnautic.com\/wp-content\/uploads\/2022\/09\/DSC04625.jpg\" \/>\n\t<meta property=\"og:image:width\" content=\"1200\" \/>\n\t<meta property=\"og:image:height\" content=\"800\" \/>\n\t<meta property=\"og:image:type\" content=\"image\/jpeg\" \/>\n<meta name=\"twitter:card\" content=\"summary_large_image\" \/>\n<meta name=\"twitter:label1\" content=\"Dur\u00e9e de lecture estim\u00e9e\" \/>\n\t<meta name=\"twitter:data1\" content=\"3 minutes\" \/>\n<script type=\"application\/ld+json\" class=\"yoast-schema-graph\">{\"@context\":\"https:\/\/schema.org\",\"@graph\":[{\"@type\":\"WebPage\",\"@id\":\"https:\/\/www.esnautic.com\/fr\/cadre\/patrimoine\/aquarium-des-cap-blanc\/\",\"url\":\"https:\/\/www.esnautic.com\/fr\/cadre\/patrimoine\/aquarium-des-cap-blanc\/\",\"name\":\"Aquarium d\u2019es Cap Blanc - Es N\u00e0utic\",\"isPartOf\":{\"@id\":\"https:\/\/www.esnautic.com\/#website\"},\"primaryImageOfPage\":{\"@id\":\"https:\/\/www.esnautic.com\/fr\/cadre\/patrimoine\/aquarium-des-cap-blanc\/#primaryimage\"},\"image\":{\"@id\":\"https:\/\/www.esnautic.com\/fr\/cadre\/patrimoine\/aquarium-des-cap-blanc\/#primaryimage\"},\"thumbnailUrl\":\"https:\/\/www.esnautic.com\/wp-content\/uploads\/2022\/09\/DSC04625.jpg\",\"datePublished\":\"2022-09-27T07:44:34+00:00\",\"dateModified\":\"2025-07-08T06:40:34+00:00\",\"breadcrumb\":{\"@id\":\"https:\/\/www.esnautic.com\/fr\/cadre\/patrimoine\/aquarium-des-cap-blanc\/#breadcrumb\"},\"inLanguage\":\"fr-FR\",\"potentialAction\":[{\"@type\":\"ReadAction\",\"target\":[\"https:\/\/www.esnautic.com\/fr\/cadre\/patrimoine\/aquarium-des-cap-blanc\/\"]}]},{\"@type\":\"ImageObject\",\"inLanguage\":\"fr-FR\",\"@id\":\"https:\/\/www.esnautic.com\/fr\/cadre\/patrimoine\/aquarium-des-cap-blanc\/#primaryimage\",\"url\":\"https:\/\/www.esnautic.com\/wp-content\/uploads\/2022\/09\/DSC04625.jpg\",\"contentUrl\":\"https:\/\/www.esnautic.com\/wp-content\/uploads\/2022\/09\/DSC04625.jpg\",\"width\":1200,\"height\":800},{\"@type\":\"BreadcrumbList\",\"@id\":\"https:\/\/www.esnautic.com\/fr\/cadre\/patrimoine\/aquarium-des-cap-blanc\/#breadcrumb\",\"itemListElement\":[{\"@type\":\"ListItem\",\"position\":1,\"name\":\"Accueil\",\"item\":\"https:\/\/www.esnautic.com\/fr\/\"},{\"@type\":\"ListItem\",\"position\":2,\"name\":\"Cadre\",\"item\":\"https:\/\/www.esnautic.com\/fr\/cadre\/\"},{\"@type\":\"ListItem\",\"position\":3,\"name\":\"Patrimoine\",\"item\":\"https:\/\/www.esnautic.com\/fr\/cadre\/patrimoine\/\"},{\"@type\":\"ListItem\",\"position\":4,\"name\":\"Aquarium d\u2019es Cap Blanc\"}]},{\"@type\":\"WebSite\",\"@id\":\"https:\/\/www.esnautic.com\/#website\",\"url\":\"https:\/\/www.esnautic.com\/\",\"name\":\"Es N\u00e0utic\",\"description\":\"Club N\u00e0utic Sant Antoni\",\"potentialAction\":[{\"@type\":\"SearchAction\",\"target\":{\"@type\":\"EntryPoint\",\"urlTemplate\":\"https:\/\/www.esnautic.com\/?s={search_term_string}\"},\"query-input\":{\"@type\":\"PropertyValueSpecification\",\"valueRequired\":true,\"valueName\":\"search_term_string\"}}],\"inLanguage\":\"fr-FR\"}]}<\/script>\n<!-- \/ Yoast SEO plugin. -->","yoast_head_json":{"title":"Aquarium d\u2019es Cap Blanc - Es N\u00e0utic","robots":{"index":"index","follow":"follow","max-snippet":"max-snippet:-1","max-image-preview":"max-image-preview:large","max-video-preview":"max-video-preview:-1"},"canonical":"https:\/\/www.esnautic.com\/fr\/cadre\/patrimoine\/aquarium-des-cap-blanc\/","og_locale":"fr_FR","og_type":"article","og_title":"Aquarium d\u2019es Cap Blanc - Es N\u00e0utic","og_description":"[vc_row][vc_column][vc_gallery type=\u00a0\u00bbflexslider_slide\u00a0\u00bb interval=\u00a0\u00bb3&Prime; images=\u00a0\u00bb2061,2063,2065,2067&Prime; img_size=\u00a0\u00bbfull\u00a0\u00bb][vc_column_text css=\u00a0\u00bb\u00a0\u00bb]L\u2019Aquarium d\u2019es Cap Blanc, \u00e0 la p\u00e9riph\u00e9rie de Sant Antoni, pr\u00e8s de la route de Cala Graci\u00f3, occupe une grotte marine \u00e9galement connue sous le [&hellip;]","og_url":"https:\/\/www.esnautic.com\/fr\/cadre\/patrimoine\/aquarium-des-cap-blanc\/","og_site_name":"Es N\u00e0utic","article_modified_time":"2025-07-08T06:40:34+00:00","og_image":[{"width":1200,"height":800,"url":"https:\/\/www.esnautic.com\/wp-content\/uploads\/2022\/09\/DSC04625.jpg","type":"image\/jpeg"}],"twitter_card":"summary_large_image","twitter_misc":{"Dur\u00e9e de lecture estim\u00e9e":"3 minutes"},"schema":{"@context":"https:\/\/schema.org","@graph":[{"@type":"WebPage","@id":"https:\/\/www.esnautic.com\/fr\/cadre\/patrimoine\/aquarium-des-cap-blanc\/","url":"https:\/\/www.esnautic.com\/fr\/cadre\/patrimoine\/aquarium-des-cap-blanc\/","name":"Aquarium d\u2019es Cap Blanc - Es N\u00e0utic","isPartOf":{"@id":"https:\/\/www.esnautic.com\/#website"},"primaryImageOfPage":{"@id":"https:\/\/www.esnautic.com\/fr\/cadre\/patrimoine\/aquarium-des-cap-blanc\/#primaryimage"},"image":{"@id":"https:\/\/www.esnautic.com\/fr\/cadre\/patrimoine\/aquarium-des-cap-blanc\/#primaryimage"},"thumbnailUrl":"https:\/\/www.esnautic.com\/wp-content\/uploads\/2022\/09\/DSC04625.jpg","datePublished":"2022-09-27T07:44:34+00:00","dateModified":"2025-07-08T06:40:34+00:00","breadcrumb":{"@id":"https:\/\/www.esnautic.com\/fr\/cadre\/patrimoine\/aquarium-des-cap-blanc\/#breadcrumb"},"inLanguage":"fr-FR","potentialAction":[{"@type":"ReadAction","target":["https:\/\/www.esnautic.com\/fr\/cadre\/patrimoine\/aquarium-des-cap-blanc\/"]}]},{"@type":"ImageObject","inLanguage":"fr-FR","@id":"https:\/\/www.esnautic.com\/fr\/cadre\/patrimoine\/aquarium-des-cap-blanc\/#primaryimage","url":"https:\/\/www.esnautic.com\/wp-content\/uploads\/2022\/09\/DSC04625.jpg","contentUrl":"https:\/\/www.esnautic.com\/wp-content\/uploads\/2022\/09\/DSC04625.jpg","width":1200,"height":800},{"@type":"BreadcrumbList","@id":"https:\/\/www.esnautic.com\/fr\/cadre\/patrimoine\/aquarium-des-cap-blanc\/#breadcrumb","itemListElement":[{"@type":"ListItem","position":1,"name":"Accueil","item":"https:\/\/www.esnautic.com\/fr\/"},{"@type":"ListItem","position":2,"name":"Cadre","item":"https:\/\/www.esnautic.com\/fr\/cadre\/"},{"@type":"ListItem","position":3,"name":"Patrimoine","item":"https:\/\/www.esnautic.com\/fr\/cadre\/patrimoine\/"},{"@type":"ListItem","position":4,"name":"Aquarium d\u2019es Cap Blanc"}]},{"@type":"WebSite","@id":"https:\/\/www.esnautic.com\/#website","url":"https:\/\/www.esnautic.com\/","name":"Es N\u00e0utic","description":"Club N\u00e0utic Sant Antoni","potentialAction":[{"@type":"SearchAction","target":{"@type":"EntryPoint","urlTemplate":"https:\/\/www.esnautic.com\/?s={search_term_string}"},"query-input":{"@type":"PropertyValueSpecification","valueRequired":true,"valueName":"search_term_string"}}],"inLanguage":"fr-FR"}]}},"_links":{"self":[{"href":"https:\/\/www.esnautic.com\/fr\/wp-json\/wp\/v2\/pages\/27418","targetHints":{"allow":["GET"]}}],"collection":[{"href":"https:\/\/www.esnautic.com\/fr\/wp-json\/wp\/v2\/pages"}],"about":[{"href":"https:\/\/www.esnautic.com\/fr\/wp-json\/wp\/v2\/types\/page"}],"author":[{"embeddable":true,"href":"https:\/\/www.esnautic.com\/fr\/wp-json\/wp\/v2\/users\/1"}],"replies":[{"embeddable":true,"href":"https:\/\/www.esnautic.com\/fr\/wp-json\/wp\/v2\/comments?post=27418"}],"version-history":[{"count":2,"href":"https:\/\/www.esnautic.com\/fr\/wp-json\/wp\/v2\/pages\/27418\/revisions"}],"predecessor-version":[{"id":27424,"href":"https:\/\/www.esnautic.com\/fr\/wp-json\/wp\/v2\/pages\/27418\/revisions\/27424"}],"up":[{"embeddable":true,"href":"https:\/\/www.esnautic.com\/fr\/wp-json\/wp\/v2\/pages\/27391"}],"wp:featuredmedia":[{"embeddable":true,"href":"https:\/\/www.esnautic.com\/fr\/wp-json\/wp\/v2\/media\/27420"}],"wp:attachment":[{"href":"https:\/\/www.esnautic.com\/fr\/wp-json\/wp\/v2\/media?parent=27418"}],"curies":[{"name":"wp","href":"https:\/\/api.w.org\/{rel}","templated":true}]}}