{"id":27425,"date":"2022-09-27T09:49:38","date_gmt":"2022-09-27T07:49:38","guid":{"rendered":"https:\/\/www.esnautic.com\/cadre\/patrimoine\/faro-de-sa-conillera\/"},"modified":"2025-07-08T08:56:37","modified_gmt":"2025-07-08T06:56:37","slug":"phare-de-sa-conillera","status":"publish","type":"page","link":"https:\/\/www.esnautic.com\/fr\/cadre\/patrimoine\/phare-de-sa-conillera\/","title":{"rendered":"Phare de sa Conillera"},"content":{"rendered":"<div class=\"wpb-content-wrapper\"><p>[vc_row][vc_column][vc_gallery type=\u00a0\u00bbflexslider_slide\u00a0\u00bb interval=\u00a0\u00bb3&Prime; images=\u00a0\u00bb2072,2074,2076&Prime; img_size=\u00a0\u00bbfull\u00a0\u00bb][vc_column_text css=\u00a0\u00bb\u00a0\u00bb]Le premier phare qui signale l\u2019arriv\u00e9e dans la baie de Portmany est celui de Sa Conillera, qui \u00e9met encore des \u00e9clats intermittents. Ses plans ont \u00e9t\u00e9 trac\u00e9s en 1855 par l\u2019ing\u00e9nieur Emili Pou, et peu apr\u00e8s, une \u00e9quipe d\u2019ouvriers s\u2019installa sur l\u2019\u00eelot. Les mat\u00e9riaux n\u00e9cessaires \u00e0 sa construction furent d\u00e9charg\u00e9s sur la rive connue sous le nom de Sa Salvadora, \u00e0 l\u2019endroit o\u00f9 un ruisseau du m\u00eame nom se jette dans la baie.<\/p>\n<p>Pour \u00e9riger la tour, il fallut ouvrir un chemin jusqu\u2019\u00e0 Sa Punta des Cavall, le point culminant de la partie la plus septentrionale, situ\u00e9 \u00e0 69\u00a0m\u00e8tres au-dessus du niveau de la mer. Une tour circulaire de 16\u00a0m\u00e8tres de haut fut construite, avec un b\u00e2timent inappropri\u00e9, \u00e9galement rond \u00e0 la base, qui abritait les quartiers des gardiens du phare. Les travaux furent achev\u00e9s en 1857, mais il fut rapidement \u00e9vident que les infrastructures s\u2019av\u00e9raient insuffisantes pour r\u00e9pondre aux besoins des fonctionnaires.<\/p>\n<p>Un demi-si\u00e8cle plus tard, en 1908, le phare fut agrandi de deux b\u00e2timents annexes qui am\u00e9lior\u00e8rent consid\u00e9rablement les conditions de vie des trois gardiens de phare et de leurs familles. Les enfants vivaient avec eux et recevaient des cours des fonctionnaires eux-m\u00eames, car ils ne pouvaient pas aller \u00e0 l\u2019\u00e9cole. Ils ne recevaient que la visite des marins de Sant Antoni, qui leur apportaient un soutien logistique et des vivres deux fois par semaine. Ils \u00e9taient \u00e9galement tenus de leur porter secours si les gardiens donnaient l\u2019alerte, en utilisant des signaux avec des miroirs ou en allumant des feux de joie la nuit.<\/p>\n<p>Le phare fut abandonn\u00e9 en 1971, date \u00e0 laquelle il fut automatis\u00e9. Il a une port\u00e9e de 18\u00a0milles nautiques et \u00e9met quatre \u00e9clats blancs toutes les 20\u00a0secondes. Il n\u2019est visible que depuis la mer, car Sa Conillera fait partie de la r\u00e9serve naturelle des \u00celots de Poniente et il est interdit d\u2019y accoster.<\/p>\n<p>[\/vc_column_text][\/vc_column][\/vc_row]<\/p>\n<\/div>","protected":false},"excerpt":{"rendered":"<p>[vc_row][vc_column][vc_gallery type=\u00a0\u00bbflexslider_slide\u00a0\u00bb interval=\u00a0\u00bb3&Prime; images=\u00a0\u00bb2072,2074,2076&Prime; img_size=\u00a0\u00bbfull\u00a0\u00bb][vc_column_text css=\u00a0\u00bb\u00a0\u00bb]Le premier phare qui signale l\u2019arriv\u00e9e dans la baie de Portmany est celui de Sa Conillera, qui \u00e9met encore des \u00e9clats intermittents. Ses plans ont [&hellip;]<\/p>\n","protected":false},"author":1,"featured_media":27427,"parent":27391,"menu_order":0,"comment_status":"closed","ping_status":"closed","template":"","meta":{"_acf_changed":false,"jnews_page_loop":{"enable_page_loop":"0","first_title":"Latest Post","second_title":"","header_type":"heading_6","header_background":"","header_text_color":"","layout":"right-sidebar","sidebar":"default-sidebar","second_sidebar":"default-sidebar","sticky_sidebar":"1","module":"3","boxed":"0","boxed_shadow":"0","box_shadow":"0","excerpt_length":"20","content_date":"default","date_custom":"Y\/m\/d","content_pagination":"nav_1","pagination_align":"center","show_navtext":"0","show_pageinfo":"0","post_offset":"0","posts_per_page":"5","include_post":"","exclude_post":"","include_category":"","exclude_category":"","include_author":"","include_tag":"","exclude_tag":"","sort_by":"latest","main_custom_image_size":"default","second_custom_image_size":"default","post_sticky":"0"},"jnews_single_page":{"layout":"right-sidebar","sidebar":"gen-frances","second_sidebar":"default-sidebar","sticky_sidebar":"1","show_post_featured":"0","show_post_meta":"0","share_position":"hide","share_color":"share-monocrhome","show_post_title":"1","show_post_breadcrumbs":"1"},"footnotes":""},"class_list":["post-27425","page","type-page","status-publish","has-post-thumbnail","hentry"],"acf":[],"yoast_head":"<!-- This site is optimized with the Yoast SEO plugin v26.7 - https:\/\/yoast.com\/wordpress\/plugins\/seo\/ -->\n<title>Phare de sa Conillera - Es N\u00e0utic<\/title>\n<meta name=\"robots\" content=\"index, follow, max-snippet:-1, max-image-preview:large, max-video-preview:-1\" \/>\n<link rel=\"canonical\" href=\"https:\/\/www.esnautic.com\/fr\/cadre\/patrimoine\/phare-de-sa-conillera\/\" \/>\n<meta property=\"og:locale\" content=\"fr_FR\" \/>\n<meta property=\"og:type\" content=\"article\" \/>\n<meta property=\"og:title\" content=\"Phare de sa Conillera - Es N\u00e0utic\" \/>\n<meta property=\"og:description\" content=\"[vc_row][vc_column][vc_gallery type=\u00a0\u00bbflexslider_slide\u00a0\u00bb interval=\u00a0\u00bb3&Prime; images=\u00a0\u00bb2072,2074,2076&Prime; img_size=\u00a0\u00bbfull\u00a0\u00bb][vc_column_text css=\u00a0\u00bb\u00a0\u00bb]Le premier phare qui signale l\u2019arriv\u00e9e dans la baie de Portmany est celui de Sa Conillera, qui \u00e9met encore des \u00e9clats intermittents. Ses plans ont [&hellip;]\" \/>\n<meta property=\"og:url\" content=\"https:\/\/www.esnautic.com\/fr\/cadre\/patrimoine\/phare-de-sa-conillera\/\" \/>\n<meta property=\"og:site_name\" content=\"Es N\u00e0utic\" \/>\n<meta property=\"article:modified_time\" content=\"2025-07-08T06:56:37+00:00\" \/>\n<meta property=\"og:image\" content=\"https:\/\/www.esnautic.com\/wp-content\/uploads\/2022\/09\/DSC_0232rec.jpg\" \/>\n\t<meta property=\"og:image:width\" content=\"1200\" \/>\n\t<meta property=\"og:image:height\" content=\"800\" \/>\n\t<meta property=\"og:image:type\" content=\"image\/jpeg\" \/>\n<meta name=\"twitter:card\" content=\"summary_large_image\" \/>\n<meta name=\"twitter:label1\" content=\"Dur\u00e9e de lecture estim\u00e9e\" \/>\n\t<meta name=\"twitter:data1\" content=\"3 minutes\" \/>\n<script type=\"application\/ld+json\" class=\"yoast-schema-graph\">{\"@context\":\"https:\/\/schema.org\",\"@graph\":[{\"@type\":\"WebPage\",\"@id\":\"https:\/\/www.esnautic.com\/fr\/cadre\/patrimoine\/phare-de-sa-conillera\/\",\"url\":\"https:\/\/www.esnautic.com\/fr\/cadre\/patrimoine\/phare-de-sa-conillera\/\",\"name\":\"Phare de sa Conillera - Es N\u00e0utic\",\"isPartOf\":{\"@id\":\"https:\/\/www.esnautic.com\/#website\"},\"primaryImageOfPage\":{\"@id\":\"https:\/\/www.esnautic.com\/fr\/cadre\/patrimoine\/phare-de-sa-conillera\/#primaryimage\"},\"image\":{\"@id\":\"https:\/\/www.esnautic.com\/fr\/cadre\/patrimoine\/phare-de-sa-conillera\/#primaryimage\"},\"thumbnailUrl\":\"https:\/\/www.esnautic.com\/wp-content\/uploads\/2022\/09\/DSC_0232rec.jpg\",\"datePublished\":\"2022-09-27T07:49:38+00:00\",\"dateModified\":\"2025-07-08T06:56:37+00:00\",\"breadcrumb\":{\"@id\":\"https:\/\/www.esnautic.com\/fr\/cadre\/patrimoine\/phare-de-sa-conillera\/#breadcrumb\"},\"inLanguage\":\"fr-FR\",\"potentialAction\":[{\"@type\":\"ReadAction\",\"target\":[\"https:\/\/www.esnautic.com\/fr\/cadre\/patrimoine\/phare-de-sa-conillera\/\"]}]},{\"@type\":\"ImageObject\",\"inLanguage\":\"fr-FR\",\"@id\":\"https:\/\/www.esnautic.com\/fr\/cadre\/patrimoine\/phare-de-sa-conillera\/#primaryimage\",\"url\":\"https:\/\/www.esnautic.com\/wp-content\/uploads\/2022\/09\/DSC_0232rec.jpg\",\"contentUrl\":\"https:\/\/www.esnautic.com\/wp-content\/uploads\/2022\/09\/DSC_0232rec.jpg\",\"width\":1200,\"height\":800},{\"@type\":\"BreadcrumbList\",\"@id\":\"https:\/\/www.esnautic.com\/fr\/cadre\/patrimoine\/phare-de-sa-conillera\/#breadcrumb\",\"itemListElement\":[{\"@type\":\"ListItem\",\"position\":1,\"name\":\"Accueil\",\"item\":\"https:\/\/www.esnautic.com\/fr\/\"},{\"@type\":\"ListItem\",\"position\":2,\"name\":\"Cadre\",\"item\":\"https:\/\/www.esnautic.com\/fr\/cadre\/\"},{\"@type\":\"ListItem\",\"position\":3,\"name\":\"Patrimoine\",\"item\":\"https:\/\/www.esnautic.com\/fr\/cadre\/patrimoine\/\"},{\"@type\":\"ListItem\",\"position\":4,\"name\":\"Phare de sa Conillera\"}]},{\"@type\":\"WebSite\",\"@id\":\"https:\/\/www.esnautic.com\/#website\",\"url\":\"https:\/\/www.esnautic.com\/\",\"name\":\"Es N\u00e0utic\",\"description\":\"Club N\u00e0utic Sant Antoni\",\"potentialAction\":[{\"@type\":\"SearchAction\",\"target\":{\"@type\":\"EntryPoint\",\"urlTemplate\":\"https:\/\/www.esnautic.com\/?s={search_term_string}\"},\"query-input\":{\"@type\":\"PropertyValueSpecification\",\"valueRequired\":true,\"valueName\":\"search_term_string\"}}],\"inLanguage\":\"fr-FR\"}]}<\/script>\n<!-- \/ Yoast SEO plugin. -->","yoast_head_json":{"title":"Phare de sa Conillera - Es N\u00e0utic","robots":{"index":"index","follow":"follow","max-snippet":"max-snippet:-1","max-image-preview":"max-image-preview:large","max-video-preview":"max-video-preview:-1"},"canonical":"https:\/\/www.esnautic.com\/fr\/cadre\/patrimoine\/phare-de-sa-conillera\/","og_locale":"fr_FR","og_type":"article","og_title":"Phare de sa Conillera - Es N\u00e0utic","og_description":"[vc_row][vc_column][vc_gallery type=\u00a0\u00bbflexslider_slide\u00a0\u00bb interval=\u00a0\u00bb3&Prime; images=\u00a0\u00bb2072,2074,2076&Prime; img_size=\u00a0\u00bbfull\u00a0\u00bb][vc_column_text css=\u00a0\u00bb\u00a0\u00bb]Le premier phare qui signale l\u2019arriv\u00e9e dans la baie de Portmany est celui de Sa Conillera, qui \u00e9met encore des \u00e9clats intermittents. Ses plans ont [&hellip;]","og_url":"https:\/\/www.esnautic.com\/fr\/cadre\/patrimoine\/phare-de-sa-conillera\/","og_site_name":"Es N\u00e0utic","article_modified_time":"2025-07-08T06:56:37+00:00","og_image":[{"width":1200,"height":800,"url":"https:\/\/www.esnautic.com\/wp-content\/uploads\/2022\/09\/DSC_0232rec.jpg","type":"image\/jpeg"}],"twitter_card":"summary_large_image","twitter_misc":{"Dur\u00e9e de lecture estim\u00e9e":"3 minutes"},"schema":{"@context":"https:\/\/schema.org","@graph":[{"@type":"WebPage","@id":"https:\/\/www.esnautic.com\/fr\/cadre\/patrimoine\/phare-de-sa-conillera\/","url":"https:\/\/www.esnautic.com\/fr\/cadre\/patrimoine\/phare-de-sa-conillera\/","name":"Phare de sa Conillera - Es N\u00e0utic","isPartOf":{"@id":"https:\/\/www.esnautic.com\/#website"},"primaryImageOfPage":{"@id":"https:\/\/www.esnautic.com\/fr\/cadre\/patrimoine\/phare-de-sa-conillera\/#primaryimage"},"image":{"@id":"https:\/\/www.esnautic.com\/fr\/cadre\/patrimoine\/phare-de-sa-conillera\/#primaryimage"},"thumbnailUrl":"https:\/\/www.esnautic.com\/wp-content\/uploads\/2022\/09\/DSC_0232rec.jpg","datePublished":"2022-09-27T07:49:38+00:00","dateModified":"2025-07-08T06:56:37+00:00","breadcrumb":{"@id":"https:\/\/www.esnautic.com\/fr\/cadre\/patrimoine\/phare-de-sa-conillera\/#breadcrumb"},"inLanguage":"fr-FR","potentialAction":[{"@type":"ReadAction","target":["https:\/\/www.esnautic.com\/fr\/cadre\/patrimoine\/phare-de-sa-conillera\/"]}]},{"@type":"ImageObject","inLanguage":"fr-FR","@id":"https:\/\/www.esnautic.com\/fr\/cadre\/patrimoine\/phare-de-sa-conillera\/#primaryimage","url":"https:\/\/www.esnautic.com\/wp-content\/uploads\/2022\/09\/DSC_0232rec.jpg","contentUrl":"https:\/\/www.esnautic.com\/wp-content\/uploads\/2022\/09\/DSC_0232rec.jpg","width":1200,"height":800},{"@type":"BreadcrumbList","@id":"https:\/\/www.esnautic.com\/fr\/cadre\/patrimoine\/phare-de-sa-conillera\/#breadcrumb","itemListElement":[{"@type":"ListItem","position":1,"name":"Accueil","item":"https:\/\/www.esnautic.com\/fr\/"},{"@type":"ListItem","position":2,"name":"Cadre","item":"https:\/\/www.esnautic.com\/fr\/cadre\/"},{"@type":"ListItem","position":3,"name":"Patrimoine","item":"https:\/\/www.esnautic.com\/fr\/cadre\/patrimoine\/"},{"@type":"ListItem","position":4,"name":"Phare de sa Conillera"}]},{"@type":"WebSite","@id":"https:\/\/www.esnautic.com\/#website","url":"https:\/\/www.esnautic.com\/","name":"Es N\u00e0utic","description":"Club N\u00e0utic Sant Antoni","potentialAction":[{"@type":"SearchAction","target":{"@type":"EntryPoint","urlTemplate":"https:\/\/www.esnautic.com\/?s={search_term_string}"},"query-input":{"@type":"PropertyValueSpecification","valueRequired":true,"valueName":"search_term_string"}}],"inLanguage":"fr-FR"}]}},"_links":{"self":[{"href":"https:\/\/www.esnautic.com\/fr\/wp-json\/wp\/v2\/pages\/27425","targetHints":{"allow":["GET"]}}],"collection":[{"href":"https:\/\/www.esnautic.com\/fr\/wp-json\/wp\/v2\/pages"}],"about":[{"href":"https:\/\/www.esnautic.com\/fr\/wp-json\/wp\/v2\/types\/page"}],"author":[{"embeddable":true,"href":"https:\/\/www.esnautic.com\/fr\/wp-json\/wp\/v2\/users\/1"}],"replies":[{"embeddable":true,"href":"https:\/\/www.esnautic.com\/fr\/wp-json\/wp\/v2\/comments?post=27425"}],"version-history":[{"count":2,"href":"https:\/\/www.esnautic.com\/fr\/wp-json\/wp\/v2\/pages\/27425\/revisions"}],"predecessor-version":[{"id":27430,"href":"https:\/\/www.esnautic.com\/fr\/wp-json\/wp\/v2\/pages\/27425\/revisions\/27430"}],"up":[{"embeddable":true,"href":"https:\/\/www.esnautic.com\/fr\/wp-json\/wp\/v2\/pages\/27391"}],"wp:featuredmedia":[{"embeddable":true,"href":"https:\/\/www.esnautic.com\/fr\/wp-json\/wp\/v2\/media\/27427"}],"wp:attachment":[{"href":"https:\/\/www.esnautic.com\/fr\/wp-json\/wp\/v2\/media?parent=27425"}],"curies":[{"name":"wp","href":"https:\/\/api.w.org\/{rel}","templated":true}]}}