{"id":27533,"date":"2022-09-27T12:46:52","date_gmt":"2022-09-27T10:46:52","guid":{"rendered":"https:\/\/www.esnautic.com\/cadre\/cote-ouest\/cala-salada\/"},"modified":"2025-07-08T13:30:49","modified_gmt":"2025-07-08T11:30:49","slug":"cala-salada","status":"publish","type":"page","link":"https:\/\/www.esnautic.com\/fr\/cadre\/cote-ouest\/cala-salada\/","title":{"rendered":"Cala Salada"},"content":{"rendered":"<div class=\"wpb-content-wrapper\"><p>[vc_row][vc_column][vc_gallery type=\u00a0\u00bbflexslider_slide\u00a0\u00bb interval=\u00a0\u00bb3&Prime; images=\u00a0\u00bb2312,2314,2316,2318&Prime; img_size=\u00a0\u00bbfull\u00a0\u00bb][vc_column_text css=\u00a0\u00bb\u00a0\u00bb]Cala Salada marque le d\u00e9but de la R\u00e9serve naturelle d\u2019Es Amunts, qui s\u2019\u00e9tend de la pointe nord de l\u2019\u00eele jusqu\u2019\u00e0 la c\u00f4te de Sant Carles. C\u2019est \u00e9galement le dernier rivage de sable de la commune et elle compte deux plages. La plus grande est dot\u00e9e d\u2019un important ensemble de hangars \u00e0 bateaux sur son flanc sud, creus\u00e9s dans la falaise ocre. Elle dispose de chaises longues, de parasols et d\u2019un restaurant servant des plats de la mer.<\/p>\n<p>L\u2019autre rivage, Cala Saladeta, au nord, offre l\u2019une des images les plus embl\u00e9matiques et idylliques de Sant Antoni, gr\u00e2ce \u00e0 la couleur de son eau, d\u2019un turquoise presque \u00e9lectrique, et \u00e0 son sable blanc, alternant avec quelques r\u00e9cifs. On y trouve \u00e9galement quelques hangars \u00e0 bateaux.<\/p>\n<p>L\u2019acc\u00e8s en voiture \u00e0 Cala Salada est limit\u00e9 par la capacit\u00e9 du parking\u2009; de nombreux baigneurs empruntent donc les transports en commun ou le bateau. Les deux rivages sont s\u00e9par\u00e9s par l\u2019impressionnante Casa Rosada, construite au milieu du XXe\u00a0si\u00e8cle.[\/vc_column_text][\/vc_column][\/vc_row]<\/p>\n<\/div>","protected":false},"excerpt":{"rendered":"<p>[vc_row][vc_column][vc_gallery type=\u00a0\u00bbflexslider_slide\u00a0\u00bb interval=\u00a0\u00bb3&Prime; images=\u00a0\u00bb2312,2314,2316,2318&Prime; img_size=\u00a0\u00bbfull\u00a0\u00bb][vc_column_text css=\u00a0\u00bb\u00a0\u00bb]Cala Salada marque le d\u00e9but de la R\u00e9serve naturelle d\u2019Es Amunts, qui s\u2019\u00e9tend de la pointe nord de l\u2019\u00eele jusqu\u2019\u00e0 la c\u00f4te de Sant Carles. [&hellip;]<\/p>\n","protected":false},"author":1,"featured_media":27535,"parent":27395,"menu_order":0,"comment_status":"closed","ping_status":"closed","template":"","meta":{"_acf_changed":false,"jnews_page_loop":{"enable_page_loop":"0","first_title":"Latest Post","second_title":"","header_type":"heading_6","header_background":"","header_text_color":"","layout":"right-sidebar","sidebar":"default-sidebar","second_sidebar":"default-sidebar","sticky_sidebar":"1","module":"3","boxed":"0","boxed_shadow":"0","box_shadow":"0","excerpt_length":"20","content_date":"default","date_custom":"Y\/m\/d","content_pagination":"nav_1","pagination_align":"center","show_navtext":"0","show_pageinfo":"0","post_offset":"0","posts_per_page":"5","include_post":"","exclude_post":"","include_category":"","exclude_category":"","include_author":"","include_tag":"","exclude_tag":"","sort_by":"latest","main_custom_image_size":"default","second_custom_image_size":"default","post_sticky":"0"},"jnews_single_page":{"layout":"right-sidebar","sidebar":"gen-frances","second_sidebar":"default-sidebar","sticky_sidebar":"1","show_post_featured":"0","show_post_meta":"0","share_position":"hide","share_color":"share-monocrhome","show_post_title":"1","show_post_breadcrumbs":"1"},"footnotes":""},"class_list":["post-27533","page","type-page","status-publish","has-post-thumbnail","hentry"],"acf":[],"yoast_head":"<!-- This site is optimized with the Yoast SEO plugin v26.7 - https:\/\/yoast.com\/wordpress\/plugins\/seo\/ -->\n<title>Cala Salada - Es N\u00e0utic<\/title>\n<meta name=\"robots\" content=\"index, follow, max-snippet:-1, max-image-preview:large, max-video-preview:-1\" \/>\n<link rel=\"canonical\" href=\"https:\/\/www.esnautic.com\/fr\/cadre\/cote-ouest\/cala-salada\/\" \/>\n<meta property=\"og:locale\" content=\"fr_FR\" \/>\n<meta property=\"og:type\" content=\"article\" \/>\n<meta property=\"og:title\" content=\"Cala Salada - Es N\u00e0utic\" \/>\n<meta property=\"og:description\" content=\"[vc_row][vc_column][vc_gallery type=\u00a0\u00bbflexslider_slide\u00a0\u00bb interval=\u00a0\u00bb3&Prime; images=\u00a0\u00bb2312,2314,2316,2318&Prime; img_size=\u00a0\u00bbfull\u00a0\u00bb][vc_column_text css=\u00a0\u00bb\u00a0\u00bb]Cala Salada marque le d\u00e9but de la R\u00e9serve naturelle d\u2019Es Amunts, qui s\u2019\u00e9tend de la pointe nord de l\u2019\u00eele jusqu\u2019\u00e0 la c\u00f4te de Sant Carles. [&hellip;]\" \/>\n<meta property=\"og:url\" content=\"https:\/\/www.esnautic.com\/fr\/cadre\/cote-ouest\/cala-salada\/\" \/>\n<meta property=\"og:site_name\" content=\"Es N\u00e0utic\" \/>\n<meta property=\"article:modified_time\" content=\"2025-07-08T11:30:49+00:00\" \/>\n<meta property=\"og:image\" content=\"https:\/\/www.esnautic.com\/wp-content\/uploads\/2022\/09\/DSC_2092.jpg\" \/>\n\t<meta property=\"og:image:width\" content=\"1200\" \/>\n\t<meta property=\"og:image:height\" content=\"800\" \/>\n\t<meta property=\"og:image:type\" content=\"image\/jpeg\" \/>\n<meta name=\"twitter:card\" content=\"summary_large_image\" \/>\n<meta name=\"twitter:label1\" content=\"Dur\u00e9e de lecture estim\u00e9e\" \/>\n\t<meta name=\"twitter:data1\" content=\"2 minutes\" \/>\n<script type=\"application\/ld+json\" class=\"yoast-schema-graph\">{\"@context\":\"https:\/\/schema.org\",\"@graph\":[{\"@type\":\"WebPage\",\"@id\":\"https:\/\/www.esnautic.com\/fr\/cadre\/cote-ouest\/cala-salada\/\",\"url\":\"https:\/\/www.esnautic.com\/fr\/cadre\/cote-ouest\/cala-salada\/\",\"name\":\"Cala Salada - Es N\u00e0utic\",\"isPartOf\":{\"@id\":\"https:\/\/www.esnautic.com\/#website\"},\"primaryImageOfPage\":{\"@id\":\"https:\/\/www.esnautic.com\/fr\/cadre\/cote-ouest\/cala-salada\/#primaryimage\"},\"image\":{\"@id\":\"https:\/\/www.esnautic.com\/fr\/cadre\/cote-ouest\/cala-salada\/#primaryimage\"},\"thumbnailUrl\":\"https:\/\/www.esnautic.com\/wp-content\/uploads\/2022\/09\/DSC_2092.jpg\",\"datePublished\":\"2022-09-27T10:46:52+00:00\",\"dateModified\":\"2025-07-08T11:30:49+00:00\",\"breadcrumb\":{\"@id\":\"https:\/\/www.esnautic.com\/fr\/cadre\/cote-ouest\/cala-salada\/#breadcrumb\"},\"inLanguage\":\"fr-FR\",\"potentialAction\":[{\"@type\":\"ReadAction\",\"target\":[\"https:\/\/www.esnautic.com\/fr\/cadre\/cote-ouest\/cala-salada\/\"]}]},{\"@type\":\"ImageObject\",\"inLanguage\":\"fr-FR\",\"@id\":\"https:\/\/www.esnautic.com\/fr\/cadre\/cote-ouest\/cala-salada\/#primaryimage\",\"url\":\"https:\/\/www.esnautic.com\/wp-content\/uploads\/2022\/09\/DSC_2092.jpg\",\"contentUrl\":\"https:\/\/www.esnautic.com\/wp-content\/uploads\/2022\/09\/DSC_2092.jpg\",\"width\":1200,\"height\":800},{\"@type\":\"BreadcrumbList\",\"@id\":\"https:\/\/www.esnautic.com\/fr\/cadre\/cote-ouest\/cala-salada\/#breadcrumb\",\"itemListElement\":[{\"@type\":\"ListItem\",\"position\":1,\"name\":\"Accueil\",\"item\":\"https:\/\/www.esnautic.com\/fr\/\"},{\"@type\":\"ListItem\",\"position\":2,\"name\":\"Cadre\",\"item\":\"https:\/\/www.esnautic.com\/fr\/cadre\/\"},{\"@type\":\"ListItem\",\"position\":3,\"name\":\"C\u00f4te ouest\",\"item\":\"https:\/\/www.esnautic.com\/fr\/cadre\/cote-ouest\/\"},{\"@type\":\"ListItem\",\"position\":4,\"name\":\"Cala Salada\"}]},{\"@type\":\"WebSite\",\"@id\":\"https:\/\/www.esnautic.com\/#website\",\"url\":\"https:\/\/www.esnautic.com\/\",\"name\":\"Es N\u00e0utic\",\"description\":\"Club N\u00e0utic Sant Antoni\",\"potentialAction\":[{\"@type\":\"SearchAction\",\"target\":{\"@type\":\"EntryPoint\",\"urlTemplate\":\"https:\/\/www.esnautic.com\/?s={search_term_string}\"},\"query-input\":{\"@type\":\"PropertyValueSpecification\",\"valueRequired\":true,\"valueName\":\"search_term_string\"}}],\"inLanguage\":\"fr-FR\"}]}<\/script>\n<!-- \/ Yoast SEO plugin. -->","yoast_head_json":{"title":"Cala Salada - Es N\u00e0utic","robots":{"index":"index","follow":"follow","max-snippet":"max-snippet:-1","max-image-preview":"max-image-preview:large","max-video-preview":"max-video-preview:-1"},"canonical":"https:\/\/www.esnautic.com\/fr\/cadre\/cote-ouest\/cala-salada\/","og_locale":"fr_FR","og_type":"article","og_title":"Cala Salada - Es N\u00e0utic","og_description":"[vc_row][vc_column][vc_gallery type=\u00a0\u00bbflexslider_slide\u00a0\u00bb interval=\u00a0\u00bb3&Prime; images=\u00a0\u00bb2312,2314,2316,2318&Prime; img_size=\u00a0\u00bbfull\u00a0\u00bb][vc_column_text css=\u00a0\u00bb\u00a0\u00bb]Cala Salada marque le d\u00e9but de la R\u00e9serve naturelle d\u2019Es Amunts, qui s\u2019\u00e9tend de la pointe nord de l\u2019\u00eele jusqu\u2019\u00e0 la c\u00f4te de Sant Carles. [&hellip;]","og_url":"https:\/\/www.esnautic.com\/fr\/cadre\/cote-ouest\/cala-salada\/","og_site_name":"Es N\u00e0utic","article_modified_time":"2025-07-08T11:30:49+00:00","og_image":[{"width":1200,"height":800,"url":"https:\/\/www.esnautic.com\/wp-content\/uploads\/2022\/09\/DSC_2092.jpg","type":"image\/jpeg"}],"twitter_card":"summary_large_image","twitter_misc":{"Dur\u00e9e de lecture estim\u00e9e":"2 minutes"},"schema":{"@context":"https:\/\/schema.org","@graph":[{"@type":"WebPage","@id":"https:\/\/www.esnautic.com\/fr\/cadre\/cote-ouest\/cala-salada\/","url":"https:\/\/www.esnautic.com\/fr\/cadre\/cote-ouest\/cala-salada\/","name":"Cala Salada - Es N\u00e0utic","isPartOf":{"@id":"https:\/\/www.esnautic.com\/#website"},"primaryImageOfPage":{"@id":"https:\/\/www.esnautic.com\/fr\/cadre\/cote-ouest\/cala-salada\/#primaryimage"},"image":{"@id":"https:\/\/www.esnautic.com\/fr\/cadre\/cote-ouest\/cala-salada\/#primaryimage"},"thumbnailUrl":"https:\/\/www.esnautic.com\/wp-content\/uploads\/2022\/09\/DSC_2092.jpg","datePublished":"2022-09-27T10:46:52+00:00","dateModified":"2025-07-08T11:30:49+00:00","breadcrumb":{"@id":"https:\/\/www.esnautic.com\/fr\/cadre\/cote-ouest\/cala-salada\/#breadcrumb"},"inLanguage":"fr-FR","potentialAction":[{"@type":"ReadAction","target":["https:\/\/www.esnautic.com\/fr\/cadre\/cote-ouest\/cala-salada\/"]}]},{"@type":"ImageObject","inLanguage":"fr-FR","@id":"https:\/\/www.esnautic.com\/fr\/cadre\/cote-ouest\/cala-salada\/#primaryimage","url":"https:\/\/www.esnautic.com\/wp-content\/uploads\/2022\/09\/DSC_2092.jpg","contentUrl":"https:\/\/www.esnautic.com\/wp-content\/uploads\/2022\/09\/DSC_2092.jpg","width":1200,"height":800},{"@type":"BreadcrumbList","@id":"https:\/\/www.esnautic.com\/fr\/cadre\/cote-ouest\/cala-salada\/#breadcrumb","itemListElement":[{"@type":"ListItem","position":1,"name":"Accueil","item":"https:\/\/www.esnautic.com\/fr\/"},{"@type":"ListItem","position":2,"name":"Cadre","item":"https:\/\/www.esnautic.com\/fr\/cadre\/"},{"@type":"ListItem","position":3,"name":"C\u00f4te ouest","item":"https:\/\/www.esnautic.com\/fr\/cadre\/cote-ouest\/"},{"@type":"ListItem","position":4,"name":"Cala Salada"}]},{"@type":"WebSite","@id":"https:\/\/www.esnautic.com\/#website","url":"https:\/\/www.esnautic.com\/","name":"Es N\u00e0utic","description":"Club N\u00e0utic Sant Antoni","potentialAction":[{"@type":"SearchAction","target":{"@type":"EntryPoint","urlTemplate":"https:\/\/www.esnautic.com\/?s={search_term_string}"},"query-input":{"@type":"PropertyValueSpecification","valueRequired":true,"valueName":"search_term_string"}}],"inLanguage":"fr-FR"}]}},"_links":{"self":[{"href":"https:\/\/www.esnautic.com\/fr\/wp-json\/wp\/v2\/pages\/27533","targetHints":{"allow":["GET"]}}],"collection":[{"href":"https:\/\/www.esnautic.com\/fr\/wp-json\/wp\/v2\/pages"}],"about":[{"href":"https:\/\/www.esnautic.com\/fr\/wp-json\/wp\/v2\/types\/page"}],"author":[{"embeddable":true,"href":"https:\/\/www.esnautic.com\/fr\/wp-json\/wp\/v2\/users\/1"}],"replies":[{"embeddable":true,"href":"https:\/\/www.esnautic.com\/fr\/wp-json\/wp\/v2\/comments?post=27533"}],"version-history":[{"count":1,"href":"https:\/\/www.esnautic.com\/fr\/wp-json\/wp\/v2\/pages\/27533\/revisions"}],"predecessor-version":[{"id":27538,"href":"https:\/\/www.esnautic.com\/fr\/wp-json\/wp\/v2\/pages\/27533\/revisions\/27538"}],"up":[{"embeddable":true,"href":"https:\/\/www.esnautic.com\/fr\/wp-json\/wp\/v2\/pages\/27395"}],"wp:featuredmedia":[{"embeddable":true,"href":"https:\/\/www.esnautic.com\/fr\/wp-json\/wp\/v2\/media\/27535"}],"wp:attachment":[{"href":"https:\/\/www.esnautic.com\/fr\/wp-json\/wp\/v2\/media?parent=27533"}],"curies":[{"name":"wp","href":"https:\/\/api.w.org\/{rel}","templated":true}]}}