{"id":27782,"date":"2022-07-14T11:57:32","date_gmt":"2022-07-14T09:57:32","guid":{"rendered":"https:\/\/www.esnautic.com\/the-club\/"},"modified":"2025-07-09T12:31:31","modified_gmt":"2025-07-09T10:31:31","slug":"le-club","status":"publish","type":"page","link":"https:\/\/www.esnautic.com\/fr\/le-club\/","title":{"rendered":"Le Club"},"content":{"rendered":"<div class=\"wpb-content-wrapper\"><p>[vc_row][vc_column][vc_column_text css=\u00a0\u00bb\u00a0\u00bb el_class=\u00a0\u00bbsubtit_page\u00a0\u00bb]<\/p>\n<h2>En mon nom et au nom du Conseil d\u2019Administration, bienvenue \u00e0 Es N\u00e0utic\u2009!<\/h2>\n<p>[\/vc_column_text][vc_single_image image=\u00a0\u00bb1217&Prime; img_size=\u00a0\u00bbfull\u00a0\u00bb][vc_column_text css=\u00a0\u00bb\u00a0\u00bb]Notre club, qui existe depuis plus d\u2019un demi-si\u00e8cle, est n\u00e9 du besoin des p\u00eacheurs et des amoureux de la mer de Sant Antoni de disposer d\u2019un amarrage s\u00fbr pour leurs bateaux. Nous sommes donc un groupe n\u00e9 et int\u00e9gr\u00e9 au sein de la ville, o\u00f9 tous les secteurs sociaux et \u00e9conomiques de la baie de Portmany sont repr\u00e9sent\u00e9s.<\/p>\n<p>Avec des installations enti\u00e8rement r\u00e9nov\u00e9es, nous avons fait de l\u2019excellence du service notre priorit\u00e9. La satisfaction de nos membres et clients est fondamentale, et nous travaillons dur pour y parvenir, en nous effor\u00e7ant de nous am\u00e9liorer et de nous d\u00e9passer.<\/p>\n<p>Le travail social est \u00e9galement un \u00e9l\u00e9ment essentiel de notre travail. En tant qu\u2019organisation \u00e0 but non lucratif, nous consacrons une part importante de nos ressources \u00e0 la formation et \u00e0 l\u2019\u00e9ducation des nouvelles g\u00e9n\u00e9rations, en les rapprochant de la mer \u00e0 travers le sport et en les guidant vers la protection et le respect de l\u2019environnement. Nous sommes ouverts en permanence \u00e0 la soci\u00e9t\u00e9 qui nous entoure.<\/p>\n<p>Nous travaillons en sachant que notre mission est de transmettre s\u00e9curit\u00e9, confiance, bonheur et plaisir. \u00c0 cet effet, nous formons tous nos employ\u00e9s sous des maximes de responsabilit\u00e9, d\u2019honn\u00eatet\u00e9, de respect, de politesse et d\u2019esprit d\u2019\u00e9quipe.<br \/>\nNous esp\u00e9rons que tous ceux qui naviguent sur notre \u00eele pourront profiter d\u2019un club nautique unique, avec des installations et des services ax\u00e9s sur le bien-\u00eatre et le confort de nos membres et visiteurs, avec l\u2019hospitalit\u00e9 qui nous caract\u00e9rise depuis toujours. En outre, nous mettons tout en \u0153uvre pour prot\u00e9ger l\u2019environnement marin, en adoptant les protocoles de d\u00e9veloppement durable les plus rigoureux et en sensibilisant nos utilisateurs.<\/p>\n<p><strong>Merci de votre confiance.<\/strong><\/p>\n<p><strong>Jos\u00e9 Tur Torres<\/strong><br \/>\n<em>Pr\u00e9sident<\/em>[\/vc_column_text][\/vc_column][\/vc_row][vc_row vc_row_background=\u00a0\u00bb\u00a0\u00bb css=\u00a0\u00bb.vc_custom_1674722792476{margin-top: 60px !important;border-top-width: 1px !important;padding-top: 60px !important;border-top-color: #cccccc !important;border-top-style: solid !important;}\u00a0\u00bb el_id=\u00a0\u00bbmenuclub\u00a0\u00bb][vc_column][vc_basic_grid post_type=\u00a0\u00bbcustom\u00a0\u00bb element_width=\u00a0\u00bb12&Prime; item=\u00a0\u00bb2601&Prime; grid_id=\u00a0\u00bbvc_gid:1752056537615-17bd877d-512d-8&Prime; custom_query=\u00a0\u00bbpost_type=page&amp;posts_per_page=-1&amp;post_parent=1232&amp;orderby=date&amp;order=ASC\u00a0\u00bb][\/vc_column][\/vc_row]<\/p>\n<\/div>","protected":false},"excerpt":{"rendered":"<p>[vc_row][vc_column][vc_column_text css=\u00a0\u00bb\u00a0\u00bb el_class=\u00a0\u00bbsubtit_page\u00a0\u00bb] En mon nom et au nom du Conseil d\u2019Administration, bienvenue \u00e0 Es N\u00e0utic\u2009! [\/vc_column_text][vc_single_image image=\u00a0\u00bb1217&Prime; img_size=\u00a0\u00bbfull\u00a0\u00bb][vc_column_text css=\u00a0\u00bb\u00a0\u00bb]Notre club, qui existe depuis plus d\u2019un demi-si\u00e8cle, est n\u00e9 du [&hellip;]<\/p>\n","protected":false},"author":1,"featured_media":0,"parent":0,"menu_order":0,"comment_status":"closed","ping_status":"closed","template":"","meta":{"_acf_changed":false,"jnews_page_loop":{"enable_page_loop":"0","first_title":"Latest Post","second_title":"","header_type":"heading_6","header_background":"","header_text_color":"","layout":"right-sidebar","sidebar":"default-sidebar","second_sidebar":"default-sidebar","sticky_sidebar":"1","module":"3","boxed":"0","boxed_shadow":"0","box_shadow":"0","excerpt_length":"20","content_date":"default","date_custom":"Y\/m\/d","content_pagination":"nav_1","pagination_align":"center","show_navtext":"0","show_pageinfo":"0","post_offset":"0","posts_per_page":"5","include_post":"","exclude_post":"","include_category":"","exclude_category":"","include_author":"","include_tag":"","exclude_tag":"","sort_by":"latest","main_custom_image_size":"default","second_custom_image_size":"default","post_sticky":"0"},"jnews_single_page":{"layout":"right-sidebar","sidebar":"gen-frances","second_sidebar":"default-sidebar","sticky_sidebar":"1","show_post_featured":"0","show_post_meta":"0","share_position":"hide","share_color":"share-monocrhome","show_post_title":"1","show_post_breadcrumbs":"1"},"footnotes":""},"class_list":["post-27782","page","type-page","status-publish","hentry"],"acf":[],"yoast_head":"<!-- This site is optimized with the Yoast SEO plugin v26.7 - https:\/\/yoast.com\/wordpress\/plugins\/seo\/ -->\n<title>Le Club - Es N\u00e0utic<\/title>\n<meta name=\"robots\" content=\"index, follow, max-snippet:-1, max-image-preview:large, max-video-preview:-1\" \/>\n<link rel=\"canonical\" href=\"https:\/\/www.esnautic.com\/fr\/le-club\/\" \/>\n<meta property=\"og:locale\" content=\"fr_FR\" \/>\n<meta property=\"og:type\" content=\"article\" \/>\n<meta property=\"og:title\" content=\"Le Club - Es N\u00e0utic\" \/>\n<meta property=\"og:description\" content=\"[vc_row][vc_column][vc_column_text css=\u00a0\u00bb\u00a0\u00bb el_class=\u00a0\u00bbsubtit_page\u00a0\u00bb] En mon nom et au nom du Conseil d\u2019Administration, bienvenue \u00e0 Es N\u00e0utic\u2009! [\/vc_column_text][vc_single_image image=\u00a0\u00bb1217&Prime; img_size=\u00a0\u00bbfull\u00a0\u00bb][vc_column_text css=\u00a0\u00bb\u00a0\u00bb]Notre club, qui existe depuis plus d\u2019un demi-si\u00e8cle, est n\u00e9 du [&hellip;]\" \/>\n<meta property=\"og:url\" content=\"https:\/\/www.esnautic.com\/fr\/le-club\/\" \/>\n<meta property=\"og:site_name\" content=\"Es N\u00e0utic\" \/>\n<meta property=\"article:modified_time\" content=\"2025-07-09T10:31:31+00:00\" \/>\n<meta name=\"twitter:card\" content=\"summary_large_image\" \/>\n<meta name=\"twitter:label1\" content=\"Dur\u00e9e de lecture estim\u00e9e\" \/>\n\t<meta name=\"twitter:data1\" content=\"2 minutes\" \/>\n<script type=\"application\/ld+json\" class=\"yoast-schema-graph\">{\"@context\":\"https:\/\/schema.org\",\"@graph\":[{\"@type\":\"WebPage\",\"@id\":\"https:\/\/www.esnautic.com\/fr\/le-club\/\",\"url\":\"https:\/\/www.esnautic.com\/fr\/le-club\/\",\"name\":\"Le Club - Es N\u00e0utic\",\"isPartOf\":{\"@id\":\"https:\/\/www.esnautic.com\/#website\"},\"datePublished\":\"2022-07-14T09:57:32+00:00\",\"dateModified\":\"2025-07-09T10:31:31+00:00\",\"breadcrumb\":{\"@id\":\"https:\/\/www.esnautic.com\/fr\/le-club\/#breadcrumb\"},\"inLanguage\":\"fr-FR\",\"potentialAction\":[{\"@type\":\"ReadAction\",\"target\":[\"https:\/\/www.esnautic.com\/fr\/le-club\/\"]}]},{\"@type\":\"BreadcrumbList\",\"@id\":\"https:\/\/www.esnautic.com\/fr\/le-club\/#breadcrumb\",\"itemListElement\":[{\"@type\":\"ListItem\",\"position\":1,\"name\":\"Accueil\",\"item\":\"https:\/\/www.esnautic.com\/fr\/\"},{\"@type\":\"ListItem\",\"position\":2,\"name\":\"Le Club\"}]},{\"@type\":\"WebSite\",\"@id\":\"https:\/\/www.esnautic.com\/#website\",\"url\":\"https:\/\/www.esnautic.com\/\",\"name\":\"Es N\u00e0utic\",\"description\":\"Club N\u00e0utic Sant Antoni\",\"potentialAction\":[{\"@type\":\"SearchAction\",\"target\":{\"@type\":\"EntryPoint\",\"urlTemplate\":\"https:\/\/www.esnautic.com\/?s={search_term_string}\"},\"query-input\":{\"@type\":\"PropertyValueSpecification\",\"valueRequired\":true,\"valueName\":\"search_term_string\"}}],\"inLanguage\":\"fr-FR\"}]}<\/script>\n<!-- \/ Yoast SEO plugin. -->","yoast_head_json":{"title":"Le Club - Es N\u00e0utic","robots":{"index":"index","follow":"follow","max-snippet":"max-snippet:-1","max-image-preview":"max-image-preview:large","max-video-preview":"max-video-preview:-1"},"canonical":"https:\/\/www.esnautic.com\/fr\/le-club\/","og_locale":"fr_FR","og_type":"article","og_title":"Le Club - Es N\u00e0utic","og_description":"[vc_row][vc_column][vc_column_text css=\u00a0\u00bb\u00a0\u00bb el_class=\u00a0\u00bbsubtit_page\u00a0\u00bb] En mon nom et au nom du Conseil d\u2019Administration, bienvenue \u00e0 Es N\u00e0utic\u2009! [\/vc_column_text][vc_single_image image=\u00a0\u00bb1217&Prime; img_size=\u00a0\u00bbfull\u00a0\u00bb][vc_column_text css=\u00a0\u00bb\u00a0\u00bb]Notre club, qui existe depuis plus d\u2019un demi-si\u00e8cle, est n\u00e9 du [&hellip;]","og_url":"https:\/\/www.esnautic.com\/fr\/le-club\/","og_site_name":"Es N\u00e0utic","article_modified_time":"2025-07-09T10:31:31+00:00","twitter_card":"summary_large_image","twitter_misc":{"Dur\u00e9e de lecture estim\u00e9e":"2 minutes"},"schema":{"@context":"https:\/\/schema.org","@graph":[{"@type":"WebPage","@id":"https:\/\/www.esnautic.com\/fr\/le-club\/","url":"https:\/\/www.esnautic.com\/fr\/le-club\/","name":"Le Club - Es N\u00e0utic","isPartOf":{"@id":"https:\/\/www.esnautic.com\/#website"},"datePublished":"2022-07-14T09:57:32+00:00","dateModified":"2025-07-09T10:31:31+00:00","breadcrumb":{"@id":"https:\/\/www.esnautic.com\/fr\/le-club\/#breadcrumb"},"inLanguage":"fr-FR","potentialAction":[{"@type":"ReadAction","target":["https:\/\/www.esnautic.com\/fr\/le-club\/"]}]},{"@type":"BreadcrumbList","@id":"https:\/\/www.esnautic.com\/fr\/le-club\/#breadcrumb","itemListElement":[{"@type":"ListItem","position":1,"name":"Accueil","item":"https:\/\/www.esnautic.com\/fr\/"},{"@type":"ListItem","position":2,"name":"Le Club"}]},{"@type":"WebSite","@id":"https:\/\/www.esnautic.com\/#website","url":"https:\/\/www.esnautic.com\/","name":"Es N\u00e0utic","description":"Club N\u00e0utic Sant Antoni","potentialAction":[{"@type":"SearchAction","target":{"@type":"EntryPoint","urlTemplate":"https:\/\/www.esnautic.com\/?s={search_term_string}"},"query-input":{"@type":"PropertyValueSpecification","valueRequired":true,"valueName":"search_term_string"}}],"inLanguage":"fr-FR"}]}},"_links":{"self":[{"href":"https:\/\/www.esnautic.com\/fr\/wp-json\/wp\/v2\/pages\/27782","targetHints":{"allow":["GET"]}}],"collection":[{"href":"https:\/\/www.esnautic.com\/fr\/wp-json\/wp\/v2\/pages"}],"about":[{"href":"https:\/\/www.esnautic.com\/fr\/wp-json\/wp\/v2\/types\/page"}],"author":[{"embeddable":true,"href":"https:\/\/www.esnautic.com\/fr\/wp-json\/wp\/v2\/users\/1"}],"replies":[{"embeddable":true,"href":"https:\/\/www.esnautic.com\/fr\/wp-json\/wp\/v2\/comments?post=27782"}],"version-history":[{"count":2,"href":"https:\/\/www.esnautic.com\/fr\/wp-json\/wp\/v2\/pages\/27782\/revisions"}],"predecessor-version":[{"id":27791,"href":"https:\/\/www.esnautic.com\/fr\/wp-json\/wp\/v2\/pages\/27782\/revisions\/27791"}],"wp:attachment":[{"href":"https:\/\/www.esnautic.com\/fr\/wp-json\/wp\/v2\/media?parent=27782"}],"curies":[{"name":"wp","href":"https:\/\/api.w.org\/{rel}","templated":true}]}}