{"id":27798,"date":"2022-07-14T10:42:49","date_gmt":"2022-07-14T08:42:49","guid":{"rendered":"https:\/\/www.esnautic.com\/le-club\/about-us\/"},"modified":"2025-07-09T12:38:16","modified_gmt":"2025-07-09T10:38:16","slug":"nous-sommes-ainsi","status":"publish","type":"page","link":"https:\/\/www.esnautic.com\/fr\/le-club\/nous-sommes-ainsi\/","title":{"rendered":"Nous sommes ainsi"},"content":{"rendered":"<div class=\"wpb-content-wrapper\"><p>[vc_row][vc_column][vc_column_text css=\u00a0\u00bb\u00a0\u00bb el_class=\u00a0\u00bbsubtit_page\u00a0\u00bb]<\/p>\n<h2>Le Club N\u00e0utic Sant Antoni est une association priv\u00e9e dot\u00e9e de sa propre personnalit\u00e9 juridique, \u00e0 but non lucratif, dont le seul but est de promouvoir et de r\u00e9aliser des activit\u00e9s sociales, r\u00e9cr\u00e9atives, culturelles et sportives li\u00e9es \u00e0 la voile.<\/h2>\n<p>[\/vc_column_text][vc_single_image image=\u00a0\u00bb3846&Prime; img_size=\u00a0\u00bbfull\u00a0\u00bb onclick=\u00a0\u00bblink_image\u00a0\u00bb][vc_column_text css=\u00a0\u00bb\u00a0\u00bb]Notre id\u00e9e est de devenir une r\u00e9f\u00e9rence dans le secteur nautique et touristique des Bal\u00e9ares et de la M\u00e9diterran\u00e9e. Notre objectif principal est de faciliter l\u2019acc\u00e8s \u00e0 la mer pour que toute la soci\u00e9t\u00e9 puisse la d\u00e9couvrir, en profiter et la respecter, en accordant une attention particuli\u00e8re aux jeunes. Pour ce faire, nous disposons d\u2019une \u00e9quipe d\u00e9di\u00e9e au service client, \u00e0 l\u2019innovation et \u00e0 l\u2019am\u00e9lioration continue.<\/p>\n<p>Notre mission est donc d\u2019apporter s\u00e9curit\u00e9, confiance et bonheur \u00e0 tous ceux qui utilisent nos installations. Nous nous effor\u00e7ons d\u2019identifier et d\u2019\u00e9couter leurs besoins afin de leur offrir un service de qualit\u00e9, tout en prenant soin de ce qu\u2019ils appr\u00e9cient le plus : notre mer et nos c\u00f4tes.<\/p>\n<p>Les valeurs les plus importantes d\u2019Es N\u00e0utic sont donc nos utilisateurs : membres, clients et sportifs. Ils sont notre raison d\u2019\u00eatre et repr\u00e9sentent la priorit\u00e9 absolue de notre gestion. Nous nous effor\u00e7ons \u00e9galement de promouvoir l\u2019excellence dans le service, le travail social, l\u2019environnement, la viabilit\u00e9 \u00e9conomique et les valeurs humaines, telles que l\u2019engagement et l\u2019honn\u00eatet\u00e9.[\/vc_column_text][vc_wp_custommenu title=\u00a0\u00bbAutres sections du club\u00a0\u00bb nav_menu=\u00a0\u00bb70&Prime; el_class=\u00a0\u00bbmenupag\u00a0\u00bb][\/vc_column][\/vc_row]<\/p>\n<\/div>","protected":false},"excerpt":{"rendered":"<p>Le Club N\u00e0utic Sant Antoni est une organisation \u00e0 but non lucratif avec un fort ancrage social, d\u00e9tenue par ses plus de sept cents membres.<\/p>\n","protected":false},"author":1,"featured_media":27800,"parent":27782,"menu_order":0,"comment_status":"closed","ping_status":"closed","template":"","meta":{"_acf_changed":false,"jnews_page_loop":{"enable_page_loop":"0","first_title":"Latest Post","second_title":"","header_type":"heading_6","header_background":"","header_text_color":"","layout":"right-sidebar","sidebar":"default-sidebar","second_sidebar":"default-sidebar","sticky_sidebar":"1","module":"3","boxed":"0","boxed_shadow":"0","box_shadow":"0","excerpt_length":"20","content_date":"default","date_custom":"Y\/m\/d","content_pagination":"nav_1","pagination_align":"center","show_navtext":"0","show_pageinfo":"0","post_offset":"0","posts_per_page":"5","include_post":"","exclude_post":"","include_category":"","exclude_category":"","include_author":"","include_tag":"","exclude_tag":"","sort_by":"latest","main_custom_image_size":"default","second_custom_image_size":"default","post_sticky":"0"},"jnews_single_page":{"layout":"right-sidebar","sidebar":"gen-frances","second_sidebar":"default-sidebar","sticky_sidebar":"1","show_post_featured":"0","show_post_meta":"0","share_position":"hide","share_color":"share-monocrhome","show_post_title":"1","show_post_breadcrumbs":"1"},"footnotes":""},"class_list":["post-27798","page","type-page","status-publish","has-post-thumbnail","hentry"],"acf":[],"yoast_head":"<!-- This site is optimized with the Yoast SEO plugin v26.7 - https:\/\/yoast.com\/wordpress\/plugins\/seo\/ -->\n<title>Nous sommes ainsi - Es N\u00e0utic<\/title>\n<meta name=\"robots\" content=\"index, follow, max-snippet:-1, max-image-preview:large, max-video-preview:-1\" \/>\n<link rel=\"canonical\" href=\"https:\/\/www.esnautic.com\/fr\/le-club\/nous-sommes-ainsi\/\" \/>\n<meta property=\"og:locale\" content=\"fr_FR\" \/>\n<meta property=\"og:type\" content=\"article\" \/>\n<meta property=\"og:title\" content=\"Nous sommes ainsi - Es N\u00e0utic\" \/>\n<meta property=\"og:description\" content=\"Le Club N\u00e0utic Sant Antoni est une organisation \u00e0 but non lucratif avec un fort ancrage social, d\u00e9tenue par ses plus de sept cents membres.\" \/>\n<meta property=\"og:url\" content=\"https:\/\/www.esnautic.com\/fr\/le-club\/nous-sommes-ainsi\/\" \/>\n<meta property=\"og:site_name\" content=\"Es N\u00e0utic\" \/>\n<meta property=\"article:modified_time\" content=\"2025-07-09T10:38:16+00:00\" \/>\n<meta property=\"og:image\" content=\"https:\/\/www.esnautic.com\/wp-content\/uploads\/2022\/10\/web-0267.jpg\" \/>\n\t<meta property=\"og:image:width\" content=\"1900\" \/>\n\t<meta property=\"og:image:height\" content=\"1069\" \/>\n\t<meta property=\"og:image:type\" content=\"image\/jpeg\" \/>\n<meta name=\"twitter:card\" content=\"summary_large_image\" \/>\n<meta name=\"twitter:label1\" content=\"Dur\u00e9e de lecture estim\u00e9e\" \/>\n\t<meta name=\"twitter:data1\" content=\"2 minutes\" \/>\n<script type=\"application\/ld+json\" class=\"yoast-schema-graph\">{\"@context\":\"https:\/\/schema.org\",\"@graph\":[{\"@type\":\"WebPage\",\"@id\":\"https:\/\/www.esnautic.com\/fr\/le-club\/nous-sommes-ainsi\/\",\"url\":\"https:\/\/www.esnautic.com\/fr\/le-club\/nous-sommes-ainsi\/\",\"name\":\"Nous sommes ainsi - Es N\u00e0utic\",\"isPartOf\":{\"@id\":\"https:\/\/www.esnautic.com\/#website\"},\"primaryImageOfPage\":{\"@id\":\"https:\/\/www.esnautic.com\/fr\/le-club\/nous-sommes-ainsi\/#primaryimage\"},\"image\":{\"@id\":\"https:\/\/www.esnautic.com\/fr\/le-club\/nous-sommes-ainsi\/#primaryimage\"},\"thumbnailUrl\":\"https:\/\/www.esnautic.com\/wp-content\/uploads\/2022\/10\/web-0267.jpg\",\"datePublished\":\"2022-07-14T08:42:49+00:00\",\"dateModified\":\"2025-07-09T10:38:16+00:00\",\"breadcrumb\":{\"@id\":\"https:\/\/www.esnautic.com\/fr\/le-club\/nous-sommes-ainsi\/#breadcrumb\"},\"inLanguage\":\"fr-FR\",\"potentialAction\":[{\"@type\":\"ReadAction\",\"target\":[\"https:\/\/www.esnautic.com\/fr\/le-club\/nous-sommes-ainsi\/\"]}]},{\"@type\":\"ImageObject\",\"inLanguage\":\"fr-FR\",\"@id\":\"https:\/\/www.esnautic.com\/fr\/le-club\/nous-sommes-ainsi\/#primaryimage\",\"url\":\"https:\/\/www.esnautic.com\/wp-content\/uploads\/2022\/10\/web-0267.jpg\",\"contentUrl\":\"https:\/\/www.esnautic.com\/wp-content\/uploads\/2022\/10\/web-0267.jpg\",\"width\":1900,\"height\":1069},{\"@type\":\"BreadcrumbList\",\"@id\":\"https:\/\/www.esnautic.com\/fr\/le-club\/nous-sommes-ainsi\/#breadcrumb\",\"itemListElement\":[{\"@type\":\"ListItem\",\"position\":1,\"name\":\"Accueil\",\"item\":\"https:\/\/www.esnautic.com\/fr\/\"},{\"@type\":\"ListItem\",\"position\":2,\"name\":\"Le Club\",\"item\":\"https:\/\/www.esnautic.com\/fr\/le-club\/\"},{\"@type\":\"ListItem\",\"position\":3,\"name\":\"Nous sommes ainsi\"}]},{\"@type\":\"WebSite\",\"@id\":\"https:\/\/www.esnautic.com\/#website\",\"url\":\"https:\/\/www.esnautic.com\/\",\"name\":\"Es N\u00e0utic\",\"description\":\"Club N\u00e0utic Sant Antoni\",\"potentialAction\":[{\"@type\":\"SearchAction\",\"target\":{\"@type\":\"EntryPoint\",\"urlTemplate\":\"https:\/\/www.esnautic.com\/?s={search_term_string}\"},\"query-input\":{\"@type\":\"PropertyValueSpecification\",\"valueRequired\":true,\"valueName\":\"search_term_string\"}}],\"inLanguage\":\"fr-FR\"}]}<\/script>\n<!-- \/ Yoast SEO plugin. -->","yoast_head_json":{"title":"Nous sommes ainsi - Es N\u00e0utic","robots":{"index":"index","follow":"follow","max-snippet":"max-snippet:-1","max-image-preview":"max-image-preview:large","max-video-preview":"max-video-preview:-1"},"canonical":"https:\/\/www.esnautic.com\/fr\/le-club\/nous-sommes-ainsi\/","og_locale":"fr_FR","og_type":"article","og_title":"Nous sommes ainsi - Es N\u00e0utic","og_description":"Le Club N\u00e0utic Sant Antoni est une organisation \u00e0 but non lucratif avec un fort ancrage social, d\u00e9tenue par ses plus de sept cents membres.","og_url":"https:\/\/www.esnautic.com\/fr\/le-club\/nous-sommes-ainsi\/","og_site_name":"Es N\u00e0utic","article_modified_time":"2025-07-09T10:38:16+00:00","og_image":[{"width":1900,"height":1069,"url":"https:\/\/www.esnautic.com\/wp-content\/uploads\/2022\/10\/web-0267.jpg","type":"image\/jpeg"}],"twitter_card":"summary_large_image","twitter_misc":{"Dur\u00e9e de lecture estim\u00e9e":"2 minutes"},"schema":{"@context":"https:\/\/schema.org","@graph":[{"@type":"WebPage","@id":"https:\/\/www.esnautic.com\/fr\/le-club\/nous-sommes-ainsi\/","url":"https:\/\/www.esnautic.com\/fr\/le-club\/nous-sommes-ainsi\/","name":"Nous sommes ainsi - Es N\u00e0utic","isPartOf":{"@id":"https:\/\/www.esnautic.com\/#website"},"primaryImageOfPage":{"@id":"https:\/\/www.esnautic.com\/fr\/le-club\/nous-sommes-ainsi\/#primaryimage"},"image":{"@id":"https:\/\/www.esnautic.com\/fr\/le-club\/nous-sommes-ainsi\/#primaryimage"},"thumbnailUrl":"https:\/\/www.esnautic.com\/wp-content\/uploads\/2022\/10\/web-0267.jpg","datePublished":"2022-07-14T08:42:49+00:00","dateModified":"2025-07-09T10:38:16+00:00","breadcrumb":{"@id":"https:\/\/www.esnautic.com\/fr\/le-club\/nous-sommes-ainsi\/#breadcrumb"},"inLanguage":"fr-FR","potentialAction":[{"@type":"ReadAction","target":["https:\/\/www.esnautic.com\/fr\/le-club\/nous-sommes-ainsi\/"]}]},{"@type":"ImageObject","inLanguage":"fr-FR","@id":"https:\/\/www.esnautic.com\/fr\/le-club\/nous-sommes-ainsi\/#primaryimage","url":"https:\/\/www.esnautic.com\/wp-content\/uploads\/2022\/10\/web-0267.jpg","contentUrl":"https:\/\/www.esnautic.com\/wp-content\/uploads\/2022\/10\/web-0267.jpg","width":1900,"height":1069},{"@type":"BreadcrumbList","@id":"https:\/\/www.esnautic.com\/fr\/le-club\/nous-sommes-ainsi\/#breadcrumb","itemListElement":[{"@type":"ListItem","position":1,"name":"Accueil","item":"https:\/\/www.esnautic.com\/fr\/"},{"@type":"ListItem","position":2,"name":"Le Club","item":"https:\/\/www.esnautic.com\/fr\/le-club\/"},{"@type":"ListItem","position":3,"name":"Nous sommes ainsi"}]},{"@type":"WebSite","@id":"https:\/\/www.esnautic.com\/#website","url":"https:\/\/www.esnautic.com\/","name":"Es N\u00e0utic","description":"Club N\u00e0utic Sant Antoni","potentialAction":[{"@type":"SearchAction","target":{"@type":"EntryPoint","urlTemplate":"https:\/\/www.esnautic.com\/?s={search_term_string}"},"query-input":{"@type":"PropertyValueSpecification","valueRequired":true,"valueName":"search_term_string"}}],"inLanguage":"fr-FR"}]}},"_links":{"self":[{"href":"https:\/\/www.esnautic.com\/fr\/wp-json\/wp\/v2\/pages\/27798","targetHints":{"allow":["GET"]}}],"collection":[{"href":"https:\/\/www.esnautic.com\/fr\/wp-json\/wp\/v2\/pages"}],"about":[{"href":"https:\/\/www.esnautic.com\/fr\/wp-json\/wp\/v2\/types\/page"}],"author":[{"embeddable":true,"href":"https:\/\/www.esnautic.com\/fr\/wp-json\/wp\/v2\/users\/1"}],"replies":[{"embeddable":true,"href":"https:\/\/www.esnautic.com\/fr\/wp-json\/wp\/v2\/comments?post=27798"}],"version-history":[{"count":3,"href":"https:\/\/www.esnautic.com\/fr\/wp-json\/wp\/v2\/pages\/27798\/revisions"}],"predecessor-version":[{"id":27811,"href":"https:\/\/www.esnautic.com\/fr\/wp-json\/wp\/v2\/pages\/27798\/revisions\/27811"}],"up":[{"embeddable":true,"href":"https:\/\/www.esnautic.com\/fr\/wp-json\/wp\/v2\/pages\/27782"}],"wp:featuredmedia":[{"embeddable":true,"href":"https:\/\/www.esnautic.com\/fr\/wp-json\/wp\/v2\/media\/27800"}],"wp:attachment":[{"href":"https:\/\/www.esnautic.com\/fr\/wp-json\/wp\/v2\/media?parent=27798"}],"curies":[{"name":"wp","href":"https:\/\/api.w.org\/{rel}","templated":true}]}}