{"id":29154,"date":"2022-05-01T08:32:18","date_gmt":"2022-05-01T06:32:18","guid":{"rendered":"https:\/\/www.esnautic.com\/home\/"},"modified":"2026-01-19T11:52:56","modified_gmt":"2026-01-19T10:52:56","slug":"home","status":"publish","type":"page","link":"https:\/\/www.esnautic.com\/fr\/","title":{"rendered":"Home"},"content":{"rendered":"<div class=\"wpb-content-wrapper\"><p>[vc_row full_width=\u00a0\u00bbstretch_row_content_no_spaces\u00a0\u00bb full_height=\u00a0\u00bbyes\u00a0\u00bb columns_placement=\u00a0\u00bbtop\u00a0\u00bb equal_height=\u00a0\u00bbyes\u00a0\u00bb vc_row_background=\u00a0\u00bb\u00a0\u00bb el_id=\u00a0\u00bbtophomeen\u00a0\u00bb][vc_column width=\u00a0\u00bb7\/12&Prime; css=\u00a0\u00bb.vc_custom_1747908414501{background-image: url(https:\/\/www.esnautic.com\/wp-content\/uploads\/2025\/05\/bahia.jpg?id=25091) !important;background-position: center !important;background-repeat: no-repeat !important;background-size: cover !important;}\u00a0\u00bb][vc_row_inner content_placement=\u00a0\u00bbmiddle\u00a0\u00bb][vc_column_inner][vc_custom_heading text=\u00a0\u00bbBienvenue au<br \/>\nClub Nautique Es N\u00e0utic<br \/>\nIbiza\u00a0\u00bb font_container=\u00a0\u00bbtag:h1|text_align:left|color:%23ffffff\u00a0\u00bb use_theme_fonts=\u00a0\u00bbyes\u00a0\u00bb css=\u00a0\u00bb\u00a0\u00bb][vc_btn title=\u00a0\u00bbR\u00e9servations\u00a0\u00bb style=\u00a0\u00bbflat\u00a0\u00bb shape=\u00a0\u00bbround\u00a0\u00bb color=\u00a0\u00bbprimary\u00a0\u00bb css=\u00a0\u00bb\u00a0\u00bb link=\u00a0\u00bburl:https%3A%2F%2Fwww.esnautic.com%2Ffr%2Freservations%2F\u00a0\u00bb el_class=\u00a0\u00bbbtn_azul\u00a0\u00bb][vc_btn title=\u00a0\u00bbServices\u00a0\u00bb style=\u00a0\u00bbflat\u00a0\u00bb shape=\u00a0\u00bbround\u00a0\u00bb color=\u00a0\u00bbdanger\u00a0\u00bb css=\u00a0\u00bb\u00a0\u00bb link=\u00a0\u00bburl:https%3A%2F%2Fwww.esnautic.com%2Ffr%2Fservices%2F\u00a0\u00bb el_class=\u00a0\u00bbbtn_rojo\u00a0\u00bb][\/vc_column_inner][\/vc_row_inner][vc_row_inner equal_height=\u00a0\u00bbyes\u00a0\u00bb content_placement=\u00a0\u00bbmiddle\u00a0\u00bb el_id=\u00a0\u00bbbannerboyaenmov\u00a0\u00bb][vc_column_inner width=\u00a0\u00bb1\/6&Prime; offset=\u00a0\u00bbvc_col-xs-2&Prime;][vc_single_image image=\u00a0\u00bb30774&Prime; img_size=\u00a0\u00bbfull\u00a0\u00bb alignment=\u00a0\u00bbcenter\u00a0\u00bb onclick=\u00a0\u00bbcustom_link\u00a0\u00bb img_link_target=\u00a0\u00bb_blank\u00a0\u00bb css=\u00a0\u00bb.vc_custom_1754997201622{margin-bottom: 0px !important;}\u00a0\u00bb el_class=\u00a0\u00bbimgboya\u00a0\u00bb link=\u00a0\u00bbhttps:\/\/portal.esnautic.com\/en\/\u00a0\u00bb][\/vc_column_inner][vc_column_inner width=\u00a0\u00bb2\/3&Prime; offset=\u00a0\u00bbvc_col-xs-8&Prime;][vc_column_text css=\u00a0\u00bb\u00a0\u00bb]<\/p>\n<h2>R\u00e9servez aujourd&rsquo;hui votre amarrage \u00e0 Es N\u00e0utic !<\/h2>\n<p>Disponible d\u00e8s maintenant sur notre site web.[\/vc_column_text][\/vc_column_inner][vc_column_inner width=\u00a0\u00bb1\/6&Prime; offset=\u00a0\u00bbvc_col-xs-2&Prime;][vc_single_image image=\u00a0\u00bb30777&Prime; img_size=\u00a0\u00bbfull\u00a0\u00bb alignment=\u00a0\u00bbcenter\u00a0\u00bb onclick=\u00a0\u00bbcustom_link\u00a0\u00bb img_link_target=\u00a0\u00bb_blank\u00a0\u00bb css=\u00a0\u00bb.vc_custom_1754997211081{margin-bottom: 0px !important;}\u00a0\u00bb link=\u00a0\u00bbhttps:\/\/portal.esnautic.com\/en\/\u00a0\u00bb][\/vc_column_inner][\/vc_row_inner][\/vc_column][vc_column width=\u00a0\u00bb5\/12&Prime;][vc_row_inner css=\u00a0\u00bb.vc_custom_1754986095328{background-image: url(https:\/\/www.esnautic.com\/wp-content\/uploads\/2025\/08\/amarreEN.jpg?id=30789) !important;background-position: center !important;background-repeat: no-repeat !important;background-size: cover !important;}\u00a0\u00bb el_class=\u00a0\u00bbbannerreservahome\u00a0\u00bb][vc_column_inner][vc_single_image image=\u00a0\u00bb30797&Prime; img_size=\u00a0\u00bbfull\u00a0\u00bb onclick=\u00a0\u00bbcustom_link\u00a0\u00bb img_link_target=\u00a0\u00bb_blank\u00a0\u00bb css=\u00a0\u00bb\u00a0\u00bb link=\u00a0\u00bbhttps:\/\/portal.esnautic.com\/en\/\u00a0\u00bb el_class=\u00a0\u00bbboya2&Prime;][vc_custom_heading text=\u00a0\u00bbR\u00e9servez aujourd&rsquo;hui votre amarrage \u00e0 Es N\u00e0utic !\u00a0\u00bb font_container=\u00a0\u00bbtag:h2|text_align:left|color:%23ffffff\u00a0\u00bb use_theme_fonts=\u00a0\u00bbyes\u00a0\u00bb css=\u00a0\u00bb\u00a0\u00bb][vc_column_text css=\u00a0\u00bb\u00a0\u00bb]Disponible d\u00e8s maintenant sur notre site web.[\/vc_column_text][vc_raw_html css=\u00a0\u00bb\u00a0\u00bb el_class=\u00a0\u00bbflecha_blue\u00a0\u00bb]JTNDYSUyMGhyZWYlM0QlMjJodHRwcyUzQSUyRiUyRnBvcnRhbC5lc25hdXRpYy5jb20lMkZlbiUyRiUyMiUyMHRhcmdldCUzRCUyMl9ibGFuayUyMiUzRSUzQyUyRmElM0U=[\/vc_raw_html][\/vc_column_inner][\/vc_row_inner]<div  class=\"jeg_slider_wrapper jeg_slider_type_6_wrapper jnews_module__0_69d54a156983d  no-overlay \">\n                    <div class=\"jeg_slider_type_6 jeg_slider jeg_col_3o3\" data-autoplay=\"true\" data-delay=\"6000\" data-nav-prev=\"prev\" data-nav-next=\"next\">\n                        <div class=\"jeg_slide_item\" style=\"background-image: url(https:\/\/www.esnautic.com\/wp-content\/uploads\/2025\/05\/vela-1024x722.jpg)\">\n\t\t\t\t\t<img decoding=\"async\" class=\"thumbnail-prioritize\" src=\"https:\/\/www.esnautic.com\/wp-content\/uploads\/2025\/05\/vela-1024x722.jpg\" style=\"display: none\" >\n                    \n                    <div class=\"jeg_slide_caption\">\n                        <div class=\"jeg_caption_container\">\n                            <div class=\"jeg_post_category\">\n                                \n                            <\/div>\n                            <h2 class=\"jeg_post_title\">\n                                <a href=\"https:\/\/www.esnautic.com\/fr\/departement-sportif\/\">D\u00e9partement Sportif<\/a>\n                            <\/h2>\n                            <p class=\"jeg_post_excerpt\"> Les sports nautiques sont l\u2019un des piliers du Club N\u00e0utic Sant Antoni en tant qu\u2019entit\u00e9 sociale. <\/p>\n                            <div class=\"jeg_post_meta\"><span class=\"jeg_meta_date\">20 de septembre de 2022<\/span><\/div>\n                        <\/div>\n                    <\/div>\n                <\/div>\n                    <\/div>\n                    \n                <\/div>[\/vc_column][\/vc_row][vc_row full_width=\u00a0\u00bbstretch_row_content_no_spaces\u00a0\u00bb full_height=\u00a0\u00bbyes\u00a0\u00bb columns_placement=\u00a0\u00bbtop\u00a0\u00bb equal_height=\u00a0\u00bbyes\u00a0\u00bb disable_element=\u00a0\u00bbyes\u00a0\u00bb vc_row_background=\u00a0\u00bb\u00a0\u00bb][vc_column width=\u00a0\u00bb7\/12&Prime; css=\u00a0\u00bb.vc_custom_1747908414501{background-image: url(https:\/\/www.esnautic.com\/wp-content\/uploads\/2025\/05\/bahia.jpg?id=25091) !important;background-position: center !important;background-repeat: no-repeat !important;background-size: cover !important;}\u00a0\u00bb][vc_row_inner content_placement=\u00a0\u00bbmiddle\u00a0\u00bb][vc_column_inner][vc_custom_heading text=\u00a0\u00bbBienvenue au<br \/>\nClub Nautique Es N\u00e0utic<br \/>\nIbiza\u00a0\u00bb font_container=\u00a0\u00bbtag:h1|text_align:left|color:%23ffffff\u00a0\u00bb use_theme_fonts=\u00a0\u00bbyes\u00a0\u00bb css=\u00a0\u00bb\u00a0\u00bb][vc_btn title=\u00a0\u00bbR\u00e9servations\u00a0\u00bb style=\u00a0\u00bbflat\u00a0\u00bb shape=\u00a0\u00bbround\u00a0\u00bb color=\u00a0\u00bbprimary\u00a0\u00bb css=\u00a0\u00bb\u00a0\u00bb link=\u00a0\u00bburl:https%3A%2F%2Fwww.esnautic.com%2Ffr%2Freservations%2F\u00a0\u00bb el_class=\u00a0\u00bbbtn_azul\u00a0\u00bb][vc_btn title=\u00a0\u00bbServices\u00a0\u00bb style=\u00a0\u00bbflat\u00a0\u00bb shape=\u00a0\u00bbround\u00a0\u00bb color=\u00a0\u00bbdanger\u00a0\u00bb css=\u00a0\u00bb\u00a0\u00bb link=\u00a0\u00bburl:https%3A%2F%2Fwww.esnautic.com%2Ffr%2Fservices%2F\u00a0\u00bb el_class=\u00a0\u00bbbtn_rojo\u00a0\u00bb][\/vc_column_inner][\/vc_row_inner][\/vc_column][vc_column width=\u00a0\u00bb5\/12&Prime;][vc_row_inner css=\u00a0\u00bb.vc_custom_1747911477496{background-image: url(https:\/\/www.esnautic.com\/wp-content\/uploads\/2025\/05\/vela.jpg?id=25094) !important;background-position: center !important;background-repeat: no-repeat !important;background-size: cover !important;}\u00a0\u00bb][vc_column_inner][vc_custom_heading text=\u00a0\u00bbD\u00e9partement sportif\u00a0\u00bb font_container=\u00a0\u00bbtag:h2|text_align:left|color:%23ffffff\u00a0\u00bb use_theme_fonts=\u00a0\u00bbyes\u00a0\u00bb css=\u00a0\u00bb\u00a0\u00bb][vc_column_text css=\u00a0\u00bb\u00a0\u00bb]Les sports nautiques sont l\u2019un des piliers du Club N\u00e0utic Sant Antoni en tant qu\u2019entit\u00e9 sociale.[\/vc_column_text][vc_raw_html css=\u00a0\u00bb\u00a0\u00bb el_class=\u00a0\u00bbflecha\u00a0\u00bb]JTNDYSUyMGhyZWYlM0QlMjJodHRwcyUzQSUyRiUyRnd3dy5lc25hdXRpYy5jb20lMkZmciUyRmRlcGFydGVtZW50LXNwb3J0aWYlMkYlMjIlM0UlM0MlMkZhJTNF[\/vc_raw_html][\/vc_column_inner][\/vc_row_inner][vc_row_inner css=\u00a0\u00bb.vc_custom_1747911881594{background-image: url(https:\/\/www.esnautic.com\/wp-content\/uploads\/2025\/05\/veleromar.jpg?id=25104) !important;background-position: center !important;background-repeat: no-repeat !important;background-size: cover !important;}\u00a0\u00bb][vc_column_inner][vc_custom_heading text=\u00a0\u00bbAcad\u00e9mie Nautique\u00a0\u00bb font_container=\u00a0\u00bbtag:h2|text_align:left|color:%23ffffff\u00a0\u00bb use_theme_fonts=\u00a0\u00bbyes\u00a0\u00bb css=\u00a0\u00bb\u00a0\u00bb][vc_column_text css=\u00a0\u00bb\u00a0\u00bb]Obtenez votre certificat de navigation avec notre \u00e9quipe p\u00e9dagogique professionnelle.[\/vc_column_text][vc_raw_html css=\u00a0\u00bb\u00a0\u00bb el_class=\u00a0\u00bbflecha\u00a0\u00bb]JTNDYSUyMGhyZWYlM0QlMjJodHRwcyUzQSUyRiUyRnd3dy5lc25hdXRpYy5jb20lMkZmciUyRmFjYWRlbWllLW5hdXRpcXVlJTJGJTIyJTNFJTNDJTJGYSUzRQ==[\/vc_raw_html][\/vc_column_inner][\/vc_row_inner][\/vc_column][\/vc_row][vc_row gap=\u00a0\u00bb20&Prime; equal_height=\u00a0\u00bbyes\u00a0\u00bb content_placement=\u00a0\u00bbbottom\u00a0\u00bb vc_row_background=\u00a0\u00bb\u00a0\u00bb el_id=\u00a0\u00bbenhome1&Prime; css=\u00a0\u00bb.vc_custom_1747994402338{margin-top: 80px !important;}\u00a0\u00bb][vc_column width=\u00a0\u00bb1\/3&Prime;][vc_single_image image=\u00a0\u00bb27856&Prime; img_size=\u00a0\u00bblarge\u00a0\u00bb css=\u00a0\u00bb.vc_custom_1749555009497{background-color: rgba(0,0,0,0.2) !important;*background-color: rgb(0,0,0) !important;}\u00a0\u00bb][vc_custom_heading text=\u00a0\u00bbR\u00e9servation<br \/>\nd\u2019amarrages\u00a0\u00bb font_container=\u00a0\u00bbtag:h2|text_align:left|color:%23ffffff\u00a0\u00bb use_theme_fonts=\u00a0\u00bbyes\u00a0\u00bb css=\u00a0\u00bb\u00a0\u00bb link=\u00a0\u00bburl:https%3A%2F%2Fwww.esnautic.com%2Ffr%2Freservations%2F\u00a0\u00bb][\/vc_column][vc_column width=\u00a0\u00bb1\/3&Prime; css=\u00a0\u00bb.vc_custom_1747994267165{background-position: center !important;background-repeat: no-repeat !important;background-size: cover !important;}\u00a0\u00bb][vc_single_image image=\u00a0\u00bb29180&Prime; img_size=\u00a0\u00bblarge\u00a0\u00bb][vc_custom_heading text=\u00a0\u00bbServices<br \/>\nde navigation\u00a0\u00bb font_container=\u00a0\u00bbtag:h2|text_align:left|color:%23ffffff\u00a0\u00bb use_theme_fonts=\u00a0\u00bbyes\u00a0\u00bb css=\u00a0\u00bb\u00a0\u00bb link=\u00a0\u00bburl:https%3A%2F%2Fwww.esnautic.com%2Ffr%2Fservices%2F\u00a0\u00bb][\/vc_column][vc_column width=\u00a0\u00bb1\/3&Prime; css=\u00a0\u00bb.vc_custom_1747994309120{background-position: center !important;background-repeat: no-repeat !important;background-size: cover !important;}\u00a0\u00bb][vc_single_image image=\u00a0\u00bb27994&Prime; img_size=\u00a0\u00bblarge\u00a0\u00bb][vc_custom_heading text=\u00a0\u00bbRestaurant\u00a0\u00bb font_container=\u00a0\u00bbtag:h2|text_align:left|color:%23ffffff\u00a0\u00bb use_theme_fonts=\u00a0\u00bbyes\u00a0\u00bb css=\u00a0\u00bb\u00a0\u00bb link=\u00a0\u00bburl:https%3A%2F%2Fwww.esnautic.com%2Ffr%2Fle-club%2Frestaurant%2F\u00a0\u00bb][\/vc_column][\/vc_row][vc_row vc_row_background=\u00a0\u00bb\u00a0\u00bb el_id=\u00a0\u00bbenhome2&Prime;][vc_column width=\u00a0\u00bb2\/3&Prime;][vc_custom_heading text=\u00a0\u00bbBienvenue\u00a0\u00bb font_container=\u00a0\u00bbtag:h2|text_align:left|color:%23183b5d\u00a0\u00bb use_theme_fonts=\u00a0\u00bbyes\u00a0\u00bb css=\u00a0\u00bb\u00a0\u00bb][vc_column_text css=\u00a0\u00bb\u00a0\u00bb]Le Club N\u00e0utic Sant Antoni est situ\u00e9 dans la baie de Portmany, sur la c\u00f4te ouest de l\u2019\u00eele d\u2019Ibiza. Nos pontons offrent une vue imprenable sur le coucher de soleil et la R\u00e9serve naturelle des \u00celots de Poniente. Ils se trouvent \u00e9galement \u00e0 quelques m\u00e8tres du centre de Sant Antoni, l\u2019une des villes les plus visit\u00e9es de l\u2019\u00eele pour sa gastronomie, les boutiques, les services touristiques, l\u2019ambiance conviviale et l\u2019accueil chaleureux de ceux qui viennent en vacances.<\/p>\n<p>Notre marina est un point de d\u00e9part id\u00e9al pour explorer et d\u00e9couvrir la magnifique c\u00f4te des Pityuses, disposant de plages paradisiaques, de hautes falaises, d\u2019impressionnants \u00eelots et de nombreux recoins \u00e0 la nature luxuriante \u00e0 seulement quelques kilom\u00e8tres. Nous proposons tous types de services nautiques et des installations enti\u00e8rement r\u00e9nov\u00e9es, avec un confort maximal, le meilleur service et l\u2019un des restaurants de cuisine de la mer embl\u00e9matiques de l\u2019\u00eele.<\/p>\n<p><strong>Bienvenue au Club N\u00e0utic Sant Antoni\u2009!<\/strong>[\/vc_column_text][vc_btn title=\u00a0\u00bbLe Club\u00a0\u00bb style=\u00a0\u00bbflat\u00a0\u00bb shape=\u00a0\u00bbround\u00a0\u00bb color=\u00a0\u00bbprimary\u00a0\u00bb css=\u00a0\u00bb\u00a0\u00bb link=\u00a0\u00bburl:https%3A%2F%2Fwww.esnautic.com%2Ffr%2Fle-club%2F\u00a0\u00bb el_class=\u00a0\u00bbbtn_azul\u00a0\u00bb][\/vc_column][vc_column width=\u00a0\u00bb1\/3&Prime; css=\u00a0\u00bb.vc_custom_1747996752057{margin-top: 60px !important;}\u00a0\u00bb][vc_custom_heading text=\u00a0\u00bbLa m\u00e9t\u00e9o\u00a0\u00bb font_container=\u00a0\u00bbtag:h2|font_size:20|text_align:left|color:%23000000&Prime; use_theme_fonts=\u00a0\u00bbyes\u00a0\u00bb css=\u00a0\u00bb\u00a0\u00bb][vc_widget_sidebar sidebar_id=\u00a0\u00bbhomeen\u00a0\u00bb][\/vc_column][\/vc_row][vc_row vc_row_background=\u00a0\u00bb\u00a0\u00bb el_id=\u00a0\u00bbseccshome\u00a0\u00bb][vc_column width=\u00a0\u00bb1\/4&Prime;][vc_raw_html css=\u00a0\u00bb\u00a0\u00bb]JTNDaW1nJTIwY2xhc3MlM0QlMjJhbGlnbm5vbmUlMjBzaXplLWZ1bGwlMjB3cC1pbWFnZS0zMTg0JTIyJTIwc3JjJTNEJTIyaHR0cHMlM0ElMkYlMkZ3d3cuZXNuYXV0aWMuY29tJTJGd3AtY29udGVudCUyRnVwbG9hZHMlMkYyMDIyJTJGMTAlMkZpLWNsdWIuc3ZnJTIyJTIwYWx0JTNEJTIyJTIyJTIwJTJGJTNFJTBBJTNDaDIlM0VMZSUyMENsdWIlM0MlMkZoMiUzRQ==[\/vc_raw_html][vc_wp_custommenu nav_menu=\u00a0\u00bb70&Prime;][\/vc_column][vc_column width=\u00a0\u00bb1\/4&Prime;][vc_raw_html css=\u00a0\u00bb\u00a0\u00bb]JTNDaW1nJTIwY2xhc3MlM0QlMjJzaXplLWZ1bGwlMjB3cC1pbWFnZS0zMTgyJTIyJTIwc3JjJTNEJTIyaHR0cHMlM0ElMkYlMkZ3d3cuZXNuYXV0aWMuY29tJTJGd3AtY29udGVudCUyRnVwbG9hZHMlMkYyMDIyJTJGMTAlMkZpLWRlcG9ydGUuc3ZnJTIyJTIwYWx0JTNEJTIyJTIyJTIwJTJGJTNFJTBBJTNDaDIlM0VEJUMzJUE5cGFydGVtZW50JTIwc3BvcnRpZiUzQyUyRmgyJTNF[\/vc_raw_html][vc_wp_custommenu nav_menu=\u00a0\u00bb68&Prime;][\/vc_column][vc_column width=\u00a0\u00bb1\/4&Prime;][vc_raw_html css=\u00a0\u00bb\u00a0\u00bb]JTNDaW1nJTIwc3JjJTNEJTIyaHR0cHMlM0ElMkYlMkZ3d3cuZXNuYXV0aWMuY29tJTJGd3AtY29udGVudCUyRnVwbG9hZHMlMkYyMDIyJTJGMTAlMkZpLWVkdWNhY2lvbi5zdmclMjIlMjBhbHQlM0QlMjIlMjIlMjBjbGFzcyUzRCUyMnNpemUtZnVsbCUyMHdwLWltYWdlLTMxODAlMjIlMjAlMkYlM0UlMEElM0NoMiUzRVByb2pldHMlMjAlQzMlQTlkdWNhdGlmcyUzQyUyRmgyJTNF[\/vc_raw_html][vc_wp_custommenu nav_menu=\u00a0\u00bb69&Prime;][\/vc_column][vc_column width=\u00a0\u00bb1\/4&Prime;][vc_raw_html css=\u00a0\u00bb\u00a0\u00bb]JTNDaW1nJTIwc3JjJTNEJTIyaHR0cHMlM0ElMkYlMkZ3d3cuZXNuYXV0aWMuY29tJTJGd3AtY29udGVudCUyRnVwbG9hZHMlMkYyMDIyJTJGMTAlMkZpLWVudG9ybm8uc3ZnJTIyJTIwYWx0JTNEJTIyJTIyJTIwY2xhc3MlM0QlMjJzaXplLWZ1bGwlMjB3cC1pbWFnZS0zMTc2JTIyJTIwJTJGJTNFJTBBJTNDaDIlM0VDYWRyZSUzQyUyRmgyJTNF[\/vc_raw_html][vc_wp_custommenu nav_menu=\u00a0\u00bb62&Prime;][\/vc_column][\/vc_row][vc_row disable_element=\u00a0\u00bbyes\u00a0\u00bb vc_row_background=\u00a0\u00bb\u00a0\u00bb][vc_column][vc_raw_html css=\u00a0\u00bb\u00a0\u00bb]JTNDaW1nJTIwc3JjJTNEJTIyaHR0cHMlM0ElMkYlMkZ3d3cuZXNuYXV0aWMuY29tJTJGd3AtY29udGVudCUyRnVwbG9hZHMlMkYyMDIyJTJGMTAlMkZpLWFjYWRlbWlhLnN2ZyUyMiUyMGFsdCUzRCUyMiUyMiUyMGNsYXNzJTNEJTIyc2l6ZS1mdWxsJTIwd3AtaW1hZ2UtMzE3OCUyMiUyMCUyRiUzRSUwQSUzQ2gyJTNFQWNhZCVDMyVBOW1pZSUyMG5hdXRpcXVlJTNDJTJGaDIlM0U=[\/vc_raw_html][vc_wp_custommenu nav_menu=\u00a0\u00bb121&Prime;][\/vc_column][\/vc_row]<\/p>\n<\/div>","protected":false},"excerpt":{"rendered":"<p>[vc_row full_width=\u00a0\u00bbstretch_row_content_no_spaces\u00a0\u00bb full_height=\u00a0\u00bbyes\u00a0\u00bb columns_placement=\u00a0\u00bbtop\u00a0\u00bb equal_height=\u00a0\u00bbyes\u00a0\u00bb vc_row_background=\u00a0\u00bb\u00a0\u00bb el_id=\u00a0\u00bbtophomeen\u00a0\u00bb][vc_column width=\u00a0\u00bb7\/12&Prime; css=\u00a0\u00bb.vc_custom_1747908414501{background-image: url(https:\/\/www.esnautic.com\/wp-content\/uploads\/2025\/05\/bahia.jpg?id=25091) !important;background-position: center !important;background-repeat: no-repeat !important;background-size: cover !important;}\u00a0\u00bb][vc_row_inner content_placement=\u00a0\u00bbmiddle\u00a0\u00bb][vc_column_inner][vc_custom_heading text=\u00a0\u00bbBienvenue au Club Nautique Es N\u00e0utic Ibiza\u00a0\u00bb font_container=\u00a0\u00bbtag:h1|text_align:left|color:%23ffffff\u00a0\u00bb use_theme_fonts=\u00a0\u00bbyes\u00a0\u00bb css=\u00a0\u00bb\u00a0\u00bb][vc_btn title=\u00a0\u00bbR\u00e9servations\u00a0\u00bb style=\u00a0\u00bbflat\u00a0\u00bb [&hellip;]<\/p>\n","protected":false},"author":1,"featured_media":0,"parent":0,"menu_order":0,"comment_status":"closed","ping_status":"closed","template":"template-builder.php","meta":{"_acf_changed":false,"jnews_page_loop":{"enable_page_loop":"0","first_title":"Latest Post","second_title":"","header_type":"heading_6","header_background":"","header_text_color":"","layout":"right-sidebar","sidebar":"default-sidebar","second_sidebar":"default-sidebar","sticky_sidebar":"1","module":"3","boxed":"0","boxed_shadow":"0","box_shadow":"0","excerpt_length":"20","content_date":"default","date_custom":"Y\/m\/d","content_pagination":"nav_1","pagination_align":"center","show_navtext":"0","show_pageinfo":"0","post_offset":"0","posts_per_page":"5","include_post":"","exclude_post":"","include_category":"","exclude_category":"","include_author":"","include_tag":"","exclude_tag":"","sort_by":"latest","main_custom_image_size":"default","second_custom_image_size":"default","post_sticky":"0"},"jnews_single_page":{"layout":"no-sidebar","sidebar":"default-sidebar","second_sidebar":"default-sidebar","sticky_sidebar":"1","show_post_featured":"1","show_post_meta":"0","share_position":"top","share_color":"share-monocrhome","show_post_title":"1","show_post_breadcrumbs":"1"},"footnotes":""},"class_list":["post-29154","page","type-page","status-publish","hentry"],"acf":[],"yoast_head":"<!-- This site is optimized with the Yoast SEO plugin v26.7 - https:\/\/yoast.com\/wordpress\/plugins\/seo\/ -->\n<title>Club N\u00e0utic Sant Antoni- Es N\u00e0utic<\/title>\n<meta name=\"description\" content=\"We hope that everyone who sails around our island can enjoy a unique Yacht Club.\" \/>\n<meta name=\"robots\" content=\"index, follow, max-snippet:-1, max-image-preview:large, max-video-preview:-1\" \/>\n<link rel=\"canonical\" href=\"https:\/\/www.esnautic.com\/fr\/\" \/>\n<meta property=\"og:locale\" content=\"fr_FR\" \/>\n<meta property=\"og:type\" content=\"article\" \/>\n<meta property=\"og:title\" content=\"Club N\u00e0utic Sant Antoni- Es N\u00e0utic\" \/>\n<meta property=\"og:description\" content=\"We hope that everyone who sails around our island can enjoy a unique Yacht Club.\" \/>\n<meta property=\"og:url\" content=\"https:\/\/www.esnautic.com\/fr\/\" \/>\n<meta property=\"og:site_name\" content=\"Es N\u00e0utic\" \/>\n<meta property=\"article:modified_time\" content=\"2026-01-19T10:52:56+00:00\" \/>\n<meta name=\"twitter:card\" content=\"summary_large_image\" \/>\n<meta name=\"twitter:label1\" content=\"Dur\u00e9e de lecture estim\u00e9e\" \/>\n\t<meta name=\"twitter:data1\" content=\"3 minutes\" \/>\n<script type=\"application\/ld+json\" class=\"yoast-schema-graph\">{\"@context\":\"https:\/\/schema.org\",\"@graph\":[{\"@type\":\"WebPage\",\"@id\":\"https:\/\/www.esnautic.com\/fr\/\",\"url\":\"https:\/\/www.esnautic.com\/fr\/\",\"name\":\"Club N\u00e0utic Sant Antoni- Es N\u00e0utic\",\"isPartOf\":{\"@id\":\"https:\/\/www.esnautic.com\/#website\"},\"datePublished\":\"2022-05-01T06:32:18+00:00\",\"dateModified\":\"2026-01-19T10:52:56+00:00\",\"description\":\"We hope that everyone who sails around our island can enjoy a unique Yacht Club.\",\"breadcrumb\":{\"@id\":\"https:\/\/www.esnautic.com\/fr\/#breadcrumb\"},\"inLanguage\":\"fr-FR\",\"potentialAction\":[{\"@type\":\"ReadAction\",\"target\":[\"https:\/\/www.esnautic.com\/fr\/\"]}]},{\"@type\":\"BreadcrumbList\",\"@id\":\"https:\/\/www.esnautic.com\/fr\/#breadcrumb\",\"itemListElement\":[{\"@type\":\"ListItem\",\"position\":1,\"name\":\"Accueil\",\"item\":\"https:\/\/www.esnautic.com\/fr\/\"},{\"@type\":\"ListItem\",\"position\":2,\"name\":\"Home\"}]},{\"@type\":\"WebSite\",\"@id\":\"https:\/\/www.esnautic.com\/#website\",\"url\":\"https:\/\/www.esnautic.com\/\",\"name\":\"Es N\u00e0utic\",\"description\":\"Club N\u00e0utic Sant Antoni\",\"potentialAction\":[{\"@type\":\"SearchAction\",\"target\":{\"@type\":\"EntryPoint\",\"urlTemplate\":\"https:\/\/www.esnautic.com\/?s={search_term_string}\"},\"query-input\":{\"@type\":\"PropertyValueSpecification\",\"valueRequired\":true,\"valueName\":\"search_term_string\"}}],\"inLanguage\":\"fr-FR\"}]}<\/script>\n<!-- \/ Yoast SEO plugin. -->","yoast_head_json":{"title":"Club N\u00e0utic Sant Antoni- Es N\u00e0utic","description":"We hope that everyone who sails around our island can enjoy a unique Yacht Club.","robots":{"index":"index","follow":"follow","max-snippet":"max-snippet:-1","max-image-preview":"max-image-preview:large","max-video-preview":"max-video-preview:-1"},"canonical":"https:\/\/www.esnautic.com\/fr\/","og_locale":"fr_FR","og_type":"article","og_title":"Club N\u00e0utic Sant Antoni- Es N\u00e0utic","og_description":"We hope that everyone who sails around our island can enjoy a unique Yacht Club.","og_url":"https:\/\/www.esnautic.com\/fr\/","og_site_name":"Es N\u00e0utic","article_modified_time":"2026-01-19T10:52:56+00:00","twitter_card":"summary_large_image","twitter_misc":{"Dur\u00e9e de lecture estim\u00e9e":"3 minutes"},"schema":{"@context":"https:\/\/schema.org","@graph":[{"@type":"WebPage","@id":"https:\/\/www.esnautic.com\/fr\/","url":"https:\/\/www.esnautic.com\/fr\/","name":"Club N\u00e0utic Sant Antoni- Es N\u00e0utic","isPartOf":{"@id":"https:\/\/www.esnautic.com\/#website"},"datePublished":"2022-05-01T06:32:18+00:00","dateModified":"2026-01-19T10:52:56+00:00","description":"We hope that everyone who sails around our island can enjoy a unique Yacht Club.","breadcrumb":{"@id":"https:\/\/www.esnautic.com\/fr\/#breadcrumb"},"inLanguage":"fr-FR","potentialAction":[{"@type":"ReadAction","target":["https:\/\/www.esnautic.com\/fr\/"]}]},{"@type":"BreadcrumbList","@id":"https:\/\/www.esnautic.com\/fr\/#breadcrumb","itemListElement":[{"@type":"ListItem","position":1,"name":"Accueil","item":"https:\/\/www.esnautic.com\/fr\/"},{"@type":"ListItem","position":2,"name":"Home"}]},{"@type":"WebSite","@id":"https:\/\/www.esnautic.com\/#website","url":"https:\/\/www.esnautic.com\/","name":"Es N\u00e0utic","description":"Club N\u00e0utic Sant Antoni","potentialAction":[{"@type":"SearchAction","target":{"@type":"EntryPoint","urlTemplate":"https:\/\/www.esnautic.com\/?s={search_term_string}"},"query-input":{"@type":"PropertyValueSpecification","valueRequired":true,"valueName":"search_term_string"}}],"inLanguage":"fr-FR"}]}},"_links":{"self":[{"href":"https:\/\/www.esnautic.com\/fr\/wp-json\/wp\/v2\/pages\/29154","targetHints":{"allow":["GET"]}}],"collection":[{"href":"https:\/\/www.esnautic.com\/fr\/wp-json\/wp\/v2\/pages"}],"about":[{"href":"https:\/\/www.esnautic.com\/fr\/wp-json\/wp\/v2\/types\/page"}],"author":[{"embeddable":true,"href":"https:\/\/www.esnautic.com\/fr\/wp-json\/wp\/v2\/users\/1"}],"replies":[{"embeddable":true,"href":"https:\/\/www.esnautic.com\/fr\/wp-json\/wp\/v2\/comments?post=29154"}],"version-history":[{"count":6,"href":"https:\/\/www.esnautic.com\/fr\/wp-json\/wp\/v2\/pages\/29154\/revisions"}],"predecessor-version":[{"id":32801,"href":"https:\/\/www.esnautic.com\/fr\/wp-json\/wp\/v2\/pages\/29154\/revisions\/32801"}],"wp:attachment":[{"href":"https:\/\/www.esnautic.com\/fr\/wp-json\/wp\/v2\/media?parent=29154"}],"curies":[{"name":"wp","href":"https:\/\/api.w.org\/{rel}","templated":true}]}}