{"id":27866,"date":"2022-09-27T09:49:38","date_gmt":"2022-09-27T07:49:38","guid":{"rendered":"https:\/\/www.esnautic.com\/ambiente\/patrimonio\/faro-de-sa-conillera\/"},"modified":"2025-07-09T13:16:44","modified_gmt":"2025-07-09T11:16:44","slug":"faro-di-sa-conillera","status":"publish","type":"page","link":"https:\/\/www.esnautic.com\/it\/ambiente\/patrimonio\/faro-di-sa-conillera\/","title":{"rendered":"Faro di sa Conillera"},"content":{"rendered":"<div class=\"wpb-content-wrapper\"><p>[vc_row][vc_column][vc_gallery type=&#8221;flexslider_slide&#8221; interval=&#8221;3&#8243; images=&#8221;2072,2074,2076&#8243; img_size=&#8221;full&#8221;][vc_column_text css=&#8221;&#8221;]Il primo faro che segnalava l\u2019ingresso alla baia di Portmany \u00e8 quello di sa Conillera, che emette ancora oggi lampi intermittenti. Fu progettato nel 1855 dall\u2019ingegnere Emili Pou e, poco dopo, una squadra di operai si stabil\u00ec sull\u2019isolotto. I materiali da costruzione furono sbarcati nella zona chiamata sa Salvadora, dove sfocia un torrente omonimo.<\/p>\n<p>Per costruire la torre fu necessario aprire un sentiero fino a sa Punta des Cavall, il punto pi\u00f9 alto dell\u2019estremit\u00e0 nord, situato a 69 metri sul livello del mare. Vi fu edificata una torre circolare alta 16 metri, con un edificio residenziale alla base di forma circolare, destinato ai guardiani del faro. I lavori si conclusero nel 1857, ma ben presto ci si rese conto che la struttura era inadeguata per le esigenze dei faristi.<\/p>\n<p>Nel 1908 fu ampliato con due edifici annessi, che migliorarono sensibilmente le condizioni di vita dei tre guardiani e delle loro famiglie. I figli vivevano con loro e ricevevano lezioni direttamente dai genitori, poich\u00e9 non potevano frequentare la scuola. Solo i marinai di Sant Antoni facevano visita ai faristi, portando viveri e rifornimenti due volte a settimana. In caso di emergenza, li soccorrevano se ricevevano segnali con specchi o fuochi accesi di notte.<\/p>\n<p>Il faro rimase disabitato nel 1971, quando fu automatizzato. Ha una portata di 18 miglia nautiche e emette quattro lampi bianchi ogni 20 secondi. Pu\u00f2 essere ammirato solo dal mare, poich\u00e9 sa Conillera fa parte della Riserva Naturale degli Illots de Ponent ed \u00e8 vietato sbarcarvi.[\/vc_column_text][\/vc_column][\/vc_row]<\/p>\n<\/div>","protected":false},"excerpt":{"rendered":"<p>[vc_row][vc_column][vc_gallery type=&#8221;flexslider_slide&#8221; interval=&#8221;3&#8243; images=&#8221;2072,2074,2076&#8243; img_size=&#8221;full&#8221;][vc_column_text css=&#8221;&#8221;]Il primo faro che segnalava l\u2019ingresso alla baia di Portmany \u00e8 quello di sa Conillera, che emette ancora oggi lampi intermittenti. Fu progettato nel 1855 [&hellip;]<\/p>\n","protected":false},"author":1,"featured_media":27868,"parent":27775,"menu_order":0,"comment_status":"closed","ping_status":"closed","template":"","meta":{"_acf_changed":false,"jnews_page_loop":{"enable_page_loop":"0","first_title":"Latest Post","second_title":"","header_type":"heading_6","header_background":"","header_text_color":"","layout":"right-sidebar","sidebar":"default-sidebar","second_sidebar":"default-sidebar","sticky_sidebar":"1","module":"3","boxed":"0","boxed_shadow":"0","box_shadow":"0","excerpt_length":"20","content_date":"default","date_custom":"Y\/m\/d","content_pagination":"nav_1","pagination_align":"center","show_navtext":"0","show_pageinfo":"0","post_offset":"0","posts_per_page":"5","include_post":"","exclude_post":"","include_category":"","exclude_category":"","include_author":"","include_tag":"","exclude_tag":"","sort_by":"latest","main_custom_image_size":"default","second_custom_image_size":"default","post_sticky":"0"},"jnews_single_page":{"layout":"right-sidebar","sidebar":"gen-italiano","second_sidebar":"default-sidebar","sticky_sidebar":"1","show_post_featured":"0","show_post_meta":"0","share_position":"hide","share_color":"share-monocrhome","show_post_title":"1","show_post_breadcrumbs":"1"},"footnotes":""},"class_list":["post-27866","page","type-page","status-publish","has-post-thumbnail","hentry"],"acf":[],"yoast_head":"<!-- This site is optimized with the Yoast SEO plugin v26.7 - https:\/\/yoast.com\/wordpress\/plugins\/seo\/ -->\n<title>Faro di sa Conillera - Es N\u00e0utic<\/title>\n<meta name=\"robots\" content=\"index, follow, max-snippet:-1, max-image-preview:large, max-video-preview:-1\" \/>\n<link rel=\"canonical\" href=\"https:\/\/www.esnautic.com\/it\/ambiente\/patrimonio\/faro-di-sa-conillera\/\" \/>\n<meta property=\"og:locale\" content=\"it_IT\" \/>\n<meta property=\"og:type\" content=\"article\" \/>\n<meta property=\"og:title\" content=\"Faro di sa Conillera - Es N\u00e0utic\" \/>\n<meta property=\"og:description\" content=\"[vc_row][vc_column][vc_gallery type=&#8221;flexslider_slide&#8221; interval=&#8221;3&#8243; images=&#8221;2072,2074,2076&#8243; img_size=&#8221;full&#8221;][vc_column_text css=&#8221;&#8221;]Il primo faro che segnalava l\u2019ingresso alla baia di Portmany \u00e8 quello di sa Conillera, che emette ancora oggi lampi intermittenti. Fu progettato nel 1855 [&hellip;]\" \/>\n<meta property=\"og:url\" content=\"https:\/\/www.esnautic.com\/it\/ambiente\/patrimonio\/faro-di-sa-conillera\/\" \/>\n<meta property=\"og:site_name\" content=\"Es N\u00e0utic\" \/>\n<meta property=\"article:modified_time\" content=\"2025-07-09T11:16:44+00:00\" \/>\n<meta property=\"og:image\" content=\"https:\/\/www.esnautic.com\/wp-content\/uploads\/2022\/09\/DSC_0232rec.jpg\" \/>\n\t<meta property=\"og:image:width\" content=\"1200\" \/>\n\t<meta property=\"og:image:height\" content=\"800\" \/>\n\t<meta property=\"og:image:type\" content=\"image\/jpeg\" \/>\n<meta name=\"twitter:card\" content=\"summary_large_image\" \/>\n<meta name=\"twitter:label1\" content=\"Tempo di lettura stimato\" \/>\n\t<meta name=\"twitter:data1\" content=\"2 minuti\" \/>\n<script type=\"application\/ld+json\" class=\"yoast-schema-graph\">{\"@context\":\"https:\/\/schema.org\",\"@graph\":[{\"@type\":\"WebPage\",\"@id\":\"https:\/\/www.esnautic.com\/it\/ambiente\/patrimonio\/faro-di-sa-conillera\/\",\"url\":\"https:\/\/www.esnautic.com\/it\/ambiente\/patrimonio\/faro-di-sa-conillera\/\",\"name\":\"Faro di sa Conillera - Es N\u00e0utic\",\"isPartOf\":{\"@id\":\"https:\/\/www.esnautic.com\/#website\"},\"primaryImageOfPage\":{\"@id\":\"https:\/\/www.esnautic.com\/it\/ambiente\/patrimonio\/faro-di-sa-conillera\/#primaryimage\"},\"image\":{\"@id\":\"https:\/\/www.esnautic.com\/it\/ambiente\/patrimonio\/faro-di-sa-conillera\/#primaryimage\"},\"thumbnailUrl\":\"https:\/\/www.esnautic.com\/wp-content\/uploads\/2022\/09\/DSC_0232rec.jpg\",\"datePublished\":\"2022-09-27T07:49:38+00:00\",\"dateModified\":\"2025-07-09T11:16:44+00:00\",\"breadcrumb\":{\"@id\":\"https:\/\/www.esnautic.com\/it\/ambiente\/patrimonio\/faro-di-sa-conillera\/#breadcrumb\"},\"inLanguage\":\"it-IT\",\"potentialAction\":[{\"@type\":\"ReadAction\",\"target\":[\"https:\/\/www.esnautic.com\/it\/ambiente\/patrimonio\/faro-di-sa-conillera\/\"]}]},{\"@type\":\"ImageObject\",\"inLanguage\":\"it-IT\",\"@id\":\"https:\/\/www.esnautic.com\/it\/ambiente\/patrimonio\/faro-di-sa-conillera\/#primaryimage\",\"url\":\"https:\/\/www.esnautic.com\/wp-content\/uploads\/2022\/09\/DSC_0232rec.jpg\",\"contentUrl\":\"https:\/\/www.esnautic.com\/wp-content\/uploads\/2022\/09\/DSC_0232rec.jpg\",\"width\":1200,\"height\":800},{\"@type\":\"BreadcrumbList\",\"@id\":\"https:\/\/www.esnautic.com\/it\/ambiente\/patrimonio\/faro-di-sa-conillera\/#breadcrumb\",\"itemListElement\":[{\"@type\":\"ListItem\",\"position\":1,\"name\":\"Inizio\",\"item\":\"https:\/\/www.esnautic.com\/it\/\"},{\"@type\":\"ListItem\",\"position\":2,\"name\":\"Ambiente\",\"item\":\"https:\/\/www.esnautic.com\/it\/ambiente\/\"},{\"@type\":\"ListItem\",\"position\":3,\"name\":\"Patrimonio\",\"item\":\"https:\/\/www.esnautic.com\/it\/ambiente\/patrimonio\/\"},{\"@type\":\"ListItem\",\"position\":4,\"name\":\"Faro di sa Conillera\"}]},{\"@type\":\"WebSite\",\"@id\":\"https:\/\/www.esnautic.com\/#website\",\"url\":\"https:\/\/www.esnautic.com\/\",\"name\":\"Es N\u00e0utic\",\"description\":\"Club N\u00e0utic Sant Antoni\",\"potentialAction\":[{\"@type\":\"SearchAction\",\"target\":{\"@type\":\"EntryPoint\",\"urlTemplate\":\"https:\/\/www.esnautic.com\/?s={search_term_string}\"},\"query-input\":{\"@type\":\"PropertyValueSpecification\",\"valueRequired\":true,\"valueName\":\"search_term_string\"}}],\"inLanguage\":\"it-IT\"}]}<\/script>\n<!-- \/ Yoast SEO plugin. -->","yoast_head_json":{"title":"Faro di sa Conillera - Es N\u00e0utic","robots":{"index":"index","follow":"follow","max-snippet":"max-snippet:-1","max-image-preview":"max-image-preview:large","max-video-preview":"max-video-preview:-1"},"canonical":"https:\/\/www.esnautic.com\/it\/ambiente\/patrimonio\/faro-di-sa-conillera\/","og_locale":"it_IT","og_type":"article","og_title":"Faro di sa Conillera - Es N\u00e0utic","og_description":"[vc_row][vc_column][vc_gallery type=&#8221;flexslider_slide&#8221; interval=&#8221;3&#8243; images=&#8221;2072,2074,2076&#8243; img_size=&#8221;full&#8221;][vc_column_text css=&#8221;&#8221;]Il primo faro che segnalava l\u2019ingresso alla baia di Portmany \u00e8 quello di sa Conillera, che emette ancora oggi lampi intermittenti. Fu progettato nel 1855 [&hellip;]","og_url":"https:\/\/www.esnautic.com\/it\/ambiente\/patrimonio\/faro-di-sa-conillera\/","og_site_name":"Es N\u00e0utic","article_modified_time":"2025-07-09T11:16:44+00:00","og_image":[{"width":1200,"height":800,"url":"https:\/\/www.esnautic.com\/wp-content\/uploads\/2022\/09\/DSC_0232rec.jpg","type":"image\/jpeg"}],"twitter_card":"summary_large_image","twitter_misc":{"Tempo di lettura stimato":"2 minuti"},"schema":{"@context":"https:\/\/schema.org","@graph":[{"@type":"WebPage","@id":"https:\/\/www.esnautic.com\/it\/ambiente\/patrimonio\/faro-di-sa-conillera\/","url":"https:\/\/www.esnautic.com\/it\/ambiente\/patrimonio\/faro-di-sa-conillera\/","name":"Faro di sa Conillera - Es N\u00e0utic","isPartOf":{"@id":"https:\/\/www.esnautic.com\/#website"},"primaryImageOfPage":{"@id":"https:\/\/www.esnautic.com\/it\/ambiente\/patrimonio\/faro-di-sa-conillera\/#primaryimage"},"image":{"@id":"https:\/\/www.esnautic.com\/it\/ambiente\/patrimonio\/faro-di-sa-conillera\/#primaryimage"},"thumbnailUrl":"https:\/\/www.esnautic.com\/wp-content\/uploads\/2022\/09\/DSC_0232rec.jpg","datePublished":"2022-09-27T07:49:38+00:00","dateModified":"2025-07-09T11:16:44+00:00","breadcrumb":{"@id":"https:\/\/www.esnautic.com\/it\/ambiente\/patrimonio\/faro-di-sa-conillera\/#breadcrumb"},"inLanguage":"it-IT","potentialAction":[{"@type":"ReadAction","target":["https:\/\/www.esnautic.com\/it\/ambiente\/patrimonio\/faro-di-sa-conillera\/"]}]},{"@type":"ImageObject","inLanguage":"it-IT","@id":"https:\/\/www.esnautic.com\/it\/ambiente\/patrimonio\/faro-di-sa-conillera\/#primaryimage","url":"https:\/\/www.esnautic.com\/wp-content\/uploads\/2022\/09\/DSC_0232rec.jpg","contentUrl":"https:\/\/www.esnautic.com\/wp-content\/uploads\/2022\/09\/DSC_0232rec.jpg","width":1200,"height":800},{"@type":"BreadcrumbList","@id":"https:\/\/www.esnautic.com\/it\/ambiente\/patrimonio\/faro-di-sa-conillera\/#breadcrumb","itemListElement":[{"@type":"ListItem","position":1,"name":"Inizio","item":"https:\/\/www.esnautic.com\/it\/"},{"@type":"ListItem","position":2,"name":"Ambiente","item":"https:\/\/www.esnautic.com\/it\/ambiente\/"},{"@type":"ListItem","position":3,"name":"Patrimonio","item":"https:\/\/www.esnautic.com\/it\/ambiente\/patrimonio\/"},{"@type":"ListItem","position":4,"name":"Faro di sa Conillera"}]},{"@type":"WebSite","@id":"https:\/\/www.esnautic.com\/#website","url":"https:\/\/www.esnautic.com\/","name":"Es N\u00e0utic","description":"Club N\u00e0utic Sant Antoni","potentialAction":[{"@type":"SearchAction","target":{"@type":"EntryPoint","urlTemplate":"https:\/\/www.esnautic.com\/?s={search_term_string}"},"query-input":{"@type":"PropertyValueSpecification","valueRequired":true,"valueName":"search_term_string"}}],"inLanguage":"it-IT"}]}},"_links":{"self":[{"href":"https:\/\/www.esnautic.com\/it\/wp-json\/wp\/v2\/pages\/27866","targetHints":{"allow":["GET"]}}],"collection":[{"href":"https:\/\/www.esnautic.com\/it\/wp-json\/wp\/v2\/pages"}],"about":[{"href":"https:\/\/www.esnautic.com\/it\/wp-json\/wp\/v2\/types\/page"}],"author":[{"embeddable":true,"href":"https:\/\/www.esnautic.com\/it\/wp-json\/wp\/v2\/users\/1"}],"replies":[{"embeddable":true,"href":"https:\/\/www.esnautic.com\/it\/wp-json\/wp\/v2\/comments?post=27866"}],"version-history":[{"count":1,"href":"https:\/\/www.esnautic.com\/it\/wp-json\/wp\/v2\/pages\/27866\/revisions"}],"predecessor-version":[{"id":27870,"href":"https:\/\/www.esnautic.com\/it\/wp-json\/wp\/v2\/pages\/27866\/revisions\/27870"}],"up":[{"embeddable":true,"href":"https:\/\/www.esnautic.com\/it\/wp-json\/wp\/v2\/pages\/27775"}],"wp:featuredmedia":[{"embeddable":true,"href":"https:\/\/www.esnautic.com\/it\/wp-json\/wp\/v2\/media\/27868"}],"wp:attachment":[{"href":"https:\/\/www.esnautic.com\/it\/wp-json\/wp\/v2\/media?parent=27866"}],"curies":[{"name":"wp","href":"https:\/\/api.w.org\/{rel}","templated":true}]}}