{"id":28063,"date":"2022-09-27T09:29:14","date_gmt":"2022-09-27T07:29:14","guid":{"rendered":"https:\/\/www.esnautic.com\/ambiente\/patrimonio\/torre-den-rovira\/"},"modified":"2025-07-09T14:24:32","modified_gmt":"2025-07-09T12:24:32","slug":"torre-den-rovira","status":"publish","type":"page","link":"https:\/\/www.esnautic.com\/it\/ambiente\/patrimonio\/torre-den-rovira\/","title":{"rendered":"Torre d\u2019en Rovira"},"content":{"rendered":"<div class=\"wpb-content-wrapper\"><p>[vc_row][vc_column][vc_gallery type=&#8221;flexslider_slide&#8221; interval=&#8221;3&#8243; images=&#8221;2035,2037,2039,2041,2043&#8243; img_size=&#8221;full&#8221;][vc_column_text css=&#8221;&#8221;]A causa delle incursioni dei corsari barbareschi, che catturavano gli isolani per venderli come schiavi nei mercati africani, nel XVIII secolo la Corona Spagnola ordin\u00f2 la costruzione di una rete di torri di difesa. Alcune erano armate di cannoni e tutte ospitavano sentinelle, incaricate di avvisare la popolazione in caso di pericolo, in modo che corresse a rifugiarsi nei templi o nelle dozzine di torri prediali sparse all&#8217;interno dell&#8217;isola.<\/p>\n<p>La Torre d\u2019en Rovira, costruita nel 1763, \u00e8 la pi\u00f9 alta e di maggiore diametro. Difendeva la baia di Portmany ed \u00e8 un eccezionale punto panoramico sugli isolotti di Ponente, essendo situata tra Cala Bassa e Platges de Comte, di fronte all\u2019isolotto di sa Conillera. Fu armata con due cannoni e presidiata da due sentinelle in servizio permanente.<\/p>\n<p>Anche se attualmente ha un ingresso al piano terra, all\u2019epoca, l\u2019accesso era possibile solo da una porta al secondo piano, raggiungibile tramite una scala di legno retrattile. Il piano terra era usato per conservare acqua, legna, polvere da sparo e viveri; il livello superiore, con volta a botte, ospitava i guardiani. La sorveglianza si svolgeva sulla terrazza, dove erano collocate le armi. I piani erano collegati da una scala a chiocciola interna.<\/p>\n<p>La torre fu operativa fino al 1867, anno in cui cess\u00f2 il pericolo dei corsari. Oggi \u00e8 di propriet\u00e0 privata, ma in buone condizioni.[\/vc_column_text][\/vc_column][\/vc_row]<\/p>\n<\/div>","protected":false},"excerpt":{"rendered":"<p>[vc_row][vc_column][vc_gallery type=&#8221;flexslider_slide&#8221; interval=&#8221;3&#8243; images=&#8221;2035,2037,2039,2041,2043&#8243; img_size=&#8221;full&#8221;][vc_column_text css=&#8221;&#8221;]A causa delle incursioni dei corsari barbareschi, che catturavano gli isolani per venderli come schiavi nei mercati africani, nel XVIII secolo la Corona Spagnola ordin\u00f2 [&hellip;]<\/p>\n","protected":false},"author":1,"featured_media":28065,"parent":27775,"menu_order":0,"comment_status":"closed","ping_status":"closed","template":"","meta":{"_acf_changed":false,"jnews_page_loop":{"enable_page_loop":"0","first_title":"Latest Post","second_title":"","header_type":"heading_6","header_background":"","header_text_color":"","layout":"right-sidebar","sidebar":"default-sidebar","second_sidebar":"default-sidebar","sticky_sidebar":"1","module":"3","boxed":"0","boxed_shadow":"0","box_shadow":"0","excerpt_length":"20","content_date":"default","date_custom":"Y\/m\/d","content_pagination":"nav_1","pagination_align":"center","show_navtext":"0","show_pageinfo":"0","post_offset":"0","posts_per_page":"5","include_post":"","exclude_post":"","include_category":"","exclude_category":"","include_author":"","include_tag":"","exclude_tag":"","sort_by":"latest","main_custom_image_size":"default","second_custom_image_size":"default","post_sticky":"0"},"jnews_single_page":{"layout":"right-sidebar","sidebar":"gen-italiano","second_sidebar":"default-sidebar","sticky_sidebar":"1","show_post_featured":"0","show_post_meta":"0","share_position":"hide","share_color":"share-monocrhome","show_post_title":"1","show_post_breadcrumbs":"1"},"footnotes":""},"class_list":["post-28063","page","type-page","status-publish","has-post-thumbnail","hentry"],"acf":[],"yoast_head":"<!-- This site is optimized with the Yoast SEO plugin v26.7 - https:\/\/yoast.com\/wordpress\/plugins\/seo\/ -->\n<title>Torre d\u2019en Rovira - Es N\u00e0utic<\/title>\n<meta name=\"robots\" content=\"index, follow, max-snippet:-1, max-image-preview:large, max-video-preview:-1\" \/>\n<link rel=\"canonical\" href=\"https:\/\/www.esnautic.com\/it\/ambiente\/patrimonio\/torre-den-rovira\/\" \/>\n<meta property=\"og:locale\" content=\"it_IT\" \/>\n<meta property=\"og:type\" content=\"article\" \/>\n<meta property=\"og:title\" content=\"Torre d\u2019en Rovira - Es N\u00e0utic\" \/>\n<meta property=\"og:description\" content=\"[vc_row][vc_column][vc_gallery type=&#8221;flexslider_slide&#8221; interval=&#8221;3&#8243; images=&#8221;2035,2037,2039,2041,2043&#8243; img_size=&#8221;full&#8221;][vc_column_text css=&#8221;&#8221;]A causa delle incursioni dei corsari barbareschi, che catturavano gli isolani per venderli come schiavi nei mercati africani, nel XVIII secolo la Corona Spagnola ordin\u00f2 [&hellip;]\" \/>\n<meta property=\"og:url\" content=\"https:\/\/www.esnautic.com\/it\/ambiente\/patrimonio\/torre-den-rovira\/\" \/>\n<meta property=\"og:site_name\" content=\"Es N\u00e0utic\" \/>\n<meta property=\"article:modified_time\" content=\"2025-07-09T12:24:32+00:00\" \/>\n<meta property=\"og:image\" content=\"https:\/\/www.esnautic.com\/wp-content\/uploads\/2022\/09\/DSC_2970.jpg\" \/>\n\t<meta property=\"og:image:width\" content=\"1200\" \/>\n\t<meta property=\"og:image:height\" content=\"800\" \/>\n\t<meta property=\"og:image:type\" content=\"image\/jpeg\" \/>\n<meta name=\"twitter:card\" content=\"summary_large_image\" \/>\n<meta name=\"twitter:label1\" content=\"Tempo di lettura stimato\" \/>\n\t<meta name=\"twitter:data1\" content=\"3 minuti\" \/>\n<script type=\"application\/ld+json\" class=\"yoast-schema-graph\">{\"@context\":\"https:\/\/schema.org\",\"@graph\":[{\"@type\":\"WebPage\",\"@id\":\"https:\/\/www.esnautic.com\/it\/ambiente\/patrimonio\/torre-den-rovira\/\",\"url\":\"https:\/\/www.esnautic.com\/it\/ambiente\/patrimonio\/torre-den-rovira\/\",\"name\":\"Torre d\u2019en Rovira - Es N\u00e0utic\",\"isPartOf\":{\"@id\":\"https:\/\/www.esnautic.com\/#website\"},\"primaryImageOfPage\":{\"@id\":\"https:\/\/www.esnautic.com\/it\/ambiente\/patrimonio\/torre-den-rovira\/#primaryimage\"},\"image\":{\"@id\":\"https:\/\/www.esnautic.com\/it\/ambiente\/patrimonio\/torre-den-rovira\/#primaryimage\"},\"thumbnailUrl\":\"https:\/\/www.esnautic.com\/wp-content\/uploads\/2022\/09\/DSC_2970.jpg\",\"datePublished\":\"2022-09-27T07:29:14+00:00\",\"dateModified\":\"2025-07-09T12:24:32+00:00\",\"breadcrumb\":{\"@id\":\"https:\/\/www.esnautic.com\/it\/ambiente\/patrimonio\/torre-den-rovira\/#breadcrumb\"},\"inLanguage\":\"it-IT\",\"potentialAction\":[{\"@type\":\"ReadAction\",\"target\":[\"https:\/\/www.esnautic.com\/it\/ambiente\/patrimonio\/torre-den-rovira\/\"]}]},{\"@type\":\"ImageObject\",\"inLanguage\":\"it-IT\",\"@id\":\"https:\/\/www.esnautic.com\/it\/ambiente\/patrimonio\/torre-den-rovira\/#primaryimage\",\"url\":\"https:\/\/www.esnautic.com\/wp-content\/uploads\/2022\/09\/DSC_2970.jpg\",\"contentUrl\":\"https:\/\/www.esnautic.com\/wp-content\/uploads\/2022\/09\/DSC_2970.jpg\",\"width\":1200,\"height\":800},{\"@type\":\"BreadcrumbList\",\"@id\":\"https:\/\/www.esnautic.com\/it\/ambiente\/patrimonio\/torre-den-rovira\/#breadcrumb\",\"itemListElement\":[{\"@type\":\"ListItem\",\"position\":1,\"name\":\"Inizio\",\"item\":\"https:\/\/www.esnautic.com\/it\/\"},{\"@type\":\"ListItem\",\"position\":2,\"name\":\"Ambiente\",\"item\":\"https:\/\/www.esnautic.com\/it\/ambiente\/\"},{\"@type\":\"ListItem\",\"position\":3,\"name\":\"Patrimonio\",\"item\":\"https:\/\/www.esnautic.com\/it\/ambiente\/patrimonio\/\"},{\"@type\":\"ListItem\",\"position\":4,\"name\":\"Torre d\u2019en Rovira\"}]},{\"@type\":\"WebSite\",\"@id\":\"https:\/\/www.esnautic.com\/#website\",\"url\":\"https:\/\/www.esnautic.com\/\",\"name\":\"Es N\u00e0utic\",\"description\":\"Club N\u00e0utic Sant Antoni\",\"potentialAction\":[{\"@type\":\"SearchAction\",\"target\":{\"@type\":\"EntryPoint\",\"urlTemplate\":\"https:\/\/www.esnautic.com\/?s={search_term_string}\"},\"query-input\":{\"@type\":\"PropertyValueSpecification\",\"valueRequired\":true,\"valueName\":\"search_term_string\"}}],\"inLanguage\":\"it-IT\"}]}<\/script>\n<!-- \/ Yoast SEO plugin. -->","yoast_head_json":{"title":"Torre d\u2019en Rovira - Es N\u00e0utic","robots":{"index":"index","follow":"follow","max-snippet":"max-snippet:-1","max-image-preview":"max-image-preview:large","max-video-preview":"max-video-preview:-1"},"canonical":"https:\/\/www.esnautic.com\/it\/ambiente\/patrimonio\/torre-den-rovira\/","og_locale":"it_IT","og_type":"article","og_title":"Torre d\u2019en Rovira - Es N\u00e0utic","og_description":"[vc_row][vc_column][vc_gallery type=&#8221;flexslider_slide&#8221; interval=&#8221;3&#8243; images=&#8221;2035,2037,2039,2041,2043&#8243; img_size=&#8221;full&#8221;][vc_column_text css=&#8221;&#8221;]A causa delle incursioni dei corsari barbareschi, che catturavano gli isolani per venderli come schiavi nei mercati africani, nel XVIII secolo la Corona Spagnola ordin\u00f2 [&hellip;]","og_url":"https:\/\/www.esnautic.com\/it\/ambiente\/patrimonio\/torre-den-rovira\/","og_site_name":"Es N\u00e0utic","article_modified_time":"2025-07-09T12:24:32+00:00","og_image":[{"width":1200,"height":800,"url":"https:\/\/www.esnautic.com\/wp-content\/uploads\/2022\/09\/DSC_2970.jpg","type":"image\/jpeg"}],"twitter_card":"summary_large_image","twitter_misc":{"Tempo di lettura stimato":"3 minuti"},"schema":{"@context":"https:\/\/schema.org","@graph":[{"@type":"WebPage","@id":"https:\/\/www.esnautic.com\/it\/ambiente\/patrimonio\/torre-den-rovira\/","url":"https:\/\/www.esnautic.com\/it\/ambiente\/patrimonio\/torre-den-rovira\/","name":"Torre d\u2019en Rovira - Es N\u00e0utic","isPartOf":{"@id":"https:\/\/www.esnautic.com\/#website"},"primaryImageOfPage":{"@id":"https:\/\/www.esnautic.com\/it\/ambiente\/patrimonio\/torre-den-rovira\/#primaryimage"},"image":{"@id":"https:\/\/www.esnautic.com\/it\/ambiente\/patrimonio\/torre-den-rovira\/#primaryimage"},"thumbnailUrl":"https:\/\/www.esnautic.com\/wp-content\/uploads\/2022\/09\/DSC_2970.jpg","datePublished":"2022-09-27T07:29:14+00:00","dateModified":"2025-07-09T12:24:32+00:00","breadcrumb":{"@id":"https:\/\/www.esnautic.com\/it\/ambiente\/patrimonio\/torre-den-rovira\/#breadcrumb"},"inLanguage":"it-IT","potentialAction":[{"@type":"ReadAction","target":["https:\/\/www.esnautic.com\/it\/ambiente\/patrimonio\/torre-den-rovira\/"]}]},{"@type":"ImageObject","inLanguage":"it-IT","@id":"https:\/\/www.esnautic.com\/it\/ambiente\/patrimonio\/torre-den-rovira\/#primaryimage","url":"https:\/\/www.esnautic.com\/wp-content\/uploads\/2022\/09\/DSC_2970.jpg","contentUrl":"https:\/\/www.esnautic.com\/wp-content\/uploads\/2022\/09\/DSC_2970.jpg","width":1200,"height":800},{"@type":"BreadcrumbList","@id":"https:\/\/www.esnautic.com\/it\/ambiente\/patrimonio\/torre-den-rovira\/#breadcrumb","itemListElement":[{"@type":"ListItem","position":1,"name":"Inizio","item":"https:\/\/www.esnautic.com\/it\/"},{"@type":"ListItem","position":2,"name":"Ambiente","item":"https:\/\/www.esnautic.com\/it\/ambiente\/"},{"@type":"ListItem","position":3,"name":"Patrimonio","item":"https:\/\/www.esnautic.com\/it\/ambiente\/patrimonio\/"},{"@type":"ListItem","position":4,"name":"Torre d\u2019en Rovira"}]},{"@type":"WebSite","@id":"https:\/\/www.esnautic.com\/#website","url":"https:\/\/www.esnautic.com\/","name":"Es N\u00e0utic","description":"Club N\u00e0utic Sant Antoni","potentialAction":[{"@type":"SearchAction","target":{"@type":"EntryPoint","urlTemplate":"https:\/\/www.esnautic.com\/?s={search_term_string}"},"query-input":{"@type":"PropertyValueSpecification","valueRequired":true,"valueName":"search_term_string"}}],"inLanguage":"it-IT"}]}},"_links":{"self":[{"href":"https:\/\/www.esnautic.com\/it\/wp-json\/wp\/v2\/pages\/28063","targetHints":{"allow":["GET"]}}],"collection":[{"href":"https:\/\/www.esnautic.com\/it\/wp-json\/wp\/v2\/pages"}],"about":[{"href":"https:\/\/www.esnautic.com\/it\/wp-json\/wp\/v2\/types\/page"}],"author":[{"embeddable":true,"href":"https:\/\/www.esnautic.com\/it\/wp-json\/wp\/v2\/users\/1"}],"replies":[{"embeddable":true,"href":"https:\/\/www.esnautic.com\/it\/wp-json\/wp\/v2\/comments?post=28063"}],"version-history":[{"count":1,"href":"https:\/\/www.esnautic.com\/it\/wp-json\/wp\/v2\/pages\/28063\/revisions"}],"predecessor-version":[{"id":28069,"href":"https:\/\/www.esnautic.com\/it\/wp-json\/wp\/v2\/pages\/28063\/revisions\/28069"}],"up":[{"embeddable":true,"href":"https:\/\/www.esnautic.com\/it\/wp-json\/wp\/v2\/pages\/27775"}],"wp:featuredmedia":[{"embeddable":true,"href":"https:\/\/www.esnautic.com\/it\/wp-json\/wp\/v2\/media\/28065"}],"wp:attachment":[{"href":"https:\/\/www.esnautic.com\/it\/wp-json\/wp\/v2\/media?parent=28063"}],"curies":[{"name":"wp","href":"https:\/\/api.w.org\/{rel}","templated":true}]}}