{"id":29156,"date":"2022-05-01T08:32:18","date_gmt":"2022-05-01T06:32:18","guid":{"rendered":"https:\/\/www.esnautic.com\/home\/"},"modified":"2026-01-19T11:56:29","modified_gmt":"2026-01-19T10:56:29","slug":"home","status":"publish","type":"page","link":"https:\/\/www.esnautic.com\/it\/","title":{"rendered":"Home"},"content":{"rendered":"<div class=\"wpb-content-wrapper\"><p>[vc_row full_width=&#8221;stretch_row_content_no_spaces&#8221; full_height=&#8221;yes&#8221; columns_placement=&#8221;top&#8221; equal_height=&#8221;yes&#8221; vc_row_background=&#8221;&#8221; el_id=&#8221;tophomeen&#8221;][vc_column width=&#8221;7\/12&#8243; css=&#8221;.vc_custom_1747908414501{background-image: url(https:\/\/www.esnautic.com\/wp-content\/uploads\/2025\/05\/bahia.jpg?id=25091) !important;background-position: center !important;background-repeat: no-repeat !important;background-size: cover !important;}&#8221;][vc_row_inner content_placement=&#8221;middle&#8221;][vc_column_inner][vc_custom_heading text=&#8221;Benvenuti al<br \/>\nClub Nautico Es N\u00e0utic<br \/>\nIbiza&#8221; font_container=&#8221;tag:h1|text_align:left|color:%23ffffff&#8221; use_theme_fonts=&#8221;yes&#8221; css=&#8221;&#8221;][vc_btn title=&#8221;Prenotazioni&#8221; style=&#8221;flat&#8221; shape=&#8221;round&#8221; color=&#8221;primary&#8221; css=&#8221;&#8221; link=&#8221;url:https%3A%2F%2Fwww.esnautic.com%2Fit%2Fprenotazioni%2F&#8221; el_class=&#8221;btn_azul&#8221;][vc_btn title=&#8221;Servizi&#8221; style=&#8221;flat&#8221; shape=&#8221;round&#8221; color=&#8221;danger&#8221; css=&#8221;&#8221; link=&#8221;url:https%3A%2F%2Fwww.esnautic.com%2Fit%2Fservizi%2F&#8221; el_class=&#8221;btn_rojo&#8221;][\/vc_column_inner][\/vc_row_inner][vc_row_inner equal_height=&#8221;yes&#8221; content_placement=&#8221;middle&#8221; el_id=&#8221;bannerboyaenmov&#8221;][vc_column_inner width=&#8221;1\/6&#8243; offset=&#8221;vc_col-xs-2&#8243;][vc_single_image image=&#8221;30776&#8243; img_size=&#8221;full&#8221; alignment=&#8221;center&#8221; onclick=&#8221;custom_link&#8221; img_link_target=&#8221;_blank&#8221; css=&#8221;.vc_custom_1754997201622{margin-bottom: 0px !important;}&#8221; el_class=&#8221;imgboya&#8221; link=&#8221;https:\/\/portal.esnautic.com\/en\/&#8221;][\/vc_column_inner][vc_column_inner width=&#8221;2\/3&#8243; offset=&#8221;vc_col-xs-8&#8243;][vc_column_text css=&#8221;&#8221;]<\/p>\n<h2>Prenota oggi stesso il tuo ormeggio a Es N\u00e0utic!<\/h2>\n<p>Gi\u00e0 disponibile sul sito web.[\/vc_column_text][\/vc_column_inner][vc_column_inner width=&#8221;1\/6&#8243; offset=&#8221;vc_col-xs-2&#8243;][vc_single_image image=&#8221;30779&#8243; img_size=&#8221;full&#8221; alignment=&#8221;center&#8221; onclick=&#8221;custom_link&#8221; img_link_target=&#8221;_blank&#8221; css=&#8221;.vc_custom_1754997211081{margin-bottom: 0px !important;}&#8221; link=&#8221;https:\/\/portal.esnautic.com\/en\/&#8221;][\/vc_column_inner][\/vc_row_inner][\/vc_column][vc_column width=&#8221;5\/12&#8243;][vc_row_inner css=&#8221;.vc_custom_1754986095328{background-image: url(https:\/\/www.esnautic.com\/wp-content\/uploads\/2025\/08\/amarreEN.jpg?id=30789) !important;background-position: center !important;background-repeat: no-repeat !important;background-size: cover !important;}&#8221; el_class=&#8221;bannerreservahome&#8221;][vc_column_inner][vc_single_image image=&#8221;30799&#8243; img_size=&#8221;full&#8221; onclick=&#8221;custom_link&#8221; img_link_target=&#8221;_blank&#8221; css=&#8221;&#8221; link=&#8221;https:\/\/portal.esnautic.com\/en\/&#8221; el_class=&#8221;boya2&#8243;][vc_custom_heading text=&#8221;Prenota oggi stesso il tuo ormeggio a Es N\u00e0utic!&#8221; font_container=&#8221;tag:h2|text_align:left|color:%23ffffff&#8221; use_theme_fonts=&#8221;yes&#8221; css=&#8221;&#8221;][vc_column_text css=&#8221;&#8221;]Gi\u00e0 disponibile sul sito web.[\/vc_column_text][vc_raw_html css=&#8221;&#8221; el_class=&#8221;flecha_blue&#8221;]JTNDYSUyMGhyZWYlM0QlMjJodHRwcyUzQSUyRiUyRnBvcnRhbC5lc25hdXRpYy5jb20lMkZlbiUyRiUyMiUyMHRhcmdldCUzRCUyMl9ibGFuayUyMiUzRSUzQyUyRmElM0U=[\/vc_raw_html][\/vc_column_inner][\/vc_row_inner]<div  class=\"jeg_slider_wrapper jeg_slider_type_6_wrapper jnews_module__0_69daca2aa0c26  no-overlay \">\n                    <div class=\"jeg_slider_type_6 jeg_slider jeg_col_3o3\" data-autoplay=\"true\" data-delay=\"6000\" data-nav-prev=\"prev\" data-nav-next=\"next\">\n                        <div class=\"jeg_slide_item\" style=\"background-image: url(https:\/\/www.esnautic.com\/wp-content\/uploads\/2025\/05\/vela-1024x722.jpg)\">\n\t\t\t\t\t<img decoding=\"async\" class=\"thumbnail-prioritize\" src=\"https:\/\/www.esnautic.com\/wp-content\/uploads\/2025\/05\/vela-1024x722.jpg\" style=\"display: none\" >\n                    \n                    <div class=\"jeg_slide_caption\">\n                        <div class=\"jeg_caption_container\">\n                            <div class=\"jeg_post_category\">\n                                \n                            <\/div>\n                            <h2 class=\"jeg_post_title\">\n                                <a href=\"https:\/\/www.esnautic.com\/it\/area-sportiva\/\">Area Sportiva<\/a>\n                            <\/h2>\n                            <p class=\"jeg_post_excerpt\"> Lo sport nautico \u00e8 uno dei pilastri del Club N\u00e0utic Sant Antoni come entit\u00e0 sociale. <\/p>\n                            <div class=\"jeg_post_meta\"><span class=\"jeg_meta_date\">20 de Settembre de 2022<\/span><\/div>\n                        <\/div>\n                    <\/div>\n                <\/div>\n                    <\/div>\n                    \n                <\/div>[\/vc_column][\/vc_row][vc_row full_width=&#8221;stretch_row_content_no_spaces&#8221; full_height=&#8221;yes&#8221; columns_placement=&#8221;top&#8221; equal_height=&#8221;yes&#8221; disable_element=&#8221;yes&#8221; vc_row_background=&#8221;&#8221;][vc_column width=&#8221;7\/12&#8243; css=&#8221;.vc_custom_1747908414501{background-image: url(https:\/\/www.esnautic.com\/wp-content\/uploads\/2025\/05\/bahia.jpg?id=25091) !important;background-position: center !important;background-repeat: no-repeat !important;background-size: cover !important;}&#8221;][vc_row_inner content_placement=&#8221;middle&#8221;][vc_column_inner][vc_custom_heading text=&#8221;Benvenuti al<br \/>\nClub Nautico Es N\u00e0utic<br \/>\nIbiza&#8221; font_container=&#8221;tag:h1|text_align:left|color:%23ffffff&#8221; use_theme_fonts=&#8221;yes&#8221; css=&#8221;&#8221;][vc_btn title=&#8221;Prenotazioni&#8221; style=&#8221;flat&#8221; shape=&#8221;round&#8221; color=&#8221;primary&#8221; css=&#8221;&#8221; link=&#8221;url:https%3A%2F%2Fwww.esnautic.com%2Fit%2Fprenotazioni%2F&#8221; el_class=&#8221;btn_azul&#8221;][vc_btn title=&#8221;Servizi&#8221; style=&#8221;flat&#8221; shape=&#8221;round&#8221; color=&#8221;danger&#8221; css=&#8221;&#8221; link=&#8221;url:https%3A%2F%2Fwww.esnautic.com%2Fit%2Fservizi%2F&#8221; el_class=&#8221;btn_rojo&#8221;][\/vc_column_inner][\/vc_row_inner][\/vc_column][vc_column width=&#8221;5\/12&#8243;][vc_row_inner css=&#8221;.vc_custom_1747911477496{background-image: url(https:\/\/www.esnautic.com\/wp-content\/uploads\/2025\/05\/vela.jpg?id=25094) !important;background-position: center !important;background-repeat: no-repeat !important;background-size: cover !important;}&#8221;][vc_column_inner][vc_custom_heading text=&#8221;Area Sportiva&#8221; font_container=&#8221;tag:h2|text_align:left|color:%23ffffff&#8221; use_theme_fonts=&#8221;yes&#8221; css=&#8221;&#8221;][vc_column_text css=&#8221;&#8221;]Lo sport nautico \u00e8 uno dei pilastri del Club N\u00e0utic Sant Antoni come entit\u00e0 sociale.[\/vc_column_text][vc_raw_html css=&#8221;&#8221; el_class=&#8221;flecha&#8221;]JTNDYSUyMGhyZWYlM0QlMjJodHRwcyUzQSUyRiUyRnd3dy5lc25hdXRpYy5jb20lMkZpdCUyRmFyZWEtc3BvcnRpdmElMkYlMjIlM0UlM0MlMkZhJTNF[\/vc_raw_html][\/vc_column_inner][\/vc_row_inner][vc_row_inner css=&#8221;.vc_custom_1747911881594{background-image: url(https:\/\/www.esnautic.com\/wp-content\/uploads\/2025\/05\/veleromar.jpg?id=25104) !important;background-position: center !important;background-repeat: no-repeat !important;background-size: cover !important;}&#8221;][vc_column_inner][vc_custom_heading text=&#8221;Accademia Nautica&#8221; font_container=&#8221;tag:h2|text_align:left|color:%23ffffff&#8221; use_theme_fonts=&#8221;yes&#8221; css=&#8221;&#8221;][vc_column_text css=&#8221;&#8221;]Ottieni il tuo certificato di navigazione con il nostro team di istruttori professionisti.[\/vc_column_text][vc_raw_html css=&#8221;&#8221; el_class=&#8221;flecha&#8221;]JTNDYSUyMGhyZWYlM0QlMjJodHRwcyUzQSUyRiUyRnd3dy5lc25hdXRpYy5jb20lMkZpdCUyRmFjY2FkZW1pYS1uYXV0aWNhJTJGJTIyJTNFJTNDJTJGYSUzRQ==[\/vc_raw_html][\/vc_column_inner][\/vc_row_inner][\/vc_column][\/vc_row][vc_row gap=&#8221;20&#8243; equal_height=&#8221;yes&#8221; content_placement=&#8221;bottom&#8221; vc_row_background=&#8221;&#8221; el_id=&#8221;enhome1&#8243; css=&#8221;.vc_custom_1747994402338{margin-top: 80px !important;}&#8221;][vc_column width=&#8221;1\/3&#8243;][vc_single_image image=&#8221;27859&#8243; img_size=&#8221;large&#8221; css=&#8221;.vc_custom_1749555009497{background-color: rgba(0,0,0,0.2) !important;*background-color: rgb(0,0,0) !important;}&#8221;][vc_custom_heading text=&#8221;Prenotazioni<br \/>\nOrmeggi&#8221; font_container=&#8221;tag:h2|text_align:left|color:%23ffffff&#8221; use_theme_fonts=&#8221;yes&#8221; css=&#8221;&#8221; link=&#8221;url:https%3A%2F%2Fwww.esnautic.com%2Fit%2Fprenotazioni%2F&#8221;][\/vc_column][vc_column width=&#8221;1\/3&#8243; css=&#8221;.vc_custom_1747994267165{background-position: center !important;background-repeat: no-repeat !important;background-size: cover !important;}&#8221;][vc_single_image image=&#8221;29197&#8243; img_size=&#8221;large&#8221;][vc_custom_heading text=&#8221;Servizi<br \/>\nBarca&#8221; font_container=&#8221;tag:h2|text_align:left|color:%23ffffff&#8221; use_theme_fonts=&#8221;yes&#8221; css=&#8221;&#8221; link=&#8221;url:https%3A%2F%2Fwww.esnautic.com%2Fit%2Fservizi%2F&#8221;][\/vc_column][vc_column width=&#8221;1\/3&#8243; css=&#8221;.vc_custom_1747994309120{background-position: center !important;background-repeat: no-repeat !important;background-size: cover !important;}&#8221;][vc_single_image image=&#8221;27997&#8243; img_size=&#8221;large&#8221;][vc_custom_heading text=&#8221;Ristorante&#8221; font_container=&#8221;tag:h2|text_align:left|color:%23ffffff&#8221; use_theme_fonts=&#8221;yes&#8221; css=&#8221;&#8221; link=&#8221;url:https%3A%2F%2Fwww.esnautic.com%2Fit%2Fil-club%2Fristorante%2F&#8221;][\/vc_column][\/vc_row][vc_row vc_row_background=&#8221;&#8221; el_id=&#8221;enhome2&#8243;][vc_column width=&#8221;2\/3&#8243;][vc_custom_heading text=&#8221;Benvenuti&#8221; font_container=&#8221;tag:h2|text_align:left|color:%23183b5d&#8221; use_theme_fonts=&#8221;yes&#8221; css=&#8221;&#8221;][vc_column_text css=&#8221;&#8221;]Il Club N\u00e0utic Sant Antoni si trova nella baia di Portmany, sulla costa occidentale dell&#8217;isola di Ibiza. I nostri pontili si affacciano sul tramonto e sulla Riserva Naturale degli Islotes de Poniente. Si trovano anche a pochi metri dal centro di Sant Antoni, una delle localit\u00e0 pi\u00f9 visitate dell&#8217;isola per la gastronomia, lo shopping, i servizi turistici, la buona atmosfera e una calorosa accoglienza per coloro che vengono a godersi una vacanza.<\/p>\n<p>Il nostro porto turistico rappresenta un magnifico punto di partenza per esplorare e conoscere la splendida costa delle Pitiuse, poich\u00e9 a poche miglia di distanza si trovano spiagge paradisiache, grandi scogliere, isolotti impressionanti e numerosi angoli di natura rigogliosa. Offriamo tutti i tipi di servizi nautici e strutture completamente rinnovate, con il massimo comfort, la migliore assistenza e uno dei ristoranti di cucina di mare pi\u00f9 iconici dell&#8217;isola.<\/p>\n<p><strong>Benvenuti al Club N\u00e0utic Sant Antoni!<\/strong>[\/vc_column_text][vc_btn title=&#8221;Il Club&#8221; style=&#8221;flat&#8221; shape=&#8221;round&#8221; color=&#8221;primary&#8221; css=&#8221;&#8221; link=&#8221;url:https%3A%2F%2Fwww.esnautic.com%2Fit%2Fil-club%2F&#8221; el_class=&#8221;btn_azul&#8221;][\/vc_column][vc_column width=&#8221;1\/3&#8243; css=&#8221;.vc_custom_1747996752057{margin-top: 60px !important;}&#8221;][vc_custom_heading text=&#8221;The Weather&#8221; font_container=&#8221;tag:h2|font_size:20|text_align:left|color:%23000000&#8243; use_theme_fonts=&#8221;yes&#8221;][vc_widget_sidebar sidebar_id=&#8221;homeen&#8221;][\/vc_column][\/vc_row][vc_row vc_row_background=&#8221;&#8221; el_id=&#8221;seccshome&#8221;][vc_column width=&#8221;1\/4&#8243;][vc_raw_html css=&#8221;&#8221;]JTNDaW1nJTIwY2xhc3MlM0QlMjJhbGlnbm5vbmUlMjBzaXplLWZ1bGwlMjB3cC1pbWFnZS0zMTg0JTIyJTIwc3JjJTNEJTIyaHR0cHMlM0ElMkYlMkZ3d3cuZXNuYXV0aWMuY29tJTJGd3AtY29udGVudCUyRnVwbG9hZHMlMkYyMDIyJTJGMTAlMkZpLWNsdWIuc3ZnJTIyJTIwYWx0JTNEJTIyJTIyJTIwJTJGJTNFJTBBJTNDaDIlM0VJbCUyMENsdWIlM0MlMkZoMiUzRQ==[\/vc_raw_html][vc_wp_custommenu nav_menu=&#8221;70&#8243;][\/vc_column][vc_column width=&#8221;1\/4&#8243;][vc_raw_html css=&#8221;&#8221;]JTNDaW1nJTIwY2xhc3MlM0QlMjJzaXplLWZ1bGwlMjB3cC1pbWFnZS0zMTgyJTIyJTIwc3JjJTNEJTIyaHR0cHMlM0ElMkYlMkZ3d3cuZXNuYXV0aWMuY29tJTJGd3AtY29udGVudCUyRnVwbG9hZHMlMkYyMDIyJTJGMTAlMkZpLWRlcG9ydGUuc3ZnJTIyJTIwYWx0JTNEJTIyJTIyJTIwJTJGJTNFJTBBJTNDaDIlM0VBcmVhJTIwU3BvcnRpdmElM0MlMkZoMiUzRQ==[\/vc_raw_html][vc_wp_custommenu nav_menu=&#8221;68&#8243;][\/vc_column][vc_column width=&#8221;1\/4&#8243;][vc_raw_html css=&#8221;&#8221;]JTNDaW1nJTIwc3JjJTNEJTIyaHR0cHMlM0ElMkYlMkZ3d3cuZXNuYXV0aWMuY29tJTJGd3AtY29udGVudCUyRnVwbG9hZHMlMkYyMDIyJTJGMTAlMkZpLWVkdWNhY2lvbi5zdmclMjIlMjBhbHQlM0QlMjIlMjIlMjBjbGFzcyUzRCUyMnNpemUtZnVsbCUyMHdwLWltYWdlLTMxODAlMjIlMjAlMkYlM0UlMEElM0NoMiUzRVByb2dldHRpJTIwZWR1Y2F0aXZpJTNDJTJGaDIlM0U=[\/vc_raw_html][vc_wp_custommenu nav_menu=&#8221;69&#8243;][\/vc_column][vc_column width=&#8221;1\/4&#8243;][vc_raw_html css=&#8221;&#8221;]JTNDaW1nJTIwc3JjJTNEJTIyaHR0cHMlM0ElMkYlMkZ3d3cuZXNuYXV0aWMuY29tJTJGd3AtY29udGVudCUyRnVwbG9hZHMlMkYyMDIyJTJGMTAlMkZpLWVudG9ybm8uc3ZnJTIyJTIwYWx0JTNEJTIyJTIyJTIwY2xhc3MlM0QlMjJzaXplLWZ1bGwlMjB3cC1pbWFnZS0zMTc2JTIyJTIwJTJGJTNFJTBBJTNDaDIlM0VBbWJpZW50ZSUzQyUyRmgyJTNF[\/vc_raw_html][vc_wp_custommenu nav_menu=&#8221;62&#8243;][\/vc_column][\/vc_row][vc_row disable_element=&#8221;yes&#8221; vc_row_background=&#8221;&#8221;][vc_column][vc_raw_html css=&#8221;&#8221;]JTNDaW1nJTIwc3JjJTNEJTIyaHR0cHMlM0ElMkYlMkZ3d3cuZXNuYXV0aWMuY29tJTJGd3AtY29udGVudCUyRnVwbG9hZHMlMkYyMDIyJTJGMTAlMkZpLWFjYWRlbWlhLnN2ZyUyMiUyMGFsdCUzRCUyMiUyMiUyMGNsYXNzJTNEJTIyc2l6ZS1mdWxsJTIwd3AtaW1hZ2UtMzE3OCUyMiUyMCUyRiUzRSUwQSUzQ2gyJTNFQWNjYWRlbWlhJTIwTmF1dGljYSUzQyUyRmgyJTNF[\/vc_raw_html][vc_wp_custommenu nav_menu=&#8221;121&#8243;][\/vc_column][\/vc_row]<\/p>\n<\/div>","protected":false},"excerpt":{"rendered":"<p>[vc_row full_width=&#8221;stretch_row_content_no_spaces&#8221; full_height=&#8221;yes&#8221; columns_placement=&#8221;top&#8221; equal_height=&#8221;yes&#8221; vc_row_background=&#8221;&#8221; el_id=&#8221;tophomeen&#8221;][vc_column width=&#8221;7\/12&#8243; css=&#8221;.vc_custom_1747908414501{background-image: url(https:\/\/www.esnautic.com\/wp-content\/uploads\/2025\/05\/bahia.jpg?id=25091) !important;background-position: center !important;background-repeat: no-repeat !important;background-size: cover !important;}&#8221;][vc_row_inner content_placement=&#8221;middle&#8221;][vc_column_inner][vc_custom_heading text=&#8221;Benvenuti al Club Nautico Es N\u00e0utic Ibiza&#8221; font_container=&#8221;tag:h1|text_align:left|color:%23ffffff&#8221; use_theme_fonts=&#8221;yes&#8221; css=&#8221;&#8221;][vc_btn title=&#8221;Prenotazioni&#8221; style=&#8221;flat&#8221; [&hellip;]<\/p>\n","protected":false},"author":1,"featured_media":0,"parent":0,"menu_order":0,"comment_status":"closed","ping_status":"closed","template":"template-builder.php","meta":{"_acf_changed":false,"jnews_page_loop":{"enable_page_loop":"0","first_title":"Latest Post","second_title":"","header_type":"heading_6","header_background":"","header_text_color":"","layout":"right-sidebar","sidebar":"default-sidebar","second_sidebar":"default-sidebar","sticky_sidebar":"1","module":"3","boxed":"0","boxed_shadow":"0","box_shadow":"0","excerpt_length":"20","content_date":"default","date_custom":"Y\/m\/d","content_pagination":"nav_1","pagination_align":"center","show_navtext":"0","show_pageinfo":"0","post_offset":"0","posts_per_page":"5","include_post":"","exclude_post":"","include_category":"","exclude_category":"","include_author":"","include_tag":"","exclude_tag":"","sort_by":"latest","main_custom_image_size":"default","second_custom_image_size":"default","post_sticky":"0"},"jnews_single_page":{"layout":"no-sidebar","sidebar":"default-sidebar","second_sidebar":"default-sidebar","sticky_sidebar":"1","show_post_featured":"1","show_post_meta":"0","share_position":"top","share_color":"share-monocrhome","show_post_title":"1","show_post_breadcrumbs":"1"},"footnotes":""},"class_list":["post-29156","page","type-page","status-publish","hentry"],"acf":[],"yoast_head":"<!-- This site is optimized with the Yoast SEO plugin v26.7 - https:\/\/yoast.com\/wordpress\/plugins\/seo\/ -->\n<title>Club N\u00e0utic Sant Antoni- Es N\u00e0utic<\/title>\n<meta name=\"description\" content=\"We hope that everyone who sails around our island can enjoy a unique Yacht Club.\" \/>\n<meta name=\"robots\" content=\"index, follow, max-snippet:-1, max-image-preview:large, max-video-preview:-1\" \/>\n<link rel=\"canonical\" href=\"https:\/\/www.esnautic.com\/it\/\" \/>\n<meta property=\"og:locale\" content=\"it_IT\" \/>\n<meta property=\"og:type\" content=\"article\" \/>\n<meta property=\"og:title\" content=\"Club N\u00e0utic Sant Antoni- Es N\u00e0utic\" \/>\n<meta property=\"og:description\" content=\"We hope that everyone who sails around our island can enjoy a unique Yacht Club.\" \/>\n<meta property=\"og:url\" content=\"https:\/\/www.esnautic.com\/it\/\" \/>\n<meta property=\"og:site_name\" content=\"Es N\u00e0utic\" \/>\n<meta property=\"article:modified_time\" content=\"2026-01-19T10:56:29+00:00\" \/>\n<meta name=\"twitter:card\" content=\"summary_large_image\" \/>\n<meta name=\"twitter:label1\" content=\"Tempo di lettura stimato\" \/>\n\t<meta name=\"twitter:data1\" content=\"3 minuti\" \/>\n<script type=\"application\/ld+json\" class=\"yoast-schema-graph\">{\"@context\":\"https:\/\/schema.org\",\"@graph\":[{\"@type\":\"WebPage\",\"@id\":\"https:\/\/www.esnautic.com\/it\/\",\"url\":\"https:\/\/www.esnautic.com\/it\/\",\"name\":\"Club N\u00e0utic Sant Antoni- Es N\u00e0utic\",\"isPartOf\":{\"@id\":\"https:\/\/www.esnautic.com\/#website\"},\"datePublished\":\"2022-05-01T06:32:18+00:00\",\"dateModified\":\"2026-01-19T10:56:29+00:00\",\"description\":\"We hope that everyone who sails around our island can enjoy a unique Yacht Club.\",\"breadcrumb\":{\"@id\":\"https:\/\/www.esnautic.com\/it\/#breadcrumb\"},\"inLanguage\":\"it-IT\",\"potentialAction\":[{\"@type\":\"ReadAction\",\"target\":[\"https:\/\/www.esnautic.com\/it\/\"]}]},{\"@type\":\"BreadcrumbList\",\"@id\":\"https:\/\/www.esnautic.com\/it\/#breadcrumb\",\"itemListElement\":[{\"@type\":\"ListItem\",\"position\":1,\"name\":\"Inizio\",\"item\":\"https:\/\/www.esnautic.com\/it\/\"},{\"@type\":\"ListItem\",\"position\":2,\"name\":\"Home\"}]},{\"@type\":\"WebSite\",\"@id\":\"https:\/\/www.esnautic.com\/#website\",\"url\":\"https:\/\/www.esnautic.com\/\",\"name\":\"Es N\u00e0utic\",\"description\":\"Club N\u00e0utic Sant Antoni\",\"potentialAction\":[{\"@type\":\"SearchAction\",\"target\":{\"@type\":\"EntryPoint\",\"urlTemplate\":\"https:\/\/www.esnautic.com\/?s={search_term_string}\"},\"query-input\":{\"@type\":\"PropertyValueSpecification\",\"valueRequired\":true,\"valueName\":\"search_term_string\"}}],\"inLanguage\":\"it-IT\"}]}<\/script>\n<!-- \/ Yoast SEO plugin. -->","yoast_head_json":{"title":"Club N\u00e0utic Sant Antoni- Es N\u00e0utic","description":"We hope that everyone who sails around our island can enjoy a unique Yacht Club.","robots":{"index":"index","follow":"follow","max-snippet":"max-snippet:-1","max-image-preview":"max-image-preview:large","max-video-preview":"max-video-preview:-1"},"canonical":"https:\/\/www.esnautic.com\/it\/","og_locale":"it_IT","og_type":"article","og_title":"Club N\u00e0utic Sant Antoni- Es N\u00e0utic","og_description":"We hope that everyone who sails around our island can enjoy a unique Yacht Club.","og_url":"https:\/\/www.esnautic.com\/it\/","og_site_name":"Es N\u00e0utic","article_modified_time":"2026-01-19T10:56:29+00:00","twitter_card":"summary_large_image","twitter_misc":{"Tempo di lettura stimato":"3 minuti"},"schema":{"@context":"https:\/\/schema.org","@graph":[{"@type":"WebPage","@id":"https:\/\/www.esnautic.com\/it\/","url":"https:\/\/www.esnautic.com\/it\/","name":"Club N\u00e0utic Sant Antoni- Es N\u00e0utic","isPartOf":{"@id":"https:\/\/www.esnautic.com\/#website"},"datePublished":"2022-05-01T06:32:18+00:00","dateModified":"2026-01-19T10:56:29+00:00","description":"We hope that everyone who sails around our island can enjoy a unique Yacht Club.","breadcrumb":{"@id":"https:\/\/www.esnautic.com\/it\/#breadcrumb"},"inLanguage":"it-IT","potentialAction":[{"@type":"ReadAction","target":["https:\/\/www.esnautic.com\/it\/"]}]},{"@type":"BreadcrumbList","@id":"https:\/\/www.esnautic.com\/it\/#breadcrumb","itemListElement":[{"@type":"ListItem","position":1,"name":"Inizio","item":"https:\/\/www.esnautic.com\/it\/"},{"@type":"ListItem","position":2,"name":"Home"}]},{"@type":"WebSite","@id":"https:\/\/www.esnautic.com\/#website","url":"https:\/\/www.esnautic.com\/","name":"Es N\u00e0utic","description":"Club N\u00e0utic Sant Antoni","potentialAction":[{"@type":"SearchAction","target":{"@type":"EntryPoint","urlTemplate":"https:\/\/www.esnautic.com\/?s={search_term_string}"},"query-input":{"@type":"PropertyValueSpecification","valueRequired":true,"valueName":"search_term_string"}}],"inLanguage":"it-IT"}]}},"_links":{"self":[{"href":"https:\/\/www.esnautic.com\/it\/wp-json\/wp\/v2\/pages\/29156","targetHints":{"allow":["GET"]}}],"collection":[{"href":"https:\/\/www.esnautic.com\/it\/wp-json\/wp\/v2\/pages"}],"about":[{"href":"https:\/\/www.esnautic.com\/it\/wp-json\/wp\/v2\/types\/page"}],"author":[{"embeddable":true,"href":"https:\/\/www.esnautic.com\/it\/wp-json\/wp\/v2\/users\/1"}],"replies":[{"embeddable":true,"href":"https:\/\/www.esnautic.com\/it\/wp-json\/wp\/v2\/comments?post=29156"}],"version-history":[{"count":5,"href":"https:\/\/www.esnautic.com\/it\/wp-json\/wp\/v2\/pages\/29156\/revisions"}],"predecessor-version":[{"id":32807,"href":"https:\/\/www.esnautic.com\/it\/wp-json\/wp\/v2\/pages\/29156\/revisions\/32807"}],"wp:attachment":[{"href":"https:\/\/www.esnautic.com\/it\/wp-json\/wp\/v2\/media?parent=29156"}],"curies":[{"name":"wp","href":"https:\/\/api.w.org\/{rel}","templated":true}]}}