{"id":29336,"date":"2022-09-19T11:33:38","date_gmt":"2022-09-19T09:33:38","guid":{"rendered":"https:\/\/www.esnautic.com\/preguntas-frecuentes\/"},"modified":"2025-07-11T14:16:00","modified_gmt":"2025-07-11T12:16:00","slug":"domande-frequenti","status":"publish","type":"page","link":"https:\/\/www.esnautic.com\/it\/domande-frequenti\/","title":{"rendered":"Domande frequenti"},"content":{"rendered":"<div class=\"wpb-content-wrapper\"><p>[vc_row][vc_column][vc_column_text css=&#8221;&#8221; el_class=&#8221;subtit_page&#8221;]<\/p>\n<h2>Le risposte a tutti i tuoi dubbi<\/h2>\n<p>[\/vc_column_text][\/vc_column][\/vc_row][vc_row][vc_column][vc_tta_tabs style=&#8221;flat&#8221; shape=&#8221;square&#8221; active_section=&#8221;1&#8243;][vc_tta_section title=&#8221;Prenotazione ormeggio&#8221; tab_id=&#8221;1663586113307-4348cfd5-2dc1&#8243;][vc_toggle title=&#8221;Posso ormeggiare a Es N\u00e0utic senza prenotazione?&#8221; style=&#8221;round_outline&#8221; css=&#8221;&#8221;]Per poter ormeggiare a Es N\u00e0utic non \u00e8 necessario effettuare una prenotazione anticipata, anche se \u00e8 consigliabile prenotare per garantire il posto barca.<\/p>\n<p>Se arrivate al Club via mare, contattate il canale 9 VHF: un marinaio vi informer\u00e0 sulla disponibilit\u00e0 degli ormeggi. Se \u00e8 disponibile un ormeggio che soddisfi le caratteristiche della vostra imbarcazione, vi indicher\u00e0 dove dirigervi.<\/p>\n<p>Se desiderate ormeggiare nei mesi da giugno a settembre e non avete una prenotazione, vi consigliamo di chiamare telefonicamente alle 9:00 del giorno stesso al numero (+34) 971 340 645 (interno 1), per inserire la vostra imbarcazione nella lista d\u2019attesa giornaliera, poich\u00e9 l\u2019elevata occupazione potrebbe impedire la disponibilit\u00e0 di posti barca.[\/vc_toggle][vc_toggle title=&#8221;Perch\u00e9 il sito web non mi d\u00e0 disponibilit\u00e0?&#8221; style=&#8221;round_outline&#8221; css=&#8221;&#8221;]\u00c8 possibile che, inserendo le misure della vostra imbarcazione e le date in cui desiderate prenotare, il motore di prenotazione non vi dia disponibilit\u00e0. Questo pu\u00f2 essere dovuto a diversi motivi:<\/p>\n<ol>\n<li aria-level=\"1\">Non c&#8217;\u00e8 disponibilit\u00e0 di ormeggio nelle date richieste.<\/li>\n<li aria-level=\"1\">\u00c8 richiesto un soggiorno minimo o massimo per poter prenotare le date desiderate.<\/li>\n<li aria-level=\"1\">Esiste un periodo di preavviso necessario per effettuare la prenotazione. Questo periodo \u00e8 solitamente di un giorno di anticipo in bassa stagione, e di due o tre giorni di anticipo in alta stagione.<\/li>\n<\/ol>\n<p>In ogni caso, \u00e8 possibile contattare il Servizio Clienti di Es N\u00e0utic per qualsiasi chiarimento: (0034) 971 340 645 (interno 1).[\/vc_toggle][vc_toggle title=&#8221;Perch\u00e9 non mi lascia mettere i decimali nelle misure di lunghezza e larghezza?&#8221; style=&#8221;round_outline&#8221; css=&#8221;&#8221;]Affinch\u00e9 i dati siano registrati correttamente, \u00e8 necessario indicare le misure con i punti e non con le virgole.<\/p>\n<p>\u00c8 importante indicare le misure esatte dell&#8217;imbarcazione in base alla sua documentazione ufficiale. Se le dimensioni dell&#8217;imbarcazione sono diverse da quelle indicate nella prenotazione, potrebbe essere addebitata la differenza di prezzo al momento della registrazione all&#8217;arrivo, come indicato nelle condizioni di prenotazione.[\/vc_toggle][vc_toggle title=&#8221;Come posso effettuare una prenotazione per un catamarano?&#8221; style=&#8221;round_outline&#8221; css=&#8221;&#8221;]Per effettuare prenotazioni di ormeggio per catamarani \u00e8 necessario contattare il Servizio Clienti di Es N\u00e0utic al numero (0034) 971 340 645 (interno 1) o all&#8217;indirizzo email\u00a0<a href=\"mailto:reservas@esnautic.com\">reservas@esnautic.com<\/a>.[\/vc_toggle][vc_toggle title=&#8221;Come posso prenotare una boa?&#8221; style=&#8221;round_outline&#8221; css=&#8221;&#8221;]Per prenotare una boa \u00e8 necessario contattare il Servizio Clienti di Es N\u00e0utic (0034) 971 340 645 (interno 1) il giorno stesso in cui desiderate ormeggiare e fornire i dati della vostra imbarcazione, il personale vi inserir\u00e0 nella lista d&#8217;attesa giornaliera e vi contatter\u00e0 se sar\u00e0 disponibile una boa.[\/vc_toggle][vc_toggle title=&#8221;Il metodo di pagamento scelto mi d\u00e0 errore, posso confermare la prenotazione in un altro modo?&#8221; style=&#8221;round_outline&#8221; css=&#8221;&#8221;]Il nostro motore di prenotazione consente 3 modalit\u00e0 di pagamento:<\/p>\n<p><b>Pagamento con carta<\/b>. Se si sceglie questo metodo di pagamento, sar\u00e0 necessario inserire i dati della carta e il pagamento verr\u00e0 effettuato manualmente dagli uffici di Es N\u00e0utic entro 24-48 ore. I dati della carta non verranno salvati e verranno distrutti al momento della conferma della prenotazione.<\/p>\n<p><b>Pagamento online con carta.<\/b>\u00a0Se si scegliete questo metodo di pagamento verrete reindirizzati al gateway di pagamento di La Caixa dove sar\u00e0 possibile pagare in modo immediato e sicuro.<\/p>\n<p><b>Bonifico bancario<\/b>. Questa forma di pagamento appare solo se si sta effettuando la prenotazione con dieci o pi\u00f9 giorni di anticipo. La prenotazione sar\u00e0 confermata al ricevimento del pagamento.[\/vc_toggle][vc_toggle title=&#8221;Una volta effettuata la prenotazione, ci saranno costi aggiuntivi all&#8217;arrivo?&#8221; style=&#8221;round_outline&#8221; css=&#8221;&#8221;]Una volta effettuata la prenotazione, non verranno addebitati costi aggiuntivi al momento dell\u2019ingresso dell\u2019imbarcazione, salvo nel caso in cui l\u2019imbarcazione sia di bandiera straniera e debba pagare la tassa T-0. Ulteriori informazioni sono disponibili\u00a0<a href=\"about:blank\">qui<\/a>.<\/p>\n<p>Il prezzo indicato nella prenotazione include le forniture di luce e acqua, la tassa G-5 per le imbarcazioni da diporto e il 21% di IVA.[\/vc_toggle][vc_toggle title=&#8221;Quando sapr\u00f2 qual \u00e8 il mio ormeggio?&#8221; style=&#8221;round_outline&#8221; css=&#8221;&#8221;]L&#8217;ormeggio pu\u00f2 essere soggetto a modifiche fino all&#8217;ultimo momento. Pertanto, non confermiamo l&#8217;ormeggio fino al giorno stesso di entrata dell&#8217;imbarcazione. Il marinaio lo comunicher\u00e0 tramite il canale 9 VHF al vostro arrivo al Club.[\/vc_toggle][vc_toggle title=&#8221;Ho una prenotazione di ormeggio, c&#8217;\u00e8 un orario limite di ingresso?&#8221; style=&#8221;round_outline&#8221; css=&#8221;&#8221;]L&#8217;orario di entrata dell&#8217;ormeggio \u00e8 a partire dalle ore 12.00 del giorno contrassegnato come ingresso.<\/p>\n<p>Se si dispone di una prenotazione durante il periodo di alta stagione (1 giugno &#8211; 30 settembre) e si prevede di arrivare dopo le 20.00 del giorno di arrivo, \u00e8 consigliabile avvisare in anticipo il Servizio Clienti di Es N\u00e0utic (0034) 971 340 645 (interno 1).[\/vc_toggle][vc_toggle title=&#8221;Cosa devo fare quando arrivo con la mia barca a Es N\u00e0utic?&#8221; style=&#8221;round_outline&#8221; css=&#8221;&#8221;]Quando arriverete con la vostra imbarcazione ed entrerete dalla bocana del porto, dovrete chiamare sul canale 9 VHF identificando il nome della vostra imbarcazione. Il marinaio vi guider\u00e0 tramite radio.[\/vc_toggle][vc_toggle title=&#8221;Quale documentazione devo presentare al mio arrivo?&#8221; style=&#8221;round_outline&#8221; css=&#8221;&#8221;]All\u2019arrivo a Es N\u00e0utic, dopo aver ormeggiato l\u2019imbarcazione, il marinaio vi indicher\u00e0 di recarvi all\u2019Ufficio di Capitaneria per registrare la vostra imbarcazione. In questa registrazione verranno richiesti i documenti della barca, l\u2019assicurazione di responsabilit\u00e0 civile in corso di validit\u00e0 e i documenti di tutte le persone a bordo.<\/p>\n<p>Se avete effettuato una prenotazione, \u00e8 inoltre consigliato presentare il documento di conferma della prenotazione.[\/vc_toggle][\/vc_tta_section][vc_tta_section title=&#8221;Uso dell&#8217;ormeggio&#8221; tab_id=&#8221;1663586113312-ffdd6aba-ec6e&#8221;][vc_toggle title=&#8221;Posso utilizzare uno stesso ormeggio per pi\u00f9 imbarcazioni?&#8221; style=&#8221;round_outline&#8221; css=&#8221;&#8221;]Quando affittate un ormeggio a Es N\u00e0utic, dovete sempre effettuare la registrazione dell\u2019imbarcazione al vostro arrivo. In questa registrazione verranno richiesti i documenti della barca, l\u2019assicurazione di responsabilit\u00e0 civile in corso di validit\u00e0 e i documenti di tutte le persone a bordo. In questo modo, l\u2019ormeggio risulter\u00e0 assegnato all\u2019imbarcazione registrata e non potr\u00e0 essere cambiato con un\u2019altra.<\/p>\n<p>Inoltre, per motivi di sicurezza, dobbiamo essere informati in ogni momento su quale imbarcazione si trovi in ciascun ormeggio.[\/vc_toggle][vc_toggle title=&#8221;Posso prolungare la mia permanenza oltre l&#8217;orario di check-out (12pm)?&#8221; style=&#8221;round_outline&#8221; css=&#8221;&#8221;]A causa dell\u2019alta occupazione, non \u00e8 possibile posticipare l\u2019orario di uscita, poich\u00e9 l\u2019ormeggio deve essere disponibile per l\u2019imbarcazione successiva. Se l\u2019imbarcazione lascia l\u2019ormeggio dopo le 12:00, potrebbe essere richiesto il pagamento di una notte aggiuntiva.[\/vc_toggle][vc_toggle title=&#8221;Di che tipo di connessione elettrica dispone il Club?&#8221; style=&#8221;round_outline&#8221; css=&#8221;&#8221;]Il Club dispone di prese da 125 A e 380 V. Se avete bisogno di adattatori per la connessione elettrica, potete richiederli al personale di marina o in uno qualsiasi degli uffici del Club.<\/p>\n<p>Gli adattatori sono concessi in base alla disponibilit\u00e0 e richiedono un deposito cauzionale.[\/vc_toggle][\/vc_tta_section][vc_tta_section title=&#8221;Altri servizi&#8221; tab_id=&#8221;1663586140758-91709199-8bc2&#8243;][vc_toggle title=&#8221;Dove posso parcheggiare l\u2019auto?&#8221; style=&#8221;round_outline&#8221; css=&#8221;&#8221;]A causa della mancanza di spazio, il pontile centrale di Es N\u00e0utic \u00e8 una zona di carico e scarico con limitazioni di tempo. Per accedere a questa zona dovrete utilizzare il pass di accesso che vi sar\u00e0 consegnato al momento della registrazione della vostra imbarcazione.<\/p>\n<p>Se la vostra imbarcazione \u00e8 ormeggiata tutto l\u2019anno presso il Club, chiedete al personale di Es N\u00e0utic informazioni sull\u2019uso gratuito del parcheggio sotterraneo di Plaza Espa\u00f1a.[\/vc_toggle][vc_toggle title=&#8221;Posso caricare l&#8217;acqua se non sono ormeggiato al Club?&#8221; style=&#8221;round_outline&#8221; css=&#8221;&#8221;]Durante l\u2019alta stagione, Es N\u00e0utic offre un servizio di fornitura di luce e acqua a tratti di mezz\u2019ora (massimo due ore) per le imbarcazioni senza ormeggio che desiderano usufruirne.<\/p>\n<p>Questo servizio \u00e8 disponibile da maggio a settembre, dalle 9:00 alle 16:00, tutti i giorni della settimana, e pu\u00f2 essere richiesto tramite il canale 12 VHF.[\/vc_toggle][vc_toggle title=&#8221;\u00c8 possibile l&#8217;imbarco e lo sbarco di persone durante il servizio di rifornimento?&#8221; style=&#8221;round_outline&#8221; css=&#8221;&#8221;]Durante l\u2019alta stagione, Es N\u00e0utic offre un servizio di fornitura di luce e acqua a tratti di mezz\u2019ora per le imbarcazioni senza ormeggio che desiderano usufruirne. Se avete bisogno di sbarcare, potete farlo, purch\u00e9 ci sia sempre qualcuno a bordo dell\u2019imbarcazione. Questo servizio \u00e8 molto richiesto e, per poter assistere tutte le imbarcazioni, si richiede che le forniture vengano effettuate nel pi\u00f9 breve tempo possibile. Si prega di notare che San Antonio non \u00e8 un porto di frontiera, quindi per sbarcare l\u00ec, se provenite da un porto non Schengen, dovrete essere passati prima dal porto di Ibiza.<\/p>\n<p>Inoltre, per evitare congestioni nel servizio, non sono consentiti <i>check in<\/i> o <i>check out<\/i> per imbarcazioni da charter.[\/vc_toggle][vc_toggle title=&#8221;Come posso contrattare un servizio di rimozione di sentine o acque sporche?&#8221; style=&#8221;round_outline&#8221; css=&#8221;&#8221;]Se avete l\u2019imbarcazione ormeggiata presso le nostre strutture, Es N\u00e0utic vi offre il servizio di rimozione delle acque di sentina.<\/p>\n<p>Per usufruire del servizio dovrete effettuare una prenotazione preventiva chiamando il numero 673 864 338, scrivendo all\u2019email\u00a0<a href=\"mailto:varadero@esnautic.com\">varadero@esnautic.com<\/a>\u00a0oppure recandovi personalmente presso gli uffici del cantiere navale di Es N\u00e0utic.[\/vc_toggle][vc_toggle title=&#8221;Posso utilizzare la stazione di servizio se non sono ormeggiato al Club?&#8221; style=&#8221;round_outline&#8221; css=&#8221;&#8221;]Non \u00e8 necessario essere ormeggiati al Club per fare rifornimento alla stazione di servizio. Il suo orario \u00e8 dalle 09:00 alle 21:00 (o tramonto) tutti i giorni della settimana.<\/p>\n<p>\u00c8 possibile contattare la stazione di servizio tramite il canale 9 VHF.[\/vc_toggle][vc_toggle title=&#8221;Ho la mia barca ormeggiata tutto l&#8217;anno, ma non vivo a Ibiza o non ho abbastanza tempo per controllarla tutto l&#8217;anno. Posso richiedere un servizio di manutenzione della mia imbarcazione?&#8221; style=&#8221;round_outline&#8221; css=&#8221;&#8221;]Es N\u00e0utic offre a tutti i clienti con ormeggio annuale la possibilit\u00e0 di sottoscrivere un servizio integrale di manutenzione e sorveglianza della propria imbarcazione, che include la verifica quotidiana dell\u2019imbarcazione, il rinforzo delle cime di ormeggio in caso di previsioni di temporali, il controllo settimanale o quindicinale delle sentine e l\u2019avviamento dei motori, nonch\u00e9 la pulizia interna ed esterna dell\u2019imbarcazione, cos\u00ec da non dovervi preoccupare di nulla durante la vostra assenza e poter disporre dell\u2019imbarcazione in qualsiasi momento al vostro ritorno.[\/vc_toggle][\/vc_tta_section][vc_tta_section title=&#8221;Fatturazione&#8221; tab_id=&#8221;1663586153103-2cc23a85-8737&#8243;][vc_toggle title=&#8221;Ho bisogno di modificare i dati su una fattura&#8221; style=&#8221;round_outline&#8221; css=&#8221;&#8221;]Se \u00e8 necessario apportare modifiche ai dati di fatturazione, \u00e8 possibile inviare un&#8217;e-mail a\u00a0<a href=\"mailto:info@esnautic.com\">info@esnautic.com<\/a>\u00a0indicando le modifiche necessarie.<\/p>\n<p>Se desiderate che la fattura venga emessa a nome di un\u2019altra persona o azienda diversa da quella indicata nella vostra prenotazione, dovrete comunicarlo al personale degli uffici prima dell\u2019inizio della registrazione.<\/p>\n<p>[\/vc_toggle][vc_toggle title=&#8221;Come posso ottenere una fattura per il rifornimento di carburante?&#8221; style=&#8221;round_outline&#8221; css=&#8221;&#8221;]\u00c8 possibile richiedere le fatture di rifornimento carburante presso gli uffici del Club o inviando lo scontrino in allegato all&#8217;indirizzo email:\u00a0<a href=\"mailto:combustible@esnautic.com\">combustible@esnautic.com<\/a>[\/vc_toggle][\/vc_tta_section][vc_tta_section title=&#8221;Soci&#8221; tab_id=&#8221;1663586165029-1f948640-ced2&#8243;][vc_toggle title=&#8221;Come posso diventare socio del Club?&#8221; style=&#8221;round_outline&#8221; css=&#8221;&#8221;]Al momento l&#8217;ammissione di nuovi soci \u00e8 chiusa.<\/p>\n<p>Il Club mette a disposizione di tutti gli utenti la possibilit\u00e0 di noleggiare un ormeggio per tutta la durata della concessione (anno 2036). Per poter accedere a questo tipo di affitto \u00e8 necessario essere soci ordinari del Club. Pertanto, questa \u00e8 l\u2019unica modalit\u00e0 disponibile per far parte del gruppo dei soci del Club.<\/p>\n<p>Potete richiedere maggiori informazioni su questo tipo di affitti scrivendo all&#8217;indirizzo email:\u00a0<a href=\"mailto:comercial@esnautic.com\">comercial@esnautic.com<\/a>.[\/vc_toggle][vc_toggle title=&#8221;Sono socio del Club e voglio far diventare soci i miei figli. \u00c8 possibile?&#8221; style=&#8221;round_outline&#8221; css=&#8221;&#8221;]Se Lei \u00e8 socio ordinario del Club e ha un figlio o una figlia al di sotto dei 12 anni, pu\u00f2 richiedere che ottenga la qualifica di socio giovane. L\u2019ammissione come socio giovane deve essere approvata dal Consiglio Direttivo e non comporta alcun costo (quota sociale di 10\u20ac\/anno).<\/p>\n<p>Suo figlio o sua figlia potr\u00e0 richiedere la qualifica di socio ordinario del Club al compimento dei 18 anni. Anche questa richiesta deve essere approvata dal Consiglio Direttivo e non comporta alcun costo (quota sociale di 100\u20ac\/anno).<\/p>\n<p>Per richiedere la qualifica di socio giovane per suo figlio o sua figlia, deve scrivere una lettera indirizzata al Consiglio Direttivo, indicando il nome e la data di nascita del\/dei figli.[\/vc_toggle][vc_toggle title=&#8221;Sono titolare di un ormeggio per tutto il periodo della concessione e voglio cambiare imbarcazione&#8221; style=&#8221;round_outline&#8221; css=&#8221;&#8221;]Se cambiate imbarcazione e le sue dimensioni sono diverse, dovrete modificare il vostro tipo di apc (autorizzazione per l\u2019ormeggio assegnato). Per farlo, dovrete presentare una richiesta scritta al Consiglio Direttivo, che valuter\u00e0 la possibilit\u00e0 in base alla disponibilit\u00e0.<\/p>\n<p>Se la nuova imbarcazione necessita di un ormeggio pi\u00f9 grande o pi\u00f9 piccolo rispetto a quello attualmente affittato, vi consigliamo di richiedere prima il cambio dell\u2019ormeggio per verificare se c\u2019\u00e8 disponibilit\u00e0. In caso contrario, il Club non pu\u00f2 garantire la disponibilit\u00e0 di un ormeggio adatto alle nuove dimensioni.<\/p>\n<p>Ulteriori informazioni:\u00a0<a href=\"mailto:comercial@esnautic.com\">comercial@esnautic.com<\/a>[\/vc_toggle][vc_toggle title=&#8221;Sono socio del Club e desidero rinunciare alla mia iscrizione o cedere i miei diritti&#8221; style=&#8221;round_outline&#8221; css=&#8221;&#8221;]Se desiderate rinunciare alla vostra condizione di soci o trasferire i vostri diritti a un terzo, dovrete scrivere una lettera indirizzata al Consiglio Direttivo.<\/p>\n<p>Nel caso in cui vogliate trasferire i vostri diritti, ci\u00f2 dovr\u00e0 avvenire a favore di un familiare di primo grado. Nella lettera dovrete indicare a chi desiderate trasferire i vostri diritti, il grado di parentela che vi unisce e allegare una copia del vostro documento d\u2019identit\u00e0.<\/p>\n<p>Ulteriori informazioni:\u00a0<a href=\"mailto:comercial@esnautic.com\">comercial@esnautic.com<\/a>[\/vc_toggle][\/vc_tta_section][\/vc_tta_tabs][\/vc_column][\/vc_row]<\/p>\n<\/div>","protected":false},"excerpt":{"rendered":"<p>[vc_row][vc_column][vc_column_text css=&#8221;&#8221; el_class=&#8221;subtit_page&#8221;] Le risposte a tutti i tuoi dubbi [\/vc_column_text][\/vc_column][\/vc_row][vc_row][vc_column][vc_tta_tabs style=&#8221;flat&#8221; shape=&#8221;square&#8221; active_section=&#8221;1&#8243;][vc_tta_section title=&#8221;Prenotazione ormeggio&#8221; tab_id=&#8221;1663586113307-4348cfd5-2dc1&#8243;][vc_toggle title=&#8221;Posso ormeggiare a Es N\u00e0utic senza prenotazione?&#8221; style=&#8221;round_outline&#8221; css=&#8221;&#8221;]Per poter ormeggiare a Es [&hellip;]<\/p>\n","protected":false},"author":1,"featured_media":0,"parent":0,"menu_order":0,"comment_status":"closed","ping_status":"closed","template":"","meta":{"_acf_changed":false,"jnews_page_loop":{"enable_page_loop":"0","first_title":"Latest Post","second_title":"","header_type":"heading_6","header_background":"","header_text_color":"","layout":"right-sidebar","sidebar":"default-sidebar","second_sidebar":"default-sidebar","sticky_sidebar":"1","module":"3","boxed":"0","boxed_shadow":"0","box_shadow":"0","excerpt_length":"20","content_date":"default","date_custom":"Y\/m\/d","content_pagination":"nav_1","pagination_align":"center","show_navtext":"0","show_pageinfo":"0","post_offset":"0","posts_per_page":"5","include_post":"","exclude_post":"","include_category":"","exclude_category":"","include_author":"","include_tag":"","exclude_tag":"","sort_by":"latest","main_custom_image_size":"default","second_custom_image_size":"default","post_sticky":"0"},"jnews_single_page":{"layout":"right-sidebar","sidebar":"gen-italiano","second_sidebar":"default-sidebar","sticky_sidebar":"1","show_post_featured":"0","show_post_meta":"0","share_position":"hide","share_color":"share-monocrhome","show_post_title":"1","show_post_breadcrumbs":"1"},"footnotes":""},"class_list":["post-29336","page","type-page","status-publish","hentry"],"acf":[],"yoast_head":"<!-- This site is optimized with the Yoast SEO plugin v26.7 - https:\/\/yoast.com\/wordpress\/plugins\/seo\/ -->\n<title>Domande frequenti - Es N\u00e0utic<\/title>\n<meta name=\"robots\" content=\"index, follow, max-snippet:-1, max-image-preview:large, max-video-preview:-1\" \/>\n<link rel=\"canonical\" href=\"https:\/\/www.esnautic.com\/it\/domande-frequenti\/\" \/>\n<meta property=\"og:locale\" content=\"it_IT\" \/>\n<meta property=\"og:type\" content=\"article\" \/>\n<meta property=\"og:title\" content=\"Domande frequenti - Es N\u00e0utic\" \/>\n<meta property=\"og:description\" content=\"[vc_row][vc_column][vc_column_text css=&#8221;&#8221; el_class=&#8221;subtit_page&#8221;] Le risposte a tutti i tuoi dubbi [\/vc_column_text][\/vc_column][\/vc_row][vc_row][vc_column][vc_tta_tabs style=&#8221;flat&#8221; shape=&#8221;square&#8221; active_section=&#8221;1&#8243;][vc_tta_section title=&#8221;Prenotazione ormeggio&#8221; tab_id=&#8221;1663586113307-4348cfd5-2dc1&#8243;][vc_toggle title=&#8221;Posso ormeggiare a Es N\u00e0utic senza prenotazione?&#8221; style=&#8221;round_outline&#8221; css=&#8221;&#8221;]Per poter ormeggiare a Es [&hellip;]\" \/>\n<meta property=\"og:url\" content=\"https:\/\/www.esnautic.com\/it\/domande-frequenti\/\" \/>\n<meta property=\"og:site_name\" content=\"Es N\u00e0utic\" \/>\n<meta property=\"article:modified_time\" content=\"2025-07-11T12:16:00+00:00\" \/>\n<meta name=\"twitter:card\" content=\"summary_large_image\" \/>\n<meta name=\"twitter:label1\" content=\"Tempo di lettura stimato\" \/>\n\t<meta name=\"twitter:data1\" content=\"10 minuti\" \/>\n<script type=\"application\/ld+json\" class=\"yoast-schema-graph\">{\"@context\":\"https:\/\/schema.org\",\"@graph\":[{\"@type\":\"WebPage\",\"@id\":\"https:\/\/www.esnautic.com\/it\/domande-frequenti\/\",\"url\":\"https:\/\/www.esnautic.com\/it\/domande-frequenti\/\",\"name\":\"Domande frequenti - Es N\u00e0utic\",\"isPartOf\":{\"@id\":\"https:\/\/www.esnautic.com\/#website\"},\"datePublished\":\"2022-09-19T09:33:38+00:00\",\"dateModified\":\"2025-07-11T12:16:00+00:00\",\"breadcrumb\":{\"@id\":\"https:\/\/www.esnautic.com\/it\/domande-frequenti\/#breadcrumb\"},\"inLanguage\":\"it-IT\",\"potentialAction\":[{\"@type\":\"ReadAction\",\"target\":[\"https:\/\/www.esnautic.com\/it\/domande-frequenti\/\"]}]},{\"@type\":\"BreadcrumbList\",\"@id\":\"https:\/\/www.esnautic.com\/it\/domande-frequenti\/#breadcrumb\",\"itemListElement\":[{\"@type\":\"ListItem\",\"position\":1,\"name\":\"Inizio\",\"item\":\"https:\/\/www.esnautic.com\/it\/\"},{\"@type\":\"ListItem\",\"position\":2,\"name\":\"Domande frequenti\"}]},{\"@type\":\"WebSite\",\"@id\":\"https:\/\/www.esnautic.com\/#website\",\"url\":\"https:\/\/www.esnautic.com\/\",\"name\":\"Es N\u00e0utic\",\"description\":\"Club N\u00e0utic Sant Antoni\",\"potentialAction\":[{\"@type\":\"SearchAction\",\"target\":{\"@type\":\"EntryPoint\",\"urlTemplate\":\"https:\/\/www.esnautic.com\/?s={search_term_string}\"},\"query-input\":{\"@type\":\"PropertyValueSpecification\",\"valueRequired\":true,\"valueName\":\"search_term_string\"}}],\"inLanguage\":\"it-IT\"}]}<\/script>\n<!-- \/ Yoast SEO plugin. -->","yoast_head_json":{"title":"Domande frequenti - Es N\u00e0utic","robots":{"index":"index","follow":"follow","max-snippet":"max-snippet:-1","max-image-preview":"max-image-preview:large","max-video-preview":"max-video-preview:-1"},"canonical":"https:\/\/www.esnautic.com\/it\/domande-frequenti\/","og_locale":"it_IT","og_type":"article","og_title":"Domande frequenti - Es N\u00e0utic","og_description":"[vc_row][vc_column][vc_column_text css=&#8221;&#8221; el_class=&#8221;subtit_page&#8221;] Le risposte a tutti i tuoi dubbi [\/vc_column_text][\/vc_column][\/vc_row][vc_row][vc_column][vc_tta_tabs style=&#8221;flat&#8221; shape=&#8221;square&#8221; active_section=&#8221;1&#8243;][vc_tta_section title=&#8221;Prenotazione ormeggio&#8221; tab_id=&#8221;1663586113307-4348cfd5-2dc1&#8243;][vc_toggle title=&#8221;Posso ormeggiare a Es N\u00e0utic senza prenotazione?&#8221; style=&#8221;round_outline&#8221; css=&#8221;&#8221;]Per poter ormeggiare a Es [&hellip;]","og_url":"https:\/\/www.esnautic.com\/it\/domande-frequenti\/","og_site_name":"Es N\u00e0utic","article_modified_time":"2025-07-11T12:16:00+00:00","twitter_card":"summary_large_image","twitter_misc":{"Tempo di lettura stimato":"10 minuti"},"schema":{"@context":"https:\/\/schema.org","@graph":[{"@type":"WebPage","@id":"https:\/\/www.esnautic.com\/it\/domande-frequenti\/","url":"https:\/\/www.esnautic.com\/it\/domande-frequenti\/","name":"Domande frequenti - Es N\u00e0utic","isPartOf":{"@id":"https:\/\/www.esnautic.com\/#website"},"datePublished":"2022-09-19T09:33:38+00:00","dateModified":"2025-07-11T12:16:00+00:00","breadcrumb":{"@id":"https:\/\/www.esnautic.com\/it\/domande-frequenti\/#breadcrumb"},"inLanguage":"it-IT","potentialAction":[{"@type":"ReadAction","target":["https:\/\/www.esnautic.com\/it\/domande-frequenti\/"]}]},{"@type":"BreadcrumbList","@id":"https:\/\/www.esnautic.com\/it\/domande-frequenti\/#breadcrumb","itemListElement":[{"@type":"ListItem","position":1,"name":"Inizio","item":"https:\/\/www.esnautic.com\/it\/"},{"@type":"ListItem","position":2,"name":"Domande frequenti"}]},{"@type":"WebSite","@id":"https:\/\/www.esnautic.com\/#website","url":"https:\/\/www.esnautic.com\/","name":"Es N\u00e0utic","description":"Club N\u00e0utic Sant Antoni","potentialAction":[{"@type":"SearchAction","target":{"@type":"EntryPoint","urlTemplate":"https:\/\/www.esnautic.com\/?s={search_term_string}"},"query-input":{"@type":"PropertyValueSpecification","valueRequired":true,"valueName":"search_term_string"}}],"inLanguage":"it-IT"}]}},"_links":{"self":[{"href":"https:\/\/www.esnautic.com\/it\/wp-json\/wp\/v2\/pages\/29336","targetHints":{"allow":["GET"]}}],"collection":[{"href":"https:\/\/www.esnautic.com\/it\/wp-json\/wp\/v2\/pages"}],"about":[{"href":"https:\/\/www.esnautic.com\/it\/wp-json\/wp\/v2\/types\/page"}],"author":[{"embeddable":true,"href":"https:\/\/www.esnautic.com\/it\/wp-json\/wp\/v2\/users\/1"}],"replies":[{"embeddable":true,"href":"https:\/\/www.esnautic.com\/it\/wp-json\/wp\/v2\/comments?post=29336"}],"version-history":[{"count":3,"href":"https:\/\/www.esnautic.com\/it\/wp-json\/wp\/v2\/pages\/29336\/revisions"}],"predecessor-version":[{"id":29342,"href":"https:\/\/www.esnautic.com\/it\/wp-json\/wp\/v2\/pages\/29336\/revisions\/29342"}],"wp:attachment":[{"href":"https:\/\/www.esnautic.com\/it\/wp-json\/wp\/v2\/media?parent=29336"}],"curies":[{"name":"wp","href":"https:\/\/api.w.org\/{rel}","templated":true}]}}